{"id":1721,"date":"2020-11-12T15:39:53","date_gmt":"2020-11-12T15:39:53","guid":{"rendered":"https:\/\/roxxlyn.com\/?post_type=product&#038;p=1721"},"modified":"2025-09-23T13:26:22","modified_gmt":"2025-09-23T13:26:22","slug":"the-iphone-marble-case-rosso-levanto","status":"publish","type":"product","link":"https:\/\/roxxlyn.com\/fr\/shop\/the-iphone-marble-case-rosso-levanto\/","title":{"rendered":"L&#039;\u00e9tui iPhone Marble Rosso Levanto"},"content":{"rendered":"<div data-elementor-type=\"wp-post\" data-elementor-id=\"1721\" class=\"elementor elementor-1721\" data-elementor-post-type=\"product\">\n\t\t\t\t\t\t<section class=\"elementor-section elementor-top-section elementor-element elementor-element-174fe74 elementor-section-boxed elementor-section-height-default elementor-section-height-default\" data-id=\"174fe74\" data-element_type=\"section\" data-e-type=\"section\" data-settings=\"{&quot;background_background&quot;:&quot;classic&quot;}\">\n\t\t\t\t\t\t<div class=\"elementor-container elementor-column-gap-default\">\n\t\t\t\t\t<div class=\"elementor-column elementor-col-100 elementor-top-column elementor-element elementor-element-9557f36\" data-id=\"9557f36\" data-element_type=\"column\" data-e-type=\"column\">\n\t\t\t<div class=\"elementor-widget-wrap elementor-element-populated\">\n\t\t\t\t\t\t<div class=\"elementor-element elementor-element-4e541a3 elementor-widget elementor-widget-text-editor\" data-id=\"4e541a3\" data-element_type=\"widget\" data-e-type=\"widget\" data-widget_type=\"text-editor.default\">\n\t\t\t\t<div class=\"elementor-widget-container\">\n\t\t\t\t\t\t\t\t\t<p>D\u00e9couvrez une \u00e9l\u00e9gance in\u00e9gal\u00e9e avec notre coque pour iPhone Rosso Levanto Marble, o\u00f9 le luxe du marbre italien rencontre l&#039;artisanat allemand.<\/p><p>Provenant de la r\u00e9gion pittoresque de Bonassola en Ligurie, en Italie, le marbre Rosso Levanto est c\u00e9l\u00e8bre pour ses teintes rouges vibrantes et ses veines complexes, faisant de chaque bo\u00eetier un chef-d&#039;\u0153uvre de beaut\u00e9 naturelle. Fabriqu\u00e9 \u00e0 la main avec une attention m\u00e9ticuleuse aux d\u00e9tails en Allemagne, ce bo\u00eetier t\u00e9moigne de l&#039;art de la pr\u00e9cision et du style.<\/p><p><strong>Principales caract\u00e9ristiques:<\/strong><br \/>Authentique marbre Rosso Levanto de Bonassola\u00a0: Dot\u00e9 d&#039;un v\u00e9ritable marbre Rosso Levanto, chaque bo\u00eetier met en valeur la beaut\u00e9 et la durabilit\u00e9 uniques de la pierre provenant de Bonassola, en Ligurie.<br \/>Fabriqu\u00e9 \u00e0 la main de mani\u00e8re experte en Allemagne : nos \u00e9tuis sont fabriqu\u00e9s \u00e0 la main en Allemagne, incarnant l&#039;essence de l&#039;ing\u00e9nierie de pr\u00e9cision et d&#039;une qualit\u00e9 exceptionnelle, garantissant un ajustement et une finition parfaits.<\/p><p><strong>Bo\u00eetier en TPU et doublure en Alcantara\u00a0: <\/strong><\/p><p>L&#039;\u00e9tui est con\u00e7u avec un bo\u00eetier de protection en TPU qui absorbe les chocs et une doublure luxueuse en Alcantara qui \u00e9vite les rayures, offrant une protection sup\u00e9rieure sans compromettre l&#039;\u00e9l\u00e9gance.<\/p><p><strong>\u00c9l\u00e9gance l\u00e9g\u00e8re comme une plume pour seulement 35 g<\/strong><\/p><p>Con\u00e7ue pour \u00eatre aussi l\u00e9g\u00e8re que luxueuse, la coque n&#039;ajoute que 35 grammes \u00e0 votre appareil, conservant le profil \u00e9l\u00e9gant de l&#039;iPhone tout en offrant une protection robuste et une touche de sophistication.<\/p><p><strong>Une fusion de l&#039;\u00e9l\u00e9gance italienne et de l&#039;ing\u00e9nierie allemande<\/strong><\/p><p>Cet \u00e9tui repr\u00e9sente un m\u00e9lange unique d&#039;\u00e9l\u00e9gance italienne et d&#039;ing\u00e9nierie allemande, offrant un accessoire aussi exquis que protecteur. Provenant des carri\u00e8res renomm\u00e9es de Bonassola en Ligurie et fabriqu\u00e9 \u00e0 la main \u00e0 la perfection en Allemagne, il \u00e9l\u00e8ve votre iPhone au rang d&#039;\u0153uvre d&#039;art et de savoir-faire remarquable.<\/p><p><strong>Id\u00e9al pour les amateurs de belles mati\u00e8res et d&#039;artisanat<\/strong><\/p><p>Notre coque pour iPhone Rosso Levanto Marble est parfaite pour ceux qui appr\u00e9cient la raret\u00e9 et la beaut\u00e9 de la pierre naturelle, combin\u00e9es au savoir-faire in\u00e9gal\u00e9 des produits fabriqu\u00e9s \u00e0 la main. Adoptez le luxe du marbre italien et la pr\u00e9cision de l&#039;artisanat allemand, tout en prot\u00e9geant votre iPhone avec style.<\/p>\t\t\t\t\t\t\t\t<\/div>\n\t\t\t\t<\/div>\n\t\t\t\t<section class=\"elementor-section elementor-inner-section elementor-element elementor-element-68d8ebf elementor-section-boxed elementor-section-height-default elementor-section-height-default\" data-id=\"68d8ebf\" data-element_type=\"section\" data-e-type=\"section\">\n\t\t\t\t\t\t<div class=\"elementor-container elementor-column-gap-default\">\n\t\t\t\t\t<div class=\"elementor-column elementor-col-50 elementor-inner-column elementor-element elementor-element-b3f3d66\" data-id=\"b3f3d66\" data-element_type=\"column\" data-e-type=\"column\">\n\t\t\t<div class=\"elementor-widget-wrap elementor-element-populated\">\n\t\t\t\t\t\t<div class=\"elementor-element elementor-element-48163bc elementor-widget elementor-widget-text-editor\" data-id=\"48163bc\" data-element_type=\"widget\" data-e-type=\"widget\" data-widget_type=\"text-editor.default\">\n\t\t\t\t<div class=\"elementor-widget-container\">\n\t\t\t\t\t\t\t\t\tLe marbre : Rosso Levanto \t\t\t\t\t\t\t\t<\/div>\n\t\t\t\t<\/div>\n\t\t\t\t<div class=\"elementor-element elementor-element-8b2598f elementor-widget elementor-widget-text-editor\" data-id=\"8b2598f\" data-element_type=\"widget\" data-e-type=\"widget\" data-widget_type=\"text-editor.default\">\n\t\t\t\t<div class=\"elementor-widget-container\">\n\t\t\t\t\t\t\t\t\tLe Rosso Levanto appartient \u00e0 une pierre naturelle historiquement importante. Son origine remonte \u00e0 environ 160 millions d'ann\u00e9es dans le Jura. Au Moyen \u00c2ge, le Rosso Levanto \u00e9tait d\u00e9j\u00e0 utilis\u00e9 dans les b\u00e2timents cl\u00e9ricaux et profanes de toute la M\u00e9diterran\u00e9e. \u00c0 l'int\u00e9rieur de ces b\u00e2timents, des colonnes, des chemin\u00e9es, des rev\u00eatements muraux, des balustrades et des marches \u00e9taient con\u00e7us avec cette pierre. La pierre a \u00e9galement trouv\u00e9 sa popularit\u00e9 dans l'artisanat et la sculpture et a \u00e9t\u00e9 utilis\u00e9e comme vase, bol et autres ustensiles con\u00e7us.  \t\t\t\t\t\t\t\t<\/div>\n\t\t\t\t<\/div>\n\t\t\t\t\t<\/div>\n\t\t<\/div>\n\t\t\t\t<div class=\"elementor-column elementor-col-50 elementor-inner-column elementor-element elementor-element-546300b\" data-id=\"546300b\" data-element_type=\"column\" data-e-type=\"column\">\n\t\t\t<div class=\"elementor-widget-wrap elementor-element-populated\">\n\t\t\t\t\t\t<div class=\"elementor-element elementor-element-4e14ac2 elementor-widget elementor-widget-text-editor\" data-id=\"4e14ac2\" data-element_type=\"widget\" data-e-type=\"widget\" data-widget_type=\"text-editor.default\">\n\t\t\t\t<div class=\"elementor-widget-container\">\n\t\t\t\t\t\t\t\t\tLe Rosso Levanto est un marbre exploit\u00e9 \u00e0 Bonassola en Ligurie, en Italie. La carri\u00e8re est situ\u00e9e \u00e0 environ 10 km de La Spezia et porte le nom de Levanto, le dernier des cinq villages des Cinque Terre, qui se trouve juste \u00e0 c\u00f4t\u00e9 de Bonassola. Rosso Levanto est structur\u00e9 dans sa masse de fond rouge\u00e2tre et gris-vert par de nombreuses stries de calcite blanche et blanc-gris. La couleur de Rosso Levanto varie du violet au rouge sang et du verd\u00e2tre au gris-vert. Elle appartient \u00e0 l'une des rares serpentinites rouges, qui sont par ailleurs de couleur verte. La coloration rouge provient du fait que le fer contenu dans la roche d'origine s'est oxyd\u00e9 en h\u00e9matite.\t\t\t\t\t\t\t\t<\/div>\n\t\t\t\t<\/div>\n\t\t\t\t\t<\/div>\n\t\t<\/div>\n\t\t\t\t\t<\/div>\n\t\t<\/section>\n\t\t\t\t<div class=\"elementor-element elementor-element-548d757 elementor-widget elementor-widget-video\" data-id=\"548d757\" data-element_type=\"widget\" data-e-type=\"widget\" data-settings=\"{&quot;video_type&quot;:&quot;vimeo&quot;}\" data-widget_type=\"video.default\">\n\t\t\t\t<div class=\"elementor-widget-container\">\n\t\t\t\t\t\t\t<div class=\"elementor-wrapper elementor-open-inline\">\n\t\t\t<iframe class=\"elementor-video-iframe\" allowfullscreen allow=\"clipboard-write\" title=\"vimeo videoafspiller\" src=\"https:\/\/player.vimeo.com\/video\/290503829?color&amp;autopause=0&amp;loop=0&amp;muted=0&amp;title=1&amp;portrait=1&amp;byline=1#t=\" data-no-translation-title=\"\"><\/iframe>\t\t<\/div>\n\t\t\t\t\t\t<\/div>\n\t\t\t\t<\/div>\n\t\t\t\t\t<\/div>\n\t\t<\/div>\n\t\t\t\t\t<\/div>\n\t\t<\/section>\n\t\t\t\t<\/div>","protected":false},"excerpt":{"rendered":"<p data-start=\"440\" data-end=\"791\">D\u00e9couvrez le summum de l'\u00e9l\u00e9gance avec le <strong data-start=\"482\" data-end=\"518\">\u00c9tui pour iPhone en marbre Rosso Levanto<\/strong>Le marbre de Ligurie est un produit de qualit\u00e9, o\u00f9 le riche h\u00e9ritage du marbre de Ligurie rencontre la pr\u00e9cision de l'ing\u00e9nierie allemande. Les marbres proviennent des rives pittoresques de la Ligurie. <strong data-start=\"645\" data-end=\"675\">Bonassola, Ligurie (Italie)<\/strong>Ce marbre authentique pr\u00e9sente des tons rouges \u00e9clatants et des veines naturelles spectaculaires, ce qui fait de chaque \u00e9tui un objet unique. Fabriqu\u00e9e \u00e0 la main en Allemagne avec une attention m\u00e9ticuleuse aux d\u00e9tails, la coque pour iPhone Rosso Levanto offre un m\u00e9lange parfait d'\u00e9l\u00e9gance et d'\u00e9l\u00e9gance. <strong data-start=\"910\" data-end=\"935\">luxe et protection<\/strong>. Pesant seulement 35 grammes, il conserve le profil fin de votre iPhone tout en lui conf\u00e9rant un style audacieux. Con\u00e7u pour le <strong data-start=\"1061\" data-end=\"1127\">iPhone 17, iPhone 17 Pro, iPhone 17 Pro Max et iPhone 17 Air<\/strong>Cet \u00e9tui en marbre v\u00e9ritable est plus qu'un accessoire, c'est un outil de travail. <strong data-start=\"1186\" data-end=\"1205\">pi\u00e8ce de d\u00e9claration<\/strong> qui allie l'\u00e9l\u00e9gance italienne \u00e0 l'artisanat allemand pour prot\u00e9ger votre appareil dans le plus grand luxe.<\/p>","protected":false},"featured_media":13051,"template":"","meta":{"inline_featured_image":false},"product_brand":[],"product_cat":[66],"product_tag":[],"class_list":{"0":"post-1721","1":"product","2":"type-product","3":"status-publish","4":"has-post-thumbnail","6":"product_cat-iphone-cases","8":"first","9":"instock","10":"featured","11":"taxable","12":"shipping-taxable","13":"purchasable","14":"product-type-variable","15":"has-default-attributes"},"exclude_global_add_ons":true,"addons":[{"name":"Couture sur mesure","type":"checkbox","position":0,"required":false,"title_format":"label","default":"","description_enable":false,"description":"","placeholder_enable":false,"placeholder":"","display":"select","restrictions_type":"any_text","adjust_price":false,"price":"","price_type":"flat_fee","restrictions":false,"min":"0","max":"0","options":[{"label":"Upgrade your case with a super-strong N52 grade 1.55 mm MagSafe magnet for seamless attachment and faster, more stable wireless charging","price":"10","price_type":"flat_fee","image":0,"visibility":true},{"label":"Select a design maximizing white veins for the most opulent appearance possible.","price":"","price_type":"flat_fee","image":0,"visibility":true},{"label":"Choose a design that reduces white veins for a sleek and refined appearance.","price":"","price_type":"flat_fee","image":0,"visibility":true},{"label":"Reveal the iconic Apple logo with a precise cut-out on the stone surface, unveiling a sleek black satin-matte underside for a striking contrast and personal touch.","price":"15","price_type":"flat_fee","image":0,"visibility":true},{"label":"Reveal the iconic Apple logo with a precise cut-out in the stone surface, unveiling a 24K gold satin-matte underside for a striking contrast and a truly luxurious personal touch.","price":"50","price_type":"flat_fee","image":0,"visibility":true},{"label":"Enhance your device with a white engraved Apple logo, crafted over two days for elegance and sophistication.","price":"20","price_type":"flat_fee","image":0,"visibility":true},{"label":"Premium Liquid Care with dust-repellent, antistatic protection and a lasting matte effect. Specially designed to preserve and protect your case.","price":"5","price_type":"flat_fee","image":0,"visibility":true},{"label":"A premium marble liquid polish that enhances and protects the natural beauty of your marble surfaces, providing a lasting, brilliant shine.","price":"5","price_type":"flat_fee","image":0,"visibility":true},{"label":"Microfiber Polishing Cloth: A soft, high-quality microfiber cloth designed for polishing marble surfaces. It delivers a streak-free, brilliant shine without scratching, perfect for maintaining your marble's natural beauty.","price":"5","price_type":"flat_fee","image":0,"visibility":false}],"id":1757683872}],"_links":{"self":[{"href":"https:\/\/roxxlyn.com\/fr\/wp-json\/wp\/v2\/product\/1721","targetHints":{"allow":["GET"]}}],"collection":[{"href":"https:\/\/roxxlyn.com\/fr\/wp-json\/wp\/v2\/product"}],"about":[{"href":"https:\/\/roxxlyn.com\/fr\/wp-json\/wp\/v2\/types\/product"}],"version-history":[{"count":0,"href":"https:\/\/roxxlyn.com\/fr\/wp-json\/wp\/v2\/product\/1721\/revisions"}],"wp:featuredmedia":[{"embeddable":true,"href":"https:\/\/roxxlyn.com\/fr\/wp-json\/wp\/v2\/media\/13051"}],"wp:attachment":[{"href":"https:\/\/roxxlyn.com\/fr\/wp-json\/wp\/v2\/media?parent=1721"}],"wp:term":[{"taxonomy":"product_brand","embeddable":true,"href":"https:\/\/roxxlyn.com\/fr\/wp-json\/wp\/v2\/product_brand?post=1721"},{"taxonomy":"product_cat","embeddable":true,"href":"https:\/\/roxxlyn.com\/fr\/wp-json\/wp\/v2\/product_cat?post=1721"},{"taxonomy":"product_tag","embeddable":true,"href":"https:\/\/roxxlyn.com\/fr\/wp-json\/wp\/v2\/product_tag?post=1721"}],"curies":[{"name":"wp","href":"https:\/\/api.w.org\/{rel}","templated":true}]}}