{"id":1711,"date":"2020-11-12T15:14:37","date_gmt":"2020-11-12T15:14:37","guid":{"rendered":"https:\/\/roxxlyn.com\/?post_type=product&#038;p=1711"},"modified":"2025-09-23T13:29:31","modified_gmt":"2025-09-23T13:29:31","slug":"the-iphone-marble-case-arabescato-orobico-grigio","status":"publish","type":"product","link":"https:\/\/roxxlyn.com\/fr\/shop\/the-iphone-marble-case-arabescato-orobico-grigio\/","title":{"rendered":"L&#039;\u00e9tui en marbre pour iPhone Arabescato Orobico Grigio"},"content":{"rendered":"<div data-elementor-type=\"wp-post\" data-elementor-id=\"1711\" class=\"elementor elementor-1711\" data-elementor-post-type=\"product\">\n\t\t\t\t\t\t<section class=\"elementor-section elementor-top-section elementor-element elementor-element-7ebeb51 elementor-section-boxed elementor-section-height-default elementor-section-height-default\" data-id=\"7ebeb51\" data-element_type=\"section\" data-e-type=\"section\" data-settings=\"{&quot;background_background&quot;:&quot;classic&quot;}\">\n\t\t\t\t\t\t<div class=\"elementor-container elementor-column-gap-default\">\n\t\t\t\t\t<div class=\"elementor-column elementor-col-100 elementor-top-column elementor-element elementor-element-7e7ea85\" data-id=\"7e7ea85\" data-element_type=\"column\" data-e-type=\"column\">\n\t\t\t<div class=\"elementor-widget-wrap elementor-element-populated\">\n\t\t\t\t\t\t<div class=\"elementor-element elementor-element-0322000 elementor-widget elementor-widget-video\" data-id=\"0322000\" data-element_type=\"widget\" data-e-type=\"widget\" data-settings=\"{&quot;video_type&quot;:&quot;hosted&quot;,&quot;autoplay&quot;:&quot;yes&quot;,&quot;play_on_mobile&quot;:&quot;yes&quot;,&quot;loop&quot;:&quot;yes&quot;}\" data-widget_type=\"video.default\">\n\t\t\t\t<div class=\"elementor-widget-container\">\n\t\t\t\t\t\t\t<div class=\"e-hosted-video elementor-wrapper elementor-open-inline\">\n\t\t\t\t\t<video class=\"elementor-video\" src=\"https:\/\/roxxlyn.com\/wp-content\/uploads\/2020\/12\/iPhone_12_Pro_Max_Marble_Case_Roxxlyn_Arabescato_Grigio.mov\" autoplay=\"\" loop=\"\" playsinline=\"\" controlslist=\"nodownload\"><\/video>\n\t\t\t\t<\/div>\n\t\t\t\t\t\t<\/div>\n\t\t\t\t<\/div>\n\t\t\t\t<section class=\"elementor-section elementor-inner-section elementor-element elementor-element-e08b472 elementor-section-boxed elementor-section-height-default elementor-section-height-default\" data-id=\"e08b472\" data-element_type=\"section\" data-e-type=\"section\">\n\t\t\t\t\t\t<div class=\"elementor-container elementor-column-gap-default\">\n\t\t\t\t\t<div class=\"elementor-column elementor-col-50 elementor-inner-column elementor-element elementor-element-d8c3fec\" data-id=\"d8c3fec\" data-element_type=\"column\" data-e-type=\"column\">\n\t\t\t<div class=\"elementor-widget-wrap elementor-element-populated\">\n\t\t\t\t\t\t<div class=\"elementor-element elementor-element-1ff2ca4 elementor-widget elementor-widget-text-editor\" data-id=\"1ff2ca4\" data-element_type=\"widget\" data-e-type=\"widget\" data-widget_type=\"text-editor.default\">\n\t\t\t\t<div class=\"elementor-widget-container\">\n\t\t\t\t\t\t\t\t\tUne bille de la classe extra. Il est extrait dans la carri\u00e8re de Cornalita dans le village de Camerato Cornell, en Italie. L&#039;un des mat\u00e9riaux les plus anciens de l&#039;humanit\u00e9 et l&#039;un des plus nobles \u00e0 la fois c&#039;est un splendide marbre italien. Combin\u00e9 \u00e0 un bo\u00eetier ultra-l\u00e9ger, c&#039;est un chef-d&#039;\u0153uvre unique de seulement 35 grammes. Avec sa surface polie, il d\u00e9ploie une atmosph\u00e8re exclusive et rayonne de luxe.\t\t\t\t\t\t\t\t<\/div>\n\t\t\t\t<\/div>\n\t\t\t\t<div class=\"elementor-element elementor-element-ed50165 elementor-widget elementor-widget-text-editor\" data-id=\"ed50165\" data-element_type=\"widget\" data-e-type=\"widget\" data-widget_type=\"text-editor.default\">\n\t\t\t\t<div class=\"elementor-widget-container\">\n\t\t\t\t\t\t\t\t\t<p>La charge sans fil comme toutes les autres fr\u00e9quences est enti\u00e8rement prise en charge sans compromis.<\/p>\t\t\t\t\t\t\t\t<\/div>\n\t\t\t\t<\/div>\n\t\t\t\t<div class=\"elementor-element elementor-element-ae1d268 elementor-widget elementor-widget-text-editor\" data-id=\"ae1d268\" data-element_type=\"widget\" data-e-type=\"widget\" data-widget_type=\"text-editor.default\">\n\t\t\t\t<div class=\"elementor-widget-container\">\n\t\t\t\t\t\t\t\t\t<p>Le bo\u00eetier lui-m\u00eame est fabriqu\u00e9 \u00e0 partir de polyur\u00e9thane thermoplastique et de polycarbonate et est disponible en diff\u00e9rentes finitions et couleurs. Le poids total du produit est de seulement 35 \u00e0 45 grammes selon la taille du bo\u00eetier. Comme pour tous nos produits, cet \u00e9tui est une pi\u00e8ce unique, qui diff\u00e8re par sa structure rocheuse et sa coloration uniques, chacun est une pi\u00e8ce unique de la nature. \u00a0<\/p>\t\t\t\t\t\t\t\t<\/div>\n\t\t\t\t<\/div>\n\t\t\t\t\t<\/div>\n\t\t<\/div>\n\t\t\t\t<div class=\"elementor-column elementor-col-50 elementor-inner-column elementor-element elementor-element-87769ac\" data-id=\"87769ac\" data-element_type=\"column\" data-e-type=\"column\">\n\t\t\t<div class=\"elementor-widget-wrap elementor-element-populated\">\n\t\t\t\t\t\t<div class=\"elementor-element elementor-element-a7c682a elementor-widget elementor-widget-text-editor\" data-id=\"a7c682a\" data-element_type=\"widget\" data-e-type=\"widget\" data-widget_type=\"text-editor.default\">\n\t\t\t\t<div class=\"elementor-widget-container\">\n\t\t\t\t\t\t\t\t\tDes aimants Magsafe sont disponibles et sont parfaitement int\u00e9gr\u00e9s pour une prise en charge compl\u00e8te des chargeurs sans fil Apple d&#039;origine et des chargeurs Roxxlyn en option.\u00a0\t\t\t\t\t\t\t\t<\/div>\n\t\t\t\t<\/div>\n\t\t\t\t<div class=\"elementor-element elementor-element-8a72333 elementor-widget elementor-widget-text-editor\" data-id=\"8a72333\" data-element_type=\"widget\" data-e-type=\"widget\" data-widget_type=\"text-editor.default\">\n\t\t\t\t<div class=\"elementor-widget-container\">\n\t\t\t\t\t\t\t\t\t<p>En raison de notre propre d\u00e9veloppement sp\u00e9cial, l&#039;int\u00e9rieur de l&#039;\u00e9tui est \u00e9quip\u00e9 d&#039;un daim\/cuir v\u00e9g\u00e9tal de la plus haute qualit\u00e9 et offre une technologie polym\u00e8re unique qui absorbe les chocs et permet une recharge sans fil parfaitement sans aucun compromis.\u00a0<\/p>\t\t\t\t\t\t\t\t<\/div>\n\t\t\t\t<\/div>\n\t\t\t\t<div class=\"elementor-element elementor-element-91e517f elementor-widget elementor-widget-video\" data-id=\"91e517f\" data-element_type=\"widget\" data-e-type=\"widget\" data-settings=\"{&quot;video_type&quot;:&quot;hosted&quot;,&quot;controls&quot;:&quot;yes&quot;}\" data-widget_type=\"video.default\">\n\t\t\t\t<div class=\"elementor-widget-container\">\n\t\t\t\t\t\t\t<div class=\"e-hosted-video elementor-wrapper elementor-open-inline\">\n\t\t\t\t\t<video class=\"elementor-video\" src=\"https:\/\/roxxlyn.com\/wp-content\/uploads\/2020\/11\/iPhone-Skin-inkl-Zubehor.61.mp4\" controls=\"\" preload=\"metadata\" controlslist=\"nodownload\"><\/video>\n\t\t\t\t<\/div>\n\t\t\t\t\t\t<\/div>\n\t\t\t\t<\/div>\n\t\t\t\t\t<\/div>\n\t\t<\/div>\n\t\t\t\t\t<\/div>\n\t\t<\/section>\n\t\t\t\t<section class=\"elementor-section elementor-inner-section elementor-element elementor-element-e18afba elementor-section-boxed elementor-section-height-default elementor-section-height-default\" data-id=\"e18afba\" data-element_type=\"section\" data-e-type=\"section\">\n\t\t\t\t\t\t<div class=\"elementor-container elementor-column-gap-default\">\n\t\t\t\t\t<div class=\"elementor-column elementor-col-50 elementor-inner-column elementor-element elementor-element-4cf3622\" data-id=\"4cf3622\" data-element_type=\"column\" data-e-type=\"column\">\n\t\t\t<div class=\"elementor-widget-wrap elementor-element-populated\">\n\t\t\t\t\t\t<div class=\"elementor-element elementor-element-1aebfff elementor-widget elementor-widget-text-editor\" data-id=\"1aebfff\" data-element_type=\"widget\" data-e-type=\"widget\" data-widget_type=\"text-editor.default\">\n\t\t\t\t<div class=\"elementor-widget-container\">\n\t\t\t\t\t\t\t\t\tPr\u00e9sentation du marbre : Arabescato Grigio\t\t\t\t\t\t\t\t<\/div>\n\t\t\t\t<\/div>\n\t\t\t\t<div class=\"elementor-element elementor-element-7e2c260 elementor-widget elementor-widget-text-editor\" data-id=\"7e2c260\" data-element_type=\"widget\" data-e-type=\"widget\" data-widget_type=\"text-editor.default\">\n\t\t\t\t<div class=\"elementor-widget-container\">\n\t\t\t\t\t\t\t\t\tUne bille de la classe extra. Il est extrait dans la carri\u00e8re de Cornalita dans le village de Camerato Cornell, en Italie. L&#039;un des mat\u00e9riaux les plus anciens de l&#039;humanit\u00e9 et l&#039;un des plus nobles \u00e0 la fois c&#039;est un splendide marbre italien. Arabescato ressemble \u00e0 une v\u00e9ritable peinture abstraite n\u00e9e sous les mains d&#039;un Ma\u00eetre. Sa palette de couleurs m\u00e9lange harmonieusement des nuances de gris fonc\u00e9 et clair avec des veines blanches et dor\u00e9es, cette variation de couleur particuli\u00e8re la rend unique et glorieuse. \t\t\t\t\t\t\t\t<\/div>\n\t\t\t\t<\/div>\n\t\t\t\t\t<\/div>\n\t\t<\/div>\n\t\t\t\t<div class=\"elementor-column elementor-col-50 elementor-inner-column elementor-element elementor-element-c8b26b1\" data-id=\"c8b26b1\" data-element_type=\"column\" data-e-type=\"column\">\n\t\t\t<div class=\"elementor-widget-wrap elementor-element-populated\">\n\t\t\t\t\t\t<div class=\"elementor-element elementor-element-1c38061 elementor-widget elementor-widget-text-editor\" data-id=\"1c38061\" data-element_type=\"widget\" data-e-type=\"widget\" data-widget_type=\"text-editor.default\">\n\t\t\t\t<div class=\"elementor-widget-container\">\n\t\t\t\t\t\t\t\t\tNoble et d&#039;une \u00e9l\u00e9gance sup\u00e9rieure, le Marbre Arabescato se caract\u00e9rise par sa longue histoire. En raison de ses propri\u00e9t\u00e9s robustes, la pierre \u00e9tait d\u00e9j\u00e0 utilis\u00e9e comme substitut du silex \u00e0 l&#039;\u00e2ge de pierre. D\u00e9j\u00e0 au Moyen \u00c2ge, ce marbre \u00e9tait utilis\u00e9 pour la fabrication d&#039;outils. Dans l&#039;histoire architecturale ou historique de l&#039;art de l&#039;\u00c9gypte, des cercueils et d&#039;autres \u0153uvres d&#039;art ont \u00e9t\u00e9 sculpt\u00e9s dans le marbre et les colosses de Memnon dans le temple d&#039;Am\u00e9nophis III, ainsi que les cercueils de Toutankhamon et d&#039;Hatchepsout en t\u00e9moignent encore aujourd&#039;hui.\t\t\t\t\t\t\t\t<\/div>\n\t\t\t\t<\/div>\n\t\t\t\t\t<\/div>\n\t\t<\/div>\n\t\t\t\t\t<\/div>\n\t\t<\/section>\n\t\t\t\t<div class=\"elementor-element elementor-element-ca3d1f4 elementor-widget elementor-widget-video\" data-id=\"ca3d1f4\" data-element_type=\"widget\" data-e-type=\"widget\" data-settings=\"{&quot;video_type&quot;:&quot;vimeo&quot;}\" data-widget_type=\"video.default\">\n\t\t\t\t<div class=\"elementor-widget-container\">\n\t\t\t\t\t\t\t<div class=\"elementor-wrapper elementor-open-inline\">\n\t\t\t<iframe class=\"elementor-video-iframe\" allowfullscreen allow=\"clipboard-write\" title=\"vimeo \u0391\u03bd\u03b1\u03c0\u03b1\u03c1\u03b1\u03b3\u03c9\u03b3\u03cc\u03c2 \u03a0\u03bf\u03bb\u03c5\u03bc\u03ad\u03c3\u03c9\u03bd\" src=\"https:\/\/player.vimeo.com\/video\/290503829?color&amp;autopause=0&amp;loop=0&amp;muted=0&amp;title=1&amp;portrait=1&amp;byline=1#t=\" data-no-translation-title=\"\"><\/iframe>\t\t<\/div>\n\t\t\t\t\t\t<\/div>\n\t\t\t\t<\/div>\n\t\t\t\t\t<\/div>\n\t\t<\/div>\n\t\t\t\t\t<\/div>\n\t\t<\/section>\n\t\t\t\t<\/div>","protected":false},"excerpt":{"rendered":"<p data-start=\"417\" data-end=\"842\"><strong data-start=\"417\" data-end=\"527\">Voici la coque Roxxlyn Arabescato Grigio Marble Case pour iPhone 17, iPhone 17 Pro et iPhone 17 Pro Max.<\/strong><br data-start=\"527\" data-end=\"530\" \/>Fabriqu\u00e9 \u00e0 la main \u00e0 Berlin \u00e0 partir de marbre italien Arabescato Grigio, ce coffret est une v\u00e9ritable d\u00e9claration de go\u00fbt raffin\u00e9 et d'excellence artisanale. Connu pour son jeu luxueux de tons gris doux et de veines dor\u00e9es, chaque morceau de marbre est naturellement unique, ce qui fait de chaque \u00e9tui Roxxlyn un chef-d'\u0153uvre unique.<\/p>\n<p data-start=\"844\" data-end=\"1094\">\u00c0 la fois ultrafin et r\u00e9sistant, l'\u00e9tui Arabescato Grigio associe la pierre italienne intemporelle \u00e0 la pr\u00e9cision de l'ing\u00e9nierie allemande. Le r\u00e9sultat est une housse l\u00e9g\u00e8re, protectrice et sophistiqu\u00e9e qui rehausse votre iPhone tout en pr\u00e9servant sa silhouette \u00e9lanc\u00e9e.<\/p>\n<p data-start=\"1096\" data-end=\"1303\">Plus qu'un accessoire, c'est la fusion d'un luxe naturel et d'un savoir-faire m\u00e9ticuleux, con\u00e7u pour ceux qui exigent l'\u00e9l\u00e9gance, l'individualit\u00e9 et une qualit\u00e9 sans compromis dans leurs objets de tous les jours.<\/p>","protected":false},"featured_media":13052,"template":"","meta":{"inline_featured_image":false},"product_brand":[],"product_cat":[66],"product_tag":[],"class_list":{"0":"post-1711","1":"product","2":"type-product","3":"status-publish","4":"has-post-thumbnail","6":"product_cat-iphone-cases","8":"first","9":"instock","10":"featured","11":"taxable","12":"shipping-taxable","13":"purchasable","14":"product-type-variable","15":"has-default-attributes"},"exclude_global_add_ons":false,"addons":[{"name":"Couture sur mesure","type":"checkbox","position":0,"required":false,"title_format":"label","default":"","description_enable":false,"description":"","placeholder_enable":false,"placeholder":"","display":"select","restrictions_type":"any_text","adjust_price":false,"price":"","price_type":"flat_fee","restrictions":false,"min":"0","max":"0","options":[{"label":"Upgrade your case with a super-strong N52 grade 1.55 mm MagSafe magnet for seamless attachment and faster, more stable wireless charging","price":"10","price_type":"flat_fee","image":0,"visibility":true},{"label":"Opt for a design with deeper grey tones and minimal white veining for a sleek, uniform, and understated marble appearance.","price":"","price_type":"flat_fee","image":0,"visibility":true},{"label":"Reveal the iconic Apple logo with a precise cut-out on the stone surface, unveiling a sleek black satin-matte underside for a striking contrast and personal touch.","price":"15","price_type":"flat_fee","image":0,"visibility":false},{"label":"Enhance your device with a white engraved Apple logo, crafted over two days for elegance and sophistication.","price":"20","price_type":"flat_fee","image":0,"visibility":true},{"label":"Premium Liquid Care with dust-repellent, antistatic protection and a lasting matte effect. Specially designed to preserve and protect your case.","price":"5","price_type":"flat_fee","image":0,"visibility":true},{"label":"A premium marble liquid polish that enhances and protects the natural beauty of your marble surfaces, providing a lasting, brilliant shine.","price":"5","price_type":"flat_fee","image":0,"visibility":true},{"label":"Microfiber Polishing Cloth: A soft, high-quality microfiber cloth designed for polishing marble surfaces. It delivers a streak-free, brilliant shine without scratching, perfect for maintaining your marble's natural beauty.","price":"5","price_type":"flat_fee","image":0,"visibility":true}],"id":1758631671}],"_links":{"self":[{"href":"https:\/\/roxxlyn.com\/fr\/wp-json\/wp\/v2\/product\/1711","targetHints":{"allow":["GET"]}}],"collection":[{"href":"https:\/\/roxxlyn.com\/fr\/wp-json\/wp\/v2\/product"}],"about":[{"href":"https:\/\/roxxlyn.com\/fr\/wp-json\/wp\/v2\/types\/product"}],"version-history":[{"count":0,"href":"https:\/\/roxxlyn.com\/fr\/wp-json\/wp\/v2\/product\/1711\/revisions"}],"wp:featuredmedia":[{"embeddable":true,"href":"https:\/\/roxxlyn.com\/fr\/wp-json\/wp\/v2\/media\/13052"}],"wp:attachment":[{"href":"https:\/\/roxxlyn.com\/fr\/wp-json\/wp\/v2\/media?parent=1711"}],"wp:term":[{"taxonomy":"product_brand","embeddable":true,"href":"https:\/\/roxxlyn.com\/fr\/wp-json\/wp\/v2\/product_brand?post=1711"},{"taxonomy":"product_cat","embeddable":true,"href":"https:\/\/roxxlyn.com\/fr\/wp-json\/wp\/v2\/product_cat?post=1711"},{"taxonomy":"product_tag","embeddable":true,"href":"https:\/\/roxxlyn.com\/fr\/wp-json\/wp\/v2\/product_tag?post=1711"}],"curies":[{"name":"wp","href":"https:\/\/api.w.org\/{rel}","templated":true}]}}