{"id":11135,"date":"2024-11-28T11:49:35","date_gmt":"2024-11-28T11:49:35","guid":{"rendered":"https:\/\/roxxlyn.com\/?post_type=product&#038;p=11135"},"modified":"2025-09-23T13:47:32","modified_gmt":"2025-09-23T13:47:32","slug":"slate-fusion-stand-black-rock-for-macbook-and-ipad","status":"publish","type":"product","link":"https:\/\/roxxlyn.com\/fr\/shop\/slate-fusion-stand-black-rock-for-macbook-and-ipad\/","title":{"rendered":"Slate Fusion Stand Black Rock pour MacBook, iPad et autres"},"content":{"rendered":"<div data-elementor-type=\"product-post\" data-elementor-id=\"11135\" class=\"elementor elementor-11135\" data-elementor-post-type=\"product\">\n\t\t\t\t\t\t<section class=\"elementor-section elementor-top-section elementor-element elementor-element-3db95bb elementor-section-full_width elementor-section-height-default elementor-section-height-default\" data-id=\"3db95bb\" data-element_type=\"section\" data-e-type=\"section\">\n\t\t\t\t\t\t<div class=\"elementor-container elementor-column-gap-default\">\n\t\t\t\t\t<div class=\"elementor-column elementor-col-100 elementor-top-column elementor-element elementor-element-9c55be0\" data-id=\"9c55be0\" data-element_type=\"column\" data-e-type=\"column\">\n\t\t\t<div class=\"elementor-widget-wrap elementor-element-populated\">\n\t\t\t\t\t\t<div class=\"elementor-element elementor-element-582d414 elementor-widget elementor-widget-video\" data-id=\"582d414\" data-element_type=\"widget\" data-e-type=\"widget\" data-settings=\"{&quot;video_type&quot;:&quot;vimeo&quot;}\" data-widget_type=\"video.default\">\n\t\t\t\t<div class=\"elementor-widget-container\">\n\t\t\t\t\t\t\t<div class=\"elementor-wrapper elementor-open-inline\">\n\t\t\t<iframe class=\"elementor-video-iframe\" allowfullscreen allow=\"clipboard-write\" title=\"vimeo Video Oynat\u0131c\u0131\" src=\"https:\/\/player.vimeo.com\/video\/1031558714?color&amp;autopause=0&amp;loop=0&amp;muted=0&amp;title=1&amp;portrait=1&amp;byline=1#t=\" data-no-translation-title=\"\"><\/iframe>\t\t<\/div>\n\t\t\t\t\t\t<\/div>\n\t\t\t\t<\/div>\n\t\t\t\t<section class=\"elementor-section elementor-inner-section elementor-element elementor-element-278e2d0 elementor-section-boxed elementor-section-height-default elementor-section-height-default\" data-id=\"278e2d0\" data-element_type=\"section\" data-e-type=\"section\">\n\t\t\t\t\t\t<div class=\"elementor-container elementor-column-gap-default\">\n\t\t\t\t\t<div class=\"elementor-column elementor-col-50 elementor-inner-column elementor-element elementor-element-514ef0f\" data-id=\"514ef0f\" data-element_type=\"column\" data-e-type=\"column\">\n\t\t\t<div class=\"elementor-widget-wrap elementor-element-populated\">\n\t\t\t\t\t\t<div class=\"elementor-element elementor-element-b611409 elementor-widget elementor-widget-heading\" data-id=\"b611409\" data-element_type=\"widget\" data-e-type=\"widget\" data-widget_type=\"heading.default\">\n\t\t\t\t<div class=\"elementor-widget-container\">\n\t\t\t\t\t<h2 class=\"elementor-heading-title elementor-size-default\">Support Slate Fusion Black Rock pour MacBook et iPad<\/h2>\t\t\t\t<\/div>\n\t\t\t\t<\/div>\n\t\t\t\t<div class=\"elementor-element elementor-element-24dd7a9 elementor-widget elementor-widget-text-editor\" data-id=\"24dd7a9\" data-element_type=\"widget\" data-e-type=\"widget\" data-widget_type=\"text-editor.default\">\n\t\t\t\t<div class=\"elementor-widget-container\">\n\t\t\t\t\t\t\t\t\t<p><strong>Red\u00e9finissez votre espace de travail avec le Black Rock Fusion Stand<\/strong><\/p><p>Le Black Rock Fusion Stand est l'alliance d'un design intemporel et d'une fonctionnalit\u00e9 moderne. Fabriqu\u00e9 \u00e0 la main en Allemagne, ce support est une d\u00e9claration de sophistication et d'innovation, fabriqu\u00e9 \u00e0 partir d'aluminium noir anodis\u00e9 de premi\u00e8re qualit\u00e9 et d'ardoise Black Rock authentique. Connue pour ses tons profonds et naturels et ses textures subtiles, l'ardoise Black Rock apporte une touche d'\u00e9l\u00e9gance naturelle \u00e0 votre bureau, s'int\u00e9grant parfaitement \u00e0 l'esth\u00e9tique contemporaine.<\/p><p><strong>Une organisation sans faille<\/strong><\/p><p>Con\u00e7u pour accueillir jusqu'\u00e0 quatre appareils, dont des ordinateurs portables, des tablettes et des smartphones, le Fusion Stand offre une solution sur mesure pour organiser votre espace de travail. Ses parois modulaires sont enti\u00e8rement r\u00e9glables, ce qui vous permet de cr\u00e9er un espace s\u00e9curis\u00e9 et personnalis\u00e9 pour vos appareils. Chaque emplacement est doubl\u00e9 d'un rembourrage en silicone souple pour \u00e9viter les rayures et garantir que vos appareils restent en place en toute s\u00e9curit\u00e9.<\/p><p><strong>Conception polyvalente et fonctionnelle<\/strong><\/p><p>Le support Fusion ne se contente pas de maintenir vos appareils, il am\u00e9liore votre productivit\u00e9. Un plateau int\u00e9gr\u00e9 offre un rangement pratique pour les petits objets essentiels tels que les adaptateurs, les c\u00e2bles ou les cartes SIM, ce qui permet d'\u00e9viter l'encombrement de votre bureau. Pour les amateurs d'\u00e9l\u00e9gance, le plateau peut \u00eatre remplac\u00e9 par un panneau suppl\u00e9mentaire en ardoise Black Rock, cr\u00e9ant ainsi un look homog\u00e8ne et sophistiqu\u00e9 qui rehausse n'importe quel espace de travail.<\/p><p><strong>Un savoir-faire qui dure<\/strong><\/p><p>Chaque d\u00e9tail du Black Rock Fusion Stand t\u00e9moigne d'une attention m\u00e9ticuleuse \u00e0 la qualit\u00e9. Fabriqu\u00e9 \u00e0 la main en Allemagne par des artisans qualifi\u00e9s, il allie durabilit\u00e9 et finition haut de gamme. La beaut\u00e9 naturelle de l'ardoise Black Rock garantit que chaque pi\u00e8ce est unique, aucun panneau n'\u00e9tant identique \u00e0 l'autre.<\/p>\t\t\t\t\t\t\t\t<\/div>\n\t\t\t\t<\/div>\n\t\t\t\t<div class=\"elementor-element elementor-element-ae8b890 elementor-widget elementor-widget-image\" data-id=\"ae8b890\" data-element_type=\"widget\" data-e-type=\"widget\" data-widget_type=\"image.default\">\n\t\t\t\t<div class=\"elementor-widget-container\">\n\t\t\t\t\t\t\t\t\t\t\t\t\t\t\t<img fetchpriority=\"high\" decoding=\"async\" width=\"1024\" height=\"1024\" src=\"https:\/\/roxxlyn.com\/wp-content\/uploads\/2024\/11\/Marble-Fusion-Stand-for-MacBook.520-1024x1024.jpg\" class=\"attachment-large size-large wp-image-10980\" alt=\"\" srcset=\"https:\/\/roxxlyn.com\/wp-content\/uploads\/2024\/11\/Marble-Fusion-Stand-for-MacBook.520-1024x1024.jpg 1024w, https:\/\/roxxlyn.com\/wp-content\/uploads\/2024\/11\/Marble-Fusion-Stand-for-MacBook.520-1800x1800.jpg 1800w, https:\/\/roxxlyn.com\/wp-content\/uploads\/2024\/11\/Marble-Fusion-Stand-for-MacBook.520-300x300.jpg 300w, https:\/\/roxxlyn.com\/wp-content\/uploads\/2024\/11\/Marble-Fusion-Stand-for-MacBook.520-150x150.jpg 150w, https:\/\/roxxlyn.com\/wp-content\/uploads\/2024\/11\/Marble-Fusion-Stand-for-MacBook.520-768x768.jpg 768w, https:\/\/roxxlyn.com\/wp-content\/uploads\/2024\/11\/Marble-Fusion-Stand-for-MacBook.520-1536x1536.jpg 1536w, https:\/\/roxxlyn.com\/wp-content\/uploads\/2024\/11\/Marble-Fusion-Stand-for-MacBook.520-2048x2048.jpg 2048w, https:\/\/roxxlyn.com\/wp-content\/uploads\/2024\/11\/Marble-Fusion-Stand-for-MacBook.520-12x12.jpg 12w, https:\/\/roxxlyn.com\/wp-content\/uploads\/2024\/11\/Marble-Fusion-Stand-for-MacBook.520-660x660.jpg 660w\" sizes=\"(max-width: 1024px) 100vw, 1024px\" \/>\t\t\t\t\t\t\t\t\t\t\t\t\t\t\t<\/div>\n\t\t\t\t<\/div>\n\t\t\t\t\t<\/div>\n\t\t<\/div>\n\t\t\t\t<div class=\"elementor-column elementor-col-50 elementor-inner-column elementor-element elementor-element-716b2cb\" data-id=\"716b2cb\" data-element_type=\"column\" data-e-type=\"column\">\n\t\t\t<div class=\"elementor-widget-wrap elementor-element-populated\">\n\t\t\t\t\t\t<div class=\"elementor-element elementor-element-c906695 elementor-widget elementor-widget-image\" data-id=\"c906695\" data-element_type=\"widget\" data-e-type=\"widget\" data-widget_type=\"image.default\">\n\t\t\t\t<div class=\"elementor-widget-container\">\n\t\t\t\t\t\t\t\t\t\t\t\t\t\t\t<img decoding=\"async\" width=\"1024\" height=\"1024\" src=\"https:\/\/roxxlyn.com\/wp-content\/uploads\/2024\/11\/Slate-Fusion-Stand-for-MacBook-3.538-1024x1024.jpg\" class=\"attachment-large size-large wp-image-11141\" alt=\"\" srcset=\"https:\/\/roxxlyn.com\/wp-content\/uploads\/2024\/11\/Slate-Fusion-Stand-for-MacBook-3.538-1024x1024.jpg 1024w, https:\/\/roxxlyn.com\/wp-content\/uploads\/2024\/11\/Slate-Fusion-Stand-for-MacBook-3.538-1800x1800.jpg 1800w, https:\/\/roxxlyn.com\/wp-content\/uploads\/2024\/11\/Slate-Fusion-Stand-for-MacBook-3.538-300x300.jpg 300w, https:\/\/roxxlyn.com\/wp-content\/uploads\/2024\/11\/Slate-Fusion-Stand-for-MacBook-3.538-150x150.jpg 150w, https:\/\/roxxlyn.com\/wp-content\/uploads\/2024\/11\/Slate-Fusion-Stand-for-MacBook-3.538-768x768.jpg 768w, https:\/\/roxxlyn.com\/wp-content\/uploads\/2024\/11\/Slate-Fusion-Stand-for-MacBook-3.538-1536x1536.jpg 1536w, https:\/\/roxxlyn.com\/wp-content\/uploads\/2024\/11\/Slate-Fusion-Stand-for-MacBook-3.538-2048x2048.jpg 2048w, https:\/\/roxxlyn.com\/wp-content\/uploads\/2024\/11\/Slate-Fusion-Stand-for-MacBook-3.538-12x12.jpg 12w, https:\/\/roxxlyn.com\/wp-content\/uploads\/2024\/11\/Slate-Fusion-Stand-for-MacBook-3.538-660x660.jpg 660w\" sizes=\"(max-width: 1024px) 100vw, 1024px\" \/>\t\t\t\t\t\t\t\t\t\t\t\t\t\t\t<\/div>\n\t\t\t\t<\/div>\n\t\t\t\t<div class=\"elementor-element elementor-element-e9d43d9 elementor-widget elementor-widget-image\" data-id=\"e9d43d9\" data-element_type=\"widget\" data-e-type=\"widget\" data-widget_type=\"image.default\">\n\t\t\t\t<div class=\"elementor-widget-container\">\n\t\t\t\t\t\t\t\t\t\t\t\t\t\t\t<img decoding=\"async\" width=\"1024\" height=\"1024\" src=\"https:\/\/roxxlyn.com\/wp-content\/uploads\/2024\/11\/Slate-Fusion-Stand-for-MacBook-2.537-1024x1024.jpg\" class=\"attachment-large size-large wp-image-11142\" alt=\"\" srcset=\"https:\/\/roxxlyn.com\/wp-content\/uploads\/2024\/11\/Slate-Fusion-Stand-for-MacBook-2.537-1024x1024.jpg 1024w, https:\/\/roxxlyn.com\/wp-content\/uploads\/2024\/11\/Slate-Fusion-Stand-for-MacBook-2.537-1800x1800.jpg 1800w, https:\/\/roxxlyn.com\/wp-content\/uploads\/2024\/11\/Slate-Fusion-Stand-for-MacBook-2.537-300x300.jpg 300w, https:\/\/roxxlyn.com\/wp-content\/uploads\/2024\/11\/Slate-Fusion-Stand-for-MacBook-2.537-150x150.jpg 150w, https:\/\/roxxlyn.com\/wp-content\/uploads\/2024\/11\/Slate-Fusion-Stand-for-MacBook-2.537-768x768.jpg 768w, https:\/\/roxxlyn.com\/wp-content\/uploads\/2024\/11\/Slate-Fusion-Stand-for-MacBook-2.537-1536x1536.jpg 1536w, https:\/\/roxxlyn.com\/wp-content\/uploads\/2024\/11\/Slate-Fusion-Stand-for-MacBook-2.537-2048x2048.jpg 2048w, https:\/\/roxxlyn.com\/wp-content\/uploads\/2024\/11\/Slate-Fusion-Stand-for-MacBook-2.537-12x12.jpg 12w, https:\/\/roxxlyn.com\/wp-content\/uploads\/2024\/11\/Slate-Fusion-Stand-for-MacBook-2.537-660x660.jpg 660w\" sizes=\"(max-width: 1024px) 100vw, 1024px\" \/>\t\t\t\t\t\t\t\t\t\t\t\t\t\t\t<\/div>\n\t\t\t\t<\/div>\n\t\t\t\t<div class=\"elementor-element elementor-element-a297b31 elementor-widget elementor-widget-text-editor\" data-id=\"a297b31\" data-element_type=\"widget\" data-e-type=\"widget\" data-widget_type=\"text-editor.default\">\n\t\t\t\t<div class=\"elementor-widget-container\">\n\t\t\t\t\t\t\t\t\t<p><strong>Un savoir-faire qui dure<\/strong><\/p><p>Chaque d\u00e9tail du Black Rock Fusion Stand t\u00e9moigne d'une attention m\u00e9ticuleuse \u00e0 la qualit\u00e9. Fabriqu\u00e9 \u00e0 la main en Allemagne par des artisans qualifi\u00e9s, il allie durabilit\u00e9 et finition haut de gamme. La beaut\u00e9 naturelle de l'ardoise Black Rock garantit que chaque pi\u00e8ce est unique, aucun panneau n'\u00e9tant identique \u00e0 l'autre.<\/p><p><strong>Le Black Rock Fusion Stand : Transformer les espaces de travail, un bureau \u00e0 la fois.<\/strong><\/p>\t\t\t\t\t\t\t\t<\/div>\n\t\t\t\t<\/div>\n\t\t\t\t\t<\/div>\n\t\t<\/div>\n\t\t\t\t\t<\/div>\n\t\t<\/section>\n\t\t\t\t\t<\/div>\n\t\t<\/div>\n\t\t\t\t\t<\/div>\n\t\t<\/section>\n\t\t\t\t<\/div>","protected":false},"excerpt":{"rendered":"<p>Le Marble Fusion Stand est un support modulaire de conception allemande, fabriqu\u00e9 en aluminium noir anodis\u00e9 avec deux \u00e9l\u00e9ments verticaux Black Rock. Il peut accueillir jusqu'\u00e0 3 appareils et dispose d'un plateau pour les accessoires, avec des options de personnalisation.<\/p>","protected":false},"featured_media":11141,"template":"","meta":{"inline_featured_image":false},"product_brand":[],"product_cat":[195],"product_tag":[197,198,196,199],"class_list":{"0":"post-11135","1":"product","2":"type-product","3":"status-publish","4":"has-post-thumbnail","6":"product_cat-marble-fusion-stand","7":"product_tag-ipad-stand","8":"product_tag-laptop-stand","9":"product_tag-macbook-stand","10":"product_tag-tablet-stand","12":"first","13":"instock","14":"taxable","15":"shipping-taxable","16":"purchasable","17":"product-type-simple"},"exclude_global_add_ons":false,"addons":[{"name":"Personnalis\u00e9","type":"heading","position":0,"required":false,"title_format":"label","default":"","description_enable":false,"description":"","placeholder_enable":false,"placeholder":"","display":"select","restrictions_type":"any_text","adjust_price":false,"price":"","price_type":"flat_fee","restrictions":false,"min":"0","max":"0","options":[],"id":1731845299},{"name":"Conception renforc\u00e9e par l'ardoise","type":"checkbox","position":1,"required":false,"title_format":"label","default":"","description_enable":false,"description":"","placeholder_enable":false,"placeholder":"","display":"select","restrictions_type":"any_text","adjust_price":false,"price":"","price_type":"flat_fee","restrictions":false,"min":"0","max":"0","options":[{"label":"Instead of the tray, this version is enhanced with slate for a touch of elegance","price":"10","price_type":"flat_fee","image":0,"visibility":true}],"id":1731845630},{"name":"\u00c9levez votre pr\u00e9sence Apple\u00a0:","type":"checkbox","position":2,"required":false,"title_format":"label","default":"","description_enable":false,"description":"","placeholder_enable":false,"placeholder":"","display":"select","restrictions_type":"any_text","adjust_price":false,"price":"","price_type":"flat_fee","restrictions":false,"min":"0","max":"0","options":[{"label":"Reveal the iconic Apple logo with a precise cut-out on the stone surface, unveiling a sleek black satin-matte underside for a striking contrast and personal touch.","price":"10","price_type":"flat_fee","image":0,"visibility":true},{"label":"Enhance your device with a white engraved Apple logo, crafted over two days for elegance and sophistication.","price":"15","price_type":"flat_fee","image":0,"visibility":true}],"id":1731845302},{"name":"Roxxlyn Slate Care Essentials (Essentiels de soin de l'ardoise)","type":"checkbox","position":3,"required":false,"title_format":"label","default":"","description_enable":false,"description":"","placeholder_enable":false,"placeholder":"","display":"select","restrictions_type":"any_text","adjust_price":false,"price":"","price_type":"flat_fee","restrictions":false,"min":"0","max":"0","options":[{"label":"A premium slate liquid that enhances and protects the natural beauty of your marble surfaces, providing a lasting, brilliant shine.","price":"10","price_type":"flat_fee","image":0,"visibility":true},{"label":"Microfiber Polishing Cloth: A soft, high-quality microfiber cloth designed for polishing marble surfaces. It delivers a streak-free, brilliant shine without scratching, perfect for maintaining your marble's natural beauty.","price":"5","price_type":"flat_fee","image":0,"visibility":true}],"id":1731845301}],"_links":{"self":[{"href":"https:\/\/roxxlyn.com\/fr\/wp-json\/wp\/v2\/product\/11135","targetHints":{"allow":["GET"]}}],"collection":[{"href":"https:\/\/roxxlyn.com\/fr\/wp-json\/wp\/v2\/product"}],"about":[{"href":"https:\/\/roxxlyn.com\/fr\/wp-json\/wp\/v2\/types\/product"}],"version-history":[{"count":0,"href":"https:\/\/roxxlyn.com\/fr\/wp-json\/wp\/v2\/product\/11135\/revisions"}],"wp:featuredmedia":[{"embeddable":true,"href":"https:\/\/roxxlyn.com\/fr\/wp-json\/wp\/v2\/media\/11141"}],"wp:attachment":[{"href":"https:\/\/roxxlyn.com\/fr\/wp-json\/wp\/v2\/media?parent=11135"}],"wp:term":[{"taxonomy":"product_brand","embeddable":true,"href":"https:\/\/roxxlyn.com\/fr\/wp-json\/wp\/v2\/product_brand?post=11135"},{"taxonomy":"product_cat","embeddable":true,"href":"https:\/\/roxxlyn.com\/fr\/wp-json\/wp\/v2\/product_cat?post=11135"},{"taxonomy":"product_tag","embeddable":true,"href":"https:\/\/roxxlyn.com\/fr\/wp-json\/wp\/v2\/product_tag?post=11135"}],"curies":[{"name":"wp","href":"https:\/\/api.w.org\/{rel}","templated":true}]}}