{"id":10017,"date":"2024-08-14T11:34:35","date_gmt":"2024-08-14T11:34:35","guid":{"rendered":"https:\/\/roxxlyn.com\/?post_type=product&#038;p=10017"},"modified":"2025-09-14T13:35:44","modified_gmt":"2025-09-14T13:35:44","slug":"artisan-marble-elegance-cnc-aluminum-airtag-masterpiece-lapis-lazuli","status":"publish","type":"product","link":"https:\/\/roxxlyn.com\/fr\/shop\/artisan-marble-elegance-cnc-aluminum-airtag-masterpiece-lapis-lazuli\/","title":{"rendered":"Artisan Marble Elegance : Pi\u00e8ce ma\u00eetresse AirTag en aluminium CNC - Lapis Lazuli"},"content":{"rendered":"<div data-elementor-type=\"wp-post\" data-elementor-id=\"10017\" class=\"elementor elementor-10017\" data-elementor-post-type=\"product\">\n\t\t\t\t\t\t<section class=\"elementor-section elementor-top-section elementor-element elementor-element-1761437 elementor-section-boxed elementor-section-height-default elementor-section-height-default\" data-id=\"1761437\" data-element_type=\"section\" data-e-type=\"section\" data-settings=\"{&quot;background_background&quot;:&quot;classic&quot;}\">\n\t\t\t\t\t\t<div class=\"elementor-container elementor-column-gap-default\">\n\t\t\t\t\t<div class=\"elementor-column elementor-col-100 elementor-top-column elementor-element elementor-element-686c732\" data-id=\"686c732\" data-element_type=\"column\" data-e-type=\"column\">\n\t\t\t<div class=\"elementor-widget-wrap elementor-element-populated\">\n\t\t\t\t\t\t<div class=\"elementor-element elementor-element-18411c7 elementor-widget elementor-widget-video\" data-id=\"18411c7\" data-element_type=\"widget\" data-e-type=\"widget\" data-settings=\"{&quot;video_type&quot;:&quot;hosted&quot;,&quot;autoplay&quot;:&quot;yes&quot;,&quot;loop&quot;:&quot;yes&quot;,&quot;play_on_mobile&quot;:&quot;yes&quot;,&quot;mute&quot;:&quot;yes&quot;,&quot;controls&quot;:&quot;yes&quot;}\" data-widget_type=\"video.default\">\n\t\t\t\t<div class=\"elementor-widget-container\">\n\t\t\t\t\t\t\t<div class=\"e-hosted-video elementor-wrapper elementor-open-inline\">\n\t\t\t\t\t<video class=\"elementor-video\" src=\"https:\/\/roxxlyn.com\/wp-content\/uploads\/2022\/08\/airtag-metal-roxxlyn.mp4\" autoplay=\"\" loop=\"\" controls=\"\" muted=\"muted\" playsinline=\"\" controlslist=\"nodownload\"><\/video>\n\t\t\t\t<\/div>\n\t\t\t\t\t\t<\/div>\n\t\t\t\t<\/div>\n\t\t\t\t<div class=\"elementor-element elementor-element-7a894e0 elementor-widget elementor-widget-text-editor\" data-id=\"7a894e0\" data-element_type=\"widget\" data-e-type=\"widget\" data-widget_type=\"text-editor.default\">\n\t\t\t\t<div class=\"elementor-widget-container\">\n\t\t\t\t\t\t\t\t\t<h2><span style=\"color: #ffffff;\">Contenu de la bo\u00eete :<\/span><\/h2><p>1 x \u00c9tui en aluminium anodis\u00e9 noir avec fermeture magn\u00e9tique pour Apple AirTags<br \/>1 x Mousqueton gris en alliage de zinc<br \/>1 x Couvercle en granit Lapis Lazuli v\u00e9ritable<br \/>1 x Autocollant en cuir v\u00e9g\u00e9tal (avec ou sans le logo de votre choix) pour plus de style<br \/>6 x autocollants ORAFOL noirs mats de haute qualit\u00e9 pour une protection et un contraste accrus<br \/>1 x Carte de remerciement avec un lien vers notre guide d'installation facile \u00e0 suivre<br \/>1x manchon noir<\/p><p>A noter :<br \/>Chaque coffret est fabriqu\u00e9 \u00e0 partir de marbre Nero Marquina, ce qui le rend unique. Le placage de marbre peut diff\u00e9rer l\u00e9g\u00e8rement des images, ce qui ajoute \u00e0 l'individualit\u00e9 de votre achat.<\/p><p><blockquote class=\"wp-embedded-content\" data-secret=\"lZpEPVjbOK\"><a href=\"https:\/\/roxxlyn.com\/fr\/instructions\/\">Instructions<\/a><\/blockquote><iframe class=\"wp-embedded-content\" sandbox=\"allow-scripts\" security=\"restricted\" style=\"position: absolute; visibility: hidden;\" title=\"\u00ab\u00a0Instructions\u00a0\u00bb \u2014 ROXXLYN\" src=\"https:\/\/roxxlyn.com\/instructions\/embed\/#?secret=nKcrhTtLGQ#?secret=lZpEPVjbOK\" data-secret=\"lZpEPVjbOK\" width=\"600\" height=\"338\" frameborder=\"0\" marginwidth=\"0\" marginheight=\"0\" scrolling=\"no\"><\/iframe><\/p><p>L'article est exp\u00e9di\u00e9 d'Allemagne.<\/p>\t\t\t\t\t\t\t\t<\/div>\n\t\t\t\t<\/div>\n\t\t\t\t\t<\/div>\n\t\t<\/div>\n\t\t\t\t\t<\/div>\n\t\t<\/section>\n\t\t\t\t<section class=\"elementor-section elementor-top-section elementor-element elementor-element-4fad3d1 elementor-section-boxed elementor-section-height-default elementor-section-height-default\" data-id=\"4fad3d1\" data-element_type=\"section\" data-e-type=\"section\" data-settings=\"{&quot;background_background&quot;:&quot;classic&quot;}\">\n\t\t\t\t\t\t<div class=\"elementor-container elementor-column-gap-default\">\n\t\t\t\t\t<div class=\"elementor-column elementor-col-100 elementor-top-column elementor-element elementor-element-e551091\" data-id=\"e551091\" data-element_type=\"column\" data-e-type=\"column\">\n\t\t\t<div class=\"elementor-widget-wrap elementor-element-populated\">\n\t\t\t\t\t\t<div class=\"elementor-element elementor-element-e7512c5 elementor-widget elementor-widget-video\" data-id=\"e7512c5\" data-element_type=\"widget\" data-e-type=\"widget\" data-settings=\"{&quot;video_type&quot;:&quot;vimeo&quot;}\" data-widget_type=\"video.default\">\n\t\t\t\t<div class=\"elementor-widget-container\">\n\t\t\t\t\t\t\t<div class=\"elementor-wrapper elementor-open-inline\">\n\t\t\t<iframe class=\"elementor-video-iframe\" allowfullscreen allow=\"clipboard-write\" title=\"vimeo \u89c6\u9891\u64ad\u653e\u5668\" src=\"https:\/\/player.vimeo.com\/video\/290503829?color&amp;autopause=0&amp;loop=0&amp;muted=0&amp;title=1&amp;portrait=1&amp;byline=1#t=\" data-no-translation-title=\"\"><\/iframe>\t\t<\/div>\n\t\t\t\t\t\t<\/div>\n\t\t\t\t<\/div>\n\t\t\t\t\t<\/div>\n\t\t<\/div>\n\t\t\t\t\t<\/div>\n\t\t<\/section>\n\t\t\t\t<\/div>","protected":false},"excerpt":{"rendered":"<p>Am\u00e9liorez votre AirTag avec notre bo\u00eetier usin\u00e9 CNC, o\u00f9 la technologie moderne rencontre la beaut\u00e9 intemporelle du granit Lapis Lazuli.<\/p>\n<p>Fabriqu\u00e9s avec pr\u00e9cision, l'aluminium anodis\u00e9 noir mat et le cuir v\u00e9g\u00e9tal luxueux cr\u00e9ent un design \u00e9l\u00e9gant et durable. Le granit Lapis Lazuli v\u00e9ritable, r\u00e9put\u00e9 pour ses teintes bleues profondes et ses mouchetures d'or naturelles, ajoute une \u00e9l\u00e9gance in\u00e9gal\u00e9e. Le mousqueton en zinc gris mat offre une fixation s\u00fbre et \u00e9l\u00e9gante.<\/p>\n<p>Des aimants int\u00e9gr\u00e9s garantissent un ajustement parfait, faisant de cet \u00e9tui un m\u00e9lange parfait de sophistication et de fonctionnalit\u00e9 - une v\u00e9ritable \u0153uvre d'art. Fabriqu\u00e9 en Allemagne.<\/p>","protected":false},"featured_media":10246,"template":"","meta":{"inline_featured_image":false},"product_brand":[],"product_cat":[92],"product_tag":[],"class_list":{"0":"post-10017","1":"product","2":"type-product","3":"status-publish","4":"has-post-thumbnail","6":"product_cat-airtag","8":"first","9":"instock","10":"taxable","11":"shipping-taxable","12":"purchasable","13":"product-type-variable"},"exclude_global_add_ons":[],"addons":[],"_links":{"self":[{"href":"https:\/\/roxxlyn.com\/fr\/wp-json\/wp\/v2\/product\/10017","targetHints":{"allow":["GET"]}}],"collection":[{"href":"https:\/\/roxxlyn.com\/fr\/wp-json\/wp\/v2\/product"}],"about":[{"href":"https:\/\/roxxlyn.com\/fr\/wp-json\/wp\/v2\/types\/product"}],"version-history":[{"count":0,"href":"https:\/\/roxxlyn.com\/fr\/wp-json\/wp\/v2\/product\/10017\/revisions"}],"wp:featuredmedia":[{"embeddable":true,"href":"https:\/\/roxxlyn.com\/fr\/wp-json\/wp\/v2\/media\/10246"}],"wp:attachment":[{"href":"https:\/\/roxxlyn.com\/fr\/wp-json\/wp\/v2\/media?parent=10017"}],"wp:term":[{"taxonomy":"product_brand","embeddable":true,"href":"https:\/\/roxxlyn.com\/fr\/wp-json\/wp\/v2\/product_brand?post=10017"},{"taxonomy":"product_cat","embeddable":true,"href":"https:\/\/roxxlyn.com\/fr\/wp-json\/wp\/v2\/product_cat?post=10017"},{"taxonomy":"product_tag","embeddable":true,"href":"https:\/\/roxxlyn.com\/fr\/wp-json\/wp\/v2\/product_tag?post=10017"}],"curies":[{"name":"wp","href":"https:\/\/api.w.org\/{rel}","templated":true}]}}