{"id":8648,"date":"2024-01-18T14:48:55","date_gmt":"2024-01-18T14:48:55","guid":{"rendered":"https:\/\/roxxlyn.com\/?page_id=8648"},"modified":"2024-01-18T15:12:06","modified_gmt":"2024-01-18T15:12:06","slug":"made","status":"publish","type":"page","link":"https:\/\/roxxlyn.com\/fr\/made\/","title":{"rendered":"Fait"},"content":{"rendered":"<div data-elementor-type=\"wp-page\" data-elementor-id=\"8648\" class=\"elementor elementor-8648\" data-elementor-post-type=\"page\">\n\t\t\t\t\t\t<section class=\"elementor-section elementor-top-section elementor-element elementor-element-87b5fa2 elementor-section-full_width elementor-section-height-default elementor-section-height-default\" data-id=\"87b5fa2\" data-element_type=\"section\" data-e-type=\"section\">\n\t\t\t\t\t\t<div class=\"elementor-container elementor-column-gap-default\">\n\t\t\t\t\t<div class=\"elementor-column elementor-col-100 elementor-top-column elementor-element elementor-element-3bd6c4c\" data-id=\"3bd6c4c\" data-element_type=\"column\" data-e-type=\"column\">\n\t\t\t<div class=\"elementor-widget-wrap elementor-element-populated\">\n\t\t\t\t\t\t<div class=\"elementor-element elementor-element-08b67f6 elementor-widget elementor-widget-text-editor\" data-id=\"08b67f6\" data-element_type=\"widget\" data-e-type=\"widget\" data-widget_type=\"text-editor.default\">\n\t\t\t\t<div class=\"elementor-widget-container\">\n\t\t\t\t\t\t\t\t\t<p>&nbsp;Il a fallu pr\u00e8s de deux ans de conception et de d\u00e9veloppement pour ma\u00eetriser cette technologie. Un proc\u00e9d\u00e9 qui permet de cr\u00e9er des placages de pierre minces, ultra l\u00e9gers et uniques \u00e0 partir de pierre naturelle vieille d&#039;un milliard d&#039;ann\u00e9es \u2192<\/p>\t\t\t\t\t\t\t\t<\/div>\n\t\t\t\t<\/div>\n\t\t\t\t<div class=\"elementor-element elementor-element-18dd901 elementor-widget elementor-widget-video\" data-id=\"18dd901\" data-element_type=\"widget\" data-e-type=\"widget\" data-settings=\"{&quot;video_type&quot;:&quot;vimeo&quot;,&quot;autoplay&quot;:&quot;yes&quot;,&quot;loop&quot;:&quot;yes&quot;,&quot;play_on_mobile&quot;:&quot;yes&quot;,&quot;mute&quot;:&quot;yes&quot;}\" data-widget_type=\"video.default\">\n\t\t\t\t<div class=\"elementor-widget-container\">\n\t\t\t\t\t\t\t<div class=\"elementor-wrapper elementor-open-inline\">\n\t\t\t<iframe class=\"elementor-video-iframe\" allowfullscreen allow=\"autoplay\" title=\"vimeo \u52d5\u753b\u30d7\u30ec\u30fc\u30e4\u30fc\" src=\"https:\/\/player.vimeo.com\/video\/290503829?autoplay=1&amp;playsinline=1&amp;color=FFFFFF&amp;autopause=0&amp;loop=1&amp;muted=1&amp;title=0&amp;portrait=1&amp;byline=0#t=\" data-no-translation-title=\"\"><\/iframe>\t\t<\/div>\n\t\t\t\t\t\t<\/div>\n\t\t\t\t<\/div>\n\t\t\t\t\t<\/div>\n\t\t<\/div>\n\t\t\t\t\t<\/div>\n\t\t<\/section>\n\t\t\t\t<section class=\"elementor-section elementor-top-section elementor-element elementor-element-7b44f3a elementor-section-boxed elementor-section-height-default elementor-section-height-default\" data-id=\"7b44f3a\" data-element_type=\"section\" data-e-type=\"section\">\n\t\t\t\t\t\t<div class=\"elementor-container elementor-column-gap-default\">\n\t\t\t\t\t<div class=\"elementor-column elementor-col-100 elementor-top-column elementor-element elementor-element-d21da6b\" data-id=\"d21da6b\" data-element_type=\"column\" data-e-type=\"column\">\n\t\t\t<div class=\"elementor-widget-wrap elementor-element-populated\">\n\t\t\t\t\t\t<div class=\"elementor-element elementor-element-de41964 elementor-widget elementor-widget-text-editor\" data-id=\"de41964\" data-element_type=\"widget\" data-e-type=\"widget\" data-widget_type=\"text-editor.default\">\n\t\t\t\t<div class=\"elementor-widget-container\">\n\t\t\t\t\t\t\t\t\t<p>Bienvenue dans le monde de Roxxlyn, o\u00f9 l&#039;art rencontre l&#039;innovation dans la fabrication de produits et d&#039;accessoires en pierre exceptionnels. D\u00e9couvrez \u00ab\u00a0Made\u00a0\u00bb, notre derni\u00e8re r\u00e9v\u00e9lation et un t\u00e9moignage de notre engagement in\u00e9branlable \u00e0 red\u00e9finir l&#039;excellence dans l&#039;artisanat de la pierre. Alors que nous d\u00e9voilons \u00ab\u00a0Made\u00a0\u00bb, plongez-vous dans la fusion harmonieuse de la tradition intemporelle et de la technologie de pointe qui d\u00e9finit l&#039;approche unique de Roxxlyn. \u00ab Made \u00bb est plus qu&#039;une cr\u00e9ation ; c&#039;est un r\u00e9cit tiss\u00e9 avec passion, pr\u00e9cision et talent artistique in\u00e9gal\u00e9 dans la pierre. Rejoignez-nous dans ce voyage alors que nous pr\u00e9sentons fi\u00e8rement \u00ab Made \u00bb, symbole de notre engagement \u00e0 \u00e9tablir de nouvelles r\u00e9f\u00e9rences en mati\u00e8re de luxe et de design dans le domaine des accessoires en pierre.<\/p>\t\t\t\t\t\t\t\t<\/div>\n\t\t\t\t<\/div>\n\t\t\t\t\t<\/div>\n\t\t<\/div>\n\t\t\t\t\t<\/div>\n\t\t<\/section>\n\t\t\t\t<\/div>","protected":false},"excerpt":{"rendered":"<p>&nbsp;Il a fallu pr\u00e8s de deux ans de conception et de d\u00e9veloppement pour ma\u00eetriser cette technologie. Un proc\u00e9d\u00e9 qui permet de cr\u00e9er des placages de pierre minces, ultral\u00e9gers et uniques \u00e0 partir d'un milliard de...<\/p>","protected":false},"author":2904,"featured_media":0,"parent":0,"menu_order":0,"comment_status":"closed","ping_status":"closed","template":"","meta":{"inline_featured_image":false,"footnotes":""},"class_list":["post-8648","page","type-page","status-publish","hentry"],"_links":{"self":[{"href":"https:\/\/roxxlyn.com\/fr\/wp-json\/wp\/v2\/pages\/8648","targetHints":{"allow":["GET"]}}],"collection":[{"href":"https:\/\/roxxlyn.com\/fr\/wp-json\/wp\/v2\/pages"}],"about":[{"href":"https:\/\/roxxlyn.com\/fr\/wp-json\/wp\/v2\/types\/page"}],"author":[{"embeddable":true,"href":"https:\/\/roxxlyn.com\/fr\/wp-json\/wp\/v2\/users\/2904"}],"replies":[{"embeddable":true,"href":"https:\/\/roxxlyn.com\/fr\/wp-json\/wp\/v2\/comments?post=8648"}],"version-history":[{"count":0,"href":"https:\/\/roxxlyn.com\/fr\/wp-json\/wp\/v2\/pages\/8648\/revisions"}],"wp:attachment":[{"href":"https:\/\/roxxlyn.com\/fr\/wp-json\/wp\/v2\/media?parent=8648"}],"curies":[{"name":"wp","href":"https:\/\/api.w.org\/{rel}","templated":true}]}}