{"id":38,"date":"2020-08-11T16:12:35","date_gmt":"2020-08-11T16:12:35","guid":{"rendered":"https:\/\/roxxlyn.com\/?page_id=38"},"modified":"2025-11-20T13:24:17","modified_gmt":"2025-11-20T13:24:17","slug":"contact","status":"publish","type":"page","link":"https:\/\/roxxlyn.com\/fr\/contact\/","title":{"rendered":"Contacter"},"content":{"rendered":"<div data-elementor-type=\"wp-page\" data-elementor-id=\"38\" class=\"elementor elementor-38\" data-elementor-post-type=\"page\">\n\t\t\t\t\t\t<section class=\"elementor-section elementor-top-section elementor-element elementor-element-262116b elementor-section-boxed elementor-section-height-default elementor-section-height-default\" data-id=\"262116b\" data-element_type=\"section\" data-e-type=\"section\">\n\t\t\t\t\t\t<div class=\"elementor-container elementor-column-gap-default\">\n\t\t\t\t\t<div class=\"elementor-column elementor-col-100 elementor-top-column elementor-element elementor-element-e4fe19d\" data-id=\"e4fe19d\" data-element_type=\"column\" data-e-type=\"column\">\n\t\t\t<div class=\"elementor-widget-wrap elementor-element-populated\">\n\t\t\t\t\t\t<div class=\"elementor-element elementor-element-35974ad elementor-widget elementor-widget-text-editor\" data-id=\"35974ad\" data-element_type=\"widget\" data-e-type=\"widget\" data-widget_type=\"text-editor.default\">\n\t\t\t\t<div class=\"elementor-widget-container\">\n\t\t\t\t\t\t\t\t\t<p>Nous serions ravis de vous aider. Que vous ayez une question sur nos pi\u00e8ces en pierre, besoin d'aide pour une commande ou simplement envie de nous dire bonjour, n'h\u00e9sitez pas \u00e0 nous contacter.<\/p>\n\n<p><strong>Demandes g\u00e9n\u00e9rales<\/strong><br>\n<a href=\"mailto:info@roxxlyn.com?subject=Roxxlyn.com%20Request\">info@roxxlyn.com<\/a>\n<\/p>\n\n<p><strong>Ventes<\/strong><br>\n<a href=\"mailto:sales@roxxlyn.com?subject=Sales%20Inquiry%20via%20Roxxlyn.com\">sales@roxxlyn.com<\/a>\n<\/p>\n\n<p><strong>Presse et m\u00e9dias<\/strong><br>\n<a href=\"mailto:press@roxxlyn.com?subject=Press%20Inquiry%20via%20Roxxlyn.com\">press@roxxlyn.com<\/a>\n<\/p>\n\n<p><strong>T\u00e9l\u00e9phone<\/strong><br>\nEurope : +49 (0)30 2016 9208<br>\n\u00c9tats-Unis : +1 (850) 660-8365\n<\/p>\n\n<p><strong>Chat en direct<\/strong><br>\nCliquez sur l'ic\u00f4ne de chat dans le coin inf\u00e9rieur droit pour discuter avec nous en temps r\u00e9el lorsque nous sommes en ligne.\n<\/p>\n\t\t\t\t\t\t\t\t<\/div>\n\t\t\t\t<\/div>\n\t\t\t\t\t<\/div>\n\t\t<\/div>\n\t\t\t\t\t<\/div>\n\t\t<\/section>\n\t\t\t\t<\/div>","protected":false},"excerpt":{"rendered":"<p>Nous serions ravis de vous lire. Que vous ayez une question sur nos pi\u00e8ces en pierre, que vous ayez besoin d'aide pour passer une commande ou que vous souhaitiez simplement nous dire bonjour, n'h\u00e9sitez pas \u00e0 nous contacter...<\/p>","protected":false},"author":2904,"featured_media":0,"parent":0,"menu_order":0,"comment_status":"closed","ping_status":"closed","template":"","meta":{"inline_featured_image":false,"footnotes":""},"class_list":["post-38","page","type-page","status-publish","hentry"],"_links":{"self":[{"href":"https:\/\/roxxlyn.com\/fr\/wp-json\/wp\/v2\/pages\/38","targetHints":{"allow":["GET"]}}],"collection":[{"href":"https:\/\/roxxlyn.com\/fr\/wp-json\/wp\/v2\/pages"}],"about":[{"href":"https:\/\/roxxlyn.com\/fr\/wp-json\/wp\/v2\/types\/page"}],"author":[{"embeddable":true,"href":"https:\/\/roxxlyn.com\/fr\/wp-json\/wp\/v2\/users\/2904"}],"replies":[{"embeddable":true,"href":"https:\/\/roxxlyn.com\/fr\/wp-json\/wp\/v2\/comments?post=38"}],"version-history":[{"count":0,"href":"https:\/\/roxxlyn.com\/fr\/wp-json\/wp\/v2\/pages\/38\/revisions"}],"wp:attachment":[{"href":"https:\/\/roxxlyn.com\/fr\/wp-json\/wp\/v2\/media?parent=38"}],"curies":[{"name":"wp","href":"https:\/\/api.w.org\/{rel}","templated":true}]}}