{"id":35,"date":"2020-08-11T16:11:57","date_gmt":"2020-08-11T16:11:57","guid":{"rendered":"https:\/\/roxxlyn.com\/?page_id=35"},"modified":"2022-09-15T17:55:39","modified_gmt":"2022-09-15T17:55:39","slug":"custom","status":"publish","type":"page","link":"https:\/\/roxxlyn.com\/fr\/custom\/","title":{"rendered":"Personnalis\u00e9"},"content":{"rendered":"<div data-elementor-type=\"wp-page\" data-elementor-id=\"35\" class=\"elementor elementor-35\" data-elementor-post-type=\"page\">\n\t\t\t\t\t\t<section class=\"elementor-section elementor-top-section elementor-element elementor-element-67f9157 elementor-section-boxed elementor-section-height-default elementor-section-height-default\" data-id=\"67f9157\" data-element_type=\"section\" data-e-type=\"section\" tester2=\"\">\n\t\t\t\t\t\t<div class=\"elementor-container elementor-column-gap-default\">\n\t\t\t\t\t<div class=\"elementor-column elementor-col-100 elementor-top-column elementor-element elementor-element-2efb169\" data-id=\"2efb169\" data-element_type=\"column\" data-e-type=\"column\">\n\t\t\t<div class=\"elementor-widget-wrap elementor-element-populated\">\n\t\t\t\t\t\t<div class=\"elementor-element elementor-element-a8e8938 elementor-widget elementor-widget-text-editor\" data-id=\"a8e8938\" data-element_type=\"widget\" data-e-type=\"widget\" data-widget_type=\"text-editor.default\">\n\t\t\t\t<div class=\"elementor-widget-container\">\n\t\t\t\t\t\t\t\t\t<p>N&#039;importe quelle pierre. N&#039;importe quelle couleur. N&#039;importe quel logo. N&#039;importe quel style que vous voulez.<\/p>\t\t\t\t\t\t\t\t<\/div>\n\t\t\t\t<\/div>\n\t\t\t\t\t<\/div>\n\t\t<\/div>\n\t\t\t\t\t<\/div>\n\t\t<\/section>\n\t\t\t\t<section class=\"elementor-section elementor-top-section elementor-element elementor-element-c5e28cd elementor-section-boxed elementor-section-height-default elementor-section-height-default\" data-id=\"c5e28cd\" data-element_type=\"section\" data-e-type=\"section\">\n\t\t\t\t\t\t<div class=\"elementor-container elementor-column-gap-default\">\n\t\t\t\t\t<div class=\"elementor-column elementor-col-100 elementor-top-column elementor-element elementor-element-b271ed6\" data-id=\"b271ed6\" data-element_type=\"column\" data-e-type=\"column\">\n\t\t\t<div class=\"elementor-widget-wrap elementor-element-populated\">\n\t\t\t\t\t\t<div class=\"elementor-element elementor-element-dc63f35 elementor-widget elementor-widget-text-editor\" data-id=\"dc63f35\" data-element_type=\"widget\" data-e-type=\"widget\" data-widget_type=\"text-editor.default\">\n\t\t\t\t<div class=\"elementor-widget-container\">\n\t\t\t\t\t\t\t\t\t<p><strong>L&#039;intention et l&#039;action fa\u00e7onnent l&#039;avenir. Ce qui compte aujourd&#039;hui fa\u00e7onne demain. C&#039;est aussi vrai pour l&#039;individu que pour une organisation.<\/strong><\/p>\t\t\t\t\t\t\t\t<\/div>\n\t\t\t\t<\/div>\n\t\t\t\t\t<\/div>\n\t\t<\/div>\n\t\t\t\t\t<\/div>\n\t\t<\/section>\n\t\t\t\t<section class=\"elementor-section elementor-top-section elementor-element elementor-element-a8522ad elementor-section-boxed elementor-section-height-default elementor-section-height-default\" data-id=\"a8522ad\" data-element_type=\"section\" data-e-type=\"section\">\n\t\t\t\t\t\t<div class=\"elementor-container elementor-column-gap-default\">\n\t\t\t\t\t<div class=\"elementor-column elementor-col-100 elementor-top-column elementor-element elementor-element-ed5181f\" data-id=\"ed5181f\" data-element_type=\"column\" data-e-type=\"column\">\n\t\t\t<div class=\"elementor-widget-wrap elementor-element-populated\">\n\t\t\t\t\t\t<div class=\"elementor-element elementor-element-6bf8e05 elementor-widget elementor-widget-text-editor\" data-id=\"6bf8e05\" data-element_type=\"widget\" data-e-type=\"widget\" data-widget_type=\"text-editor.default\">\n\t\t\t\t<div class=\"elementor-widget-container\">\n\t\t\t\t\t\t\t\t\t<p>Nos produits personnalisables individuels et d&#039;entreprise sont con\u00e7us pour capturer les pens\u00e9es, les id\u00e9es et les perspectives qui serviront d&#039;inspiration de demain, ainsi que les t\u00e2ches et les t\u00e2ches qui fa\u00e7onneront aujourd&#039;hui.<\/p><p>Que vous souhaitiez c\u00e9l\u00e9brer le lancement d&#039;un nouveau produit, offrir des cadeaux de f\u00eate pour des \u00e9v\u00e9nements et des formations ou offrir des cadeaux de fin d&#039;ann\u00e9e \u00e0 vos partenaires et clients, les produits personnalis\u00e9s et de marque sont un excellent moyen de renforcer l&#039;identit\u00e9 de votre marque.<\/p><p>R\u00e9duisez l&#039;empreinte carbone de votre entreprise et r\u00e9compensez vos \u00e9quipes, vous-m\u00eame et vos clients avec des produits en pierre de marque personnalis\u00e9s - fabriqu\u00e9s \u00e0 la main par Roxxlyn. Contactez-nous et nous vous ferons un devis, quelle que soit votre id\u00e9e.\u00a0<\/p>\t\t\t\t\t\t\t\t<\/div>\n\t\t\t\t<\/div>\n\t\t\t\t\t<\/div>\n\t\t<\/div>\n\t\t\t\t\t<\/div>\n\t\t<\/section>\n\t\t\t\t<\/div>","protected":false},"excerpt":{"rendered":"<p>N'importe quelle pierre. N'importe quelle couleur. N'importe quel logo. Le style que vous voulez. L'intention et l'action fa\u00e7onnent l'avenir. Ce qui compte aujourd'hui fa\u00e7onne demain. C'est aussi vrai pour l'individu que pour...<\/p>","protected":false},"author":2904,"featured_media":0,"parent":0,"menu_order":0,"comment_status":"closed","ping_status":"closed","template":"","meta":{"inline_featured_image":false,"footnotes":""},"class_list":["post-35","page","type-page","status-publish","hentry"],"_links":{"self":[{"href":"https:\/\/roxxlyn.com\/fr\/wp-json\/wp\/v2\/pages\/35","targetHints":{"allow":["GET"]}}],"collection":[{"href":"https:\/\/roxxlyn.com\/fr\/wp-json\/wp\/v2\/pages"}],"about":[{"href":"https:\/\/roxxlyn.com\/fr\/wp-json\/wp\/v2\/types\/page"}],"author":[{"embeddable":true,"href":"https:\/\/roxxlyn.com\/fr\/wp-json\/wp\/v2\/users\/2904"}],"replies":[{"embeddable":true,"href":"https:\/\/roxxlyn.com\/fr\/wp-json\/wp\/v2\/comments?post=35"}],"version-history":[{"count":0,"href":"https:\/\/roxxlyn.com\/fr\/wp-json\/wp\/v2\/pages\/35\/revisions"}],"wp:attachment":[{"href":"https:\/\/roxxlyn.com\/fr\/wp-json\/wp\/v2\/media?parent=35"}],"curies":[{"name":"wp","href":"https:\/\/api.w.org\/{rel}","templated":true}]}}