{"id":129,"date":"2020-08-13T16:25:06","date_gmt":"2020-08-13T16:25:06","guid":{"rendered":"https:\/\/roxxlyn.com\/?page_id=129"},"modified":"2024-11-14T17:45:38","modified_gmt":"2024-11-14T17:45:38","slug":"faq","status":"publish","type":"page","link":"https:\/\/roxxlyn.com\/fr\/faq\/","title":{"rendered":"FAQ"},"content":{"rendered":"<div data-elementor-type=\"wp-page\" data-elementor-id=\"129\" class=\"elementor elementor-129\" data-elementor-post-type=\"page\">\n\t\t\t\t\t\t<section class=\"elementor-section elementor-top-section elementor-element elementor-element-3564859 elementor-section-boxed elementor-section-height-default elementor-section-height-default\" data-id=\"3564859\" data-element_type=\"section\" data-e-type=\"section\">\n\t\t\t\t\t\t<div class=\"elementor-container elementor-column-gap-default\">\n\t\t\t\t\t<div class=\"elementor-column elementor-col-100 elementor-top-column elementor-element elementor-element-4998c23\" data-id=\"4998c23\" data-element_type=\"column\" data-e-type=\"column\">\n\t\t\t<div class=\"elementor-widget-wrap elementor-element-populated\">\n\t\t\t\t\t\t<div class=\"elementor-element elementor-element-07c9ff0 elementor-widget elementor-widget-text-editor\" data-id=\"07c9ff0\" data-element_type=\"widget\" data-e-type=\"widget\" data-widget_type=\"text-editor.default\">\n\t\t\t\t<div class=\"elementor-widget-container\">\n\t\t\t\t\t\t\t\t\t<p><strong>1. Les produits Roxxlyn sont-ils r\u00e9ellement fabriqu\u00e9s en pierre v\u00e9ritable ?<\/strong><br \/>Oui, Roxxlyn n'utilise que des pierres naturelles authentiques, telles que le marbre et l'ardoise. Chaque pierre est soigneusement s\u00e9lectionn\u00e9e pour garantir la plus haute qualit\u00e9 et pour mettre en valeur la structure et la beaut\u00e9 uniques que seule la pierre authentique peut offrir.<\/p><p><strong>2. O\u00f9 sont fabriqu\u00e9s les produits Roxxlyn ?<\/strong><br \/>Tous nos produits sont fabriqu\u00e9s en Allemagne. En produisant localement, nous maintenons les normes les plus \u00e9lev\u00e9es en mati\u00e8re de design, de qualit\u00e9 et de durabilit\u00e9. Chaque produit est m\u00e9ticuleusement et habilement fabriqu\u00e9 \u00e0 la main.<\/p><p><strong>3. Qu'est-ce qui rend l'ardoise si unique ?<\/strong><br \/>L'ardoise pr\u00e9sente une texture stratifi\u00e9e distinctive avec une surface subtilement rugueuse, ce qui lui conf\u00e8re un aspect moderne et organique. Avec le temps, l'ardoise prend une patine mate, ce qui renforce son charme naturel. Nos produits en ardoise sont l\u00e9gers, durables et offrent une sensation agr\u00e9able au toucher.<\/p><p><strong>4. Quelles sont les caract\u00e9ristiques du marbre et comment \u00e9volue-t-il au fil du temps ?<\/strong><br \/>Le marbre pr\u00e9sente une surface polie et brillante ainsi qu'un veinage caract\u00e9ristique. Avec le temps, sa surface peut perdre un peu de sa brillance en raison de l'usure. Toutefois, un simple polissage suffit \u00e0 lui redonner son \u00e9clat d'origine. Le marbre est id\u00e9al pour ceux qui appr\u00e9cient une esth\u00e9tique luxueuse et durable.<\/p><p><strong>5. Comment entretenir le marbre et l'ardoise ?<\/strong><\/p><p><strong>Marbre :<\/strong> Il suffit de nettoyer la surface du marbre avec un chiffon doux et humide. Si la surface devient terne, vous pouvez utiliser un produit d'entretien pour lui redonner de l'\u00e9clat. Nous proposons des produits d'entretien et des accessoires compatibles dans notre section \"Instructions\", ce qui facilite le polissage et l'entretien.<br \/><strong>Ardoise<\/strong>: Pour l'ardoise, utilisez un peu de nettoyant pour vitres et un chiffon doux pour essuyer d\u00e9licatement la surface. Ce simple entretien permet de pr\u00e9server la texture naturelle et, avec le temps, l'ardoise acquiert une belle patine.<\/p><p><strong>6. L'ardoise et le marbre sont-ils r\u00e9sistants aux rayures ?<\/strong><br \/>Les pierres naturelles comme l'ardoise et le marbre ne sont pas totalement r\u00e9sistantes aux rayures, il est donc conseill\u00e9 de les manipuler avec pr\u00e9caution. L'ardoise acquiert une patine naturelle avec le temps, ce qui permet de camoufler les petites marques. Le marbre peut \u00eatre poli si n\u00e9cessaire pour \u00e9liminer les rayures l\u00e9g\u00e8res et restaurer sa finition brillante.<\/p><p><strong>7. Quel est le toucher de l'ardoise et du marbre ?<\/strong><br \/>L'ardoise a une finition naturellement textur\u00e9e et mate, ce qui lui conf\u00e8re un aspect moderne et terreux, avec une prise en main confortable. Le marbre, en revanche, est lisse, froid et brillant - id\u00e9al pour ceux qui pr\u00e9f\u00e8rent une apparence \u00e9l\u00e9gante et polie. Les deux mat\u00e9riaux offrent une exp\u00e9rience tactile in\u00e9gal\u00e9e.<\/p><p><strong>8. La couleur de la pierre change-t-elle avec le temps ?<\/strong><br \/>Nos pierres naturelles conservent leur couleur et leur structure pendant de nombreuses ann\u00e9es. L'ardoise acquiert une belle patine mate, tandis que l'\u00e9clat du marbre peut \u00eatre maintenu par un polissage occasionnel. Ces deux mat\u00e9riaux sont r\u00e9sistants aux UV et ne se d\u00e9colorent pas, m\u00eame en cas d'exposition r\u00e9guli\u00e8re au soleil.<\/p><p><strong>9. L'ardoise est-elle adapt\u00e9e aux accessoires tels que les \u00e9tuis de t\u00e9l\u00e9phone ?<\/strong><br \/>Absolument ! Gr\u00e2ce \u00e0 des techniques de traitement innovantes, notre ardoise est \u00e0 la fois ultra-mince et r\u00e9sistante, ce qui la rend id\u00e9ale pour les accessoires d'usage quotidien tels que les \u00e9tuis de t\u00e9l\u00e9phone. La texture unique de la pierre est s\u00fbre et agr\u00e9able en main.<\/p><p><strong>10. D'o\u00f9 proviennent les pierres de Roxxlyn ?<\/strong><br \/>Nous nous procurons nos pierres naturelles dans des carri\u00e8res g\u00e9r\u00e9es durablement et donnons la priorit\u00e9 \u00e0 un approvisionnement en mat\u00e9riaux responsable. Chaque pi\u00e8ce fait l'objet d'un contr\u00f4le de qualit\u00e9 approfondi afin de r\u00e9pondre \u00e0 nos normes les plus strictes, ce qui permet \u00e0 la beaut\u00e9 naturelle de la pierre de briller.<\/p>\t\t\t\t\t\t\t\t<\/div>\n\t\t\t\t<\/div>\n\t\t\t\t\t<\/div>\n\t\t<\/div>\n\t\t\t\t\t<\/div>\n\t\t<\/section>\n\t\t\t\t<\/div>","protected":false},"excerpt":{"rendered":"<p>1. Les produits Roxxlyn sont-ils vraiment fabriqu\u00e9s en pierre v\u00e9ritable ? Oui, Roxxlyn n'utilise que des pierres naturelles authentiques, telles que le marbre et l'ardoise. Chaque pierre est soigneusement s\u00e9lectionn\u00e9e pour garantir la meilleure qualit\u00e9...<\/p>","protected":false},"author":2904,"featured_media":0,"parent":0,"menu_order":0,"comment_status":"closed","ping_status":"closed","template":"","meta":{"inline_featured_image":false,"footnotes":""},"class_list":["post-129","page","type-page","status-publish","hentry"],"_links":{"self":[{"href":"https:\/\/roxxlyn.com\/fr\/wp-json\/wp\/v2\/pages\/129","targetHints":{"allow":["GET"]}}],"collection":[{"href":"https:\/\/roxxlyn.com\/fr\/wp-json\/wp\/v2\/pages"}],"about":[{"href":"https:\/\/roxxlyn.com\/fr\/wp-json\/wp\/v2\/types\/page"}],"author":[{"embeddable":true,"href":"https:\/\/roxxlyn.com\/fr\/wp-json\/wp\/v2\/users\/2904"}],"replies":[{"embeddable":true,"href":"https:\/\/roxxlyn.com\/fr\/wp-json\/wp\/v2\/comments?post=129"}],"version-history":[{"count":0,"href":"https:\/\/roxxlyn.com\/fr\/wp-json\/wp\/v2\/pages\/129\/revisions"}],"wp:attachment":[{"href":"https:\/\/roxxlyn.com\/fr\/wp-json\/wp\/v2\/media?parent=129"}],"curies":[{"name":"wp","href":"https:\/\/api.w.org\/{rel}","templated":true}]}}