{"id":12302,"date":"2025-09-05T14:17:02","date_gmt":"2025-09-05T14:17:02","guid":{"rendered":"https:\/\/roxxlyn.com\/?page_id=12302"},"modified":"2025-10-15T11:24:51","modified_gmt":"2025-10-15T11:24:51","slug":"shipping-and-duties","status":"publish","type":"page","link":"https:\/\/roxxlyn.com\/fr\/shipping-and-duties\/","title":{"rendered":"Exp\u00e9dition gratuite dans le monde entier - Simple. Transparent. Roxxlyn."},"content":{"rendered":"<div data-elementor-type=\"wp-page\" data-elementor-id=\"12302\" class=\"elementor elementor-12302\" data-elementor-post-type=\"page\">\n\t\t\t\t\t\t<section class=\"elementor-section elementor-top-section elementor-element elementor-element-06a08f9 elementor-section-boxed elementor-section-height-default elementor-section-height-default\" data-id=\"06a08f9\" data-element_type=\"section\" data-e-type=\"section\">\n\t\t\t\t\t\t<div class=\"elementor-container elementor-column-gap-default\">\n\t\t\t\t\t<div class=\"elementor-column elementor-col-100 elementor-top-column elementor-element elementor-element-90e7b84\" data-id=\"90e7b84\" data-element_type=\"column\" data-e-type=\"column\">\n\t\t\t<div class=\"elementor-widget-wrap elementor-element-populated\">\n\t\t\t\t\t\t<div class=\"elementor-element elementor-element-3e1c834 elementor-widget elementor-widget-text-editor\" data-id=\"3e1c834\" data-element_type=\"widget\" data-e-type=\"widget\" data-widget_type=\"text-editor.default\">\n\t\t\t\t<div class=\"elementor-widget-container\">\n\t\t\t\t\t\t\t\t\t<p data-start=\"494\" data-end=\"580\">Chez Roxxlyn, nous croyons \u00e0 la simplicit\u00e9 et \u00e0 la transparence - pas de surprises, pas de co\u00fbts cach\u00e9s.<\/p><p data-start=\"582\" data-end=\"758\">Chaque pi\u00e8ce de Roxxlyn est fabriqu\u00e9e \u00e0 la main en Allemagne et exp\u00e9di\u00e9e \u00e0 l'\u00e9tranger. <strong data-start=\"640\" data-end=\"668\">gratuit dans le monde entier<\/strong>.<br data-start=\"669\" data-end=\"672\" \/>Tous les prix que vous voyez \u00e0 la caisse sont <strong data-start=\"707\" data-end=\"730\">d\u00e9finitif et inclusif<\/strong> - en fonction de votre r\u00e9gion :<\/p><ul data-start=\"760\" data-end=\"1272\"><li data-start=\"760\" data-end=\"877\"><p data-start=\"762\" data-end=\"877\"><strong data-start=\"762\" data-end=\"781\">L'Union europ\u00e9enne :<\/strong> Tous les prix incluent d\u00e9j\u00e0 la TVA applicable dans votre pays. Pas de taxes suppl\u00e9mentaires ni de frais d'importation.<\/p><\/li><li data-start=\"878\" data-end=\"1117\"><p data-start=\"880\" data-end=\"1117\"><strong data-start=\"880\" data-end=\"898\">\u00c9tats-Unis :<\/strong> Chaque commande est exp\u00e9di\u00e9e <strong data-start=\"917\" data-end=\"948\">Droits livr\u00e9s pay\u00e9s (DDP)<\/strong>. Cela signifie que tous les <strong data-start=\"965\" data-end=\"1019\">les droits d'importation, les frais de douane et les taxes de vente nationales<\/strong> sont enti\u00e8rement couverts par nous. Vous ne payez rien de plus \u00e0 la livraison - pas de paperasserie, pas de frais cach\u00e9s.<\/p><\/li><li data-start=\"1118\" data-end=\"1272\"><p data-start=\"1120\" data-end=\"1272\"><strong data-start=\"1120\" data-end=\"1142\">le reste du monde :<\/strong> Les frais de port sont gratuits, mais des droits de douane ou des taxes (le cas \u00e9ch\u00e9ant) peuvent \u00eatre per\u00e7us par les autorit\u00e9s locales lors de l'importation.<\/p><\/li><\/ul><p data-start=\"1274\" data-end=\"1392\">Notre objectif est de faire en sorte que chaque livraison Roxxlyn se fasse sans effort, de mani\u00e8re transparente et de premi\u00e8re qualit\u00e9 - tout aussi raffin\u00e9e que la pi\u00e8ce qu'elle contient.<\/p>\t\t\t\t\t\t\t\t<\/div>\n\t\t\t\t<\/div>\n\t\t\t\t\t<\/div>\n\t\t<\/div>\n\t\t\t\t\t<\/div>\n\t\t<\/section>\n\t\t\t\t<\/div>","protected":false},"excerpt":{"rendered":"<p>Chez Roxxlyn, nous croyons en la simplicit\u00e9 et la transparence - pas de surprises, pas de co\u00fbts cach\u00e9s. Chaque pi\u00e8ce Roxxlyn est fabriqu\u00e9e \u00e0 la main en Allemagne et exp\u00e9di\u00e9e gratuitement dans le monde entier.<\/p>","protected":false},"author":2904,"featured_media":0,"parent":0,"menu_order":0,"comment_status":"closed","ping_status":"closed","template":"","meta":{"inline_featured_image":false,"footnotes":""},"class_list":["post-12302","page","type-page","status-publish","hentry"],"_links":{"self":[{"href":"https:\/\/roxxlyn.com\/fr\/wp-json\/wp\/v2\/pages\/12302","targetHints":{"allow":["GET"]}}],"collection":[{"href":"https:\/\/roxxlyn.com\/fr\/wp-json\/wp\/v2\/pages"}],"about":[{"href":"https:\/\/roxxlyn.com\/fr\/wp-json\/wp\/v2\/types\/page"}],"author":[{"embeddable":true,"href":"https:\/\/roxxlyn.com\/fr\/wp-json\/wp\/v2\/users\/2904"}],"replies":[{"embeddable":true,"href":"https:\/\/roxxlyn.com\/fr\/wp-json\/wp\/v2\/comments?post=12302"}],"version-history":[{"count":0,"href":"https:\/\/roxxlyn.com\/fr\/wp-json\/wp\/v2\/pages\/12302\/revisions"}],"wp:attachment":[{"href":"https:\/\/roxxlyn.com\/fr\/wp-json\/wp\/v2\/media?parent=12302"}],"curies":[{"name":"wp","href":"https:\/\/api.w.org\/{rel}","templated":true}]}}