{"id":9601,"date":"2024-03-13T16:13:14","date_gmt":"2024-03-13T16:13:14","guid":{"rendered":"https:\/\/roxxlyn.com\/?post_type=product&#038;p=9601"},"modified":"2025-08-30T18:00:05","modified_gmt":"2025-08-30T18:00:05","slug":"marble-watch-nero-marquina-silver-metal","status":"publish","type":"product","link":"https:\/\/roxxlyn.com\/es\/shop\/marble-watch-nero-marquina-silver-metal\/","title":{"rendered":"Reloj M\u00e1rmol - Nero Marquina - Metal plateado"},"content":{"rendered":"","protected":false},"excerpt":{"rendered":"<p>Eleve el nivel de su mu\u00f1eca con el reloj Marble, donde el estilo \u00fanico se une a la durabilidad. Fabricado en Alemania, este destacado reloj cuenta con una aut\u00e9ntica esfera de m\u00e1rmol negro de la prestigiosa Nero Marquina, que hace que cada reloj sea \u00fanico. Su distintivo veteado garantiza que no haya dos piezas iguales.<\/p>\n<p>M\u00e1s all\u00e1 de su atractivo aspecto, el Marble Watch cuenta con una robusta caja de acero inoxidable y cristal de zafiro, que ofrecen una resistencia inigualable a los golpes y las condiciones m\u00e1s duras. Impulsado por un fiable movimiento 762 Swiss Ronda equipado con amortiguadores, est\u00e1 dise\u00f1ado para las aventuras de la vida.<\/p>\n<p>Elegante y ligero, con s\u00f3lo 90 gramos, un di\u00e1metro de 40 mm y un grosor de 8 mm, su dise\u00f1o minimalista se adapta a cualquier ocasi\u00f3n. Tanto para una noche de fiesta como para un d\u00eda en la oficina, es el accesorio perfecto.<\/p>\n<p>Elija The Stone Watch para disfrutar de una combinaci\u00f3n de estilo \u00fanico y durabilidad duradera. Convi\u00e9rtalo en su pieza estrella hoy mismo y eleve su estilo sin esfuerzo.<\/p>","protected":false},"featured_media":9602,"template":"","meta":{"inline_featured_image":false},"product_brand":[],"product_cat":[155,127],"product_tag":[],"class_list":{"0":"post-9601","1":"product","2":"type-product","3":"status-publish","4":"has-post-thumbnail","6":"product_cat-marble-watch","7":"product_cat-watch","9":"first","10":"instock","11":"taxable","12":"shipping-taxable","13":"purchasable","14":"product-type-simple"},"exclude_global_add_ons":[],"addons":[],"_links":{"self":[{"href":"https:\/\/roxxlyn.com\/es\/wp-json\/wp\/v2\/product\/9601","targetHints":{"allow":["GET"]}}],"collection":[{"href":"https:\/\/roxxlyn.com\/es\/wp-json\/wp\/v2\/product"}],"about":[{"href":"https:\/\/roxxlyn.com\/es\/wp-json\/wp\/v2\/types\/product"}],"version-history":[{"count":0,"href":"https:\/\/roxxlyn.com\/es\/wp-json\/wp\/v2\/product\/9601\/revisions"}],"wp:featuredmedia":[{"embeddable":true,"href":"https:\/\/roxxlyn.com\/es\/wp-json\/wp\/v2\/media\/9602"}],"wp:attachment":[{"href":"https:\/\/roxxlyn.com\/es\/wp-json\/wp\/v2\/media?parent=9601"}],"wp:term":[{"taxonomy":"product_brand","embeddable":true,"href":"https:\/\/roxxlyn.com\/es\/wp-json\/wp\/v2\/product_brand?post=9601"},{"taxonomy":"product_cat","embeddable":true,"href":"https:\/\/roxxlyn.com\/es\/wp-json\/wp\/v2\/product_cat?post=9601"},{"taxonomy":"product_tag","embeddable":true,"href":"https:\/\/roxxlyn.com\/es\/wp-json\/wp\/v2\/product_tag?post=9601"}],"curies":[{"name":"wp","href":"https:\/\/api.w.org\/{rel}","templated":true}]}}