{"id":8557,"date":"2024-01-14T10:25:22","date_gmt":"2024-01-14T10:25:22","guid":{"rendered":"https:\/\/roxxlyn.com\/?post_type=product&#038;p=8557"},"modified":"2025-09-14T13:32:22","modified_gmt":"2025-09-14T13:32:22","slug":"the-marble-fusion-stand-for-apple-vision-pro","status":"publish","type":"product","link":"https:\/\/roxxlyn.com\/es\/shop\/the-marble-fusion-stand-for-apple-vision-pro\/","title":{"rendered":"El soporte Marble Fusion para Apple Vision Pro"},"content":{"rendered":"<div data-elementor-type=\"product-post\" data-elementor-id=\"8557\" class=\"elementor elementor-8557\" data-elementor-post-type=\"product\">\n\t\t\t\t\t\t<section class=\"elementor-section elementor-top-section elementor-element elementor-element-0978755 elementor-section-boxed elementor-section-height-default elementor-section-height-default\" data-id=\"0978755\" data-element_type=\"section\" data-e-type=\"section\">\n\t\t\t\t\t\t<div class=\"elementor-container elementor-column-gap-default\">\n\t\t\t\t\t<div class=\"elementor-column elementor-col-100 elementor-top-column elementor-element elementor-element-912737f\" data-id=\"912737f\" data-element_type=\"column\" data-e-type=\"column\">\n\t\t\t<div class=\"elementor-widget-wrap elementor-element-populated\">\n\t\t\t\t\t\t<div class=\"elementor-element elementor-element-802a3af elementor-widget elementor-widget-video\" data-id=\"802a3af\" data-element_type=\"widget\" data-e-type=\"widget\" data-settings=\"{&quot;video_type&quot;:&quot;hosted&quot;,&quot;autoplay&quot;:&quot;yes&quot;,&quot;play_on_mobile&quot;:&quot;yes&quot;,&quot;mute&quot;:&quot;yes&quot;,&quot;loop&quot;:&quot;yes&quot;,&quot;controls&quot;:&quot;yes&quot;}\" data-widget_type=\"video.default\">\n\t\t\t\t<div class=\"elementor-widget-container\">\n\t\t\t\t\t\t\t<div class=\"e-hosted-video elementor-wrapper elementor-open-inline\">\n\t\t\t\t\t<video class=\"elementor-video\" src=\"https:\/\/roxxlyn.com\/wp-content\/uploads\/2024\/03\/The-Marble-Fusion-Stand-for-Apple-Vision-Pro-ROXXLYN.mp4\" autoplay=\"\" loop=\"\" controls=\"\" muted=\"muted\" playsinline=\"\" controlslist=\"nodownload\"><\/video>\n\t\t\t\t<\/div>\n\t\t\t\t\t\t<\/div>\n\t\t\t\t<\/div>\n\t\t\t\t<div class=\"elementor-element elementor-element-10094c7 elementor-widget elementor-widget-video\" data-id=\"10094c7\" data-element_type=\"widget\" data-e-type=\"widget\" data-settings=\"{&quot;video_type&quot;:&quot;hosted&quot;,&quot;autoplay&quot;:&quot;yes&quot;,&quot;play_on_mobile&quot;:&quot;yes&quot;,&quot;mute&quot;:&quot;yes&quot;,&quot;loop&quot;:&quot;yes&quot;,&quot;controls&quot;:&quot;yes&quot;}\" data-widget_type=\"video.default\">\n\t\t\t\t<div class=\"elementor-widget-container\">\n\t\t\t\t\t\t\t<div class=\"e-hosted-video elementor-wrapper elementor-open-inline\">\n\t\t\t\t\t<video class=\"elementor-video\" src=\"https:\/\/roxxlyn.com\/wp-content\/uploads\/2024\/03\/The-Black-Marble-Marble-Fusion-Stand-for-Apple-Vision-Pro-ROXXLYN.mp4\" autoplay=\"\" loop=\"\" controls=\"\" muted=\"muted\" playsinline=\"\" controlslist=\"nodownload\"><\/video>\n\t\t\t\t<\/div>\n\t\t\t\t\t\t<\/div>\n\t\t\t\t<\/div>\n\t\t\t\t\t<\/div>\n\t\t<\/div>\n\t\t\t\t\t<\/div>\n\t\t<\/section>\n\t\t\t\t<\/div>","protected":false},"excerpt":{"rendered":"<p>Presentaci\u00f3n de la <strong>ROXXLYN Soporte de fusi\u00f3n de m\u00e1rmol aut\u00e9ntico<\/strong>una obra maestra de ingenier\u00eda alemana dise\u00f1ada para el Apple Vision Pro. Este soporte combina a la perfecci\u00f3n la elegancia del m\u00e1rmol ultrafino con la tecnolog\u00eda de carga avanzada. Con una s\u00f3lida base de aluminio mecanizado mediante CNC y un elegante acabado cromado, el soporte irradia funcionalidad y sofisticaci\u00f3n.<\/p>\n<p>Dise\u00f1ado pensando en el Apple Vision Pro, el soporte ROXXLYN eleva tu dispositivo con el equilibrio perfecto entre lujo y utilidad moderna. Tanto si utilizas sus funciones de carga inal\u00e1mbrica como sus vers\u00e1tiles puertos USB, este soporte es m\u00e1s que un accesorio: es esencial para quienes aprecian el dise\u00f1o impecable y la eficiencia.<\/p>\n<p><strong>Caracter\u00edsticas clave:<\/strong><\/p>\n<ul>\n<li>Artesan\u00eda de precisi\u00f3n fabricada en Alemania<\/li>\n<li>M\u00e1rmol aut\u00e9ntico Nero Marquina<\/li>\n<li>2 puntos de carga inal\u00e1mbrica de alta velocidad con 2 imanes MagSafe de 2,0+0,5 para la colocaci\u00f3n autom\u00e1tica de iPhones y fundas MagSafe<\/li>\n<li>Aluminio mecanizado CNC de precisi\u00f3n con un elegante acabado cromado<\/li>\n<li>Perfectamente dise\u00f1ado para el Apple Vision Pro con soporte integrado para junta de luz, soporte para bater\u00eda y gesti\u00f3n de cables<\/li>\n<li>2 puertos USB-A y 2 adaptadores USB-C para la m\u00e1xima versatilidad<\/li>\n<\/ul>","protected":false},"featured_media":8917,"template":"","meta":{"inline_featured_image":false},"product_brand":[],"product_cat":[151],"product_tag":[148,150,149],"class_list":{"0":"post-8557","1":"product","2":"type-product","3":"status-publish","4":"has-post-thumbnail","6":"product_cat-apple-vision-pro-stand","7":"product_tag-apple-vision-pro-stand","8":"product_tag-real-marble-stand","9":"product_tag-the-marble-fusion-stand-for-apple-vision-pro","11":"first","12":"instock","13":"taxable","14":"shipping-taxable","15":"purchasable","16":"product-type-simple"},"exclude_global_add_ons":[],"addons":[],"_links":{"self":[{"href":"https:\/\/roxxlyn.com\/es\/wp-json\/wp\/v2\/product\/8557","targetHints":{"allow":["GET"]}}],"collection":[{"href":"https:\/\/roxxlyn.com\/es\/wp-json\/wp\/v2\/product"}],"about":[{"href":"https:\/\/roxxlyn.com\/es\/wp-json\/wp\/v2\/types\/product"}],"version-history":[{"count":0,"href":"https:\/\/roxxlyn.com\/es\/wp-json\/wp\/v2\/product\/8557\/revisions"}],"wp:featuredmedia":[{"embeddable":true,"href":"https:\/\/roxxlyn.com\/es\/wp-json\/wp\/v2\/media\/8917"}],"wp:attachment":[{"href":"https:\/\/roxxlyn.com\/es\/wp-json\/wp\/v2\/media?parent=8557"}],"wp:term":[{"taxonomy":"product_brand","embeddable":true,"href":"https:\/\/roxxlyn.com\/es\/wp-json\/wp\/v2\/product_brand?post=8557"},{"taxonomy":"product_cat","embeddable":true,"href":"https:\/\/roxxlyn.com\/es\/wp-json\/wp\/v2\/product_cat?post=8557"},{"taxonomy":"product_tag","embeddable":true,"href":"https:\/\/roxxlyn.com\/es\/wp-json\/wp\/v2\/product_tag?post=8557"}],"curies":[{"name":"wp","href":"https:\/\/api.w.org\/{rel}","templated":true}]}}