{"id":7552,"date":"2023-02-19T16:43:15","date_gmt":"2023-02-19T16:43:15","guid":{"rendered":"https:\/\/roxxlyn.com\/?post_type=product&#038;p=7552"},"modified":"2025-08-30T17:57:02","modified_gmt":"2025-08-30T17:57:02","slug":"marble-watch-nero-marquina-black-metal","status":"publish","type":"product","link":"https:\/\/roxxlyn.com\/es\/shop\/marble-watch-nero-marquina-black-metal\/","title":{"rendered":"Reloj M\u00e1rmol - Nero Marquina - Metal Negro"},"content":{"rendered":"","protected":false},"excerpt":{"rendered":"<p>Eleve su estilo con The Real Marble Watch - Nero Marquina, un reloj \u00fanico que celebra la individualidad. Fabricado a mano en Alemania, cuenta con una esfera de m\u00e1rmol ultrafina y ligera de la codiciada piedra Nero Marquina de Espa\u00f1a, lo que garantiza que no haya dos relojes iguales. Su veteado natural hace de cada pieza un tesoro \u00fanico.<\/p>\n<p>No es s\u00f3lo una declaraci\u00f3n de moda, el Stone Watch est\u00e1 construido para durar con una caja de acero inoxidable y cristal de zafiro para una resistencia superior a los golpes y a las condiciones extremas. Est\u00e1 impulsado por un preciso movimiento 762 Swiss Ronda con amortiguadores, listo para cualquier aventura.<\/p>\n<p>Con un elegante di\u00e1metro de 40 mm y un grosor de 8 mm, y un peso de s\u00f3lo 90 gramos, su dise\u00f1o minimalista es perfecto para cualquier ocasi\u00f3n, combinando a la perfecci\u00f3n desde una salida nocturna hasta un d\u00eda en la oficina.<\/p>\n<p>Invierta en un reloj tan \u00fanico como usted. El Stone Watch combina estilo, durabilidad y funcionalidad. Consiga el suyo hoy mismo y mejore su look al instante.<\/p>","protected":false},"featured_media":9593,"template":"","meta":{"inline_featured_image":false},"product_brand":[],"product_cat":[155,127],"product_tag":[],"class_list":{"0":"post-7552","1":"product","2":"type-product","3":"status-publish","4":"has-post-thumbnail","6":"product_cat-marble-watch","7":"product_cat-watch","9":"first","10":"instock","11":"taxable","12":"shipping-taxable","13":"purchasable","14":"product-type-simple"},"exclude_global_add_ons":[],"addons":[],"_links":{"self":[{"href":"https:\/\/roxxlyn.com\/es\/wp-json\/wp\/v2\/product\/7552","targetHints":{"allow":["GET"]}}],"collection":[{"href":"https:\/\/roxxlyn.com\/es\/wp-json\/wp\/v2\/product"}],"about":[{"href":"https:\/\/roxxlyn.com\/es\/wp-json\/wp\/v2\/types\/product"}],"version-history":[{"count":0,"href":"https:\/\/roxxlyn.com\/es\/wp-json\/wp\/v2\/product\/7552\/revisions"}],"wp:featuredmedia":[{"embeddable":true,"href":"https:\/\/roxxlyn.com\/es\/wp-json\/wp\/v2\/media\/9593"}],"wp:attachment":[{"href":"https:\/\/roxxlyn.com\/es\/wp-json\/wp\/v2\/media?parent=7552"}],"wp:term":[{"taxonomy":"product_brand","embeddable":true,"href":"https:\/\/roxxlyn.com\/es\/wp-json\/wp\/v2\/product_brand?post=7552"},{"taxonomy":"product_cat","embeddable":true,"href":"https:\/\/roxxlyn.com\/es\/wp-json\/wp\/v2\/product_cat?post=7552"},{"taxonomy":"product_tag","embeddable":true,"href":"https:\/\/roxxlyn.com\/es\/wp-json\/wp\/v2\/product_tag?post=7552"}],"curies":[{"name":"wp","href":"https:\/\/api.w.org\/{rel}","templated":true}]}}