{"id":66,"date":"2020-08-12T11:49:00","date_gmt":"2020-08-12T11:49:00","guid":{"rendered":"https:\/\/roxxlyn.com\/?post_type=product&#038;p=66"},"modified":"2026-03-04T16:12:55","modified_gmt":"2026-03-04T16:12:55","slug":"the-macbook-slate-skin-black-rock","status":"publish","type":"product","link":"https:\/\/roxxlyn.com\/es\/shop\/the-macbook-slate-skin-black-rock\/","title":{"rendered":"La piel MacBook Slate Black Rock"},"content":{"rendered":"<div data-elementor-type=\"wp-post\" data-elementor-id=\"66\" class=\"elementor elementor-66\" data-elementor-post-type=\"product\">\n\t\t\t\t\t\t<section class=\"elementor-section elementor-top-section elementor-element elementor-element-415b4ae elementor-section-boxed elementor-section-height-default elementor-section-height-default\" data-id=\"415b4ae\" data-element_type=\"section\" data-e-type=\"section\" data-settings=\"{&quot;background_background&quot;:&quot;classic&quot;}\">\n\t\t\t\t\t\t<div class=\"elementor-container elementor-column-gap-default\">\n\t\t\t\t\t<div class=\"elementor-column elementor-col-100 elementor-top-column elementor-element elementor-element-597b156\" data-id=\"597b156\" data-element_type=\"column\" data-e-type=\"column\">\n\t\t\t<div class=\"elementor-widget-wrap elementor-element-populated\">\n\t\t\t\t\t\t<div class=\"elementor-element elementor-element-7be3c16 elementor-widget elementor-widget-video\" data-id=\"7be3c16\" data-element_type=\"widget\" data-e-type=\"widget\" data-settings=\"{&quot;video_type&quot;:&quot;vimeo&quot;,&quot;autoplay&quot;:&quot;yes&quot;,&quot;play_on_mobile&quot;:&quot;yes&quot;,&quot;mute&quot;:&quot;yes&quot;,&quot;loop&quot;:&quot;yes&quot;}\" data-widget_type=\"video.default\">\n\t\t\t\t<div class=\"elementor-widget-container\">\n\t\t\t\t\t\t\t<div class=\"elementor-wrapper elementor-open-inline\">\n\t\t\t<iframe class=\"elementor-video-iframe\" allowfullscreen allow=\"autoplay\" title=\"Reproductor de v\u00eddeo vimeo\" src=\"https:\/\/player.vimeo.com\/video\/1017613452?autoplay=1&amp;playsinline=1&amp;color&amp;autopause=0&amp;loop=1&amp;muted=1&amp;title=1&amp;portrait=1&amp;byline=1#t=\"><\/iframe>\t\t<\/div>\n\t\t\t\t\t\t<\/div>\n\t\t\t\t<\/div>\n\t\t\t\t<section class=\"elementor-section elementor-inner-section elementor-element elementor-element-d71c1e6 elementor-section-boxed elementor-section-height-default elementor-section-height-default\" data-id=\"d71c1e6\" data-element_type=\"section\" data-e-type=\"section\">\n\t\t\t\t\t\t<div class=\"elementor-container elementor-column-gap-default\">\n\t\t\t\t\t<div class=\"elementor-column elementor-col-100 elementor-inner-column elementor-element elementor-element-500ee0d\" data-id=\"500ee0d\" data-element_type=\"column\" data-e-type=\"column\">\n\t\t\t<div class=\"elementor-widget-wrap elementor-element-populated\">\n\t\t\t\t\t\t<div class=\"elementor-element elementor-element-9e0e074 elementor-widget elementor-widget-text-editor\" data-id=\"9e0e074\" data-element_type=\"widget\" data-e-type=\"widget\" data-widget_type=\"text-editor.default\">\n\t\t\t\t<div class=\"elementor-widget-container\">\n\t\t\t\t\t\t\t\t\t<p>Eleva tu MacBook con el <strong>Pizarra Piel Roca Negra<\/strong>Una obra maestra de piedra aut\u00e9ntica hecha a mano y dise\u00f1ada para adaptarse a tu dispositivo como una segunda piel. Cada funda tiene un tono negro-gris natural y una textura de piedra \u00fanica, lo que hace que tu MacBook sea realmente \u00fanico. Ligera como una pluma y delgada como 0,03 pulgadas (1 mm), esta funda ultrafina conserva las l\u00edneas elegantes de su dispositivo al tiempo que proporciona una protecci\u00f3n duradera contra ara\u00f1azos y suciedad.<\/p><p>Gracias a nuestra cinta adhesiva de doble cara especialmente desarrollada, fabricada en Alemania, podr\u00e1s colocar y retirar la funda sin esfuerzo y sin dejar ning\u00fan residuo pegajoso. Con s\u00f3lo 35 gramos, apenas notar\u00e1s la diferencia, pero tu MacBook destacar\u00e1 en todos los sentidos. Esto es m\u00e1s que protecci\u00f3n: es una mejora art\u00edstica que aporta belleza natural y una artesan\u00eda inigualable a tu dispositivo.<\/p><p><span style=\"text-decoration: underline;\"><strong>\u00bfPor qu\u00e9 elegir Slate Skin Black Rock?<\/strong><\/span><\/p><ul><li><strong>Piedra real, impacto real<\/strong>: Fabricada a mano con aut\u00e9ntica piedra de pizarra, cada piel presenta un grano y una textura naturales tan \u00fanicos como t\u00fa.<\/li><li><strong>Ligero como una pluma y ultrafino<\/strong>: Con solo 35 gramos de peso y 1 mm de grosor, la piel ofrece protecci\u00f3n sin abultar.<\/li><li><strong>F\u00e1cil aplicaci\u00f3n, sin residuos<\/strong>: Con una cinta adhesiva de doble cara hecha en Alemania, es f\u00e1cil de poner y quitar sin dejar ning\u00fan rastro pegajoso.<\/li><li><strong>Hecho a mano en Berl\u00edn<\/strong>: Cada piel se fabrica con cuidado y precisi\u00f3n en Berl\u00edn, lo que garantiza una artesan\u00eda de alta calidad.<\/li><\/ul><p>Esta funda de pizarra no es s\u00f3lo una cubierta, es una declaraci\u00f3n de estilo, individualidad y elegancia. Protege tu MacBook y convi\u00e9rtelo en el centro de todas las miradas. <em>Atenci\u00f3n: \u00a1no soy un caso!<\/em><\/p>\t\t\t\t\t\t\t\t<\/div>\n\t\t\t\t<\/div>\n\t\t\t\t<div class=\"elementor-element elementor-element-9a45c83 elementor-widget elementor-widget-text-editor\" data-id=\"9a45c83\" data-element_type=\"widget\" data-e-type=\"widget\" data-widget_type=\"text-editor.default\">\n\t\t\t\t<div class=\"elementor-widget-container\">\n\t\t\t\t\t\t\t\t\t<p><blockquote class=\"wp-embedded-content\" data-secret=\"YXrDvgatY1\"><a href=\"https:\/\/roxxlyn.com\/es\/instructions\/\">Instrucciones<\/a><\/blockquote><iframe class=\"wp-embedded-content\" sandbox=\"allow-scripts\" security=\"restricted\" style=\"position: absolute; visibility: hidden;\" title=\"&quot;Instrucciones&quot; - ROXXLYN\" src=\"https:\/\/roxxlyn.com\/instructions\/embed\/#?secret=qe5rNxBNvu#?secret=YXrDvgatY1\" data-secret=\"YXrDvgatY1\" width=\"600\" height=\"338\" frameborder=\"0\" marginwidth=\"0\" marginheight=\"0\" scrolling=\"no\"><\/iframe><\/p>\t\t\t\t\t\t\t\t<\/div>\n\t\t\t\t<\/div>\n\t\t\t\t\t<\/div>\n\t\t<\/div>\n\t\t\t\t\t<\/div>\n\t\t<\/section>\n\t\t\t\t<div class=\"elementor-element elementor-element-396757a elementor-widget elementor-widget-video\" data-id=\"396757a\" data-element_type=\"widget\" data-e-type=\"widget\" data-settings=\"{&quot;video_type&quot;:&quot;vimeo&quot;}\" data-widget_type=\"video.default\">\n\t\t\t\t<div class=\"elementor-widget-container\">\n\t\t\t\t\t\t\t<div class=\"elementor-wrapper elementor-open-inline\">\n\t\t\t<iframe class=\"elementor-video-iframe\" allowfullscreen allow=\"clipboard-write\" title=\"Reproductor de v\u00eddeo vimeo\" src=\"https:\/\/player.vimeo.com\/video\/135730659?color&amp;autopause=0&amp;loop=0&amp;muted=0&amp;title=1&amp;portrait=1&amp;byline=1#t=\"><\/iframe>\t\t<\/div>\n\t\t\t\t\t\t<\/div>\n\t\t\t\t<\/div>\n\t\t\t\t<div class=\"elementor-element elementor-element-61b67c9 elementor-widget elementor-widget-video\" data-id=\"61b67c9\" data-element_type=\"widget\" data-e-type=\"widget\" data-settings=\"{&quot;video_type&quot;:&quot;vimeo&quot;}\" data-widget_type=\"video.default\">\n\t\t\t\t<div class=\"elementor-widget-container\">\n\t\t\t\t\t\t\t<div class=\"elementor-wrapper elementor-open-inline\">\n\t\t\t<iframe class=\"elementor-video-iframe\" allowfullscreen allow=\"clipboard-write\" title=\"Reproductor de v\u00eddeo vimeo\" src=\"https:\/\/player.vimeo.com\/video\/290503829?color&amp;autopause=0&amp;loop=0&amp;muted=0&amp;title=1&amp;portrait=1&amp;byline=1#t=\"><\/iframe>\t\t<\/div>\n\t\t\t\t\t\t<\/div>\n\t\t\t\t<\/div>\n\t\t\t\t\t<\/div>\n\t\t<\/div>\n\t\t\t\t\t<\/div>\n\t\t<\/section>\n\t\t\t\t<\/div>","protected":false},"excerpt":{"rendered":"<p>Transforma tu MacBook con el <strong>Pizarra Piel Roca Negra<\/strong>-una piel artesanal, ultrafina (1 mm) y ligera (35 g) hecha de aut\u00e9ntica piedra. Con su exclusiva textura de piedra negra-gris y su adhesivo de ingenier\u00eda alemana, ofrece una f\u00e1cil aplicaci\u00f3n, protecci\u00f3n y estilo sin dejar residuos. <em>No es un caso, es pura artesan\u00eda.<\/em><\/p>","protected":false},"featured_media":10382,"template":"","meta":{"inline_featured_image":false},"product_brand":[],"product_cat":[48],"product_tag":[],"class_list":{"0":"post-66","1":"product","2":"type-product","3":"status-publish","4":"has-post-thumbnail","6":"product_cat-macbook","8":"first","9":"instock","10":"featured","11":"taxable","12":"shipping-taxable","13":"purchasable","14":"product-type-variable","15":"has-default-attributes"},"exclude_global_add_ons":false,"addons":[{"name":"Sastrer\u00eda personalizada","type":"checkbox","position":0,"required":false,"title_format":"heading","default":"","description_enable":false,"description":"","placeholder_enable":false,"placeholder":"","display":"radiobutton","restrictions_type":"any_text","adjust_price":false,"price":"","price_type":"flat_fee","restrictions":false,"min":"0","max":"0","options":[{"label":"Bottom Skin - you like to get a more 360 look and have an additional Slate Skin for the bottom of your device","price":"22","price_type":"flat_fee","image":1296,"visibility":true},{"label":"No Apple Logo","price":"","price_type":"flat_fee","image":0,"visibility":true},{"label":"Heavy Texture - You want thicker pieces of stone with extra tactile feedback, this is the one for you.","price":"20","price_type":"flat_fee","image":0,"visibility":true},{"label":"Stone surface as dark as possible","price":"","price_type":"flat_fee","image":0,"visibility":true},{"label":"Apple Logo Guard Film - Highly transparent glossy polyurethane film with outstanding UV-resistance, excellent tear strength, and self-healing surface. That means light scratches on the surface (e.g. originating from squeegees, cleaning brushes) can be removed easily by applying heat (e.g. solar radiation, heat gun)","price":"5","price_type":"flat_fee","image":0,"visibility":true},{"label":"100% Easy Removal Layer, we developed an additional layer for an even more convenient removal anytime you decide to remove your slate skin in the future. Zero adhesive residues","price":"5","price_type":"flat_fee","image":0,"visibility":true}],"id":1687279607}],"_links":{"self":[{"href":"https:\/\/roxxlyn.com\/es\/wp-json\/wp\/v2\/product\/66","targetHints":{"allow":["GET"]}}],"collection":[{"href":"https:\/\/roxxlyn.com\/es\/wp-json\/wp\/v2\/product"}],"about":[{"href":"https:\/\/roxxlyn.com\/es\/wp-json\/wp\/v2\/types\/product"}],"version-history":[{"count":1,"href":"https:\/\/roxxlyn.com\/es\/wp-json\/wp\/v2\/product\/66\/revisions"}],"predecessor-version":[{"id":14894,"href":"https:\/\/roxxlyn.com\/es\/wp-json\/wp\/v2\/product\/66\/revisions\/14894"}],"wp:featuredmedia":[{"embeddable":true,"href":"https:\/\/roxxlyn.com\/es\/wp-json\/wp\/v2\/media\/10382"}],"wp:attachment":[{"href":"https:\/\/roxxlyn.com\/es\/wp-json\/wp\/v2\/media?parent=66"}],"wp:term":[{"taxonomy":"product_brand","embeddable":true,"href":"https:\/\/roxxlyn.com\/es\/wp-json\/wp\/v2\/product_brand?post=66"},{"taxonomy":"product_cat","embeddable":true,"href":"https:\/\/roxxlyn.com\/es\/wp-json\/wp\/v2\/product_cat?post=66"},{"taxonomy":"product_tag","embeddable":true,"href":"https:\/\/roxxlyn.com\/es\/wp-json\/wp\/v2\/product_tag?post=66"}],"curies":[{"name":"wp","href":"https:\/\/api.w.org\/{rel}","templated":true}]}}