{"id":3541,"date":"2021-05-21T13:02:50","date_gmt":"2021-05-21T13:02:50","guid":{"rendered":"https:\/\/roxxlyn.com\/?post_type=product&#038;p=3541"},"modified":"2025-09-24T07:08:30","modified_gmt":"2025-09-24T07:08:30","slug":"the-iphone-slate-case-black-rock","status":"publish","type":"product","link":"https:\/\/roxxlyn.com\/es\/shop\/the-iphone-slate-case-black-rock\/","title":{"rendered":"Funda iPhone Slate Black Rock"},"content":{"rendered":"<div data-elementor-type=\"wp-post\" data-elementor-id=\"3541\" class=\"elementor elementor-3541\" data-elementor-post-type=\"product\">\n\t\t\t\t\t\t<section class=\"elementor-section elementor-top-section elementor-element elementor-element-85c5581 elementor-section-boxed elementor-section-height-default elementor-section-height-default\" data-id=\"85c5581\" data-element_type=\"section\" data-e-type=\"section\">\n\t\t\t\t\t\t<div class=\"elementor-container elementor-column-gap-default\">\n\t\t\t\t\t<div class=\"elementor-column elementor-col-100 elementor-top-column elementor-element elementor-element-28fc111\" data-id=\"28fc111\" data-element_type=\"column\" data-e-type=\"column\">\n\t\t\t<div class=\"elementor-widget-wrap\">\n\t\t\t\t\t\t\t<\/div>\n\t\t<\/div>\n\t\t\t\t\t<\/div>\n\t\t<\/section>\n\t\t\t\t<section class=\"elementor-section elementor-top-section elementor-element elementor-element-f0f24e1 elementor-section-boxed elementor-section-height-default elementor-section-height-default\" data-id=\"f0f24e1\" data-element_type=\"section\" data-e-type=\"section\" data-settings=\"{&quot;background_background&quot;:&quot;classic&quot;}\">\n\t\t\t\t\t\t<div class=\"elementor-container elementor-column-gap-default\">\n\t\t\t\t\t<div class=\"elementor-column elementor-col-100 elementor-top-column elementor-element elementor-element-611b1ee\" data-id=\"611b1ee\" data-element_type=\"column\" data-e-type=\"column\">\n\t\t\t<div class=\"elementor-widget-wrap elementor-element-populated\">\n\t\t\t\t\t\t<div class=\"elementor-element elementor-element-3b15875 elementor-widget elementor-widget-video\" data-id=\"3b15875\" data-element_type=\"widget\" data-e-type=\"widget\" data-settings=\"{&quot;video_type&quot;:&quot;hosted&quot;,&quot;controls&quot;:&quot;yes&quot;}\" data-widget_type=\"video.default\">\n\t\t\t\t<div class=\"elementor-widget-container\">\n\t\t\t\t\t\t\t<div class=\"e-hosted-video elementor-wrapper elementor-open-inline\">\n\t\t\t\t\t<video class=\"elementor-video\" src=\"https:\/\/roxxlyn.com\/wp-content\/uploads\/2020\/11\/iPhone-Skin-inkl-Zubehor.66.mp4\" controls=\"\" preload=\"metadata\" controlslist=\"nodownload\"><\/video>\n\t\t\t\t<\/div>\n\t\t\t\t\t\t<\/div>\n\t\t\t\t<\/div>\n\t\t\t\t<section class=\"elementor-section elementor-inner-section elementor-element elementor-element-64c9f28 elementor-section-boxed elementor-section-height-default elementor-section-height-default\" data-id=\"64c9f28\" data-element_type=\"section\" data-e-type=\"section\">\n\t\t\t\t\t\t<div class=\"elementor-container elementor-column-gap-default\">\n\t\t\t\t\t<div class=\"elementor-column elementor-col-100 elementor-inner-column elementor-element elementor-element-53f4098\" data-id=\"53f4098\" data-element_type=\"column\" data-e-type=\"column\">\n\t\t\t<div class=\"elementor-widget-wrap elementor-element-populated\">\n\t\t\t\t\t\t<div class=\"elementor-element elementor-element-063f3cb elementor-widget elementor-widget-text-editor\" data-id=\"063f3cb\" data-element_type=\"widget\" data-e-type=\"widget\" data-widget_type=\"text-editor.default\">\n\t\t\t\t<div class=\"elementor-widget-container\">\n\t\t\t\t\t\t\t\t\t<p>La funda de pizarra aut\u00e9ntica Black Rock Case es cl\u00e1sica y discreta. Est\u00e1 fabricada a mano en Berl\u00edn con pizarra aut\u00e9ntica y forrada con la m\u00e1s fina Alc\u00e1ntara, lo que proporciona a su iPhone una protecci\u00f3n \u00f3ptima durante sus viajes diarios. Combinada con un marco de alta calidad, esta obra maestra pesa s\u00f3lo 35 gramos. Su rica textura gris-negra tiene una superficie sensacional debido a la estructura variable de la piedra, que es viva y excepcional, lo que hace que cada producto individual sea realmente \u00fanico.<\/p>\t\t\t\t\t\t\t\t<\/div>\n\t\t\t\t<\/div>\n\t\t\t\t<div class=\"elementor-element elementor-element-f4a6dab elementor-widget elementor-widget-text-editor\" data-id=\"f4a6dab\" data-element_type=\"widget\" data-e-type=\"widget\" data-widget_type=\"text-editor.default\">\n\t\t\t\t<div class=\"elementor-widget-container\">\n\t\t\t\t\t\t\t\t\t<p>La carga inal\u00e1mbrica, al igual que las dem\u00e1s frecuencias, es totalmente compatible con el sistema, sin ning\u00fan tipo de compromiso.<\/p>\t\t\t\t\t\t\t\t<\/div>\n\t\t\t\t<\/div>\n\t\t\t\t<div class=\"elementor-element elementor-element-8c52388 elementor-widget elementor-widget-text-editor\" data-id=\"8c52388\" data-element_type=\"widget\" data-e-type=\"widget\" data-widget_type=\"text-editor.default\">\n\t\t\t\t<div class=\"elementor-widget-container\">\n\t\t\t\t\t\t\t\t\t<p>La funda en s\u00ed est\u00e1 hecha de poliuretano termopl\u00e1stico y policarbonato y est\u00e1 disponible en diferentes acabados y colores. El peso total del producto es de s\u00f3lo 35 hasta 45 gramos dependiendo del tama\u00f1o de la funda. Como todos nuestros productos, este estuche es una pieza \u00fanica, que se diferencia por su estructura de roca y su colorido, cada uno es una pieza \u00fanica de la naturaleza. \u00a0<\/p>\t\t\t\t\t\t\t\t<\/div>\n\t\t\t\t<\/div>\n\t\t\t\t\t<\/div>\n\t\t<\/div>\n\t\t\t\t\t<\/div>\n\t\t<\/section>\n\t\t\t\t<div class=\"elementor-element elementor-element-956b714 elementor-widget elementor-widget-video\" data-id=\"956b714\" data-element_type=\"widget\" data-e-type=\"widget\" data-settings=\"{&quot;video_type&quot;:&quot;vimeo&quot;}\" data-widget_type=\"video.default\">\n\t\t\t\t<div class=\"elementor-widget-container\">\n\t\t\t\t\t\t\t<div class=\"elementor-wrapper elementor-open-inline\">\n\t\t\t<iframe class=\"elementor-video-iframe\" allowfullscreen allow=\"clipboard-write\" title=\"vimeo \u0645\u0634\u063a\u0644 \u0641\u064a\u062f\u064a\u0648\" src=\"https:\/\/player.vimeo.com\/video\/290503829?color&amp;autopause=0&amp;loop=0&amp;muted=0&amp;title=1&amp;portrait=1&amp;byline=1#t=\" data-no-translation-title=\"\"><\/iframe>\t\t<\/div>\n\t\t\t\t\t\t<\/div>\n\t\t\t\t<\/div>\n\t\t\t\t\t<\/div>\n\t\t<\/div>\n\t\t\t\t\t<\/div>\n\t\t<\/section>\n\t\t\t\t<\/div>","protected":false},"excerpt":{"rendered":"<p data-start=\"380\" data-end=\"738\">Descubra la protecci\u00f3n definitiva para el nuevo <strong data-start=\"425\" data-end=\"491\">iPhone 17, iPhone 17 Pro, iPhone 17 Pro Max e iPhone 17 Air<\/strong> con nuestro <strong data-start=\"501\" data-end=\"535\">Funda Premium de Pizarra Real para iPhone<\/strong> - una obra maestra de piedra natural e ingenier\u00eda moderna. Cada caja est\u00e1 hecha a mano con aut\u00e9ntica pizarra procedente de hist\u00f3ricas canteras alemanas, lo que hace que cada pieza sea \u00fanica en textura y atemporal en dise\u00f1o. Construido con <strong data-start=\"751\" data-end=\"794\">TPU de alto rendimiento de Bayer Alemania<\/strong>La funda ofrece una s\u00f3lida protecci\u00f3n contra ca\u00eddas, ara\u00f1azos y el desgaste diario, al tiempo que mantiene un perfil delgado y elegante. En el interior, la funda est\u00e1 forrada con suave Alcantara para un tacto lujoso, un mejor agarre y una mayor protecci\u00f3n. Con <strong data-start=\"1034\" data-end=\"1079\">bordes elevados alrededor de la pantalla y la c\u00e1mara<\/strong>Con esta funda de piedra para iPhone, su dispositivo de la serie 17 estar\u00e1 protegido sin renunciar al estilo. Ya sea en el uso diario o en movimiento, esta funda de piedra para iPhone combina <strong data-start=\"1222\" data-end=\"1263\">naturaleza, artesan\u00eda y tecnolog\u00eda<\/strong> para mantener tu dispositivo seguro, elegante y protegido. Orgullosamente <strong data-start=\"1319\" data-end=\"1338\">Fabricado en Alemania<\/strong>.<\/p>","protected":false},"featured_media":12895,"template":"","meta":{"inline_featured_image":false},"product_brand":[],"product_cat":[66],"product_tag":[90,89,91],"class_list":{"0":"post-3541","1":"product","2":"type-product","3":"status-publish","4":"has-post-thumbnail","6":"product_cat-iphone-cases","7":"product_tag-iphone-real-slate-case","8":"product_tag-slate-case","9":"product_tag-slate-case-by-roxxlyn","11":"first","12":"instock","13":"featured","14":"taxable","15":"shipping-taxable","16":"purchasable","17":"product-type-variable","18":"has-default-attributes"},"exclude_global_add_ons":false,"addons":[{"name":"Sastrer\u00eda personalizada","type":"checkbox","position":0,"required":false,"title_format":"label","default":"","description_enable":false,"description":"","placeholder_enable":false,"placeholder":"","display":"select","restrictions_type":"any_text","adjust_price":false,"price":"","price_type":"flat_fee","restrictions":false,"min":"0","max":"0","options":[{"label":"Upgrade your case with a super-strong N52 grade 1.55 mm MagSafe magnet for seamless attachment and faster, more stable wireless charging","price":"10","price_type":"flat_fee","image":0,"visibility":true},{"label":"Achieve the darkest (possible) hue on your stone surface for a sleek, sophisticated look.","price":"","price_type":"flat_fee","image":0,"visibility":true},{"label":"Embrace the raw beauty of nature with a heavy stone texture, adding a bold, tactile feel to your case.","price":"15","price_type":"flat_fee","image":0,"visibility":true},{"label":"Opt for a finer, smoother stone texture for a sleek touch and elegant appearance.","price":"","price_type":"flat_fee","image":0,"visibility":true},{"label":"Feature the iconic Apple logo with a precise cut-out on the stone surface, revealing the case's sleek, black satin-matte underside for a striking contrast and personalized touch.","price":"10","price_type":"flat_fee","image":0,"visibility":true},{"label":"Upgrade with a matching slate skin for the lens, cut from the same slate for perfect uniformity and enhanced protection.","price":"10","price_type":"flat_fee","image":0,"visibility":true},{"label":"Premium Liquid Care with dust-repellent, antistatic protection and a lasting matte effect. Specially designed to preserve and protect your case.","price":"5","price_type":"flat_fee","image":0,"visibility":true},{"label":"Premium Stone Cleaner & Care with antibacterial protection. Gently cleans and preserves the natural beauty of real slate for lasting elegance","price":"5","price_type":"flat_fee","image":0,"visibility":true}],"id":1709884294}],"_links":{"self":[{"href":"https:\/\/roxxlyn.com\/es\/wp-json\/wp\/v2\/product\/3541","targetHints":{"allow":["GET"]}}],"collection":[{"href":"https:\/\/roxxlyn.com\/es\/wp-json\/wp\/v2\/product"}],"about":[{"href":"https:\/\/roxxlyn.com\/es\/wp-json\/wp\/v2\/types\/product"}],"version-history":[{"count":0,"href":"https:\/\/roxxlyn.com\/es\/wp-json\/wp\/v2\/product\/3541\/revisions"}],"wp:featuredmedia":[{"embeddable":true,"href":"https:\/\/roxxlyn.com\/es\/wp-json\/wp\/v2\/media\/12895"}],"wp:attachment":[{"href":"https:\/\/roxxlyn.com\/es\/wp-json\/wp\/v2\/media?parent=3541"}],"wp:term":[{"taxonomy":"product_brand","embeddable":true,"href":"https:\/\/roxxlyn.com\/es\/wp-json\/wp\/v2\/product_brand?post=3541"},{"taxonomy":"product_cat","embeddable":true,"href":"https:\/\/roxxlyn.com\/es\/wp-json\/wp\/v2\/product_cat?post=3541"},{"taxonomy":"product_tag","embeddable":true,"href":"https:\/\/roxxlyn.com\/es\/wp-json\/wp\/v2\/product_tag?post=3541"}],"curies":[{"name":"wp","href":"https:\/\/api.w.org\/{rel}","templated":true}]}}