{"id":1721,"date":"2020-11-12T15:39:53","date_gmt":"2020-11-12T15:39:53","guid":{"rendered":"https:\/\/roxxlyn.com\/?post_type=product&#038;p=1721"},"modified":"2025-09-23T13:26:22","modified_gmt":"2025-09-23T13:26:22","slug":"the-iphone-marble-case-rosso-levanto","status":"publish","type":"product","link":"https:\/\/roxxlyn.com\/es\/shop\/the-iphone-marble-case-rosso-levanto\/","title":{"rendered":"La funda de m\u00e1rmol para iPhone Rosso Levanto"},"content":{"rendered":"<div data-elementor-type=\"wp-post\" data-elementor-id=\"1721\" class=\"elementor elementor-1721\" data-elementor-post-type=\"product\">\n\t\t\t\t\t\t<section class=\"elementor-section elementor-top-section elementor-element elementor-element-174fe74 elementor-section-boxed elementor-section-height-default elementor-section-height-default\" data-id=\"174fe74\" data-element_type=\"section\" data-e-type=\"section\" data-settings=\"{&quot;background_background&quot;:&quot;classic&quot;}\">\n\t\t\t\t\t\t<div class=\"elementor-container elementor-column-gap-default\">\n\t\t\t\t\t<div class=\"elementor-column elementor-col-100 elementor-top-column elementor-element elementor-element-9557f36\" data-id=\"9557f36\" data-element_type=\"column\" data-e-type=\"column\">\n\t\t\t<div class=\"elementor-widget-wrap elementor-element-populated\">\n\t\t\t\t\t\t<div class=\"elementor-element elementor-element-4e541a3 elementor-widget elementor-widget-text-editor\" data-id=\"4e541a3\" data-element_type=\"widget\" data-e-type=\"widget\" data-widget_type=\"text-editor.default\">\n\t\t\t\t<div class=\"elementor-widget-container\">\n\t\t\t\t\t\t\t\t\t<p>Descubra una elegancia incomparable con nuestra funda para iPhone Rosso Levanto Marble, donde el lujo del m\u00e1rmol italiano se combina con la artesan\u00eda alemana.<\/p><p>Procedente de la pintoresca regi\u00f3n de Bonassola en Liguria, Italia, el m\u00e1rmol Rosso Levanto es c\u00e9lebre por sus vibrantes tonos rojos y sus intrincadas vetas, lo que convierte cada caso en una obra maestra de belleza natural. Hecho a mano con meticulosa atenci\u00f3n al detalle en Alemania, este estuche es un testimonio del arte de la precisi\u00f3n y el estilo.<\/p><p><strong>Caracter\u00edsticas clave:<\/strong><br \/>Aut\u00e9ntico m\u00e1rmol Rosso Levanto de Bonassola: Con m\u00e1rmol genuino Rosso Levanto, cada caja muestra la belleza y durabilidad \u00fanicas de la piedra procedente de Bonassola, Liguria.<br \/>Hecho a mano por expertos en Alemania: nuestros estuches est\u00e1n hechos a mano en Alemania, lo que incorpora la esencia de la ingenier\u00eda de precisi\u00f3n y una calidad excepcional, lo que garantiza un ajuste y un acabado perfectos.<\/p><p><strong>Carcasa de TPU y forro de Alcantara: <\/strong><\/p><p>El estuche est\u00e1 dise\u00f1ado con una carcasa protectora de TPU que absorbe los golpes y un lujoso forro de Alc\u00e1ntara que evita rayones, ofreciendo una protecci\u00f3n superior sin comprometer la elegancia.<\/p><p><strong>Elegancia ligera como una pluma con solo 35 g<\/strong><\/p><p>Dise\u00f1ado para ser tan liviano como lujoso, el estuche agrega solo 35 gramos a su dispositivo, manteniendo el perfil elegante del iPhone y al mismo tiempo brinda una protecci\u00f3n s\u00f3lida y un toque de sofisticaci\u00f3n.<\/p><p><strong>Una fusi\u00f3n de elegancia italiana e ingenier\u00eda alemana<\/strong><\/p><p>Este estuche representa una combinaci\u00f3n \u00fanica de elegancia italiana e ingenier\u00eda alemana, ofreciendo un accesorio tan exquisito como protector. Procedente de las famosas canteras de Bonassola en Liguria y elaborado a mano a la perfecci\u00f3n en Alemania, convierte tu iPhone en una obra de arte y artesan\u00eda.<\/p><p><strong>Ideal para aficionados a los materiales finos y la artesan\u00eda.<\/strong><\/p><p>Nuestra funda para iPhone Rosso Levanto Marble es perfecta para quienes valoran la rareza y la belleza de la piedra natural, combinada con la incomparable artesan\u00eda de los productos hechos a mano. Disfrute del lujo del m\u00e1rmol italiano y la precisi\u00f3n de la artesan\u00eda alemana, todo mientras mantiene su iPhone protegido con estilo.<\/p>\t\t\t\t\t\t\t\t<\/div>\n\t\t\t\t<\/div>\n\t\t\t\t<section class=\"elementor-section elementor-inner-section elementor-element elementor-element-68d8ebf elementor-section-boxed elementor-section-height-default elementor-section-height-default\" data-id=\"68d8ebf\" data-element_type=\"section\" data-e-type=\"section\">\n\t\t\t\t\t\t<div class=\"elementor-container elementor-column-gap-default\">\n\t\t\t\t\t<div class=\"elementor-column elementor-col-50 elementor-inner-column elementor-element elementor-element-b3f3d66\" data-id=\"b3f3d66\" data-element_type=\"column\" data-e-type=\"column\">\n\t\t\t<div class=\"elementor-widget-wrap elementor-element-populated\">\n\t\t\t\t\t\t<div class=\"elementor-element elementor-element-48163bc elementor-widget elementor-widget-text-editor\" data-id=\"48163bc\" data-element_type=\"widget\" data-e-type=\"widget\" data-widget_type=\"text-editor.default\">\n\t\t\t\t<div class=\"elementor-widget-container\">\n\t\t\t\t\t\t\t\t\tEl m\u00e1rmol: Rosso Levanto \t\t\t\t\t\t\t\t<\/div>\n\t\t\t\t<\/div>\n\t\t\t\t<div class=\"elementor-element elementor-element-8b2598f elementor-widget elementor-widget-text-editor\" data-id=\"8b2598f\" data-element_type=\"widget\" data-e-type=\"widget\" data-widget_type=\"text-editor.default\">\n\t\t\t\t<div class=\"elementor-widget-container\">\n\t\t\t\t\t\t\t\t\tEl Rosso Levanto pertenece a una piedra natural de importancia hist\u00f3rica. Su origen se sit\u00faa hace unos 160 millones de a\u00f1os en el Jura. El Rosso Levanto ya se utilizaba en edificios clericales y profanos de todo el Mediterr\u00e1neo en la Edad Media. En estos edificios se dise\u00f1aban con ella columnas, chimeneas, revestimientos de paredes, balaustradas y escalones. La piedra tambi\u00e9n goz\u00f3 de popularidad en la artesan\u00eda y la escultura, y se utiliz\u00f3 como jarr\u00f3n, cuenco y otros utensilios de dise\u00f1o.  \t\t\t\t\t\t\t\t<\/div>\n\t\t\t\t<\/div>\n\t\t\t\t\t<\/div>\n\t\t<\/div>\n\t\t\t\t<div class=\"elementor-column elementor-col-50 elementor-inner-column elementor-element elementor-element-546300b\" data-id=\"546300b\" data-element_type=\"column\" data-e-type=\"column\">\n\t\t\t<div class=\"elementor-widget-wrap elementor-element-populated\">\n\t\t\t\t\t\t<div class=\"elementor-element elementor-element-4e14ac2 elementor-widget elementor-widget-text-editor\" data-id=\"4e14ac2\" data-element_type=\"widget\" data-e-type=\"widget\" data-widget_type=\"text-editor.default\">\n\t\t\t\t<div class=\"elementor-widget-container\">\n\t\t\t\t\t\t\t\t\tEl Rosso Levanto es un m\u00e1rmol extra\u00eddo en Bonassola, en Liguria, Italia. La cantera se encuentra a unos 10 km de La Spezia y lleva el nombre de Levanto, el \u00faltimo de los cinco pueblos de las Cinque Terre, que est\u00e1 justo al lado de Bonassola. El Rosso Levanto est\u00e1 estructurado en su masa de fondo rojiza y gris-verdosa por numerosas vetas de calcita blanca y blanco-gris. El color del Rosso Levanto var\u00eda del p\u00farpura al rojo sangre y del verdoso al gris-verde. Pertenece a una de las raras serpentinitas rojas, que por lo dem\u00e1s son de color verde. La coloraci\u00f3n roja se debe a que el hierro contenido en la roca original se ha oxidado en hematites.\t\t\t\t\t\t\t\t<\/div>\n\t\t\t\t<\/div>\n\t\t\t\t\t<\/div>\n\t\t<\/div>\n\t\t\t\t\t<\/div>\n\t\t<\/section>\n\t\t\t\t<div class=\"elementor-element elementor-element-548d757 elementor-widget elementor-widget-video\" data-id=\"548d757\" data-element_type=\"widget\" data-e-type=\"widget\" data-settings=\"{&quot;video_type&quot;:&quot;vimeo&quot;}\" data-widget_type=\"video.default\">\n\t\t\t\t<div class=\"elementor-widget-container\">\n\t\t\t\t\t\t\t<div class=\"elementor-wrapper elementor-open-inline\">\n\t\t\t<iframe class=\"elementor-video-iframe\" allowfullscreen allow=\"clipboard-write\" title=\"vimeo videoafspiller\" src=\"https:\/\/player.vimeo.com\/video\/290503829?color&amp;autopause=0&amp;loop=0&amp;muted=0&amp;title=1&amp;portrait=1&amp;byline=1#t=\" data-no-translation-title=\"\"><\/iframe>\t\t<\/div>\n\t\t\t\t\t\t<\/div>\n\t\t\t\t<\/div>\n\t\t\t\t\t<\/div>\n\t\t<\/div>\n\t\t\t\t\t<\/div>\n\t\t<\/section>\n\t\t\t\t<\/div>","protected":false},"excerpt":{"rendered":"<p data-start=\"440\" data-end=\"791\">Descubra el ep\u00edtome de la elegancia con el <strong data-start=\"482\" data-end=\"518\">Funda de m\u00e1rmol Rosso Levanto para iPhone<\/strong>donde la rica herencia del m\u00e1rmol de Liguria se une a la precisi\u00f3n de la ingenier\u00eda alemana. Procedente de las pintorescas costas de <strong data-start=\"645\" data-end=\"675\">Bonassola, Liguria (Italia)<\/strong>Este aut\u00e9ntico m\u00e1rmol presenta vibrantes tonos rojos y un espectacular veteado natural que hace que cada funda sea \u00fanica. Fabricada a mano en Alemania con una meticulosa atenci\u00f3n al detalle, la funda Rosso Levanto para iPhone ofrece una mezcla perfecta de m\u00e1rmol y m\u00e1rmol. <strong data-start=\"910\" data-end=\"935\">lujo y protecci\u00f3n<\/strong>. Con un peso de s\u00f3lo 35 gramos, mantiene el perfil delgado de tu iPhone al tiempo que a\u00f1ade una atrevida declaraci\u00f3n de estilo. Dise\u00f1ado para el <strong data-start=\"1061\" data-end=\"1127\">iPhone 17, iPhone 17 Pro, iPhone 17 Pro Max e iPhone 17 Air<\/strong>Este estuche de m\u00e1rmol aut\u00e9ntico es m\u00e1s que un accesorio: es un <strong data-start=\"1186\" data-end=\"1205\">statement piece<\/strong> que a\u00fana la elegancia italiana con la artesan\u00eda alemana para proteger su dispositivo con aut\u00e9ntico lujo.<\/p>","protected":false},"featured_media":13051,"template":"","meta":{"inline_featured_image":false},"product_brand":[],"product_cat":[66],"product_tag":[],"class_list":{"0":"post-1721","1":"product","2":"type-product","3":"status-publish","4":"has-post-thumbnail","6":"product_cat-iphone-cases","8":"first","9":"instock","10":"featured","11":"taxable","12":"shipping-taxable","13":"purchasable","14":"product-type-variable","15":"has-default-attributes"},"exclude_global_add_ons":true,"addons":[{"name":"Sastrer\u00eda personalizada","type":"checkbox","position":0,"required":false,"title_format":"label","default":"","description_enable":false,"description":"","placeholder_enable":false,"placeholder":"","display":"select","restrictions_type":"any_text","adjust_price":false,"price":"","price_type":"flat_fee","restrictions":false,"min":"0","max":"0","options":[{"label":"Upgrade your case with a super-strong N52 grade 1.55 mm MagSafe magnet for seamless attachment and faster, more stable wireless charging","price":"10","price_type":"flat_fee","image":0,"visibility":true},{"label":"Select a design maximizing white veins for the most opulent appearance possible.","price":"","price_type":"flat_fee","image":0,"visibility":true},{"label":"Choose a design that reduces white veins for a sleek and refined appearance.","price":"","price_type":"flat_fee","image":0,"visibility":true},{"label":"Reveal the iconic Apple logo with a precise cut-out on the stone surface, unveiling a sleek black satin-matte underside for a striking contrast and personal touch.","price":"15","price_type":"flat_fee","image":0,"visibility":true},{"label":"Reveal the iconic Apple logo with a precise cut-out in the stone surface, unveiling a 24K gold satin-matte underside for a striking contrast and a truly luxurious personal touch.","price":"50","price_type":"flat_fee","image":0,"visibility":true},{"label":"Enhance your device with a white engraved Apple logo, crafted over two days for elegance and sophistication.","price":"20","price_type":"flat_fee","image":0,"visibility":true},{"label":"Premium Liquid Care with dust-repellent, antistatic protection and a lasting matte effect. Specially designed to preserve and protect your case.","price":"5","price_type":"flat_fee","image":0,"visibility":true},{"label":"A premium marble liquid polish that enhances and protects the natural beauty of your marble surfaces, providing a lasting, brilliant shine.","price":"5","price_type":"flat_fee","image":0,"visibility":true},{"label":"Microfiber Polishing Cloth: A soft, high-quality microfiber cloth designed for polishing marble surfaces. It delivers a streak-free, brilliant shine without scratching, perfect for maintaining your marble's natural beauty.","price":"5","price_type":"flat_fee","image":0,"visibility":false}],"id":1757683872}],"_links":{"self":[{"href":"https:\/\/roxxlyn.com\/es\/wp-json\/wp\/v2\/product\/1721","targetHints":{"allow":["GET"]}}],"collection":[{"href":"https:\/\/roxxlyn.com\/es\/wp-json\/wp\/v2\/product"}],"about":[{"href":"https:\/\/roxxlyn.com\/es\/wp-json\/wp\/v2\/types\/product"}],"version-history":[{"count":0,"href":"https:\/\/roxxlyn.com\/es\/wp-json\/wp\/v2\/product\/1721\/revisions"}],"wp:featuredmedia":[{"embeddable":true,"href":"https:\/\/roxxlyn.com\/es\/wp-json\/wp\/v2\/media\/13051"}],"wp:attachment":[{"href":"https:\/\/roxxlyn.com\/es\/wp-json\/wp\/v2\/media?parent=1721"}],"wp:term":[{"taxonomy":"product_brand","embeddable":true,"href":"https:\/\/roxxlyn.com\/es\/wp-json\/wp\/v2\/product_brand?post=1721"},{"taxonomy":"product_cat","embeddable":true,"href":"https:\/\/roxxlyn.com\/es\/wp-json\/wp\/v2\/product_cat?post=1721"},{"taxonomy":"product_tag","embeddable":true,"href":"https:\/\/roxxlyn.com\/es\/wp-json\/wp\/v2\/product_tag?post=1721"}],"curies":[{"name":"wp","href":"https:\/\/api.w.org\/{rel}","templated":true}]}}