{"id":1711,"date":"2020-11-12T15:14:37","date_gmt":"2020-11-12T15:14:37","guid":{"rendered":"https:\/\/roxxlyn.com\/?post_type=product&#038;p=1711"},"modified":"2025-09-23T13:29:31","modified_gmt":"2025-09-23T13:29:31","slug":"the-iphone-marble-case-arabescato-orobico-grigio","status":"publish","type":"product","link":"https:\/\/roxxlyn.com\/es\/shop\/the-iphone-marble-case-arabescato-orobico-grigio\/","title":{"rendered":"Funda de m\u00e1rmol para iPhone Arabescato Orobico Grigio"},"content":{"rendered":"<div data-elementor-type=\"wp-post\" data-elementor-id=\"1711\" class=\"elementor elementor-1711\" data-elementor-post-type=\"product\">\n\t\t\t\t\t\t<section class=\"elementor-section elementor-top-section elementor-element elementor-element-7ebeb51 elementor-section-boxed elementor-section-height-default elementor-section-height-default\" data-id=\"7ebeb51\" data-element_type=\"section\" data-e-type=\"section\" data-settings=\"{&quot;background_background&quot;:&quot;classic&quot;}\">\n\t\t\t\t\t\t<div class=\"elementor-container elementor-column-gap-default\">\n\t\t\t\t\t<div class=\"elementor-column elementor-col-100 elementor-top-column elementor-element elementor-element-7e7ea85\" data-id=\"7e7ea85\" data-element_type=\"column\" data-e-type=\"column\">\n\t\t\t<div class=\"elementor-widget-wrap elementor-element-populated\">\n\t\t\t\t\t\t<div class=\"elementor-element elementor-element-0322000 elementor-widget elementor-widget-video\" data-id=\"0322000\" data-element_type=\"widget\" data-e-type=\"widget\" data-settings=\"{&quot;video_type&quot;:&quot;hosted&quot;,&quot;autoplay&quot;:&quot;yes&quot;,&quot;play_on_mobile&quot;:&quot;yes&quot;,&quot;loop&quot;:&quot;yes&quot;}\" data-widget_type=\"video.default\">\n\t\t\t\t<div class=\"elementor-widget-container\">\n\t\t\t\t\t\t\t<div class=\"e-hosted-video elementor-wrapper elementor-open-inline\">\n\t\t\t\t\t<video class=\"elementor-video\" src=\"https:\/\/roxxlyn.com\/wp-content\/uploads\/2020\/12\/iPhone_12_Pro_Max_Marble_Case_Roxxlyn_Arabescato_Grigio.mov\" autoplay=\"\" loop=\"\" playsinline=\"\" controlslist=\"nodownload\"><\/video>\n\t\t\t\t<\/div>\n\t\t\t\t\t\t<\/div>\n\t\t\t\t<\/div>\n\t\t\t\t<section class=\"elementor-section elementor-inner-section elementor-element elementor-element-e08b472 elementor-section-boxed elementor-section-height-default elementor-section-height-default\" data-id=\"e08b472\" data-element_type=\"section\" data-e-type=\"section\">\n\t\t\t\t\t\t<div class=\"elementor-container elementor-column-gap-default\">\n\t\t\t\t\t<div class=\"elementor-column elementor-col-50 elementor-inner-column elementor-element elementor-element-d8c3fec\" data-id=\"d8c3fec\" data-element_type=\"column\" data-e-type=\"column\">\n\t\t\t<div class=\"elementor-widget-wrap elementor-element-populated\">\n\t\t\t\t\t\t<div class=\"elementor-element elementor-element-1ff2ca4 elementor-widget elementor-widget-text-editor\" data-id=\"1ff2ca4\" data-element_type=\"widget\" data-e-type=\"widget\" data-widget_type=\"text-editor.default\">\n\t\t\t\t<div class=\"elementor-widget-container\">\n\t\t\t\t\t\t\t\t\tUn m\u00e1rmol de clase extra. Se extrae en la cantera de Cornalita, en el pueblo de Camerato Cornell, Italia. Uno de los materiales m\u00e1s antiguos de la humanidad y uno de los m\u00e1s nobles al mismo tiempo, es un espl\u00e9ndido m\u00e1rmol italiano.  Combinado con una caja ultraligera, es una obra maestra \u00fanica de s\u00f3lo 35 gramos. Con su superficie pulida, despliega una atm\u00f3sfera exclusiva e irradia lujo.\t\t\t\t\t\t\t\t<\/div>\n\t\t\t\t<\/div>\n\t\t\t\t<div class=\"elementor-element elementor-element-ed50165 elementor-widget elementor-widget-text-editor\" data-id=\"ed50165\" data-element_type=\"widget\" data-e-type=\"widget\" data-widget_type=\"text-editor.default\">\n\t\t\t\t<div class=\"elementor-widget-container\">\n\t\t\t\t\t\t\t\t\t<p>La carga inal\u00e1mbrica, al igual que las dem\u00e1s frecuencias, es totalmente compatible con el sistema, sin ning\u00fan tipo de compromiso.<\/p>\t\t\t\t\t\t\t\t<\/div>\n\t\t\t\t<\/div>\n\t\t\t\t<div class=\"elementor-element elementor-element-ae1d268 elementor-widget elementor-widget-text-editor\" data-id=\"ae1d268\" data-element_type=\"widget\" data-e-type=\"widget\" data-widget_type=\"text-editor.default\">\n\t\t\t\t<div class=\"elementor-widget-container\">\n\t\t\t\t\t\t\t\t\t<p>La funda en s\u00ed est\u00e1 hecha de poliuretano termopl\u00e1stico y policarbonato y est\u00e1 disponible en diferentes acabados y colores. El peso total del producto es de s\u00f3lo 35 hasta 45 gramos dependiendo del tama\u00f1o de la funda. Como todos nuestros productos, este estuche es una pieza \u00fanica, que se diferencia por su estructura de roca y su colorido, cada uno es una pieza \u00fanica de la naturaleza. \u00a0<\/p>\t\t\t\t\t\t\t\t<\/div>\n\t\t\t\t<\/div>\n\t\t\t\t\t<\/div>\n\t\t<\/div>\n\t\t\t\t<div class=\"elementor-column elementor-col-50 elementor-inner-column elementor-element elementor-element-87769ac\" data-id=\"87769ac\" data-element_type=\"column\" data-e-type=\"column\">\n\t\t\t<div class=\"elementor-widget-wrap elementor-element-populated\">\n\t\t\t\t\t\t<div class=\"elementor-element elementor-element-a7c682a elementor-widget elementor-widget-text-editor\" data-id=\"a7c682a\" data-element_type=\"widget\" data-e-type=\"widget\" data-widget_type=\"text-editor.default\">\n\t\t\t\t<div class=\"elementor-widget-container\">\n\t\t\t\t\t\t\t\t\tLos imanes Magsafe est\u00e1n disponibles y se integran perfectamente para ser totalmente compatibles con los cargadores inal\u00e1mbricos originales de Apple y los cargadores Roxxlyn como opci\u00f3n adicional.\u00a0\t\t\t\t\t\t\t\t<\/div>\n\t\t\t\t<\/div>\n\t\t\t\t<div class=\"elementor-element elementor-element-8a72333 elementor-widget elementor-widget-text-editor\" data-id=\"8a72333\" data-element_type=\"widget\" data-e-type=\"widget\" data-widget_type=\"text-editor.default\">\n\t\t\t\t<div class=\"elementor-widget-container\">\n\t\t\t\t\t\t\t\t\t<p>Gracias a nuestro desarrollo especial, el interior de la funda est\u00e1 equipado con una fina piel de ante\/vegetal y ofrece una tecnolog\u00eda de pol\u00edmero \u00fanica que absorbe los golpes y permite la carga inal\u00e1mbrica a la perfecci\u00f3n sin ning\u00fan tipo de compromiso.\u00a0<\/p>\t\t\t\t\t\t\t\t<\/div>\n\t\t\t\t<\/div>\n\t\t\t\t<div class=\"elementor-element elementor-element-91e517f elementor-widget elementor-widget-video\" data-id=\"91e517f\" data-element_type=\"widget\" data-e-type=\"widget\" data-settings=\"{&quot;video_type&quot;:&quot;hosted&quot;,&quot;controls&quot;:&quot;yes&quot;}\" data-widget_type=\"video.default\">\n\t\t\t\t<div class=\"elementor-widget-container\">\n\t\t\t\t\t\t\t<div class=\"e-hosted-video elementor-wrapper elementor-open-inline\">\n\t\t\t\t\t<video class=\"elementor-video\" src=\"https:\/\/roxxlyn.com\/wp-content\/uploads\/2020\/11\/iPhone-Skin-inkl-Zubehor.61.mp4\" controls=\"\" preload=\"metadata\" controlslist=\"nodownload\"><\/video>\n\t\t\t\t<\/div>\n\t\t\t\t\t\t<\/div>\n\t\t\t\t<\/div>\n\t\t\t\t\t<\/div>\n\t\t<\/div>\n\t\t\t\t\t<\/div>\n\t\t<\/section>\n\t\t\t\t<section class=\"elementor-section elementor-inner-section elementor-element elementor-element-e18afba elementor-section-boxed elementor-section-height-default elementor-section-height-default\" data-id=\"e18afba\" data-element_type=\"section\" data-e-type=\"section\">\n\t\t\t\t\t\t<div class=\"elementor-container elementor-column-gap-default\">\n\t\t\t\t\t<div class=\"elementor-column elementor-col-50 elementor-inner-column elementor-element elementor-element-4cf3622\" data-id=\"4cf3622\" data-element_type=\"column\" data-e-type=\"column\">\n\t\t\t<div class=\"elementor-widget-wrap elementor-element-populated\">\n\t\t\t\t\t\t<div class=\"elementor-element elementor-element-1aebfff elementor-widget elementor-widget-text-editor\" data-id=\"1aebfff\" data-element_type=\"widget\" data-e-type=\"widget\" data-widget_type=\"text-editor.default\">\n\t\t\t\t<div class=\"elementor-widget-container\">\n\t\t\t\t\t\t\t\t\tPresentaci\u00f3n del m\u00e1rmol: Arabescato Grigio\t\t\t\t\t\t\t\t<\/div>\n\t\t\t\t<\/div>\n\t\t\t\t<div class=\"elementor-element elementor-element-7e2c260 elementor-widget elementor-widget-text-editor\" data-id=\"7e2c260\" data-element_type=\"widget\" data-e-type=\"widget\" data-widget_type=\"text-editor.default\">\n\t\t\t\t<div class=\"elementor-widget-container\">\n\t\t\t\t\t\t\t\t\tUn m\u00e1rmol de clase extra. Se extrae en la cantera de Cornalita, en el pueblo de Camerato Cornell, Italia. Uno de los materiales m\u00e1s antiguos de la humanidad y uno de los m\u00e1s nobles al mismo tiempo, es un espl\u00e9ndido m\u00e1rmol italiano. Arabescato parece una aut\u00e9ntica pintura abstracta nacida bajo las manos de un maestro. Su paleta de colores mezcla armoniosamente tonos de gris oscuro y claro con vetas blancas y doradas, esta particular variaci\u00f3n de color lo hace \u00fanico y glorioso. \t\t\t\t\t\t\t\t<\/div>\n\t\t\t\t<\/div>\n\t\t\t\t\t<\/div>\n\t\t<\/div>\n\t\t\t\t<div class=\"elementor-column elementor-col-50 elementor-inner-column elementor-element elementor-element-c8b26b1\" data-id=\"c8b26b1\" data-element_type=\"column\" data-e-type=\"column\">\n\t\t\t<div class=\"elementor-widget-wrap elementor-element-populated\">\n\t\t\t\t\t\t<div class=\"elementor-element elementor-element-1c38061 elementor-widget elementor-widget-text-editor\" data-id=\"1c38061\" data-element_type=\"widget\" data-e-type=\"widget\" data-widget_type=\"text-editor.default\">\n\t\t\t\t<div class=\"elementor-widget-container\">\n\t\t\t\t\t\t\t\t\tNoble y de elegancia superior, el M\u00e1rmol Arabescato se caracteriza por su larga historia. Debido a sus robustas propiedades, la piedra ya se utilizaba como sustituto del Picapiedra en la Edad de Piedra. Ya en la Edad Media, este m\u00e1rmol se utilizaba para la fabricaci\u00f3n de herramientas. En la historia arquitect\u00f3nica o hist\u00f3rico-art\u00edstica de Egipto los ata\u00fades y otras obras de arte fueron tallados en m\u00e1rmol y los Colosos de Memnon en el templo de Amenofis III, as\u00ed como los ata\u00fades de Tutankam\u00f3n y Hatshepsut a\u00fan hoy dan testimonio de ello\t\t\t\t\t\t\t\t<\/div>\n\t\t\t\t<\/div>\n\t\t\t\t\t<\/div>\n\t\t<\/div>\n\t\t\t\t\t<\/div>\n\t\t<\/section>\n\t\t\t\t<div class=\"elementor-element elementor-element-ca3d1f4 elementor-widget elementor-widget-video\" data-id=\"ca3d1f4\" data-element_type=\"widget\" data-e-type=\"widget\" data-settings=\"{&quot;video_type&quot;:&quot;vimeo&quot;}\" data-widget_type=\"video.default\">\n\t\t\t\t<div class=\"elementor-widget-container\">\n\t\t\t\t\t\t\t<div class=\"elementor-wrapper elementor-open-inline\">\n\t\t\t<iframe class=\"elementor-video-iframe\" allowfullscreen allow=\"clipboard-write\" title=\"vimeo Video Oynat\u0131c\u0131\" src=\"https:\/\/player.vimeo.com\/video\/290503829?color&amp;autopause=0&amp;loop=0&amp;muted=0&amp;title=1&amp;portrait=1&amp;byline=1#t=\"><\/iframe>\t\t<\/div>\n\t\t\t\t\t\t<\/div>\n\t\t\t\t<\/div>\n\t\t\t\t\t<\/div>\n\t\t<\/div>\n\t\t\t\t\t<\/div>\n\t\t<\/section>\n\t\t\t\t<\/div>","protected":false},"excerpt":{"rendered":"<p data-start=\"417\" data-end=\"842\"><strong data-start=\"417\" data-end=\"527\">Presentamos la funda Roxxlyn Arabescato Grigio Marble para iPhone 17, iPhone 17 Pro y iPhone 17 Pro Max.<\/strong><br data-start=\"527\" data-end=\"530\" \/>Fabricado a mano en Berl\u00edn con aut\u00e9ntico m\u00e1rmol italiano Arabescato Grigio, este estuche es una aut\u00e9ntica declaraci\u00f3n de gusto refinado y excelencia artesanal. Conocido por su lujosa interacci\u00f3n de suaves tonos grises y vetas doradas, cada pieza de m\u00e1rmol es naturalmente \u00fanica, lo que convierte cada funda Roxxlyn en una obra maestra \u00fanica.<\/p>\n<p data-start=\"844\" data-end=\"1094\">La funda Arabescato Grigio, ultrafina pero resistente, combina la atemporal piedra italiana con la ingenier\u00eda de precisi\u00f3n alemana. El resultado es una funda ligera, protectora y sofisticada que realza tu iPhone conservando su estilizada silueta.<\/p>\n<p data-start=\"1096\" data-end=\"1303\">Es m\u00e1s que un accesorio: es una fusi\u00f3n de lujo natural y artesan\u00eda meticulosa, dise\u00f1ada para quienes exigen elegancia, individualidad y calidad sin concesiones en sus art\u00edculos de uso diario.<\/p>","protected":false},"featured_media":13052,"template":"","meta":{"inline_featured_image":false},"product_brand":[],"product_cat":[66],"product_tag":[],"class_list":{"0":"post-1711","1":"product","2":"type-product","3":"status-publish","4":"has-post-thumbnail","6":"product_cat-iphone-cases","8":"first","9":"instock","10":"featured","11":"taxable","12":"shipping-taxable","13":"purchasable","14":"product-type-variable","15":"has-default-attributes"},"exclude_global_add_ons":false,"addons":[{"name":"Sastrer\u00eda personalizada","type":"checkbox","position":0,"required":false,"title_format":"label","default":"","description_enable":false,"description":"","placeholder_enable":false,"placeholder":"","display":"select","restrictions_type":"any_text","adjust_price":false,"price":"","price_type":"flat_fee","restrictions":false,"min":"0","max":"0","options":[{"label":"Upgrade your case with a super-strong N52 grade 1.55 mm MagSafe magnet for seamless attachment and faster, more stable wireless charging","price":"10","price_type":"flat_fee","image":0,"visibility":true},{"label":"Opt for a design with deeper grey tones and minimal white veining for a sleek, uniform, and understated marble appearance.","price":"","price_type":"flat_fee","image":0,"visibility":true},{"label":"Reveal the iconic Apple logo with a precise cut-out on the stone surface, unveiling a sleek black satin-matte underside for a striking contrast and personal touch.","price":"15","price_type":"flat_fee","image":0,"visibility":false},{"label":"Enhance your device with a white engraved Apple logo, crafted over two days for elegance and sophistication.","price":"20","price_type":"flat_fee","image":0,"visibility":true},{"label":"Premium Liquid Care with dust-repellent, antistatic protection and a lasting matte effect. Specially designed to preserve and protect your case.","price":"5","price_type":"flat_fee","image":0,"visibility":true},{"label":"A premium marble liquid polish that enhances and protects the natural beauty of your marble surfaces, providing a lasting, brilliant shine.","price":"5","price_type":"flat_fee","image":0,"visibility":true},{"label":"Microfiber Polishing Cloth: A soft, high-quality microfiber cloth designed for polishing marble surfaces. It delivers a streak-free, brilliant shine without scratching, perfect for maintaining your marble's natural beauty.","price":"5","price_type":"flat_fee","image":0,"visibility":true}],"id":1758631671}],"_links":{"self":[{"href":"https:\/\/roxxlyn.com\/es\/wp-json\/wp\/v2\/product\/1711","targetHints":{"allow":["GET"]}}],"collection":[{"href":"https:\/\/roxxlyn.com\/es\/wp-json\/wp\/v2\/product"}],"about":[{"href":"https:\/\/roxxlyn.com\/es\/wp-json\/wp\/v2\/types\/product"}],"version-history":[{"count":0,"href":"https:\/\/roxxlyn.com\/es\/wp-json\/wp\/v2\/product\/1711\/revisions"}],"wp:featuredmedia":[{"embeddable":true,"href":"https:\/\/roxxlyn.com\/es\/wp-json\/wp\/v2\/media\/13052"}],"wp:attachment":[{"href":"https:\/\/roxxlyn.com\/es\/wp-json\/wp\/v2\/media?parent=1711"}],"wp:term":[{"taxonomy":"product_brand","embeddable":true,"href":"https:\/\/roxxlyn.com\/es\/wp-json\/wp\/v2\/product_brand?post=1711"},{"taxonomy":"product_cat","embeddable":true,"href":"https:\/\/roxxlyn.com\/es\/wp-json\/wp\/v2\/product_cat?post=1711"},{"taxonomy":"product_tag","embeddable":true,"href":"https:\/\/roxxlyn.com\/es\/wp-json\/wp\/v2\/product_tag?post=1711"}],"curies":[{"name":"wp","href":"https:\/\/api.w.org\/{rel}","templated":true}]}}