{"id":11135,"date":"2024-11-28T11:49:35","date_gmt":"2024-11-28T11:49:35","guid":{"rendered":"https:\/\/roxxlyn.com\/?post_type=product&#038;p=11135"},"modified":"2025-09-23T13:47:32","modified_gmt":"2025-09-23T13:47:32","slug":"slate-fusion-stand-black-rock-for-macbook-and-ipad","status":"publish","type":"product","link":"https:\/\/roxxlyn.com\/es\/shop\/slate-fusion-stand-black-rock-for-macbook-and-ipad\/","title":{"rendered":"Slate Fusion Stand Black Rock para MacBook, iPad y m\u00e1s"},"content":{"rendered":"<div data-elementor-type=\"product-post\" data-elementor-id=\"11135\" class=\"elementor elementor-11135\" data-elementor-post-type=\"product\">\n\t\t\t\t\t\t<section class=\"elementor-section elementor-top-section elementor-element elementor-element-3db95bb elementor-section-full_width elementor-section-height-default elementor-section-height-default\" data-id=\"3db95bb\" data-element_type=\"section\" data-e-type=\"section\">\n\t\t\t\t\t\t<div class=\"elementor-container elementor-column-gap-default\">\n\t\t\t\t\t<div class=\"elementor-column elementor-col-100 elementor-top-column elementor-element elementor-element-9c55be0\" data-id=\"9c55be0\" data-element_type=\"column\" data-e-type=\"column\">\n\t\t\t<div class=\"elementor-widget-wrap elementor-element-populated\">\n\t\t\t\t\t\t<div class=\"elementor-element elementor-element-582d414 elementor-widget elementor-widget-video\" data-id=\"582d414\" data-element_type=\"widget\" data-e-type=\"widget\" data-settings=\"{&quot;video_type&quot;:&quot;vimeo&quot;}\" data-widget_type=\"video.default\">\n\t\t\t\t<div class=\"elementor-widget-container\">\n\t\t\t\t\t\t\t<div class=\"elementor-wrapper elementor-open-inline\">\n\t\t\t<iframe class=\"elementor-video-iframe\" allowfullscreen allow=\"clipboard-write\" title=\"Lettore video vimeo\" src=\"https:\/\/player.vimeo.com\/video\/1031558714?color&amp;autopause=0&amp;loop=0&amp;muted=0&amp;title=1&amp;portrait=1&amp;byline=1#t=\" data-no-translation-title=\"\"><\/iframe>\t\t<\/div>\n\t\t\t\t\t\t<\/div>\n\t\t\t\t<\/div>\n\t\t\t\t<section class=\"elementor-section elementor-inner-section elementor-element elementor-element-278e2d0 elementor-section-boxed elementor-section-height-default elementor-section-height-default\" data-id=\"278e2d0\" data-element_type=\"section\" data-e-type=\"section\">\n\t\t\t\t\t\t<div class=\"elementor-container elementor-column-gap-default\">\n\t\t\t\t\t<div class=\"elementor-column elementor-col-50 elementor-inner-column elementor-element elementor-element-514ef0f\" data-id=\"514ef0f\" data-element_type=\"column\" data-e-type=\"column\">\n\t\t\t<div class=\"elementor-widget-wrap elementor-element-populated\">\n\t\t\t\t\t\t<div class=\"elementor-element elementor-element-b611409 elementor-widget elementor-widget-heading\" data-id=\"b611409\" data-element_type=\"widget\" data-e-type=\"widget\" data-widget_type=\"heading.default\">\n\t\t\t\t<div class=\"elementor-widget-container\">\n\t\t\t\t\t<h2 class=\"elementor-heading-title elementor-size-default\">Slate Fusion Stand Black Rock para MacBook y iPad<\/h2>\t\t\t\t<\/div>\n\t\t\t\t<\/div>\n\t\t\t\t<div class=\"elementor-element elementor-element-24dd7a9 elementor-widget elementor-widget-text-editor\" data-id=\"24dd7a9\" data-element_type=\"widget\" data-e-type=\"widget\" data-widget_type=\"text-editor.default\">\n\t\t\t\t<div class=\"elementor-widget-container\">\n\t\t\t\t\t\t\t\t\t<p><strong>Redefine tu espacio de trabajo con el soporte Black Rock Fusion<\/strong><\/p><p>El soporte Black Rock Fusion combina un dise\u00f1o atemporal con una funcionalidad moderna. Fabricado a mano en Alemania, este soporte es una declaraci\u00f3n de sofisticaci\u00f3n e innovaci\u00f3n, fabricado con aluminio negro anodizado de primera calidad y aut\u00e9ntica pizarra Black Rock. Conocida por sus tonos profundos y naturales y sus sutiles texturas, la pizarra Black Rock aporta un toque de elegancia natural a su escritorio, combinando a la perfecci\u00f3n con la est\u00e9tica contempor\u00e1nea.<\/p><p><strong>Organizaci\u00f3n sin esfuerzo<\/strong><\/p><p>Dise\u00f1ado para alojar hasta cuatro dispositivos, incluidos port\u00e1tiles, tabletas y smartphones, el soporte Fusion ofrece una soluci\u00f3n a medida para organizar su espacio de trabajo. Sus paredes modulares son totalmente ajustables, lo que le permite crear un ajuste seguro y personalizado para sus dispositivos. Cada ranura est\u00e1 forrada con un suave acolchado de silicona para evitar ara\u00f1azos y garantizar que los dispositivos permanezcan seguros en su sitio.<\/p><p><strong>Dise\u00f1o vers\u00e1til y funcional<\/strong><\/p><p>El soporte Fusion no s\u00f3lo sujeta sus dispositivos, sino que mejora su productividad. Una bandeja integrada ofrece un pr\u00e1ctico espacio de almacenamiento para peque\u00f1os elementos esenciales como adaptadores, cables o tarjetas SIM, manteniendo su escritorio libre de desorden. Para los que valoran la elegancia, la bandeja puede sustituirse por un panel adicional de pizarra Black Rock, que crea un aspecto sofisticado y homog\u00e9neo que realza cualquier espacio de trabajo.<\/p><p><strong>Artesan\u00eda duradera<\/strong><\/p><p>Cada detalle del soporte Black Rock Fusion refleja una meticulosa atenci\u00f3n a la calidad. Fabricado a mano en Alemania por artesanos expertos, combina durabilidad con un acabado de primera calidad. La belleza natural de la pizarra Black Rock garantiza que cada pieza sea \u00fanica, sin dos paneles id\u00e9nticos.<\/p>\t\t\t\t\t\t\t\t<\/div>\n\t\t\t\t<\/div>\n\t\t\t\t<div class=\"elementor-element elementor-element-ae8b890 elementor-widget elementor-widget-image\" data-id=\"ae8b890\" data-element_type=\"widget\" data-e-type=\"widget\" data-widget_type=\"image.default\">\n\t\t\t\t<div class=\"elementor-widget-container\">\n\t\t\t\t\t\t\t\t\t\t\t\t\t\t\t<img fetchpriority=\"high\" decoding=\"async\" width=\"1024\" height=\"1024\" src=\"https:\/\/roxxlyn.com\/wp-content\/uploads\/2024\/11\/Marble-Fusion-Stand-for-MacBook.520-1024x1024.jpg\" class=\"attachment-large size-large wp-image-10980\" alt=\"\" srcset=\"https:\/\/roxxlyn.com\/wp-content\/uploads\/2024\/11\/Marble-Fusion-Stand-for-MacBook.520-1024x1024.jpg 1024w, https:\/\/roxxlyn.com\/wp-content\/uploads\/2024\/11\/Marble-Fusion-Stand-for-MacBook.520-1800x1800.jpg 1800w, https:\/\/roxxlyn.com\/wp-content\/uploads\/2024\/11\/Marble-Fusion-Stand-for-MacBook.520-300x300.jpg 300w, https:\/\/roxxlyn.com\/wp-content\/uploads\/2024\/11\/Marble-Fusion-Stand-for-MacBook.520-150x150.jpg 150w, https:\/\/roxxlyn.com\/wp-content\/uploads\/2024\/11\/Marble-Fusion-Stand-for-MacBook.520-768x768.jpg 768w, https:\/\/roxxlyn.com\/wp-content\/uploads\/2024\/11\/Marble-Fusion-Stand-for-MacBook.520-1536x1536.jpg 1536w, https:\/\/roxxlyn.com\/wp-content\/uploads\/2024\/11\/Marble-Fusion-Stand-for-MacBook.520-2048x2048.jpg 2048w, https:\/\/roxxlyn.com\/wp-content\/uploads\/2024\/11\/Marble-Fusion-Stand-for-MacBook.520-12x12.jpg 12w, https:\/\/roxxlyn.com\/wp-content\/uploads\/2024\/11\/Marble-Fusion-Stand-for-MacBook.520-660x660.jpg 660w\" sizes=\"(max-width: 1024px) 100vw, 1024px\" \/>\t\t\t\t\t\t\t\t\t\t\t\t\t\t\t<\/div>\n\t\t\t\t<\/div>\n\t\t\t\t\t<\/div>\n\t\t<\/div>\n\t\t\t\t<div class=\"elementor-column elementor-col-50 elementor-inner-column elementor-element elementor-element-716b2cb\" data-id=\"716b2cb\" data-element_type=\"column\" data-e-type=\"column\">\n\t\t\t<div class=\"elementor-widget-wrap elementor-element-populated\">\n\t\t\t\t\t\t<div class=\"elementor-element elementor-element-c906695 elementor-widget elementor-widget-image\" data-id=\"c906695\" data-element_type=\"widget\" data-e-type=\"widget\" data-widget_type=\"image.default\">\n\t\t\t\t<div class=\"elementor-widget-container\">\n\t\t\t\t\t\t\t\t\t\t\t\t\t\t\t<img decoding=\"async\" width=\"1024\" height=\"1024\" src=\"https:\/\/roxxlyn.com\/wp-content\/uploads\/2024\/11\/Slate-Fusion-Stand-for-MacBook-3.538-1024x1024.jpg\" class=\"attachment-large size-large wp-image-11141\" alt=\"\" srcset=\"https:\/\/roxxlyn.com\/wp-content\/uploads\/2024\/11\/Slate-Fusion-Stand-for-MacBook-3.538-1024x1024.jpg 1024w, https:\/\/roxxlyn.com\/wp-content\/uploads\/2024\/11\/Slate-Fusion-Stand-for-MacBook-3.538-1800x1800.jpg 1800w, https:\/\/roxxlyn.com\/wp-content\/uploads\/2024\/11\/Slate-Fusion-Stand-for-MacBook-3.538-300x300.jpg 300w, https:\/\/roxxlyn.com\/wp-content\/uploads\/2024\/11\/Slate-Fusion-Stand-for-MacBook-3.538-150x150.jpg 150w, https:\/\/roxxlyn.com\/wp-content\/uploads\/2024\/11\/Slate-Fusion-Stand-for-MacBook-3.538-768x768.jpg 768w, https:\/\/roxxlyn.com\/wp-content\/uploads\/2024\/11\/Slate-Fusion-Stand-for-MacBook-3.538-1536x1536.jpg 1536w, https:\/\/roxxlyn.com\/wp-content\/uploads\/2024\/11\/Slate-Fusion-Stand-for-MacBook-3.538-2048x2048.jpg 2048w, https:\/\/roxxlyn.com\/wp-content\/uploads\/2024\/11\/Slate-Fusion-Stand-for-MacBook-3.538-12x12.jpg 12w, https:\/\/roxxlyn.com\/wp-content\/uploads\/2024\/11\/Slate-Fusion-Stand-for-MacBook-3.538-660x660.jpg 660w\" sizes=\"(max-width: 1024px) 100vw, 1024px\" \/>\t\t\t\t\t\t\t\t\t\t\t\t\t\t\t<\/div>\n\t\t\t\t<\/div>\n\t\t\t\t<div class=\"elementor-element elementor-element-e9d43d9 elementor-widget elementor-widget-image\" data-id=\"e9d43d9\" data-element_type=\"widget\" data-e-type=\"widget\" data-widget_type=\"image.default\">\n\t\t\t\t<div class=\"elementor-widget-container\">\n\t\t\t\t\t\t\t\t\t\t\t\t\t\t\t<img decoding=\"async\" width=\"1024\" height=\"1024\" src=\"https:\/\/roxxlyn.com\/wp-content\/uploads\/2024\/11\/Slate-Fusion-Stand-for-MacBook-2.537-1024x1024.jpg\" class=\"attachment-large size-large wp-image-11142\" alt=\"\" srcset=\"https:\/\/roxxlyn.com\/wp-content\/uploads\/2024\/11\/Slate-Fusion-Stand-for-MacBook-2.537-1024x1024.jpg 1024w, https:\/\/roxxlyn.com\/wp-content\/uploads\/2024\/11\/Slate-Fusion-Stand-for-MacBook-2.537-1800x1800.jpg 1800w, https:\/\/roxxlyn.com\/wp-content\/uploads\/2024\/11\/Slate-Fusion-Stand-for-MacBook-2.537-300x300.jpg 300w, https:\/\/roxxlyn.com\/wp-content\/uploads\/2024\/11\/Slate-Fusion-Stand-for-MacBook-2.537-150x150.jpg 150w, https:\/\/roxxlyn.com\/wp-content\/uploads\/2024\/11\/Slate-Fusion-Stand-for-MacBook-2.537-768x768.jpg 768w, https:\/\/roxxlyn.com\/wp-content\/uploads\/2024\/11\/Slate-Fusion-Stand-for-MacBook-2.537-1536x1536.jpg 1536w, https:\/\/roxxlyn.com\/wp-content\/uploads\/2024\/11\/Slate-Fusion-Stand-for-MacBook-2.537-2048x2048.jpg 2048w, https:\/\/roxxlyn.com\/wp-content\/uploads\/2024\/11\/Slate-Fusion-Stand-for-MacBook-2.537-12x12.jpg 12w, https:\/\/roxxlyn.com\/wp-content\/uploads\/2024\/11\/Slate-Fusion-Stand-for-MacBook-2.537-660x660.jpg 660w\" sizes=\"(max-width: 1024px) 100vw, 1024px\" \/>\t\t\t\t\t\t\t\t\t\t\t\t\t\t\t<\/div>\n\t\t\t\t<\/div>\n\t\t\t\t<div class=\"elementor-element elementor-element-a297b31 elementor-widget elementor-widget-text-editor\" data-id=\"a297b31\" data-element_type=\"widget\" data-e-type=\"widget\" data-widget_type=\"text-editor.default\">\n\t\t\t\t<div class=\"elementor-widget-container\">\n\t\t\t\t\t\t\t\t\t<p><strong>Artesan\u00eda duradera<\/strong><\/p><p>Cada detalle del soporte Black Rock Fusion refleja una meticulosa atenci\u00f3n a la calidad. Fabricado a mano en Alemania por artesanos expertos, combina durabilidad con un acabado de primera calidad. La belleza natural de la pizarra Black Rock garantiza que cada pieza sea \u00fanica, sin dos paneles id\u00e9nticos.<\/p><p><strong>El soporte Black Rock Fusion: Transformando los espacios de trabajo, escritorio a escritorio.<\/strong><\/p>\t\t\t\t\t\t\t\t<\/div>\n\t\t\t\t<\/div>\n\t\t\t\t\t<\/div>\n\t\t<\/div>\n\t\t\t\t\t<\/div>\n\t\t<\/section>\n\t\t\t\t\t<\/div>\n\t\t<\/div>\n\t\t\t\t\t<\/div>\n\t\t<\/section>\n\t\t\t\t<\/div>","protected":false},"excerpt":{"rendered":"<p>El soporte Marble Fusion es un soporte modular de ingenier\u00eda alemana fabricado en aluminio negro anodizado con dos elementos verticales Black Rock. Tiene capacidad para hasta 3 x dispositivos y cuenta con una bandeja para accesorios, con opciones de personalizaci\u00f3n.<\/p>","protected":false},"featured_media":11141,"template":"","meta":{"inline_featured_image":false},"product_brand":[],"product_cat":[195],"product_tag":[197,198,196,199],"class_list":{"0":"post-11135","1":"product","2":"type-product","3":"status-publish","4":"has-post-thumbnail","6":"product_cat-marble-fusion-stand","7":"product_tag-ipad-stand","8":"product_tag-laptop-stand","9":"product_tag-macbook-stand","10":"product_tag-tablet-stand","12":"first","13":"instock","14":"taxable","15":"shipping-taxable","16":"purchasable","17":"product-type-simple"},"exclude_global_add_ons":false,"addons":[{"name":"Personalizado","type":"heading","position":0,"required":false,"title_format":"label","default":"","description_enable":false,"description":"","placeholder_enable":false,"placeholder":"","display":"select","restrictions_type":"any_text","adjust_price":false,"price":"","price_type":"flat_fee","restrictions":false,"min":"0","max":"0","options":[],"id":1731845299},{"name":"Dise\u00f1o mejorado con pizarra","type":"checkbox","position":1,"required":false,"title_format":"label","default":"","description_enable":false,"description":"","placeholder_enable":false,"placeholder":"","display":"select","restrictions_type":"any_text","adjust_price":false,"price":"","price_type":"flat_fee","restrictions":false,"min":"0","max":"0","options":[{"label":"Instead of the tray, this version is enhanced with slate for a touch of elegance","price":"10","price_type":"flat_fee","image":0,"visibility":true}],"id":1731845630},{"name":"Eleve su presencia Apple:","type":"checkbox","position":2,"required":false,"title_format":"label","default":"","description_enable":false,"description":"","placeholder_enable":false,"placeholder":"","display":"select","restrictions_type":"any_text","adjust_price":false,"price":"","price_type":"flat_fee","restrictions":false,"min":"0","max":"0","options":[{"label":"Reveal the iconic Apple logo with a precise cut-out on the stone surface, unveiling a sleek black satin-matte underside for a striking contrast and personal touch.","price":"10","price_type":"flat_fee","image":0,"visibility":true},{"label":"Enhance your device with a white engraved Apple logo, crafted over two days for elegance and sophistication.","price":"15","price_type":"flat_fee","image":0,"visibility":true}],"id":1731845302},{"name":"Esenciales para el cuidado de la pizarra Roxxlyn","type":"checkbox","position":3,"required":false,"title_format":"label","default":"","description_enable":false,"description":"","placeholder_enable":false,"placeholder":"","display":"select","restrictions_type":"any_text","adjust_price":false,"price":"","price_type":"flat_fee","restrictions":false,"min":"0","max":"0","options":[{"label":"A premium slate liquid that enhances and protects the natural beauty of your marble surfaces, providing a lasting, brilliant shine.","price":"10","price_type":"flat_fee","image":0,"visibility":true},{"label":"Microfiber Polishing Cloth: A soft, high-quality microfiber cloth designed for polishing marble surfaces. It delivers a streak-free, brilliant shine without scratching, perfect for maintaining your marble's natural beauty.","price":"5","price_type":"flat_fee","image":0,"visibility":true}],"id":1731845301}],"_links":{"self":[{"href":"https:\/\/roxxlyn.com\/es\/wp-json\/wp\/v2\/product\/11135","targetHints":{"allow":["GET"]}}],"collection":[{"href":"https:\/\/roxxlyn.com\/es\/wp-json\/wp\/v2\/product"}],"about":[{"href":"https:\/\/roxxlyn.com\/es\/wp-json\/wp\/v2\/types\/product"}],"version-history":[{"count":0,"href":"https:\/\/roxxlyn.com\/es\/wp-json\/wp\/v2\/product\/11135\/revisions"}],"wp:featuredmedia":[{"embeddable":true,"href":"https:\/\/roxxlyn.com\/es\/wp-json\/wp\/v2\/media\/11141"}],"wp:attachment":[{"href":"https:\/\/roxxlyn.com\/es\/wp-json\/wp\/v2\/media?parent=11135"}],"wp:term":[{"taxonomy":"product_brand","embeddable":true,"href":"https:\/\/roxxlyn.com\/es\/wp-json\/wp\/v2\/product_brand?post=11135"},{"taxonomy":"product_cat","embeddable":true,"href":"https:\/\/roxxlyn.com\/es\/wp-json\/wp\/v2\/product_cat?post=11135"},{"taxonomy":"product_tag","embeddable":true,"href":"https:\/\/roxxlyn.com\/es\/wp-json\/wp\/v2\/product_tag?post=11135"}],"curies":[{"name":"wp","href":"https:\/\/api.w.org\/{rel}","templated":true}]}}