{"id":10473,"date":"2024-10-16T11:21:56","date_gmt":"2024-10-16T11:21:56","guid":{"rendered":"https:\/\/roxxlyn.com\/?post_type=product&#038;p=10473"},"modified":"2026-03-04T16:11:25","modified_gmt":"2026-03-04T16:11:25","slug":"the-ipad-slate-skin-black-rock","status":"publish","type":"product","link":"https:\/\/roxxlyn.com\/es\/shop\/the-ipad-slate-skin-black-rock\/","title":{"rendered":"Funda para iPad Slate - Black Rock"},"content":{"rendered":"<div data-elementor-type=\"wp-post\" data-elementor-id=\"10473\" class=\"elementor elementor-10473\" data-elementor-post-type=\"product\">\n\t\t\t\t\t\t<section class=\"elementor-section elementor-top-section elementor-element elementor-element-415b4ae elementor-section-boxed elementor-section-height-default elementor-section-height-default\" data-id=\"415b4ae\" data-element_type=\"section\" data-e-type=\"section\" data-settings=\"{&quot;background_background&quot;:&quot;classic&quot;}\">\n\t\t\t\t\t\t<div class=\"elementor-container elementor-column-gap-default\">\n\t\t\t\t\t<div class=\"elementor-column elementor-col-100 elementor-top-column elementor-element elementor-element-597b156\" data-id=\"597b156\" data-element_type=\"column\" data-e-type=\"column\">\n\t\t\t<div class=\"elementor-widget-wrap elementor-element-populated\">\n\t\t\t\t\t\t<div class=\"elementor-element elementor-element-7be3c16 elementor-widget elementor-widget-video\" data-id=\"7be3c16\" data-element_type=\"widget\" data-e-type=\"widget\" data-settings=\"{&quot;video_type&quot;:&quot;vimeo&quot;,&quot;autoplay&quot;:&quot;yes&quot;,&quot;show_image_overlay&quot;:&quot;yes&quot;,&quot;image_overlay&quot;:{&quot;url&quot;:&quot;https:\\\/\\\/roxxlyn.com\\\/wp-content\\\/uploads\\\/2020\\\/08\\\/Black-Rock-Slate-Skin.508-1.jpg&quot;,&quot;id&quot;:10391,&quot;size&quot;:&quot;&quot;,&quot;alt&quot;:&quot;&quot;,&quot;source&quot;:&quot;library&quot;},&quot;lightbox&quot;:&quot;yes&quot;}\" data-widget_type=\"video.default\">\n\t\t\t\t<div class=\"elementor-widget-container\">\n\t\t\t\t\t\t\t<div class=\"elementor-wrapper elementor-open-lightbox\">\n\t\t\t\t\t\t\t<div class=\"elementor-custom-embed-image-overlay\" data-elementor-open-lightbox=\"yes\" data-elementor-lightbox=\"{&quot;type&quot;:&quot;video&quot;,&quot;videoType&quot;:&quot;vimeo&quot;,&quot;url&quot;:&quot;https:\\\/\\\/player.vimeo.com\\\/video\\\/1017613452?color&amp;autopause=0&amp;loop=0&amp;muted=0&amp;title=1&amp;portrait=1&amp;byline=1#t=&quot;,&quot;autoplay&quot;:&quot;yes&quot;,&quot;modalOptions&quot;:{&quot;id&quot;:&quot;elementor-lightbox-7be3c16&quot;,&quot;entranceAnimation&quot;:&quot;&quot;,&quot;entranceAnimation_tablet&quot;:&quot;&quot;,&quot;entranceAnimation_mobile&quot;:&quot;&quot;,&quot;videoAspectRatio&quot;:&quot;11&quot;}}\" data-e-action-hash=\"#elementor-action%3Aaction%3Dlightbox%26settings%3DeyJ0eXBlIjoidmlkZW8iLCJ2aWRlb1R5cGUiOiJ2aW1lbyIsInVybCI6Imh0dHBzOlwvXC9wbGF5ZXIudmltZW8uY29tXC92aWRlb1wvMTAxNzYxMzQ1Mj9jb2xvciZhdXRvcGF1c2U9MCZsb29wPTAmbXV0ZWQ9MCZ0aXRsZT0xJnBvcnRyYWl0PTEmYnlsaW5lPTEjdD0iLCJhdXRvcGxheSI6InllcyIsIm1vZGFsT3B0aW9ucyI6eyJpZCI6ImVsZW1lbnRvci1saWdodGJveC03YmUzYzE2IiwiZW50cmFuY2VBbmltYXRpb24iOiIiLCJlbnRyYW5jZUFuaW1hdGlvbl90YWJsZXQiOiIiLCJlbnRyYW5jZUFuaW1hdGlvbl9tb2JpbGUiOiIiLCJ2aWRlb0FzcGVjdFJhdGlvIjoiMTEifX0%3D\">\n\t\t\t\t\t\t\t\t\t\t\t<img fetchpriority=\"high\" decoding=\"async\" width=\"2560\" height=\"2560\" src=\"https:\/\/roxxlyn.com\/wp-content\/uploads\/2020\/08\/Black-Rock-Slate-Skin.508-1.jpg\" class=\"attachment-full size-full wp-image-10391\" alt=\"\" srcset=\"https:\/\/roxxlyn.com\/wp-content\/uploads\/2020\/08\/Black-Rock-Slate-Skin.508-1.jpg 2560w, https:\/\/roxxlyn.com\/wp-content\/uploads\/2020\/08\/Black-Rock-Slate-Skin.508-1-1800x1800.jpg 1800w, https:\/\/roxxlyn.com\/wp-content\/uploads\/2020\/08\/Black-Rock-Slate-Skin.508-1-300x300.jpg 300w, https:\/\/roxxlyn.com\/wp-content\/uploads\/2020\/08\/Black-Rock-Slate-Skin.508-1-1024x1024.jpg 1024w, https:\/\/roxxlyn.com\/wp-content\/uploads\/2020\/08\/Black-Rock-Slate-Skin.508-1-150x150.jpg 150w, https:\/\/roxxlyn.com\/wp-content\/uploads\/2020\/08\/Black-Rock-Slate-Skin.508-1-768x768.jpg 768w, https:\/\/roxxlyn.com\/wp-content\/uploads\/2020\/08\/Black-Rock-Slate-Skin.508-1-1536x1536.jpg 1536w, https:\/\/roxxlyn.com\/wp-content\/uploads\/2020\/08\/Black-Rock-Slate-Skin.508-1-2048x2048.jpg 2048w, https:\/\/roxxlyn.com\/wp-content\/uploads\/2020\/08\/Black-Rock-Slate-Skin.508-1-12x12.jpg 12w, https:\/\/roxxlyn.com\/wp-content\/uploads\/2020\/08\/Black-Rock-Slate-Skin.508-1-660x660.jpg 660w\" sizes=\"(max-width: 2560px) 100vw, 2560px\" \/>\t\t\t\t\t\t\t\t\t\t\t\t\t\t\t\t<div class=\"elementor-custom-embed-play\" role=\"button\" aria-label=\"\u52d5\u753b\u518d\u751f\" tabindex=\"0\" data-no-translation-aria-label=\"\">\n\t\t\t\t\t\t\t<i aria-hidden=\"true\" class=\"eicon-play\"><\/i>\t\t\t\t\t\t<\/div>\n\t\t\t\t\t\t\t\t\t<\/div>\n\t\t\t\t\t<\/div>\n\t\t\t\t\t\t<\/div>\n\t\t\t\t<\/div>\n\t\t\t\t<section class=\"elementor-section elementor-inner-section elementor-element elementor-element-d71c1e6 elementor-section-boxed elementor-section-height-default elementor-section-height-default\" data-id=\"d71c1e6\" data-element_type=\"section\" data-e-type=\"section\">\n\t\t\t\t\t\t<div class=\"elementor-container elementor-column-gap-default\">\n\t\t\t\t\t<div class=\"elementor-column elementor-col-100 elementor-inner-column elementor-element elementor-element-500ee0d\" data-id=\"500ee0d\" data-element_type=\"column\" data-e-type=\"column\">\n\t\t\t<div class=\"elementor-widget-wrap elementor-element-populated\">\n\t\t\t\t\t\t<div class=\"elementor-element elementor-element-9e0e074 elementor-widget elementor-widget-text-editor\" data-id=\"9e0e074\" data-element_type=\"widget\" data-e-type=\"widget\" data-widget_type=\"text-editor.default\">\n\t\t\t\t<div class=\"elementor-widget-container\">\n\t\t\t\t\t\t\t\t\t<p>Mejora tu iPad con la funda Roxxlyn Real Slate Skin Black Rock, una obra maestra de piedra aut\u00e9ntica hecha a mano que se adapta a tu dispositivo como una segunda piel. Con una rica tonalidad negro-gris y textura de piedra natural, cada piel es verdaderamente \u00fanico en su tipo, dando a su iPad un aspecto distinto y refinado. Con s\u00f3lo 1 mm de grosor y 45 gramos de peso, esta funda ultrafina conserva el perfil elegante de tu iPad y ofrece una protecci\u00f3n duradera contra los ara\u00f1azos y el desgaste diario.<\/p><p>Fabricada con aut\u00e9ntica piedra de pizarra, la funda Black Rock fusiona la belleza de la naturaleza con la precisi\u00f3n del dise\u00f1o moderno. La textura de la piel, derivada de la piedra real, ofrece una experiencia t\u00e1ctil \u00fanica que contrasta con la suavidad de su dispositivo, por lo que es tan visualmente impactante como funcional. A pesar de estar hecha de piedra natural, la piel es incre\u00edblemente flexible y se puede aplicar o retirar con facilidad, gracias a nuestro adhesivo de ingenier\u00eda alemana, sin dejar residuos.<\/p><h3>\u00bfPor qu\u00e9 elegir la funda Slate Skin Black Rock para su iPad?<\/h3><ul><li><p><strong>Aut\u00e9ntica piedra de pizarra, verdadera artesan\u00eda<\/strong>: Cada funda est\u00e1 fabricada con aut\u00e9ntica piedra de pizarra, lo que garantiza un grano y una textura naturales que hacen que cada iPad sea \u00fanico. No hay dos fundas iguales, por lo que tu iPad destacar\u00e1 de verdad.<\/p><\/li><li><p><strong>Ligero como una pluma y ultrafino<\/strong>: Con un peso de solo 45 gramos y un grosor de 1 mm, la funda Slate a\u00f1ade protecci\u00f3n sin comprometer el elegante factor de forma de tu iPad. Es una declaraci\u00f3n minimalista pero audaz.<\/p><\/li><li><p><strong>Aplicaci\u00f3n sin esfuerzo, eliminaci\u00f3n sin residuos<\/strong>: Con una pel\u00edcula adhesiva personalizada de 3M, meticulosamente desarrollada en Alemania, la funda puede aplicarse suavemente y retirarse limpiamente sin ning\u00fan residuo pegajoso, preservando la superficie inmaculada de su dispositivo.<\/p><\/li><li><p><strong>Opciones de recorte personalizables<\/strong>: Opta por una funda con el logotipo de Apple recortado con precisi\u00f3n para darle un toque de estilo o elige un dise\u00f1o de pizarra completa para disfrutar de una superficie de piedra ininterrumpida y sin costuras.<\/p><\/li><li><p><strong>Clavijas adaptadoras integradas opcionales<\/strong>: Para los que buscan tanto forma como funcionalidad, ofrecemos una opci\u00f3n con tres clavijas adaptadoras integradas, que proporcionan compatibilidad con accesorios como el teclado Apple Magic Keyboard, para que puedas mantener el estilo de tu iPad sin renunciar a la funcionalidad.<\/p><\/li><li><p><strong>Hecho a mano en Alemania<\/strong>: Todas las fundas Slate Skin se fabrican en Alemania con sumo cuidado y atenci\u00f3n al detalle, lo que garantiza una calidad superior y un ajuste perfecto para tu dispositivo.<\/p><\/li><\/ul><h3>Protecci\u00f3n est\u00e9tica y funcional<\/h3><p>La funda Roxxlyn Real Slate Skin Black Rock no s\u00f3lo proporciona una capa protectora contra las rozaduras y ara\u00f1azos diarios, sino que tambi\u00e9n transforma tu iPad en una obra de arte. Combinando el encanto r\u00fastico con la elegancia moderna, es la mezcla definitiva de forma y funci\u00f3n, ofreciendo una mejora t\u00e1ctil y visual a su dispositivo.<\/p><p>No es solo una funda, es una declaraci\u00f3n de individualidad, artesan\u00eda y estilo atemporal. Protege tu iPad con los mejores materiales naturales y llama la atenci\u00f3n all\u00e1 donde vayas.<\/p><h3>Notas importantes:<\/h3><p>La funda Slate Skin est\u00e1 dise\u00f1ada como una funda adhesiva y no como una carcasa r\u00edgida, por lo que ofrece una protecci\u00f3n ligera sin a\u00f1adir volumen.<\/p>\t\t\t\t\t\t\t\t<\/div>\n\t\t\t\t<\/div>\n\t\t\t\t<div class=\"elementor-element elementor-element-9a45c83 elementor-widget elementor-widget-text-editor\" data-id=\"9a45c83\" data-element_type=\"widget\" data-e-type=\"widget\" data-widget_type=\"text-editor.default\">\n\t\t\t\t<div class=\"elementor-widget-container\">\n\t\t\t\t\t\t\t\t\t<p><blockquote class=\"wp-embedded-content\" data-secret=\"8fLA6tCWCk\"><a href=\"https:\/\/roxxlyn.com\/es\/instructions\/\">Instrucciones<\/a><\/blockquote><iframe class=\"wp-embedded-content\" sandbox=\"allow-scripts\" security=\"restricted\" style=\"position: absolute; visibility: hidden;\" title=\"&quot;Instrucciones&quot; - ROXXLYN\" src=\"https:\/\/roxxlyn.com\/instructions\/embed\/#?secret=apHpz3BNei#?secret=8fLA6tCWCk\" data-secret=\"8fLA6tCWCk\" width=\"600\" height=\"338\" frameborder=\"0\" marginwidth=\"0\" marginheight=\"0\" scrolling=\"no\"><\/iframe><\/p>\t\t\t\t\t\t\t\t<\/div>\n\t\t\t\t<\/div>\n\t\t\t\t\t<\/div>\n\t\t<\/div>\n\t\t\t\t\t<\/div>\n\t\t<\/section>\n\t\t\t\t<div class=\"elementor-element elementor-element-396757a elementor-widget elementor-widget-video\" data-id=\"396757a\" data-element_type=\"widget\" data-e-type=\"widget\" data-settings=\"{&quot;video_type&quot;:&quot;vimeo&quot;}\" data-widget_type=\"video.default\">\n\t\t\t\t<div class=\"elementor-widget-container\">\n\t\t\t\t\t\t\t<div class=\"elementor-wrapper elementor-open-inline\">\n\t\t\t<iframe class=\"elementor-video-iframe\" allowfullscreen allow=\"clipboard-write\" title=\"vimeo \u52d5\u753b\u30d7\u30ec\u30fc\u30e4\u30fc\" src=\"https:\/\/player.vimeo.com\/video\/135730659?color&amp;autopause=0&amp;loop=0&amp;muted=0&amp;title=1&amp;portrait=1&amp;byline=1#t=\" data-no-translation-title=\"\"><\/iframe>\t\t<\/div>\n\t\t\t\t\t\t<\/div>\n\t\t\t\t<\/div>\n\t\t\t\t<div class=\"elementor-element elementor-element-61b67c9 elementor-widget elementor-widget-video\" data-id=\"61b67c9\" data-element_type=\"widget\" data-e-type=\"widget\" data-settings=\"{&quot;video_type&quot;:&quot;vimeo&quot;}\" data-widget_type=\"video.default\">\n\t\t\t\t<div class=\"elementor-widget-container\">\n\t\t\t\t\t\t\t<div class=\"elementor-wrapper elementor-open-inline\">\n\t\t\t<iframe class=\"elementor-video-iframe\" allowfullscreen allow=\"clipboard-write\" title=\"vimeo \u52d5\u753b\u30d7\u30ec\u30fc\u30e4\u30fc\" src=\"https:\/\/player.vimeo.com\/video\/290503829?color&amp;autopause=0&amp;loop=0&amp;muted=0&amp;title=1&amp;portrait=1&amp;byline=1#t=\" data-no-translation-title=\"\"><\/iframe>\t\t<\/div>\n\t\t\t\t\t\t<\/div>\n\t\t\t\t<\/div>\n\t\t\t\t\t<\/div>\n\t\t<\/div>\n\t\t\t\t\t<\/div>\n\t\t<\/section>\n\t\t\t\t<\/div>","protected":false},"excerpt":{"rendered":"<p>Dale a tu iPad un aspecto \u00fanico con la funda Slate Skin Black Rock. Esta funda hecha a mano, ultrafina (1 mm) y ligera (35 g), fabricada con piedra aut\u00e9ntica, presenta una distintiva textura de piedra negra-gris\u00e1cea y un adhesivo de ingenier\u00eda alemana que facilita la aplicaci\u00f3n, protege con estilo y se retira sin dejar residuos. No es una funda, es aut\u00e9ntica artesan\u00eda.<\/p>","protected":false},"featured_media":10532,"template":"","meta":{"inline_featured_image":false},"product_brand":[],"product_cat":[163],"product_tag":[],"class_list":{"0":"post-10473","1":"product","2":"type-product","3":"status-publish","4":"has-post-thumbnail","6":"product_cat-ipad-skin","8":"first","9":"instock","10":"featured","11":"taxable","12":"shipping-taxable","13":"purchasable","14":"product-type-variable","15":"has-default-attributes"},"exclude_global_add_ons":[],"addons":[],"_links":{"self":[{"href":"https:\/\/roxxlyn.com\/es\/wp-json\/wp\/v2\/product\/10473","targetHints":{"allow":["GET"]}}],"collection":[{"href":"https:\/\/roxxlyn.com\/es\/wp-json\/wp\/v2\/product"}],"about":[{"href":"https:\/\/roxxlyn.com\/es\/wp-json\/wp\/v2\/types\/product"}],"version-history":[{"count":1,"href":"https:\/\/roxxlyn.com\/es\/wp-json\/wp\/v2\/product\/10473\/revisions"}],"predecessor-version":[{"id":14875,"href":"https:\/\/roxxlyn.com\/es\/wp-json\/wp\/v2\/product\/10473\/revisions\/14875"}],"wp:featuredmedia":[{"embeddable":true,"href":"https:\/\/roxxlyn.com\/es\/wp-json\/wp\/v2\/media\/10532"}],"wp:attachment":[{"href":"https:\/\/roxxlyn.com\/es\/wp-json\/wp\/v2\/media?parent=10473"}],"wp:term":[{"taxonomy":"product_brand","embeddable":true,"href":"https:\/\/roxxlyn.com\/es\/wp-json\/wp\/v2\/product_brand?post=10473"},{"taxonomy":"product_cat","embeddable":true,"href":"https:\/\/roxxlyn.com\/es\/wp-json\/wp\/v2\/product_cat?post=10473"},{"taxonomy":"product_tag","embeddable":true,"href":"https:\/\/roxxlyn.com\/es\/wp-json\/wp\/v2\/product_tag?post=10473"}],"curies":[{"name":"wp","href":"https:\/\/api.w.org\/{rel}","templated":true}]}}