{"id":10021,"date":"2024-08-14T11:54:59","date_gmt":"2024-08-14T11:54:59","guid":{"rendered":"https:\/\/roxxlyn.com\/?post_type=product&#038;p=10021"},"modified":"2025-09-14T13:36:01","modified_gmt":"2025-09-14T13:36:01","slug":"artisan-marble-elegance-cnc-aluminum-airtag-masterpiece-nero-portoro","status":"publish","type":"product","link":"https:\/\/roxxlyn.com\/es\/shop\/artisan-marble-elegance-cnc-aluminum-airtag-masterpiece-nero-portoro\/","title":{"rendered":"Elegancia artesanal en m\u00e1rmol: CNC Aluminio AirTag Obra Maestra - Nero Portoro"},"content":{"rendered":"<div data-elementor-type=\"wp-post\" data-elementor-id=\"10021\" class=\"elementor elementor-10021\" data-elementor-post-type=\"product\">\n\t\t\t\t\t\t<section class=\"elementor-section elementor-top-section elementor-element elementor-element-1761437 elementor-section-boxed elementor-section-height-default elementor-section-height-default\" data-id=\"1761437\" data-element_type=\"section\" data-e-type=\"section\" data-settings=\"{&quot;background_background&quot;:&quot;classic&quot;}\">\n\t\t\t\t\t\t<div class=\"elementor-container elementor-column-gap-default\">\n\t\t\t\t\t<div class=\"elementor-column elementor-col-100 elementor-top-column elementor-element elementor-element-686c732\" data-id=\"686c732\" data-element_type=\"column\" data-e-type=\"column\">\n\t\t\t<div class=\"elementor-widget-wrap elementor-element-populated\">\n\t\t\t\t\t\t<div class=\"elementor-element elementor-element-18411c7 elementor-widget elementor-widget-video\" data-id=\"18411c7\" data-element_type=\"widget\" data-e-type=\"widget\" data-settings=\"{&quot;video_type&quot;:&quot;hosted&quot;,&quot;autoplay&quot;:&quot;yes&quot;,&quot;loop&quot;:&quot;yes&quot;,&quot;play_on_mobile&quot;:&quot;yes&quot;,&quot;mute&quot;:&quot;yes&quot;,&quot;controls&quot;:&quot;yes&quot;}\" data-widget_type=\"video.default\">\n\t\t\t\t<div class=\"elementor-widget-container\">\n\t\t\t\t\t\t\t<div class=\"e-hosted-video elementor-wrapper elementor-open-inline\">\n\t\t\t\t\t<video class=\"elementor-video\" src=\"https:\/\/roxxlyn.com\/wp-content\/uploads\/2022\/08\/airtag-metal-roxxlyn.mp4\" autoplay=\"\" loop=\"\" controls=\"\" muted=\"muted\" playsinline=\"\" controlslist=\"nodownload\"><\/video>\n\t\t\t\t<\/div>\n\t\t\t\t\t\t<\/div>\n\t\t\t\t<\/div>\n\t\t\t\t<div class=\"elementor-element elementor-element-ccb40ea elementor-widget elementor-widget-text-editor\" data-id=\"ccb40ea\" data-element_type=\"widget\" data-e-type=\"widget\" data-widget_type=\"text-editor.default\">\n\t\t\t\t<div class=\"elementor-widget-container\">\n\t\t\t\t\t\t\t\t\t<h2><span style=\"color: #ffffff;\">Qu\u00e9 hay en la caja:<\/span><\/h2><p>1 x Funda de aluminio anodizado negro con cierre magn\u00e9tico para Apple AirTags<br \/>1 x Mosquet\u00f3n de aleaci\u00f3n de zinc gris<br \/>1 x Funda de m\u00e1rmol Nero Portoro aut\u00e9ntico<br \/>1 pegatina de piel vegana (con o sin el logotipo que elijas) para a\u00f1adir estilo<br \/>6 x Adhesivos ORAFOL negro mate de alta calidad para mayor protecci\u00f3n y contraste<br \/>1 tarjeta de agradecimiento con un enlace a nuestra gu\u00eda de configuraci\u00f3n f\u00e1cil de seguir<br \/>1x funda negra<\/p><p>Tenga en cuenta lo siguiente:<br \/>Cada caja est\u00e1 fabricada con aut\u00e9ntico m\u00e1rmol Nero Marquina, por lo que cada una es \u00fanica. La chapa de m\u00e1rmol puede diferir ligeramente de las im\u00e1genes, lo que a\u00f1ade individualidad a su compra.<\/p><p><blockquote class=\"wp-embedded-content\" data-secret=\"cSuR9AtGCH\"><a href=\"https:\/\/roxxlyn.com\/es\/instructions\/\">Instrucciones<\/a><\/blockquote><iframe class=\"wp-embedded-content\" sandbox=\"allow-scripts\" security=\"restricted\" style=\"position: absolute; visibility: hidden;\" title=\"&quot;Instrucciones&quot; - ROXXLYN\" src=\"https:\/\/roxxlyn.com\/instructions\/embed\/#?secret=LebfN4HwkV#?secret=cSuR9AtGCH\" data-secret=\"cSuR9AtGCH\" width=\"600\" height=\"338\" frameborder=\"0\" marginwidth=\"0\" marginheight=\"0\" scrolling=\"no\"><\/iframe><\/p><p>El art\u00edculo se env\u00eda desde Alemania.<\/p>\t\t\t\t\t\t\t\t<\/div>\n\t\t\t\t<\/div>\n\t\t\t\t\t<\/div>\n\t\t<\/div>\n\t\t\t\t\t<\/div>\n\t\t<\/section>\n\t\t\t\t<section class=\"elementor-section elementor-top-section elementor-element elementor-element-4fad3d1 elementor-section-boxed elementor-section-height-default elementor-section-height-default\" data-id=\"4fad3d1\" data-element_type=\"section\" data-e-type=\"section\" data-settings=\"{&quot;background_background&quot;:&quot;classic&quot;}\">\n\t\t\t\t\t\t<div class=\"elementor-container elementor-column-gap-default\">\n\t\t\t\t\t<div class=\"elementor-column elementor-col-100 elementor-top-column elementor-element elementor-element-e551091\" data-id=\"e551091\" data-element_type=\"column\" data-e-type=\"column\">\n\t\t\t<div class=\"elementor-widget-wrap elementor-element-populated\">\n\t\t\t\t\t\t<div class=\"elementor-element elementor-element-e7512c5 elementor-widget elementor-widget-video\" data-id=\"e7512c5\" data-element_type=\"widget\" data-e-type=\"widget\" data-settings=\"{&quot;video_type&quot;:&quot;vimeo&quot;}\" data-widget_type=\"video.default\">\n\t\t\t\t<div class=\"elementor-widget-container\">\n\t\t\t\t\t\t\t<div class=\"elementor-wrapper elementor-open-inline\">\n\t\t\t<iframe class=\"elementor-video-iframe\" allowfullscreen allow=\"clipboard-write\" title=\"vimeo p\u0159ehr\u00e1va\u010d videa\" src=\"https:\/\/player.vimeo.com\/video\/290503829?color&amp;autopause=0&amp;loop=0&amp;muted=0&amp;title=1&amp;portrait=1&amp;byline=1#t=\" data-no-translation-title=\"\"><\/iframe>\t\t<\/div>\n\t\t\t\t\t\t<\/div>\n\t\t\t\t<\/div>\n\t\t\t\t\t<\/div>\n\t\t<\/div>\n\t\t\t\t\t<\/div>\n\t\t<\/section>\n\t\t\t\t<\/div>","protected":false},"excerpt":{"rendered":"<p>Eleve su AirTag con nuestra carcasa mecanizada por CNC, donde la tecnolog\u00eda moderna se une a la exquisita belleza del m\u00e1rmol Nero Portoro.<\/p>\n<p>Fabricado por expertos, el aluminio anodizado negro mate y la lujosa piel vegana crean un dise\u00f1o elegante y duradero. El aut\u00e9ntico m\u00e1rmol Nero Portoro, conocido por su llamativo fondo negro y sus vetas doradas, a\u00f1ade un toque de sofisticaci\u00f3n sin igual. El mosquet\u00f3n de zinc gris mate garantiza una sujeci\u00f3n segura y elegante.<\/p>\n<p>Los imanes integrados proporcionan un ajuste perfecto, lo que convierte a esta funda en la fusi\u00f3n perfecta de elegancia y funcionalidad: una aut\u00e9ntica obra de arte. Fabricado en Alemania.<\/p>","protected":false},"featured_media":10269,"template":"","meta":{"inline_featured_image":false},"product_brand":[],"product_cat":[92],"product_tag":[],"class_list":{"0":"post-10021","1":"product","2":"type-product","3":"status-publish","4":"has-post-thumbnail","6":"product_cat-airtag","8":"first","9":"instock","10":"taxable","11":"shipping-taxable","12":"purchasable","13":"product-type-variable"},"exclude_global_add_ons":[],"addons":[],"_links":{"self":[{"href":"https:\/\/roxxlyn.com\/es\/wp-json\/wp\/v2\/product\/10021","targetHints":{"allow":["GET"]}}],"collection":[{"href":"https:\/\/roxxlyn.com\/es\/wp-json\/wp\/v2\/product"}],"about":[{"href":"https:\/\/roxxlyn.com\/es\/wp-json\/wp\/v2\/types\/product"}],"version-history":[{"count":0,"href":"https:\/\/roxxlyn.com\/es\/wp-json\/wp\/v2\/product\/10021\/revisions"}],"wp:featuredmedia":[{"embeddable":true,"href":"https:\/\/roxxlyn.com\/es\/wp-json\/wp\/v2\/media\/10269"}],"wp:attachment":[{"href":"https:\/\/roxxlyn.com\/es\/wp-json\/wp\/v2\/media?parent=10021"}],"wp:term":[{"taxonomy":"product_brand","embeddable":true,"href":"https:\/\/roxxlyn.com\/es\/wp-json\/wp\/v2\/product_brand?post=10021"},{"taxonomy":"product_cat","embeddable":true,"href":"https:\/\/roxxlyn.com\/es\/wp-json\/wp\/v2\/product_cat?post=10021"},{"taxonomy":"product_tag","embeddable":true,"href":"https:\/\/roxxlyn.com\/es\/wp-json\/wp\/v2\/product_tag?post=10021"}],"curies":[{"name":"wp","href":"https:\/\/api.w.org\/{rel}","templated":true}]}}