{"id":679,"date":"2020-10-05T16:13:19","date_gmt":"2020-10-05T16:13:19","guid":{"rendered":"https:\/\/roxxlyn.com\/?page_id=679"},"modified":"2025-09-21T17:59:35","modified_gmt":"2025-09-21T17:59:35","slug":"studio","status":"publish","type":"page","link":"https:\/\/roxxlyn.com\/es\/studio\/","title":{"rendered":"Estudio"},"content":{"rendered":"<div data-elementor-type=\"wp-page\" data-elementor-id=\"679\" class=\"elementor elementor-679\" data-elementor-post-type=\"page\">\n\t\t\t\t\t\t<section class=\"elementor-section elementor-top-section elementor-element elementor-element-f1b80b9 elementor-section-boxed elementor-section-height-default elementor-section-height-default\" data-id=\"f1b80b9\" data-element_type=\"section\" data-e-type=\"section\">\n\t\t\t\t\t\t<div class=\"elementor-container elementor-column-gap-default\">\n\t\t\t\t\t<div class=\"elementor-column elementor-col-100 elementor-top-column elementor-element elementor-element-2b6a05e\" data-id=\"2b6a05e\" data-element_type=\"column\" data-e-type=\"column\">\n\t\t\t<div class=\"elementor-widget-wrap elementor-element-populated\">\n\t\t\t\t\t\t<div class=\"elementor-element elementor-element-7651fd4 elementor-widget elementor-widget-text-editor\" data-id=\"7651fd4\" data-element_type=\"widget\" data-e-type=\"widget\" data-widget_type=\"text-editor.default\">\n\t\t\t\t<div class=\"elementor-widget-container\">\n\t\t\t\t\t\t\t\t\t<p>El estudio<\/p>\t\t\t\t\t\t\t\t<\/div>\n\t\t\t\t<\/div>\n\t\t\t\t\t<\/div>\n\t\t<\/div>\n\t\t\t\t\t<\/div>\n\t\t<\/section>\n\t\t\t\t<section class=\"elementor-section elementor-top-section elementor-element elementor-element-63cd26d elementor-section-boxed elementor-section-height-default elementor-section-height-default\" data-id=\"63cd26d\" data-element_type=\"section\" data-e-type=\"section\">\n\t\t\t\t\t\t<div class=\"elementor-container elementor-column-gap-default\">\n\t\t\t\t\t<div class=\"elementor-column elementor-col-100 elementor-top-column elementor-element elementor-element-6c18f1f\" data-id=\"6c18f1f\" data-element_type=\"column\" data-e-type=\"column\">\n\t\t\t<div class=\"elementor-widget-wrap elementor-element-populated\">\n\t\t\t\t\t\t<div class=\"elementor-element elementor-element-8783bb4 elementor-widget elementor-widget-text-editor\" data-id=\"8783bb4\" data-element_type=\"widget\" data-e-type=\"widget\" data-widget_type=\"text-editor.default\">\n\t\t\t\t<div class=\"elementor-widget-container\">\n\t\t\t\t\t\t\t\t\t<p>El dise\u00f1o y el interiorismo de nuestro estudio de Berl\u00edn Mitte es el resultado de un trabajo en equipo. Las ideas y deseos de cada uno de los miembros del equipo Roxxlyn se han incorporado hasta el m\u00e1s m\u00ednimo detalle. La piedra forma la base del mobiliario y se encuentra en muchos elementos. Materiales nobles como el lat\u00f3n refinan este contraste y crean una singularidad entre los elementos. Berl\u00edn\u00a0<\/p>\t\t\t\t\t\t\t\t<\/div>\n\t\t\t\t<\/div>\n\t\t\t\t\t<\/div>\n\t\t<\/div>\n\t\t\t\t\t<\/div>\n\t\t<\/section>\n\t\t\t\t<section class=\"elementor-section elementor-top-section elementor-element elementor-element-2f8b739 elementor-section-full_width elementor-section-stretched elementor-section-height-default elementor-section-height-default\" data-id=\"2f8b739\" data-element_type=\"section\" data-e-type=\"section\" data-settings=\"{&quot;stretch_section&quot;:&quot;section-stretched&quot;}\">\n\t\t\t\t\t\t<div class=\"elementor-container elementor-column-gap-default\">\n\t\t\t\t\t<div class=\"elementor-column elementor-col-100 elementor-top-column elementor-element elementor-element-cb10e57\" data-id=\"cb10e57\" data-element_type=\"column\" data-e-type=\"column\">\n\t\t\t<div class=\"elementor-widget-wrap elementor-element-populated\">\n\t\t\t\t\t\t<div class=\"elementor-element elementor-element-e261489 elementor-widget elementor-widget-image\" data-id=\"e261489\" data-element_type=\"widget\" data-e-type=\"widget\" data-widget_type=\"image.default\">\n\t\t\t\t<div class=\"elementor-widget-container\">\n\t\t\t\t\t\t\t\t\t\t\t\t\t\t\t<img fetchpriority=\"high\" decoding=\"async\" width=\"1024\" height=\"683\" src=\"https:\/\/roxxlyn.com\/wp-content\/uploads\/2020\/10\/Shop-2-new-1024x683.jpg\" class=\"attachment-large size-large wp-image-683\" alt=\"\" srcset=\"https:\/\/roxxlyn.com\/wp-content\/uploads\/2020\/10\/Shop-2-new-1024x683.jpg 1024w, https:\/\/roxxlyn.com\/wp-content\/uploads\/2020\/10\/Shop-2-new-1800x1200.jpg 1800w, https:\/\/roxxlyn.com\/wp-content\/uploads\/2020\/10\/Shop-2-new-300x200.jpg 300w, https:\/\/roxxlyn.com\/wp-content\/uploads\/2020\/10\/Shop-2-new-768x512.jpg 768w, https:\/\/roxxlyn.com\/wp-content\/uploads\/2020\/10\/Shop-2-new-1536x1024.jpg 1536w, https:\/\/roxxlyn.com\/wp-content\/uploads\/2020\/10\/Shop-2-new-2048x1366.jpg 2048w, https:\/\/roxxlyn.com\/wp-content\/uploads\/2020\/10\/Shop-2-new-100x68.jpg 100w, https:\/\/roxxlyn.com\/wp-content\/uploads\/2020\/10\/Shop-2-new-450x300.jpg 450w, https:\/\/roxxlyn.com\/wp-content\/uploads\/2020\/10\/Shop-2-new-660x440.jpg 660w\" sizes=\"(max-width: 1024px) 100vw, 1024px\" \/>\t\t\t\t\t\t\t\t\t\t\t\t\t\t\t<\/div>\n\t\t\t\t<\/div>\n\t\t\t\t\t<\/div>\n\t\t<\/div>\n\t\t\t\t\t<\/div>\n\t\t<\/section>\n\t\t\t\t<section class=\"elementor-section elementor-top-section elementor-element elementor-element-fa8d4c2 elementor-section-boxed elementor-section-height-default elementor-section-height-default\" data-id=\"fa8d4c2\" data-element_type=\"section\" data-e-type=\"section\">\n\t\t\t\t\t\t<div class=\"elementor-container elementor-column-gap-default\">\n\t\t\t\t\t<div class=\"elementor-column elementor-col-100 elementor-top-column elementor-element elementor-element-2c2cab5\" data-id=\"2c2cab5\" data-element_type=\"column\" data-e-type=\"column\">\n\t\t\t<div class=\"elementor-widget-wrap elementor-element-populated\">\n\t\t\t\t\t\t<div class=\"elementor-element elementor-element-1334eb8 elementor-widget elementor-widget-text-editor\" data-id=\"1334eb8\" data-element_type=\"widget\" data-e-type=\"widget\" data-widget_type=\"text-editor.default\">\n\t\t\t\t<div class=\"elementor-widget-container\">\n\t\t\t\t\t\t\t\t\t<p>Un estilo minimalista en el interior refleja el dise\u00f1o de los productos Roxxlyn y proporciona al estudio l\u00edneas claras.&nbsp;<span style=\"letter-spacing: var( --e-global-typography-text-letter-spacing ); text-transform: var( --e-global-typography-text-text-transform ); text-decoration: var( --e-global-typography-text-text-decoration );\">La simetr\u00eda y los colores uniformes se centran en los productos y atraen la atenci\u00f3n de los visitantes.&nbsp;<\/span><span style=\"letter-spacing: var( --e-global-typography-text-letter-spacing ); text-transform: var( --e-global-typography-text-text-transform ); text-decoration: var( --e-global-typography-text-text-decoration );\">Nuestro estudio es mucho m\u00e1s que una tienda normal, es un lugar para reunirse e interactuar. Adem\u00e1s del espacio de exhibici\u00f3n frontal principal, tambi\u00e9n incluye un espacio de trabajo de oficina, un espacio de creaci\u00f3n de prototipos y desarrollo.<\/span><\/p>\t\t\t\t\t\t\t\t<\/div>\n\t\t\t\t<\/div>\n\t\t\t\t\t<\/div>\n\t\t<\/div>\n\t\t\t\t\t<\/div>\n\t\t<\/section>\n\t\t\t\t<section class=\"elementor-section elementor-top-section elementor-element elementor-element-cbc856e elementor-section-full_width elementor-section-stretched elementor-section-height-default elementor-section-height-default\" data-id=\"cbc856e\" data-element_type=\"section\" data-e-type=\"section\" data-settings=\"{&quot;stretch_section&quot;:&quot;section-stretched&quot;}\">\n\t\t\t\t\t\t<div class=\"elementor-container elementor-column-gap-default\">\n\t\t\t\t\t<div class=\"elementor-column elementor-col-100 elementor-top-column elementor-element elementor-element-4d3d373\" data-id=\"4d3d373\" data-element_type=\"column\" data-e-type=\"column\">\n\t\t\t<div class=\"elementor-widget-wrap elementor-element-populated\">\n\t\t\t\t\t\t<div class=\"elementor-element elementor-element-a87432f elementor-widget elementor-widget-image\" data-id=\"a87432f\" data-element_type=\"widget\" data-e-type=\"widget\" data-widget_type=\"image.default\">\n\t\t\t\t<div class=\"elementor-widget-container\">\n\t\t\t\t\t\t\t\t\t\t\t\t\t\t\t<img decoding=\"async\" width=\"1024\" height=\"683\" src=\"https:\/\/roxxlyn.com\/wp-content\/uploads\/2020\/10\/Shop-1-low-new-1024x683.jpg\" class=\"attachment-large size-large wp-image-690\" alt=\"\" srcset=\"https:\/\/roxxlyn.com\/wp-content\/uploads\/2020\/10\/Shop-1-low-new-1024x683.jpg 1024w, https:\/\/roxxlyn.com\/wp-content\/uploads\/2020\/10\/Shop-1-low-new-1800x1201.jpg 1800w, https:\/\/roxxlyn.com\/wp-content\/uploads\/2020\/10\/Shop-1-low-new-300x200.jpg 300w, https:\/\/roxxlyn.com\/wp-content\/uploads\/2020\/10\/Shop-1-low-new-768x512.jpg 768w, https:\/\/roxxlyn.com\/wp-content\/uploads\/2020\/10\/Shop-1-low-new-1536x1025.jpg 1536w, https:\/\/roxxlyn.com\/wp-content\/uploads\/2020\/10\/Shop-1-low-new-100x68.jpg 100w, https:\/\/roxxlyn.com\/wp-content\/uploads\/2020\/10\/Shop-1-low-new-450x300.jpg 450w, https:\/\/roxxlyn.com\/wp-content\/uploads\/2020\/10\/Shop-1-low-new-660x440.jpg 660w, https:\/\/roxxlyn.com\/wp-content\/uploads\/2020\/10\/Shop-1-low-new.jpg 2000w\" sizes=\"(max-width: 1024px) 100vw, 1024px\" \/>\t\t\t\t\t\t\t\t\t\t\t\t\t\t\t<\/div>\n\t\t\t\t<\/div>\n\t\t\t\t\t<\/div>\n\t\t<\/div>\n\t\t\t\t\t<\/div>\n\t\t<\/section>\n\t\t\t\t<\/div>","protected":false},"excerpt":{"rendered":"<p>El estudio El dise\u00f1o y el interiorismo de nuestro estudio de Berl\u00edn Mitte es el resultado de un trabajo en equipo. Las ideas y deseos de cada uno de los miembros del equipo Roxxlyn se han incorporado hasta...<\/p>","protected":false},"author":2904,"featured_media":0,"parent":0,"menu_order":0,"comment_status":"closed","ping_status":"closed","template":"","meta":{"inline_featured_image":false,"footnotes":""},"class_list":["post-679","page","type-page","status-publish","hentry"],"_links":{"self":[{"href":"https:\/\/roxxlyn.com\/es\/wp-json\/wp\/v2\/pages\/679","targetHints":{"allow":["GET"]}}],"collection":[{"href":"https:\/\/roxxlyn.com\/es\/wp-json\/wp\/v2\/pages"}],"about":[{"href":"https:\/\/roxxlyn.com\/es\/wp-json\/wp\/v2\/types\/page"}],"author":[{"embeddable":true,"href":"https:\/\/roxxlyn.com\/es\/wp-json\/wp\/v2\/users\/2904"}],"replies":[{"embeddable":true,"href":"https:\/\/roxxlyn.com\/es\/wp-json\/wp\/v2\/comments?post=679"}],"version-history":[{"count":0,"href":"https:\/\/roxxlyn.com\/es\/wp-json\/wp\/v2\/pages\/679\/revisions"}],"wp:attachment":[{"href":"https:\/\/roxxlyn.com\/es\/wp-json\/wp\/v2\/media?parent=679"}],"curies":[{"name":"wp","href":"https:\/\/api.w.org\/{rel}","templated":true}]}}