{"id":625,"date":"2020-09-26T14:07:19","date_gmt":"2020-09-26T14:07:19","guid":{"rendered":"https:\/\/roxxlyn.com\/newsletter-signup\/"},"modified":"2020-09-26T14:07:19","modified_gmt":"2020-09-26T14:07:19","slug":"newsletter-signup","status":"publish","type":"page","link":"https:\/\/roxxlyn.com\/es\/newsletter-signup\/","title":{"rendered":"Bolet\u00edn de noticias"},"content":{"rendered":"<p>[newsletter_signup]Suscr\u00edbase al bolet\u00edn[newsletter_signup_form id=1][\/newsletter_signup]<\/p>\n<p>[newsletter_confirm]\u00a1Gracias por su inter\u00e9s![\/newsletter_confirm]<\/p>\n<p>[newsletter_unsubscribe]\u00bfDe verdad quiere darse de baja?[\/newsletter_unsubscribe]<\/p>","protected":false},"excerpt":{"rendered":"","protected":false},"author":2904,"featured_media":0,"parent":0,"menu_order":0,"comment_status":"closed","ping_status":"closed","template":"","meta":{"inline_featured_image":false,"footnotes":""},"class_list":["post-625","page","type-page","status-publish","hentry"],"_links":{"self":[{"href":"https:\/\/roxxlyn.com\/es\/wp-json\/wp\/v2\/pages\/625","targetHints":{"allow":["GET"]}}],"collection":[{"href":"https:\/\/roxxlyn.com\/es\/wp-json\/wp\/v2\/pages"}],"about":[{"href":"https:\/\/roxxlyn.com\/es\/wp-json\/wp\/v2\/types\/page"}],"author":[{"embeddable":true,"href":"https:\/\/roxxlyn.com\/es\/wp-json\/wp\/v2\/users\/2904"}],"replies":[{"embeddable":true,"href":"https:\/\/roxxlyn.com\/es\/wp-json\/wp\/v2\/comments?post=625"}],"version-history":[{"count":0,"href":"https:\/\/roxxlyn.com\/es\/wp-json\/wp\/v2\/pages\/625\/revisions"}],"wp:attachment":[{"href":"https:\/\/roxxlyn.com\/es\/wp-json\/wp\/v2\/media?parent=625"}],"curies":[{"name":"wp","href":"https:\/\/api.w.org\/{rel}","templated":true}]}}