{"id":35,"date":"2020-08-11T16:11:57","date_gmt":"2020-08-11T16:11:57","guid":{"rendered":"https:\/\/roxxlyn.com\/?page_id=35"},"modified":"2022-09-15T17:55:39","modified_gmt":"2022-09-15T17:55:39","slug":"custom","status":"publish","type":"page","link":"https:\/\/roxxlyn.com\/es\/custom\/","title":{"rendered":"Personalizado"},"content":{"rendered":"<div data-elementor-type=\"wp-page\" data-elementor-id=\"35\" class=\"elementor elementor-35\" data-elementor-post-type=\"page\">\n\t\t\t\t\t\t<section class=\"elementor-section elementor-top-section elementor-element elementor-element-67f9157 elementor-section-boxed elementor-section-height-default elementor-section-height-default\" data-id=\"67f9157\" data-element_type=\"section\" data-e-type=\"section\" tester2=\"\">\n\t\t\t\t\t\t<div class=\"elementor-container elementor-column-gap-default\">\n\t\t\t\t\t<div class=\"elementor-column elementor-col-100 elementor-top-column elementor-element elementor-element-2efb169\" data-id=\"2efb169\" data-element_type=\"column\" data-e-type=\"column\">\n\t\t\t<div class=\"elementor-widget-wrap elementor-element-populated\">\n\t\t\t\t\t\t<div class=\"elementor-element elementor-element-a8e8938 elementor-widget elementor-widget-text-editor\" data-id=\"a8e8938\" data-element_type=\"widget\" data-e-type=\"widget\" data-widget_type=\"text-editor.default\">\n\t\t\t\t<div class=\"elementor-widget-container\">\n\t\t\t\t\t\t\t\t\t<p>Cualquier piedra. Cualquier color. Cualquier logo. Cualquier estilo que quieras.<\/p>\t\t\t\t\t\t\t\t<\/div>\n\t\t\t\t<\/div>\n\t\t\t\t\t<\/div>\n\t\t<\/div>\n\t\t\t\t\t<\/div>\n\t\t<\/section>\n\t\t\t\t<section class=\"elementor-section elementor-top-section elementor-element elementor-element-c5e28cd elementor-section-boxed elementor-section-height-default elementor-section-height-default\" data-id=\"c5e28cd\" data-element_type=\"section\" data-e-type=\"section\">\n\t\t\t\t\t\t<div class=\"elementor-container elementor-column-gap-default\">\n\t\t\t\t\t<div class=\"elementor-column elementor-col-100 elementor-top-column elementor-element elementor-element-b271ed6\" data-id=\"b271ed6\" data-element_type=\"column\" data-e-type=\"column\">\n\t\t\t<div class=\"elementor-widget-wrap elementor-element-populated\">\n\t\t\t\t\t\t<div class=\"elementor-element elementor-element-dc63f35 elementor-widget elementor-widget-text-editor\" data-id=\"dc63f35\" data-element_type=\"widget\" data-e-type=\"widget\" data-widget_type=\"text-editor.default\">\n\t\t\t\t<div class=\"elementor-widget-container\">\n\t\t\t\t\t\t\t\t\t<p><strong>La intenci\u00f3n y la acci\u00f3n dan forma al futuro. Lo que importa hoy da forma al ma\u00f1ana. Eso es tan cierto para el individuo como para una organizaci\u00f3n.<\/strong><\/p>\t\t\t\t\t\t\t\t<\/div>\n\t\t\t\t<\/div>\n\t\t\t\t\t<\/div>\n\t\t<\/div>\n\t\t\t\t\t<\/div>\n\t\t<\/section>\n\t\t\t\t<section class=\"elementor-section elementor-top-section elementor-element elementor-element-a8522ad elementor-section-boxed elementor-section-height-default elementor-section-height-default\" data-id=\"a8522ad\" data-element_type=\"section\" data-e-type=\"section\">\n\t\t\t\t\t\t<div class=\"elementor-container elementor-column-gap-default\">\n\t\t\t\t\t<div class=\"elementor-column elementor-col-100 elementor-top-column elementor-element elementor-element-ed5181f\" data-id=\"ed5181f\" data-element_type=\"column\" data-e-type=\"column\">\n\t\t\t<div class=\"elementor-widget-wrap elementor-element-populated\">\n\t\t\t\t\t\t<div class=\"elementor-element elementor-element-6bf8e05 elementor-widget elementor-widget-text-editor\" data-id=\"6bf8e05\" data-element_type=\"widget\" data-e-type=\"widget\" data-widget_type=\"text-editor.default\">\n\t\t\t\t<div class=\"elementor-widget-container\">\n\t\t\t\t\t\t\t\t\t<p>Nuestros productos individuales y corporativos personalizables est\u00e1n dise\u00f1ados para capturar los pensamientos, ideas y conocimientos que servir\u00e1n como inspiraci\u00f3n del ma\u00f1ana, y las tareas y tareas pendientes que dar\u00e1n forma hoy.<\/p><p>Ya sea que desee celebrar el lanzamiento de un nuevo producto, ofrecer obsequios de fiesta para eventos y capacitaci\u00f3n, o brindar obsequios de fin de a\u00f1o para sus socios y clientes, los productos personalizados y de marca son una excelente manera de reforzar la identidad de su marca.<\/p><p>Reduzca la huella de carbono de su empresa y recompense a sus equipos, a usted mismo y a sus clientes con productos de piedra de marca personalizados, hechos a mano por Roxxlyn. Ponte en contacto con nosotros y te conseguiremos un presupuesto, sea cual sea tu idea.\u00a0<\/p>\t\t\t\t\t\t\t\t<\/div>\n\t\t\t\t<\/div>\n\t\t\t\t\t<\/div>\n\t\t<\/div>\n\t\t\t\t\t<\/div>\n\t\t<\/section>\n\t\t\t\t<\/div>","protected":false},"excerpt":{"rendered":"<p>Cualquier piedra. Cualquier color. Cualquier logotipo. El estilo que quieras. La intenci\u00f3n y la acci\u00f3n dan forma al futuro. Lo que importa hoy da forma al ma\u00f1ana. Eso es tan cierto para el individuo como para...<\/p>","protected":false},"author":2904,"featured_media":0,"parent":0,"menu_order":0,"comment_status":"closed","ping_status":"closed","template":"","meta":{"inline_featured_image":false,"footnotes":""},"class_list":["post-35","page","type-page","status-publish","hentry"],"_links":{"self":[{"href":"https:\/\/roxxlyn.com\/es\/wp-json\/wp\/v2\/pages\/35","targetHints":{"allow":["GET"]}}],"collection":[{"href":"https:\/\/roxxlyn.com\/es\/wp-json\/wp\/v2\/pages"}],"about":[{"href":"https:\/\/roxxlyn.com\/es\/wp-json\/wp\/v2\/types\/page"}],"author":[{"embeddable":true,"href":"https:\/\/roxxlyn.com\/es\/wp-json\/wp\/v2\/users\/2904"}],"replies":[{"embeddable":true,"href":"https:\/\/roxxlyn.com\/es\/wp-json\/wp\/v2\/comments?post=35"}],"version-history":[{"count":0,"href":"https:\/\/roxxlyn.com\/es\/wp-json\/wp\/v2\/pages\/35\/revisions"}],"wp:attachment":[{"href":"https:\/\/roxxlyn.com\/es\/wp-json\/wp\/v2\/media?parent=35"}],"curies":[{"name":"wp","href":"https:\/\/api.w.org\/{rel}","templated":true}]}}