{"id":29,"date":"2020-08-11T15:57:32","date_gmt":"2020-08-11T15:57:32","guid":{"rendered":"https:\/\/roxxlyn.com\/?page_id=29"},"modified":"2025-06-13T18:01:48","modified_gmt":"2025-06-13T18:01:48","slug":"terms-and-conditions","status":"publish","type":"page","link":"https:\/\/roxxlyn.com\/es\/terms-and-conditions\/","title":{"rendered":"Condiciones"},"content":{"rendered":"<div data-elementor-type=\"wp-page\" data-elementor-id=\"29\" class=\"elementor elementor-29\" data-elementor-post-type=\"page\">\n\t\t\t\t\t\t<section class=\"elementor-section elementor-top-section elementor-element elementor-element-52234b8 elementor-section-boxed elementor-section-height-default elementor-section-height-default\" data-id=\"52234b8\" data-element_type=\"section\" data-e-type=\"section\">\n\t\t\t\t\t\t<div class=\"elementor-container elementor-column-gap-default\">\n\t\t\t\t\t<div class=\"elementor-column elementor-col-100 elementor-top-column elementor-element elementor-element-5e9da69\" data-id=\"5e9da69\" data-element_type=\"column\" data-e-type=\"column\">\n\t\t\t<div class=\"elementor-widget-wrap elementor-element-populated\">\n\t\t\t\t\t\t<div class=\"elementor-element elementor-element-3e27be6 elementor-widget elementor-widget-text-editor\" data-id=\"3e27be6\" data-element_type=\"widget\" data-e-type=\"widget\" data-widget_type=\"text-editor.default\">\n\t\t\t\t<div class=\"elementor-widget-container\">\n\t\t\t\t\t\t\t\t\t<p><strong>Condiciones Generales de Contrataci\u00f3n (CGC)<\/strong><strong><br \/><\/strong>Roxxlyn Design GmbH<br \/>En vigor desde: 13 de junio de 2025 (V012025)<\/p><p>\u00a0<\/p><h2>1. Definiciones y \u00e1mbito de aplicaci\u00f3n<\/h2><h3>1.1. Definiciones<\/h3><ol><li>Vendedor: Roxxlyn Design GmbH, Len\u00dfenstra\u00dfe 35, 41239 M\u00f6nchengladbach, Alemania; Tel. +49 (0)30 20169208; Correo electr\u00f3nico: info@roxxlyn.com.<\/li><li>Cliente: Toda persona f\u00edsica o jur\u00eddica que realiza un pedido. Un consumidor es una persona f\u00edsica que celebra un negocio jur\u00eddico con fines que no pueden atribuirse a su actividad comercial o profesional independiente (art. 13 del BGB).<\/li><li>\"Confecci\u00f3n a medida\": Todos los productos que se fabrican o ajustan individualmente seg\u00fan las especificaciones del cliente (por ejemplo, productos a medida, preferencias de color, personalizaciones, grabados, MagSafe, recortes).<\/li><\/ol><h3>1.2. \u00c1mbito de aplicaci\u00f3n<\/h3><ol start=\"4\"><li>Estas Condiciones Generales de Contrataci\u00f3n (CGC) se aplican a todos los contratos entre Roxxlyn Design GmbH (en adelante \"Vendedor\") y el Cliente, tanto para productos est\u00e1ndar como para productos a medida. Las condiciones divergentes del cliente s\u00f3lo entrar\u00e1n en vigor si el Vendedor las confirma expresamente por escrito.<\/li><\/ol><h2>2. Confecci\u00f3n a medida - Exclusi\u00f3n del derecho de desistimiento<\/h2><h3>2.1. Etiquetado claro en la tienda<\/h3><ol start=\"5\"><li>En la tienda online s\u00f3lo hay una categor\u00eda \"Sastrer\u00eda a medida\". Una vez que el cliente selecciona un producto de esta categor\u00eda, se aplica lo siguiente:<\/li><\/ol><h3>2.2. Exclusi\u00f3n del derecho de desistimiento<\/h3><ol start=\"6\"><li>Los productos a medida quedan expresamente excluidos del derecho de desistimiento de conformidad con el art. 16 (2) lit. b de la Directiva sobre derechos de los consumidores de la UE (\u00a7 312g (3) frase 1 n\u00ba 1 BGB). Esto significa:<\/li><li>Una vez que se hace clic en el producto a medida en la tienda y se completa el proceso de pedido, deja de aplicarse el derecho legal de desistimiento del consumidor.<\/li><li>Al enviar el pedido de un producto a medida, el cliente declara que renuncia al derecho de desistimiento una vez que el Vendedor comience la producci\u00f3n.<\/li><\/ol><h3>2.3. Aviso claro<\/h3><ol start=\"9\"><li>En todas las p\u00e1ginas de productos relevantes y en el proceso de pedido de art\u00edculos etiquetados como hechos a medida, aparecer\u00e1 el siguiente aviso:<\/li><li>\"Atenci\u00f3n: Este producto se fabrica individualmente seg\u00fan sus especificaciones (Confecci\u00f3n a medida). No existe derecho de desistimiento una vez iniciada la producci\u00f3n.\"<\/li><\/ol><h2>3. Ofertas y descripciones de productos<\/h2><ol start=\"11\"><li>1. Las representaciones de los productos en la tienda en l\u00ednea no constituyen ofertas vinculantes, sino invitaciones no vinculantes a realizar un pedido. Las desviaciones t\u00e9cnicas y de color, as\u00ed como las peque\u00f1as desviaciones dimensionales, no constituyen un defecto.<\/li><li>2. Para los art\u00edculos est\u00e1ndar se aplica en todo caso el derecho de desistimiento (art. 312g del C\u00f3digo Civil alem\u00e1n). Para los productos seleccionados en la categor\u00eda \"Confecci\u00f3n a medida\", se aplican las disposiciones de la secci\u00f3n 2 de estas CGC.<\/li><\/ol><h2>4. Proceso de pedido y celebraci\u00f3n del contrato<\/h2><ol start=\"13\"><li>1. El cliente selecciona los productos deseados (art\u00edculos est\u00e1ndar o a medida) y los coloca en la cesta de la compra virtual haciendo clic en \"A\u00f1adir a la cesta\".<\/li><li>2. Despu\u00e9s de revisar el contenido de la cesta de la compra, el cliente hace clic en \"Caja\", comprueba toda la informaci\u00f3n requerida y corrige cualquier error de entrada.<\/li><li>3. Al hacer clic en \"Comprar\", el cliente presenta una oferta vinculante para celebrar un contrato de compra. En el caso de los productos a medida, la oferta incluye las especificaciones exactas introducidas por el cliente.<\/li><li>4. El Vendedor env\u00eda al cliente un acuse de recibo autom\u00e1tico por correo electr\u00f3nico (\"Confirmaci\u00f3n de pedido\"). Esto s\u00f3lo confirma la recepci\u00f3n del pedido, no la aceptaci\u00f3n de la oferta. Un contrato s\u00f3lo se celebra cuando el Vendedor:<\/li><li>- Declara la aceptaci\u00f3n en un correo electr\u00f3nico aparte;<\/li><li>- Env\u00eda la mercanc\u00eda (para art\u00edculos est\u00e1ndar); o<\/li><li>- Comienza la producci\u00f3n (en el caso de productos a medida), pero a m\u00e1s tardar en un plazo de dos d\u00edas laborables.<\/li><li>5. Si se elige la modalidad de pago \"pago por adelantado\", el contrato se perfeccionar\u00e1 una vez que el Vendedor haya transmitido los datos de pago al cliente. Si el cliente no paga en un plazo de diez d\u00edas naturales a pesar de un recordatorio, el Vendedor podr\u00e1 disolver el contrato; el pedido quedar\u00e1 entonces anulado. En los pedidos con pago por adelantado, el art\u00edculo se reservar\u00e1 durante un m\u00e1ximo de diez d\u00edas y se liberar\u00e1 autom\u00e1ticamente si no se recibe el pago.<\/li><\/ol><h2>5. Precios y gastos de env\u00edo<\/h2><ol start=\"21\"><li>1. Todos los precios indicados en la tienda en l\u00ednea para clientes de Alemania y la UE incluyen el IVA legal. Para los clientes de fuera de la UE, los precios se muestran sin IVA; los posibles aranceles de importaci\u00f3n, derechos de aduana u otras tasas correr\u00e1n a cargo del cliente.<\/li><li>2. Adem\u00e1s de los precios indicados de los productos, el cliente correr\u00e1 con los gastos de env\u00edo. Los gastos de env\u00edo exactos figuran en una p\u00e1gina aparte (Resumen de gastos de env\u00edo) y se indican claramente durante el proceso de pedido.<\/li><li>3. Para los productos a medida, el Vendedor podr\u00e1 exigir un dep\u00f3sito de hasta 50% del precio total antes de que comience la producci\u00f3n. El importe restante deber\u00e1 abonarse una vez iniciada la producci\u00f3n.<\/li><\/ol><h2>6. Entrega y disponibilidad<\/h2><ol start=\"24\"><li>1. Art\u00edculos est\u00e1ndar: Si un art\u00edculo est\u00e1 en stock, el plazo medio de entrega es de 1-4 d\u00edas laborables. Si un art\u00edculo no est\u00e1 en stock, se informar\u00e1 al cliente en la p\u00e1gina del producto. Si la entrega se retrasa m\u00e1s de 14 d\u00edas, el cliente podr\u00e1 rescindir el contrato.<\/li><li>2. Productos a medida: El plazo de producci\u00f3n suele ser de 2 a 6 semanas, dependiendo del grado de personalizaci\u00f3n (v\u00e9ase la p\u00e1gina del producto correspondiente). El Vendedor informa al cliente de la fecha estimada de entrega.<\/li><li>3. Si la entrega de un producto a medida se retrasa m\u00e1s de 14 d\u00edas con respecto al plazo de entrega estimado (siempre que el cliente no sea responsable del retraso), el cliente podr\u00e1 rescindir el contrato. Los pagos efectuados se reembolsar\u00e1n inmediatamente.<\/li><\/ol><h2>7. 7. Condiciones de pago<\/h2><ol start=\"27\"><li>1. El cliente elige uno de los m\u00e9todos de pago ofrecidos durante el proceso de pedido: pago por adelantado, PayPal, tarjeta de cr\u00e9dito o compra a cuenta (si est\u00e1 disponible).<\/li><li>2. Productos a medida: El pago completo (o el dep\u00f3sito acordado) debe efectuarse inmediatamente despu\u00e9s de la celebraci\u00f3n del contrato. La producci\u00f3n comienza s\u00f3lo despu\u00e9s de que el Vendedor haya confirmado la recepci\u00f3n del pago.<\/li><li>3. Si el cliente incumple un pago vencido, el Vendedor tiene derecho a suspender la producci\u00f3n o la entrega o a rescindir el contrato. En este caso, se perder\u00e1 cualquier dep\u00f3sito pagado como compensaci\u00f3n por los costes administrativos y de producci\u00f3n.<\/li><li>4. El cliente s\u00f3lo podr\u00e1 compensar con contrademandas indiscutibles o legalmente establecidas y s\u00f3lo podr\u00e1 ejercer un derecho de retenci\u00f3n en la medida en que su demanda se derive de la misma relaci\u00f3n contractual.<\/li><\/ol><h2>8. Conservaci\u00f3n del t\u00edtulo<\/h2><ol start=\"31\"><li>Hasta que no se haya efectuado el pago completo, la mercanc\u00eda entregada (incluidas todas las reclamaciones derivadas de un pedido de fabricaci\u00f3n a medida) seguir\u00e1 siendo propiedad del Vendedor.<\/li><\/ol><h2>9. Garant\u00eda<\/h2><ol start=\"32\"><li>1. Art\u00edculos est\u00e1ndar: El Vendedor concede un periodo de garant\u00eda voluntario de 12 meses por defectos materiales. Adem\u00e1s, existen los derechos de garant\u00eda legales.<\/li><li>2. Productos a medida: Debido a su individualidad, el Vendedor concede un periodo de garant\u00eda reducido de 6 meses exclusivamente para defectos de fabricaci\u00f3n y materiales. Quedan excluidos los da\u00f1os derivados de un uso inadecuado o de modificaciones posteriores por parte del cliente.<\/li><li>3. Cualquier otra garant\u00eda s\u00f3lo existir\u00e1 si el Vendedor la concede expresamente por escrito.<\/li><\/ol><h2>10. Responsabilidad<\/h2><ol start=\"35\"><li>1. El Vendedor ser\u00e1 responsable sin limitaci\u00f3n por dolo y negligencia grave.<\/li><li>2. En caso de negligencia leve, el vendedor s\u00f3lo responder\u00e1 del incumplimiento de obligaciones contractuales esenciales (obligaciones cardinales), limitadas al da\u00f1o t\u00edpico previsible. Las obligaciones cardinales son obligaciones cuyo cumplimiento permite en primer lugar la correcta ejecuci\u00f3n del contrato y en las que el cliente conf\u00eda regularmente.<\/li><li>3. Las anteriores limitaciones de responsabilidad no se aplicar\u00e1n a la responsabilidad por:<\/li><li>- Da\u00f1os derivados de lesiones a la vida, el cuerpo o la salud;<\/li><li>- Asunci\u00f3n de una garant\u00eda o aseguramiento de la calidad del producto; o<\/li><li>- Ocultaci\u00f3n fraudulenta de defectos.<\/li><li>4. La responsabilidad en virtud de la Ley de Responsabilidad por Productos Defectuosos no se ver\u00e1 afectada.<\/li><li>5. Si la responsabilidad del Vendedor est\u00e1 excluida o limitada, esto tambi\u00e9n se aplica a la responsabilidad personal de sus empleados, representantes y auxiliares ejecutivos.<\/li><\/ol><h2>11. Derecho de desistimiento (s\u00f3lo consumidores)<\/h2><ol start=\"43\"><li>1. Derecho de desistimiento para art\u00edculos est\u00e1ndar: Los consumidores tienen derecho a desistir del contrato para la entrega de art\u00edculos est\u00e1ndar en un plazo de 14 d\u00edas sin necesidad de alegar motivo alguno (art. 312g BGB en relaci\u00f3n con el art. 16 (2) lit. b Directiva sobre derechos de los consumidores de la UE). El plazo de desistimiento comienza el d\u00eda en que el consumidor recibe los bienes.<\/li><li>2. Exclusi\u00f3n para productos hechos a medida: Para todos los art\u00edculos de la categor\u00eda \"Confecci\u00f3n a medida\", no existe derecho de desistimiento (art. 312g (3) frase 1 n\u00ba 1 BGB). Una vez iniciada la producci\u00f3n, el pedido es irrevocable.<\/li><li>Importante: En el caso de los productos personalizados, el derecho de desistimiento cesa una vez iniciada la producci\u00f3n. Compruebe detenidamente sus datos antes de enviar el pedido.<\/li><li>3. Instrucci\u00f3n sobre desistimiento para art\u00edculos est\u00e1ndar: Para ejercer su derecho de desistimiento, deber\u00e1 informar a Roxxlyn Design GmbH, Len\u00dfenstra\u00dfe 35, 41239 M\u00f6nchengladbach, Alemania, E-Mail: info@roxxlyn.com, Tel.: +49 (0)30 20169208 mediante una declaraci\u00f3n clara (por ejemplo, carta, fax o correo electr\u00f3nico) de su decisi\u00f3n de desistir del presente contrato.<\/li><li>4. Consecuencias del desistimiento (art\u00edculos est\u00e1ndar): Le reembolsaremos todos los pagos recibidos de usted, incluidos los gastos de entrega (excluidos los gastos adicionales derivados de la elecci\u00f3n por su parte de un m\u00e9todo de entrega distinto de nuestra entrega est\u00e1ndar), en un plazo de 14 d\u00edas a partir de la recepci\u00f3n de su notificaci\u00f3n de desistimiento. El reembolso se efectuar\u00e1 utilizando el mismo medio de pago empleado en la transacci\u00f3n original, salvo que se acuerde otra cosa. No se cobrar\u00e1n comisiones. Podremos retener el reembolso hasta haber recibido los bienes o hasta que usted haya presentado una prueba de haberlos devuelto, seg\u00fan qu\u00e9 condici\u00f3n se cumpla primero. Debe devolver los bienes sin demora indebida, a m\u00e1s tardar 14 d\u00edas a partir de la fecha en que nos notifique el desistimiento. El plazo se cumple si env\u00eda los bienes antes de que expire el plazo de 14 d\u00edas. Usted corre con los gastos directos de devoluci\u00f3n de los bienes. Si el valor de los bienes ha disminuido debido a una manipulaci\u00f3n m\u00e1s all\u00e1 de lo necesario para establecer la naturaleza, las caracter\u00edsticas y el funcionamiento de los bienes, debe compensarnos por la disminuci\u00f3n de valor.<\/li><\/ol><h2>12. Devoluciones<\/h2><ol start=\"48\"><li>1. Independientemente del desistimiento, el cliente deber\u00e1 solicitar una autorizaci\u00f3n de devoluci\u00f3n (\"Return Authorization\") por correo electr\u00f3nico a support@roxxlyn.com antes de proceder a la devoluci\u00f3n. De este modo se garantiza una tramitaci\u00f3n r\u00e1pida.<\/li><li>2. Las devoluciones deben realizarse en un env\u00edo rastreable y asegurado; la factura comercial de Roxxlyn debe estar claramente visible en el exterior del paquete. Env\u00edos desde pa\u00edses no pertenecientes a la UE: Marque \"Devolver al remitente\" en el exterior de la factura comercial para garantizar un despacho de aduanas sin problemas. Si no dispone de la factura original, p\u00f3ngase en contacto con support@roxxlyn.com. El cliente correr\u00e1 con los gastos de las devoluciones incorrectas o incompletas.<\/li><li>3. Las mercanc\u00edas devueltas (incluidos todos los accesorios) deben estar correctamente embaladas. Si no dispone del embalaje original, utilice un embalaje alternativo adecuado para evitar da\u00f1os durante el transporte.<\/li><li>4. Los productos a medida quedan excluidos de devoluci\u00f3n una vez iniciada la producci\u00f3n.<\/li><\/ol><h2>13. 13. Almacenamiento de textos contractuales<\/h2><ol start=\"52\"><li>1. El Vendedor almacena el texto completo del contrato. Estas CGC est\u00e1n disponibles en l\u00ednea y pueden imprimirse utilizando la funci\u00f3n de impresi\u00f3n del navegador antes de realizar el pedido.<\/li><li>2. El Vendedor env\u00eda al cliente una confirmaci\u00f3n de pedido por correo electr\u00f3nico tras la celebraci\u00f3n del contrato, que incluye los datos contractuales esenciales y las presentes CGC.<\/li><\/ol><h2>14. 14. Protecci\u00f3n de datos<\/h2><ol start=\"54\"><li>1. Roxxlyn Design GmbH procesa datos personales \u00fanicamente para fines espec\u00edficos, expl\u00edcitos y leg\u00edtimos y de conformidad con las leyes de protecci\u00f3n de datos aplicables (en particular, el GDPR).<\/li><li>2. Los datos personales recogidos durante un pedido (por ejemplo, nombre, correo electr\u00f3nico, direcci\u00f3n de entrega, datos de pago) se utilizan exclusivamente para el cumplimiento del contrato. Los datos s\u00f3lo se comparten con terceros en la medida necesaria para la tramitaci\u00f3n del env\u00edo o del pago.<\/li><li>3. El cliente tiene derecho a acceder, rectificar, bloquear o borrar sus datos personales almacenados, con sujeci\u00f3n a las obligaciones legales de conservaci\u00f3n.<\/li><li>4. Encontrar\u00e1 informaci\u00f3n detallada sobre la naturaleza, el alcance, la ubicaci\u00f3n y la finalidad de la recogida, el tratamiento y el uso de los datos en nuestra pol\u00edtica de privacidad: <a href=\"https:\/\/roxxlyn.com\/es\/privacy-policy\/\">https:\/\/roxxlyn.com\/privacy-policy\/<\/a><\/li><\/ol><h2>15. Jurisdicci\u00f3n, ley aplicable, lenguaje contractual<\/h2><ol start=\"58\"><li>1. Si el cliente es un comerciante, una persona jur\u00eddica de derecho p\u00fablico o un patrimonio especial de derecho p\u00fablico, la jurisdicci\u00f3n exclusiva para todos los litigios derivados del presente contrato es M\u00f6nchengladbach, Alemania.<\/li><li>2. Se aplicar\u00e1 la legislaci\u00f3n alemana, con exclusi\u00f3n de la Convenci\u00f3n de las Naciones Unidas sobre los Contratos de Compraventa Internacional de Mercader\u00edas (CISG), a menos que prevalezcan las leyes obligatorias de protecci\u00f3n del consumidor del pa\u00eds del cliente.<\/li><li>3. El idioma del contrato es el alem\u00e1n.<\/li><\/ol><h2>16. Cl\u00e1usula de divisibilidad<\/h2><ol start=\"61\"><li>En caso de que alguna de las disposiciones de estas CGC sea o llegue a ser total o parcialmente inv\u00e1lida, la validez de las restantes disposiciones no se ver\u00e1 afectada. Una disposici\u00f3n inv\u00e1lida ser\u00e1 sustituida por otra que refleje lo m\u00e1s fielmente posible la intenci\u00f3n econ\u00f3mica de la disposici\u00f3n inv\u00e1lida.<\/li><\/ol><h2>17. Modificaci\u00f3n de las CGC<\/h2><ol start=\"62\"><li>El Vendedor se reserva el derecho a modificar estas CGC en cualquier momento. Las modificaciones se publicar\u00e1n en el sitio web. Para los contratos existentes, se aplicar\u00e1n las CGC vigentes en el momento de la celebraci\u00f3n del contrato, a menos que las disposiciones legales obligatorias exijan modificaciones.<\/li><\/ol><h2>18. Atenci\u00f3n al cliente y gesti\u00f3n de reclamaciones<\/h2><ol start=\"63\"><li>Para preguntas o reclamaciones, nuestro servicio de atenci\u00f3n al cliente est\u00e1 disponible los d\u00edas laborables de 10:00 a 17:00 CET en el +49 (0)30 20169208 o por correo electr\u00f3nico en info@roxxlyn.com.<\/li><\/ol><h2>19. Resoluci\u00f3n de litigios en materia de consumo \/ Resoluci\u00f3n de litigios en l\u00ednea<\/h2><ol start=\"64\"><li>La Comisi\u00f3n Europea ofrece una plataforma de resoluci\u00f3n de litigios en l\u00ednea: https:\/\/ec.europa.eu\/consumers\/odr. Los consumidores tienen la opci\u00f3n de utilizar esta plataforma para resolver sus litigios.<\/li><\/ol><h2>Anexo: Modelo de formulario de desistimiento<\/h2><p>Formulario de desistimiento (Rellene y env\u00ede este formulario s\u00f3lo si desea desistir del contrato)<\/p><p>- Para:<\/p><p>Roxxlyn Design GmbH<\/p><p>Len\u00dfenstra\u00dfe 35<\/p><p>41239 M\u00f6nchengladbach<\/p><p>Alemania<\/p><p>Correo electr\u00f3nico: info@roxxlyn.com<\/p><p>- Por la presente notifico\/notificamos que desisto\/desistimos de mi\/nuestro* contrato de venta de los siguientes bienes*\/para la prestaci\u00f3n del siguiente servicio*<\/p><p>N\u00famero de pedido: ___________________________<\/p><p>Fecha de pedido\/compra: ___________________<\/p><p>- Nombre del consumidor<\/p><p>__________________________________________<\/p><p>- Direcci\u00f3n del (de los) consumidor(es)<\/p><p>__________________________________________<\/p><p>- Firma del (de los) consumidor(es) (s\u00f3lo si este formulario se notifica en papel)<\/p><p>__________________________________________<\/p><p>- Fecha<\/p><p>__________________________________________<\/p><p>* T\u00e1chese lo que no proceda.<\/p>\t\t\t\t\t\t\t\t<\/div>\n\t\t\t\t<\/div>\n\t\t\t\t\t<\/div>\n\t\t<\/div>\n\t\t\t\t\t<\/div>\n\t\t<\/section>\n\t\t\t\t<\/div>","protected":false},"excerpt":{"rendered":"<p>Condiciones Generales de Contrataci\u00f3n (CGC)Roxxlyn Design GmbHEn vigor desde: 13 de junio de 2025 (V012025) 1. Definiciones y \u00e1mbito de aplicaci\u00f3n 1. Definiciones y \u00e1mbito de aplicaci\u00f3n 1.1. Definiciones 1.1. Definiciones Vendedor: Roxxlyn Design GmbH, Len\u00dfenstra\u00dfe 35, 41239 M\u00f6nchengladbach,...<\/p>","protected":false},"author":2904,"featured_media":0,"parent":0,"menu_order":0,"comment_status":"closed","ping_status":"closed","template":"","meta":{"inline_featured_image":false,"footnotes":""},"class_list":["post-29","page","type-page","status-publish","hentry"],"_links":{"self":[{"href":"https:\/\/roxxlyn.com\/es\/wp-json\/wp\/v2\/pages\/29","targetHints":{"allow":["GET"]}}],"collection":[{"href":"https:\/\/roxxlyn.com\/es\/wp-json\/wp\/v2\/pages"}],"about":[{"href":"https:\/\/roxxlyn.com\/es\/wp-json\/wp\/v2\/types\/page"}],"author":[{"embeddable":true,"href":"https:\/\/roxxlyn.com\/es\/wp-json\/wp\/v2\/users\/2904"}],"replies":[{"embeddable":true,"href":"https:\/\/roxxlyn.com\/es\/wp-json\/wp\/v2\/comments?post=29"}],"version-history":[{"count":0,"href":"https:\/\/roxxlyn.com\/es\/wp-json\/wp\/v2\/pages\/29\/revisions"}],"wp:attachment":[{"href":"https:\/\/roxxlyn.com\/es\/wp-json\/wp\/v2\/media?parent=29"}],"curies":[{"name":"wp","href":"https:\/\/api.w.org\/{rel}","templated":true}]}}