{"id":129,"date":"2020-08-13T16:25:06","date_gmt":"2020-08-13T16:25:06","guid":{"rendered":"https:\/\/roxxlyn.com\/?page_id=129"},"modified":"2024-11-14T17:45:38","modified_gmt":"2024-11-14T17:45:38","slug":"faq","status":"publish","type":"page","link":"https:\/\/roxxlyn.com\/es\/faq\/","title":{"rendered":"Preguntas m\u00e1s frecuentes"},"content":{"rendered":"<div data-elementor-type=\"wp-page\" data-elementor-id=\"129\" class=\"elementor elementor-129\" data-elementor-post-type=\"page\">\n\t\t\t\t\t\t<section class=\"elementor-section elementor-top-section elementor-element elementor-element-3564859 elementor-section-boxed elementor-section-height-default elementor-section-height-default\" data-id=\"3564859\" data-element_type=\"section\" data-e-type=\"section\">\n\t\t\t\t\t\t<div class=\"elementor-container elementor-column-gap-default\">\n\t\t\t\t\t<div class=\"elementor-column elementor-col-100 elementor-top-column elementor-element elementor-element-4998c23\" data-id=\"4998c23\" data-element_type=\"column\" data-e-type=\"column\">\n\t\t\t<div class=\"elementor-widget-wrap elementor-element-populated\">\n\t\t\t\t\t\t<div class=\"elementor-element elementor-element-07c9ff0 elementor-widget elementor-widget-text-editor\" data-id=\"07c9ff0\" data-element_type=\"widget\" data-e-type=\"widget\" data-widget_type=\"text-editor.default\">\n\t\t\t\t<div class=\"elementor-widget-container\">\n\t\t\t\t\t\t\t\t\t<p><strong>1. \u00bfLos productos Roxxlyn est\u00e1n realmente hechos de piedra aut\u00e9ntica?<\/strong><br \/>S\u00ed, Roxxlyn s\u00f3lo utiliza piedra natural aut\u00e9ntica, como m\u00e1rmol y pizarra. Cada piedra se selecciona cuidadosamente para garantizar la m\u00e1xima calidad y mostrar la estructura y belleza \u00fanicas que solo la piedra aut\u00e9ntica puede ofrecer.<\/p><p><strong>2. \u00bfD\u00f3nde se fabrican los productos Roxxlyn?<\/strong><br \/>Todos nuestros productos se fabrican en Alemania. Al producir localmente, mantenemos los m\u00e1s altos est\u00e1ndares de dise\u00f1o, calidad y sostenibilidad. Todos los productos se fabrican a mano de forma meticulosa y artesanal.<\/p><p><strong>3. \u00bfQu\u00e9 hace \u00fanica a la pizarra?<\/strong><br \/>La pizarra presenta una distintiva textura en capas con una superficie sutilmente rugosa, que le confiere un aspecto moderno y org\u00e1nico. Con el tiempo, la pizarra adquiere una p\u00e1tina mate que realza su encanto natural. Nuestros productos de pizarra son ligeros, duraderos y ofrecen una agradable sensaci\u00f3n t\u00e1ctil y de agarre.<\/p><p><strong>4. \u00bfCu\u00e1les son las caracter\u00edsticas del m\u00e1rmol y c\u00f3mo cambia con el tiempo?<\/strong><br \/>El m\u00e1rmol tiene una superficie pulida y brillante y un veteado caracter\u00edstico. Con el tiempo, su superficie puede perder algo de brillo debido al desgaste. Sin embargo, su brillo original puede recuperarse f\u00e1cilmente con un simple pulido. El m\u00e1rmol es perfecto para quienes aprecian una est\u00e9tica lujosa y duradera.<\/p><p><strong>5. \u00bfC\u00f3mo se cuidan el m\u00e1rmol y la pizarra?<\/strong><\/p><p><strong>M\u00e1rmol:<\/strong> Basta con limpiar la superficie de m\u00e1rmol con un pa\u00f1o suave y h\u00famedo. Si la superficie se vuelve opaca, puede utilizar un pulimento para restaurar su brillo. En nuestra secci\u00f3n \"Instrucciones\" ofrecemos productos y accesorios de cuidado compatibles, que facilitan el pulido y el mantenimiento.<br \/><strong>Pizarra<\/strong>: Para la pizarra, utilice un poco de limpiacristales y un pa\u00f1o suave para limpiar suavemente la superficie. Este sencillo cuidado preserva la textura natural y, con el tiempo, la pizarra desarrolla una atractiva p\u00e1tina.<\/p><p><strong>6. \u00bfLa pizarra y el m\u00e1rmol son resistentes a los ara\u00f1azos?<\/strong><br \/>Las piedras naturales, como la pizarra y el m\u00e1rmol, no son totalmente resistentes a los ara\u00f1azos, por lo que se recomienda un manejo cuidadoso. Con el tiempo, la pizarra adquiere una p\u00e1tina natural que ayuda a disimular peque\u00f1as marcas. El m\u00e1rmol puede pulirse cuando sea necesario para eliminar ligeros ara\u00f1azos y restaurar su acabado brillante.<\/p><p><strong>7. \u00bfC\u00f3mo es el tacto de la pizarra y el m\u00e1rmol?<\/strong><br \/>La pizarra tiene un acabado mate con textura natural, que proporciona una sensaci\u00f3n moderna y terrosa con un agarre c\u00f3modo. El m\u00e1rmol, por el contrario, es liso, fr\u00edo y brillante, ideal para quienes prefieren un aspecto pulido y elegante. Ambos materiales ofrecen una experiencia t\u00e1ctil incomparable.<\/p><p><strong>8. \u00bfCambia el color de la piedra con el tiempo?<\/strong><br \/>Nuestras piedras naturales conservan su color y estructura durante muchos a\u00f1os. La pizarra desarrolla una hermosa p\u00e1tina mate, mientras que el brillo del m\u00e1rmol puede mantenerse con un pulido ocasional. Ambos materiales son resistentes a los rayos UV y no se decoloran ni siquiera con la exposici\u00f3n regular al sol.<\/p><p><strong>9. \u00bfEs adecuada la pizarra para accesorios como fundas de tel\u00e9fono?<\/strong><br \/>Sin duda. Gracias a innovadoras t\u00e9cnicas de procesamiento, nuestra pizarra es ultrafina pero resistente, lo que la hace ideal para accesorios de uso diario como fundas de tel\u00e9fono. La textura \u00fanica de la piedra se siente segura y agradable en la mano.<\/p><p><strong>10. \u00bfDe d\u00f3nde obtiene Roxxlyn sus piedras?<\/strong><br \/>Nuestras piedras naturales proceden de canteras gestionadas de forma sostenible y damos prioridad al abastecimiento responsable de materiales. Cada pieza se somete a una exhaustiva inspecci\u00f3n de calidad para cumplir nuestros m\u00e1s altos est\u00e1ndares, lo que permite que la belleza natural de la piedra brille con luz propia.<\/p>\t\t\t\t\t\t\t\t<\/div>\n\t\t\t\t<\/div>\n\t\t\t\t\t<\/div>\n\t\t<\/div>\n\t\t\t\t\t<\/div>\n\t\t<\/section>\n\t\t\t\t<\/div>","protected":false},"excerpt":{"rendered":"<p>1. S\u00ed, Roxxlyn s\u00f3lo utiliza piedra natural aut\u00e9ntica, como m\u00e1rmol y pizarra. Cada piedra se selecciona cuidadosamente para garantizar la m\u00e1xima calidad....<\/p>","protected":false},"author":2904,"featured_media":0,"parent":0,"menu_order":0,"comment_status":"closed","ping_status":"closed","template":"","meta":{"inline_featured_image":false,"footnotes":""},"class_list":["post-129","page","type-page","status-publish","hentry"],"_links":{"self":[{"href":"https:\/\/roxxlyn.com\/es\/wp-json\/wp\/v2\/pages\/129","targetHints":{"allow":["GET"]}}],"collection":[{"href":"https:\/\/roxxlyn.com\/es\/wp-json\/wp\/v2\/pages"}],"about":[{"href":"https:\/\/roxxlyn.com\/es\/wp-json\/wp\/v2\/types\/page"}],"author":[{"embeddable":true,"href":"https:\/\/roxxlyn.com\/es\/wp-json\/wp\/v2\/users\/2904"}],"replies":[{"embeddable":true,"href":"https:\/\/roxxlyn.com\/es\/wp-json\/wp\/v2\/comments?post=129"}],"version-history":[{"count":0,"href":"https:\/\/roxxlyn.com\/es\/wp-json\/wp\/v2\/pages\/129\/revisions"}],"wp:attachment":[{"href":"https:\/\/roxxlyn.com\/es\/wp-json\/wp\/v2\/media?parent=129"}],"curies":[{"name":"wp","href":"https:\/\/api.w.org\/{rel}","templated":true}]}}