{"id":8557,"date":"2024-01-14T10:25:22","date_gmt":"2024-01-14T10:25:22","guid":{"rendered":"https:\/\/roxxlyn.com\/?post_type=product&#038;p=8557"},"modified":"2025-09-14T13:32:22","modified_gmt":"2025-09-14T13:32:22","slug":"the-marble-fusion-stand-for-apple-vision-pro","status":"publish","type":"product","link":"https:\/\/roxxlyn.com\/de\/shop\/the-marble-fusion-stand-for-apple-vision-pro\/","title":{"rendered":"Der Marble Fusion St\u00e4nder f\u00fcr Apple Vision Pro"},"content":{"rendered":"<div data-elementor-type=\"product-post\" data-elementor-id=\"8557\" class=\"elementor elementor-8557\" data-elementor-post-type=\"product\">\n\t\t\t\t\t\t<section class=\"elementor-section elementor-top-section elementor-element elementor-element-0978755 elementor-section-boxed elementor-section-height-default elementor-section-height-default\" data-id=\"0978755\" data-element_type=\"section\" data-e-type=\"section\">\n\t\t\t\t\t\t<div class=\"elementor-container elementor-column-gap-default\">\n\t\t\t\t\t<div class=\"elementor-column elementor-col-100 elementor-top-column elementor-element elementor-element-912737f\" data-id=\"912737f\" data-element_type=\"column\" data-e-type=\"column\">\n\t\t\t<div class=\"elementor-widget-wrap elementor-element-populated\">\n\t\t\t\t\t\t<div class=\"elementor-element elementor-element-802a3af elementor-widget elementor-widget-video\" data-id=\"802a3af\" data-element_type=\"widget\" data-e-type=\"widget\" data-settings=\"{&quot;video_type&quot;:&quot;hosted&quot;,&quot;autoplay&quot;:&quot;yes&quot;,&quot;play_on_mobile&quot;:&quot;yes&quot;,&quot;mute&quot;:&quot;yes&quot;,&quot;loop&quot;:&quot;yes&quot;,&quot;controls&quot;:&quot;yes&quot;}\" data-widget_type=\"video.default\">\n\t\t\t\t<div class=\"elementor-widget-container\">\n\t\t\t\t\t\t\t<div class=\"e-hosted-video elementor-wrapper elementor-open-inline\">\n\t\t\t\t\t<video class=\"elementor-video\" src=\"https:\/\/roxxlyn.com\/wp-content\/uploads\/2024\/03\/The-Marble-Fusion-Stand-for-Apple-Vision-Pro-ROXXLYN.mp4\" autoplay=\"\" loop=\"\" controls=\"\" muted=\"muted\" playsinline=\"\" controlslist=\"nodownload\"><\/video>\n\t\t\t\t<\/div>\n\t\t\t\t\t\t<\/div>\n\t\t\t\t<\/div>\n\t\t\t\t<div class=\"elementor-element elementor-element-10094c7 elementor-widget elementor-widget-video\" data-id=\"10094c7\" data-element_type=\"widget\" data-e-type=\"widget\" data-settings=\"{&quot;video_type&quot;:&quot;hosted&quot;,&quot;autoplay&quot;:&quot;yes&quot;,&quot;play_on_mobile&quot;:&quot;yes&quot;,&quot;mute&quot;:&quot;yes&quot;,&quot;loop&quot;:&quot;yes&quot;,&quot;controls&quot;:&quot;yes&quot;}\" data-widget_type=\"video.default\">\n\t\t\t\t<div class=\"elementor-widget-container\">\n\t\t\t\t\t\t\t<div class=\"e-hosted-video elementor-wrapper elementor-open-inline\">\n\t\t\t\t\t<video class=\"elementor-video\" src=\"https:\/\/roxxlyn.com\/wp-content\/uploads\/2024\/03\/The-Black-Marble-Marble-Fusion-Stand-for-Apple-Vision-Pro-ROXXLYN.mp4\" autoplay=\"\" loop=\"\" controls=\"\" muted=\"muted\" playsinline=\"\" controlslist=\"nodownload\"><\/video>\n\t\t\t\t<\/div>\n\t\t\t\t\t\t<\/div>\n\t\t\t\t<\/div>\n\t\t\t\t\t<\/div>\n\t\t<\/div>\n\t\t\t\t\t<\/div>\n\t\t<\/section>\n\t\t\t\t<\/div>","protected":false},"excerpt":{"rendered":"<p>Einf\u00fchrung in die <strong>ROXXLYN Fusion-St\u00e4nder aus echtem Marmor<\/strong>ein in Deutschland entwickeltes Meisterwerk, das f\u00fcr den Apple Vision Pro entwickelt wurde. Dieser St\u00e4nder verbindet nahtlos ultrad\u00fcnne Marmor-Eleganz mit fortschrittlicher Ladetechnologie. Mit einer soliden Basis aus CNC-gefr\u00e4stem Aluminium und einer eleganten Chromoberfl\u00e4che strahlt der St\u00e4nder sowohl Funktionalit\u00e4t als auch Raffinesse aus.<\/p>\n<p>Der ROXXLYN-St\u00e4nder wurde speziell f\u00fcr den Apple Vision Pro entwickelt und wertet Ihr Ger\u00e4t mit der perfekten Mischung aus Luxus und modernem Nutzen auf. Ob Sie die kabellosen Ladefunktionen oder die vielseitigen USB-Anschl\u00fcsse nutzen, dieser St\u00e4nder ist mehr als nur ein Accessoire - er ist ein Muss f\u00fcr alle, die tadelloses Design und Effizienz zu sch\u00e4tzen wissen.<\/p>\n<p><strong>Hauptmerkmale:<\/strong><\/p>\n<ul>\n<li>Pr\u00e4zisionshandwerk made in Germany<\/li>\n<li>Feinster echter Marmor Nero Marquina<\/li>\n<li>2 drahtlose Hochgeschwindigkeits-Ladestationen mit 2 x 2,0+0,5 MagSafe-Magneten f\u00fcr die automatische Positionierung von MagSafe-iPhones und -H\u00fcllen<\/li>\n<li>Pr\u00e4zise CNC-gefr\u00e4stes Aluminium mit elegantem Chrom-Finish<\/li>\n<li>Perfektes Design f\u00fcr den Apple Vision Pro mit integrierter Light Seal Halterung, Batteriehalterung und Kabelf\u00fchrung<\/li>\n<li>2 USB-A-Anschl\u00fcsse und 2 USB-C-Adapter f\u00fcr maximale Vielseitigkeit<\/li>\n<\/ul>","protected":false},"featured_media":8917,"template":"","meta":{"inline_featured_image":false},"product_brand":[],"product_cat":[151],"product_tag":[148,150,149],"class_list":{"0":"post-8557","1":"product","2":"type-product","3":"status-publish","4":"has-post-thumbnail","6":"product_cat-apple-vision-pro-stand","7":"product_tag-apple-vision-pro-stand","8":"product_tag-real-marble-stand","9":"product_tag-the-marble-fusion-stand-for-apple-vision-pro","11":"first","12":"instock","13":"taxable","14":"shipping-taxable","15":"purchasable","16":"product-type-simple"},"exclude_global_add_ons":[],"addons":[],"_links":{"self":[{"href":"https:\/\/roxxlyn.com\/de\/wp-json\/wp\/v2\/product\/8557","targetHints":{"allow":["GET"]}}],"collection":[{"href":"https:\/\/roxxlyn.com\/de\/wp-json\/wp\/v2\/product"}],"about":[{"href":"https:\/\/roxxlyn.com\/de\/wp-json\/wp\/v2\/types\/product"}],"version-history":[{"count":0,"href":"https:\/\/roxxlyn.com\/de\/wp-json\/wp\/v2\/product\/8557\/revisions"}],"wp:featuredmedia":[{"embeddable":true,"href":"https:\/\/roxxlyn.com\/de\/wp-json\/wp\/v2\/media\/8917"}],"wp:attachment":[{"href":"https:\/\/roxxlyn.com\/de\/wp-json\/wp\/v2\/media?parent=8557"}],"wp:term":[{"taxonomy":"product_brand","embeddable":true,"href":"https:\/\/roxxlyn.com\/de\/wp-json\/wp\/v2\/product_brand?post=8557"},{"taxonomy":"product_cat","embeddable":true,"href":"https:\/\/roxxlyn.com\/de\/wp-json\/wp\/v2\/product_cat?post=8557"},{"taxonomy":"product_tag","embeddable":true,"href":"https:\/\/roxxlyn.com\/de\/wp-json\/wp\/v2\/product_tag?post=8557"}],"curies":[{"name":"wp","href":"https:\/\/api.w.org\/{rel}","templated":true}]}}