{"id":7552,"date":"2023-02-19T16:43:15","date_gmt":"2023-02-19T16:43:15","guid":{"rendered":"https:\/\/roxxlyn.com\/?post_type=product&#038;p=7552"},"modified":"2025-08-30T17:57:02","modified_gmt":"2025-08-30T17:57:02","slug":"marble-watch-nero-marquina-black-metal","status":"publish","type":"product","link":"https:\/\/roxxlyn.com\/de\/shop\/marble-watch-nero-marquina-black-metal\/","title":{"rendered":"Marmoruhr - Nero Marquina - Schwarzes Metall"},"content":{"rendered":"","protected":false},"excerpt":{"rendered":"<p>Erh\u00f6hen Sie Ihren Stil mit der The Real Marble Watch - Nero Marquina - ein einzigartiger Zeitmesser, der Individualit\u00e4t zelebriert. Sie wird in Deutschland handgefertigt und verf\u00fcgt \u00fcber ein ultrad\u00fcnnes, leichtes Marmorzifferblatt aus dem begehrten Nero Marquina-Stein in Spanien, so dass keine Uhr der anderen gleicht. Seine nat\u00fcrliche Maserung macht jedes St\u00fcck zu einem einzigartigen Schatz.<\/p>\n<p>Die Stone Watch ist nicht nur ein modisches Statement, sondern mit ihrem Edelstahlgeh\u00e4use und dem Saphirglas, das St\u00f6\u00dfen und extremen Bedingungen standh\u00e4lt, auch sehr robust. Sie wird von einem pr\u00e4zisen Schweizer Ronda-Uhrwerk 762 mit Sto\u00dfd\u00e4mpfern angetrieben und ist f\u00fcr jedes Abenteuer bereit.<\/p>\n<p>Mit einem schlanken Durchmesser von 40 mm und einer Dicke von 8 mm sowie einem Gewicht von nur 90 Gramm ist das minimalistische Design perfekt f\u00fcr jede Gelegenheit geeignet und l\u00e4sst sich nahtlos in einen Abend oder einen Tag im B\u00fcro integrieren.<\/p>\n<p>Investieren Sie in eine Uhr, die so einzigartig ist wie Sie selbst. Die Stone Watch vereint Stil, Haltbarkeit und Funktionalit\u00e4t. Holen Sie sich Ihre Uhr noch heute und werten Sie Ihren Look sofort auf.<\/p>","protected":false},"featured_media":9593,"template":"","meta":{"inline_featured_image":false},"product_brand":[],"product_cat":[155,127],"product_tag":[],"class_list":{"0":"post-7552","1":"product","2":"type-product","3":"status-publish","4":"has-post-thumbnail","6":"product_cat-marble-watch","7":"product_cat-watch","9":"first","10":"instock","11":"taxable","12":"shipping-taxable","13":"purchasable","14":"product-type-simple"},"exclude_global_add_ons":[],"addons":[],"_links":{"self":[{"href":"https:\/\/roxxlyn.com\/de\/wp-json\/wp\/v2\/product\/7552","targetHints":{"allow":["GET"]}}],"collection":[{"href":"https:\/\/roxxlyn.com\/de\/wp-json\/wp\/v2\/product"}],"about":[{"href":"https:\/\/roxxlyn.com\/de\/wp-json\/wp\/v2\/types\/product"}],"version-history":[{"count":0,"href":"https:\/\/roxxlyn.com\/de\/wp-json\/wp\/v2\/product\/7552\/revisions"}],"wp:featuredmedia":[{"embeddable":true,"href":"https:\/\/roxxlyn.com\/de\/wp-json\/wp\/v2\/media\/9593"}],"wp:attachment":[{"href":"https:\/\/roxxlyn.com\/de\/wp-json\/wp\/v2\/media?parent=7552"}],"wp:term":[{"taxonomy":"product_brand","embeddable":true,"href":"https:\/\/roxxlyn.com\/de\/wp-json\/wp\/v2\/product_brand?post=7552"},{"taxonomy":"product_cat","embeddable":true,"href":"https:\/\/roxxlyn.com\/de\/wp-json\/wp\/v2\/product_cat?post=7552"},{"taxonomy":"product_tag","embeddable":true,"href":"https:\/\/roxxlyn.com\/de\/wp-json\/wp\/v2\/product_tag?post=7552"}],"curies":[{"name":"wp","href":"https:\/\/api.w.org\/{rel}","templated":true}]}}