{"id":6408,"date":"2022-09-07T12:02:39","date_gmt":"2022-09-07T12:02:39","guid":{"rendered":"https:\/\/roxxlyn.com\/?post_type=product&#038;p=6408"},"modified":"2025-09-24T07:08:23","modified_gmt":"2025-09-24T07:08:23","slug":"the-iphone-slate-case-transocean","status":"publish","type":"product","link":"https:\/\/roxxlyn.com\/de\/shop\/the-iphone-slate-case-transocean\/","title":{"rendered":"Die iPhone Schieferh\u00fclle Transocean"},"content":{"rendered":"<div data-elementor-type=\"wp-post\" data-elementor-id=\"6408\" class=\"elementor elementor-6408\" data-elementor-post-type=\"product\">\n\t\t\t\t\t\t<section class=\"elementor-section elementor-top-section elementor-element elementor-element-85c5581 elementor-section-boxed elementor-section-height-default elementor-section-height-default\" data-id=\"85c5581\" data-element_type=\"section\" data-e-type=\"section\">\n\t\t\t\t\t\t<div class=\"elementor-container elementor-column-gap-default\">\n\t\t\t\t\t<div class=\"elementor-column elementor-col-100 elementor-top-column elementor-element elementor-element-28fc111\" data-id=\"28fc111\" data-element_type=\"column\" data-e-type=\"column\">\n\t\t\t<div class=\"elementor-widget-wrap\">\n\t\t\t\t\t\t\t<\/div>\n\t\t<\/div>\n\t\t\t\t\t<\/div>\n\t\t<\/section>\n\t\t\t\t<section class=\"elementor-section elementor-top-section elementor-element elementor-element-f0f24e1 elementor-section-boxed elementor-section-height-default elementor-section-height-default\" data-id=\"f0f24e1\" data-element_type=\"section\" data-e-type=\"section\" data-settings=\"{&quot;background_background&quot;:&quot;classic&quot;}\">\n\t\t\t\t\t\t<div class=\"elementor-container elementor-column-gap-default\">\n\t\t\t\t\t<div class=\"elementor-column elementor-col-100 elementor-top-column elementor-element elementor-element-611b1ee\" data-id=\"611b1ee\" data-element_type=\"column\" data-e-type=\"column\">\n\t\t\t<div class=\"elementor-widget-wrap elementor-element-populated\">\n\t\t\t\t\t\t<div class=\"elementor-element elementor-element-3b15875 elementor-widget elementor-widget-video\" data-id=\"3b15875\" data-element_type=\"widget\" data-e-type=\"widget\" data-settings=\"{&quot;video_type&quot;:&quot;hosted&quot;,&quot;controls&quot;:&quot;yes&quot;}\" data-widget_type=\"video.default\">\n\t\t\t\t<div class=\"elementor-widget-container\">\n\t\t\t\t\t\t\t<div class=\"e-hosted-video elementor-wrapper elementor-open-inline\">\n\t\t\t\t\t<video class=\"elementor-video\" src=\"https:\/\/roxxlyn.com\/wp-content\/uploads\/2020\/11\/iPhone-Skin-inkl-Zubehor.66.mp4\" controls=\"\" preload=\"metadata\" controlslist=\"nodownload\"><\/video>\n\t\t\t\t<\/div>\n\t\t\t\t\t\t<\/div>\n\t\t\t\t<\/div>\n\t\t\t\t<section class=\"elementor-section elementor-inner-section elementor-element elementor-element-64c9f28 elementor-section-boxed elementor-section-height-default elementor-section-height-default\" data-id=\"64c9f28\" data-element_type=\"section\" data-e-type=\"section\">\n\t\t\t\t\t\t<div class=\"elementor-container elementor-column-gap-default\">\n\t\t\t\t\t<div class=\"elementor-column elementor-col-100 elementor-inner-column elementor-element elementor-element-53f4098\" data-id=\"53f4098\" data-element_type=\"column\" data-e-type=\"column\">\n\t\t\t<div class=\"elementor-widget-wrap elementor-element-populated\">\n\t\t\t\t\t\t<div class=\"elementor-element elementor-element-063f3cb elementor-widget elementor-widget-text-editor\" data-id=\"063f3cb\" data-element_type=\"widget\" data-e-type=\"widget\" data-widget_type=\"text-editor.default\">\n\t\t\t\t<div class=\"elementor-widget-container\">\n\t\t\t\t\t\t\t\t\tDer echte Slate Case Black Impact Case ist klassisch und diskret. Es wird in Berlin aus echtem Schiefer handgefertigt und mit feinstem Alcantara ausgekleidet, das Ihrem iPhone auf Ihren t\u00e4glichen Reisen optimalen Schutz bietet. In Kombination mit einem hochwertigen Rahmen wiegt dieses Meisterwerk nur 35 Gramm. Seine satte grauschwarze Textur hat eine sensationelle Oberfl\u00e4che aufgrund der unterschiedlichen Steinstruktur, die lebendig und au\u00dfergew\u00f6hnlich ist und jedes einzelne Produkt wirklich einzigartig macht.\n\t\t\t\t\t\t\t\t<\/div>\n\t\t\t\t<\/div>\n\t\t\t\t<div class=\"elementor-element elementor-element-f4a6dab elementor-widget elementor-widget-text-editor\" data-id=\"f4a6dab\" data-element_type=\"widget\" data-e-type=\"widget\" data-widget_type=\"text-editor.default\">\n\t\t\t\t<div class=\"elementor-widget-container\">\n\t\t\t\t\t\t\t\t\t<p>Das kabellose Laden wie bei allen anderen Frequenzen wird ohne Kompromisse vollst\u00e4ndig unterst\u00fctzt.<\/p>\t\t\t\t\t\t\t\t<\/div>\n\t\t\t\t<\/div>\n\t\t\t\t<div class=\"elementor-element elementor-element-8c52388 elementor-widget elementor-widget-text-editor\" data-id=\"8c52388\" data-element_type=\"widget\" data-e-type=\"widget\" data-widget_type=\"text-editor.default\">\n\t\t\t\t<div class=\"elementor-widget-container\">\n\t\t\t\t\t\t\t\t\t<p>Das Geh\u00e4use selbst besteht aus thermoplastischem Polyurethan und Polycarbonat und ist in verschiedenen Ausf\u00fchrungen und Farben erh\u00e4ltlich. Das Gesamtgewicht des Produkts betr\u00e4gt je nach Geh\u00e4usegr\u00f6\u00dfe nur 35 bis 45 Gramm. Wie bei allen unseren Produkten handelt es sich bei diesem Geh\u00e4use um ein Unikat, das sich in seiner einzigartigen Gesteinsstruktur und -farbe unterscheidet. Jedes ist ein Unikat der Natur. \u00a0<\/p>\t\t\t\t\t\t\t\t<\/div>\n\t\t\t\t<\/div>\n\t\t\t\t\t<\/div>\n\t\t<\/div>\n\t\t\t\t\t<\/div>\n\t\t<\/section>\n\t\t\t\t<div class=\"elementor-element elementor-element-956b714 elementor-widget elementor-widget-video\" data-id=\"956b714\" data-element_type=\"widget\" data-e-type=\"widget\" data-settings=\"{&quot;video_type&quot;:&quot;vimeo&quot;}\" data-widget_type=\"video.default\">\n\t\t\t\t<div class=\"elementor-widget-container\">\n\t\t\t\t\t\t\t<div class=\"elementor-wrapper elementor-open-inline\">\n\t\t\t<iframe class=\"elementor-video-iframe\" allowfullscreen allow=\"clipboard-write\" title=\"vimeo Video Player\" src=\"https:\/\/player.vimeo.com\/video\/290503829?color&amp;autopause=0&amp;loop=0&amp;muted=0&amp;title=1&amp;portrait=1&amp;byline=1#t=\"><\/iframe>\t\t<\/div>\n\t\t\t\t\t\t<\/div>\n\t\t\t\t<\/div>\n\t\t\t\t\t<\/div>\n\t\t<\/div>\n\t\t\t\t\t<\/div>\n\t\t<\/section>\n\t\t\t\t<\/div>","protected":false},"excerpt":{"rendered":"<p data-start=\"325\" data-end=\"739\">Erh\u00f6hen Sie Ihr neues <strong data-start=\"342\" data-end=\"407\">iPhone 17, iPhone 17 Pro, iPhone 17 Pro Max oder iPhone 17 Air<\/strong> mit der un\u00fcbertroffenen Sch\u00f6nheit und Langlebigkeit unserer <strong data-start=\"456\" data-end=\"482\">Real Slate iPhone Tasche<\/strong>. Dieser in Deutschland mit Pr\u00e4zision handgefertigte Koffer ist aus authentischem <strong data-start=\"556\" data-end=\"576\">Transozeanischer Schiefer<\/strong>Sie besticht durch ihre blaugrauen Farbt\u00f6ne mit nat\u00fcrlichen Akzenten in Gelb, Orange und Gold. Jedes Geh\u00e4use ist ein Unikat und spiegelt den wahren Charme von Naturstein wider. Die <strong data-start=\"745\" data-end=\"765\">robuster TPU-Rahmen<\/strong> bietet zuverl\u00e4ssigen Schutz vor St\u00fcrzen und Kratzern, w\u00e4hrend die <strong data-start=\"833\" data-end=\"858\">weiches Alcantara-Futter<\/strong> bietet ein luxuri\u00f6ses Gef\u00fchl und zus\u00e4tzliche Sto\u00dfd\u00e4mpfung. Schlank, leicht und vollst\u00e4ndig <strong data-start=\"942\" data-end=\"991\">kompatibel mit MagSafe und kabellosem Laden<\/strong>Er bietet sowohl moderne Funktionalit\u00e4t als auch zeitlose Eleganz. Mit Stolz <strong data-start=\"1063\" data-end=\"1082\">Hergestellt in Deutschland<\/strong>Das Real Slate iPhone 17 Case verk\u00f6rpert Qualit\u00e4t, Stil und Exklusivit\u00e4t - perfekt f\u00fcr alle, die echte Materialien und hochwertige Handwerkskunst sch\u00e4tzen.<\/p>","protected":false},"featured_media":13053,"template":"","meta":{"inline_featured_image":false},"product_brand":[],"product_cat":[66],"product_tag":[90,89,91],"class_list":{"0":"post-6408","1":"product","2":"type-product","3":"status-publish","4":"has-post-thumbnail","6":"product_cat-iphone-cases","7":"product_tag-iphone-real-slate-case","8":"product_tag-slate-case","9":"product_tag-slate-case-by-roxxlyn","11":"first","12":"instock","13":"featured","14":"taxable","15":"shipping-taxable","16":"purchasable","17":"product-type-variable","18":"has-default-attributes"},"exclude_global_add_ons":true,"addons":[{"name":"Ma\u00dfanfertigung","type":"checkbox","position":0,"required":false,"title_format":"label","default":"","description_enable":false,"description":"","placeholder_enable":false,"placeholder":"","display":"select","restrictions_type":"any_text","adjust_price":false,"price":"","price_type":"flat_fee","restrictions":false,"min":"0","max":"0","options":[{"label":"Upgrade your case with a super-strong N52 grade 1.55 mm MagSafe magnet for seamless attachment and faster, more stable wireless charging","price":"10","price_type":"flat_fee","image":0,"visibility":true},{"label":"Opt for the most radiant and lively slate colors we have in stock, ensuring your case shines with unparalleled vibrancy.","price":"","price_type":"flat_fee","image":0,"visibility":true},{"label":"Embrace the raw beauty of nature with a heavy stone texture, adding a bold, tactile feel to your case.","price":"15","price_type":"flat_fee","image":0,"visibility":true},{"label":"Opt for a finer, smoother stone texture for a sleek touch and elegant appearance.","price":"","price_type":"flat_fee","image":0,"visibility":true},{"label":"Feature the iconic Apple logo with a precise cut-out on the stone surface, revealing the case's sleek, black satin-matte underside for a striking contrast and personalized touch.","price":"10","price_type":"flat_fee","image":0,"visibility":true},{"label":"Upgrade with a matching slate skin for the lens, cut from the same slate for perfect uniformity and enhanced protection.","price":"10","price_type":"flat_fee","image":0,"visibility":true},{"label":"Premium Liquid Care with dust-repellent, antistatic protection and a lasting matte effect. Specially designed to preserve and protect your case.","price":"5","price_type":"flat_fee","image":0,"visibility":true},{"label":"Premium Stone Cleaner & Care with antibacterial protection. Gently cleans and preserves the natural beauty of real slate for lasting elegance","price":"5","price_type":"flat_fee","image":0,"visibility":true}],"id":1757681370}],"_links":{"self":[{"href":"https:\/\/roxxlyn.com\/de\/wp-json\/wp\/v2\/product\/6408","targetHints":{"allow":["GET"]}}],"collection":[{"href":"https:\/\/roxxlyn.com\/de\/wp-json\/wp\/v2\/product"}],"about":[{"href":"https:\/\/roxxlyn.com\/de\/wp-json\/wp\/v2\/types\/product"}],"version-history":[{"count":0,"href":"https:\/\/roxxlyn.com\/de\/wp-json\/wp\/v2\/product\/6408\/revisions"}],"wp:featuredmedia":[{"embeddable":true,"href":"https:\/\/roxxlyn.com\/de\/wp-json\/wp\/v2\/media\/13053"}],"wp:attachment":[{"href":"https:\/\/roxxlyn.com\/de\/wp-json\/wp\/v2\/media?parent=6408"}],"wp:term":[{"taxonomy":"product_brand","embeddable":true,"href":"https:\/\/roxxlyn.com\/de\/wp-json\/wp\/v2\/product_brand?post=6408"},{"taxonomy":"product_cat","embeddable":true,"href":"https:\/\/roxxlyn.com\/de\/wp-json\/wp\/v2\/product_cat?post=6408"},{"taxonomy":"product_tag","embeddable":true,"href":"https:\/\/roxxlyn.com\/de\/wp-json\/wp\/v2\/product_tag?post=6408"}],"curies":[{"name":"wp","href":"https:\/\/api.w.org\/{rel}","templated":true}]}}