{"id":3039,"date":"2021-01-13T16:49:21","date_gmt":"2021-01-13T16:49:21","guid":{"rendered":"https:\/\/roxxlyn.com\/?post_type=product&#038;p=3039"},"modified":"2026-03-04T16:09:48","modified_gmt":"2026-03-04T16:09:48","slug":"the-iphone-slate-skin-black-rock","status":"publish","type":"product","link":"https:\/\/roxxlyn.com\/de\/shop\/the-iphone-slate-skin-black-rock\/","title":{"rendered":"Das iPhone Slate Skin Black Rock"},"content":{"rendered":"<div data-elementor-type=\"wp-post\" data-elementor-id=\"3039\" class=\"elementor elementor-3039\" data-elementor-post-type=\"product\">\n\t\t\t\t\t\t<section class=\"elementor-section elementor-top-section elementor-element elementor-element-00f9663 elementor-section-boxed elementor-section-height-default elementor-section-height-default\" data-id=\"00f9663\" data-element_type=\"section\" data-e-type=\"section\">\n\t\t\t\t\t\t<div class=\"elementor-container elementor-column-gap-default\">\n\t\t\t\t\t<div class=\"elementor-column elementor-col-33 elementor-top-column elementor-element elementor-element-9dfa94f\" data-id=\"9dfa94f\" data-element_type=\"column\" data-e-type=\"column\">\n\t\t\t<div class=\"elementor-widget-wrap elementor-element-populated\">\n\t\t\t\t\t\t<div class=\"elementor-element elementor-element-ed5fd35 elementor-widget elementor-widget-heading\" data-id=\"ed5fd35\" data-element_type=\"widget\" data-e-type=\"widget\" data-widget_type=\"heading.default\">\n\t\t\t\t<div class=\"elementor-widget-container\">\n\t\t\t\t\t<h2 class=\"elementor-heading-title elementor-size-default\">Das iPhone Slate Skin Black Rock<\/h2>\t\t\t\t<\/div>\n\t\t\t\t<\/div>\n\t\t\t\t\t<\/div>\n\t\t<\/div>\n\t\t\t\t<div class=\"elementor-column elementor-col-33 elementor-top-column elementor-element elementor-element-f699efe\" data-id=\"f699efe\" data-element_type=\"column\" data-e-type=\"column\">\n\t\t\t<div class=\"elementor-widget-wrap elementor-element-populated\">\n\t\t\t\t\t\t<div class=\"elementor-element elementor-element-46d3387 elementor-widget elementor-widget-text-editor\" data-id=\"46d3387\" data-element_type=\"widget\" data-e-type=\"widget\" data-widget_type=\"text-editor.default\">\n\t\t\t\t<div class=\"elementor-widget-container\">\n\t\t\t\t\t\t\t\t\t<p>Verleihen Sie Ihrem iPhone ein einzigartiges, zeitloses Upgrade mit dem Real Slate Skin Black Rock.<\/p><p>Diese in Deutschland in sorgf\u00e4ltiger Handarbeit gefertigte, ultrad\u00fcnne, echte Schieferhaut vereint Eleganz und Langlebigkeit und hebt Ihr Ger\u00e4t mit ihren tiefen Graut\u00f6nen und der nat\u00fcrlichen Steinstruktur hervor.<\/p><p>Im Gegensatz zu sperrigen H\u00fcllen bietet diese H\u00fclle ein schlankes, minimalistisches Design, das die Glasr\u00fcckseite deines iPhones vor Kratzern und Schmutz sch\u00fctzt und gleichzeitig das urspr\u00fcngliche Profil beibeh\u00e4lt.<\/p><p>Unsere Real Slate Skin Black Rock wurde f\u00fcr eine einwandfreie Passform auf allen iPhone-Modellen entwickelt und enth\u00e4lt einen neuen, ma\u00dfgeschneiderten Schnitt f\u00fcr das iPhone 16 Pro und 16 Pro Max, um den schmaleren linken Linsenbereich zu ber\u00fccksichtigen und sowohl Stil als auch Stabilit\u00e4t zu gew\u00e4hrleisten.<\/p><p>\u00a0<\/p>\t\t\t\t\t\t\t\t<\/div>\n\t\t\t\t<\/div>\n\t\t\t\t\t<\/div>\n\t\t<\/div>\n\t\t\t\t<div class=\"elementor-column elementor-col-33 elementor-top-column elementor-element elementor-element-602b0ef\" data-id=\"602b0ef\" data-element_type=\"column\" data-e-type=\"column\">\n\t\t\t<div class=\"elementor-widget-wrap elementor-element-populated\">\n\t\t\t\t\t\t<div class=\"elementor-element elementor-element-bce3332 elementor-widget elementor-widget-text-editor\" data-id=\"bce3332\" data-element_type=\"widget\" data-e-type=\"widget\" data-widget_type=\"text-editor.default\">\n\t\t\t\t<div class=\"elementor-widget-container\">\n\t\t\t\t\t\t\t\t\t<p><span style=\"background-color: transparent; font-size: 1rem;\">Dieses Fell wird auf Bestellung passgenau angefertigt, l\u00e4sst sich leicht anbringen und hinterl\u00e4sst beim Entfernen keine klebrigen R\u00fcckst\u00e4nde. Jedes St\u00fcck ist aus echtem \"Black Rock\"-Schiefer gefertigt, der aus Jaipur, Indien, bezogen wird, was jedem Fell ein einzigartiges Aussehen verleiht.<\/span><\/p><p><span style=\"background-color: transparent; font-size: 1rem;\">Wir haben uns der Qualit\u00e4t verschrieben, verwenden erstklassige Materialien und w\u00e4hlen nur die besten Steinplatten aus, um ein Skin zu kreieren, das so einzigartig ist wie Sie selbst. Mit einem Gewicht von nur 8 Gramm verleiht die Real Slate Skin Black Rock einen raffinierten und nat\u00fcrlichen Touch, ohne zu beschweren. Bitte beachten Sie, dass f\u00fcr internationale Kunden au\u00dferhalb der EU lokale Steuern und Zollgeb\u00fchren anfallen k\u00f6nnen.<\/span><\/p><p>Erleben Sie wahre Eleganz mit dem Real Slate Skin Black Rock - Schutz, Stil und ein unverwechselbares Aussehen, das nur echter Stein bieten kann.<\/p>\t\t\t\t\t\t\t\t<\/div>\n\t\t\t\t<\/div>\n\t\t\t\t\t<\/div>\n\t\t<\/div>\n\t\t\t\t\t<\/div>\n\t\t<\/section>\n\t\t\t\t<section class=\"elementor-section elementor-top-section elementor-element elementor-element-eee3027 elementor-section-boxed elementor-section-height-default elementor-section-height-default\" data-id=\"eee3027\" data-element_type=\"section\" data-e-type=\"section\" data-settings=\"{&quot;background_background&quot;:&quot;classic&quot;}\">\n\t\t\t\t\t\t<div class=\"elementor-container elementor-column-gap-default\">\n\t\t\t\t\t<div class=\"elementor-column elementor-col-100 elementor-top-column elementor-element elementor-element-833149b\" data-id=\"833149b\" data-element_type=\"column\" data-e-type=\"column\">\n\t\t\t<div class=\"elementor-widget-wrap elementor-element-populated\">\n\t\t\t\t\t\t<div class=\"elementor-element elementor-element-f8693f2 elementor-widget elementor-widget-video\" data-id=\"f8693f2\" data-element_type=\"widget\" data-e-type=\"widget\" data-settings=\"{&quot;video_type&quot;:&quot;hosted&quot;,&quot;play_on_mobile&quot;:&quot;yes&quot;,&quot;autoplay&quot;:&quot;yes&quot;,&quot;mute&quot;:&quot;yes&quot;,&quot;loop&quot;:&quot;yes&quot;}\" data-widget_type=\"video.default\">\n\t\t\t\t<div class=\"elementor-widget-container\">\n\t\t\t\t\t\t\t<div class=\"e-hosted-video elementor-wrapper elementor-open-inline\">\n\t\t\t\t\t<video class=\"elementor-video\" src=\"https:\/\/roxxlyn.com\/wp-content\/uploads\/2024\/11\/16-pro-max-skin.553.mp4\" autoplay=\"\" loop=\"\" muted=\"muted\" playsinline=\"\" controlslist=\"nodownload\"><\/video>\n\t\t\t\t<\/div>\n\t\t\t\t\t\t<\/div>\n\t\t\t\t<\/div>\n\t\t\t\t\t<\/div>\n\t\t<\/div>\n\t\t\t\t\t<\/div>\n\t\t<\/section>\n\t\t\t\t<section class=\"elementor-section elementor-top-section elementor-element elementor-element-f0f24e1 elementor-section-boxed elementor-section-height-default elementor-section-height-default\" data-id=\"f0f24e1\" data-element_type=\"section\" data-e-type=\"section\" data-settings=\"{&quot;background_background&quot;:&quot;classic&quot;}\">\n\t\t\t\t\t\t<div class=\"elementor-container elementor-column-gap-default\">\n\t\t\t\t\t<div class=\"elementor-column elementor-col-100 elementor-top-column elementor-element elementor-element-611b1ee\" data-id=\"611b1ee\" data-element_type=\"column\" data-e-type=\"column\">\n\t\t\t<div class=\"elementor-widget-wrap elementor-element-populated\">\n\t\t\t\t\t\t<div class=\"elementor-element elementor-element-956b714 elementor-widget elementor-widget-video\" data-id=\"956b714\" data-element_type=\"widget\" data-e-type=\"widget\" data-settings=\"{&quot;video_type&quot;:&quot;vimeo&quot;}\" data-widget_type=\"video.default\">\n\t\t\t\t<div class=\"elementor-widget-container\">\n\t\t\t\t\t\t\t<div class=\"elementor-wrapper elementor-open-inline\">\n\t\t\t<iframe class=\"elementor-video-iframe\" allowfullscreen allow=\"clipboard-write\" title=\"vimeo \u89c6\u9891\u64ad\u653e\u5668\" src=\"https:\/\/player.vimeo.com\/video\/290503829?color&amp;autopause=0&amp;loop=0&amp;muted=0&amp;title=1&amp;portrait=1&amp;byline=1#t=\" data-no-translation-title=\"\"><\/iframe>\t\t<\/div>\n\t\t\t\t\t\t<\/div>\n\t\t\t\t<\/div>\n\t\t\t\t\t<\/div>\n\t\t<\/div>\n\t\t\t\t\t<\/div>\n\t\t<\/section>\n\t\t\t\t<section class=\"elementor-section elementor-top-section elementor-element elementor-element-116d343 elementor-section-boxed elementor-section-height-default elementor-section-height-default\" data-id=\"116d343\" data-element_type=\"section\" data-e-type=\"section\">\n\t\t\t\t\t\t<div class=\"elementor-container elementor-column-gap-default\">\n\t\t\t\t\t<div class=\"elementor-column elementor-col-100 elementor-top-column elementor-element elementor-element-58aea76\" data-id=\"58aea76\" data-element_type=\"column\" data-e-type=\"column\">\n\t\t\t<div class=\"elementor-widget-wrap\">\n\t\t\t\t\t\t\t<\/div>\n\t\t<\/div>\n\t\t\t\t\t<\/div>\n\t\t<\/section>\n\t\t\t\t<\/div>","protected":false},"excerpt":{"rendered":"<p data-start=\"147\" data-end=\"200\"><strong data-start=\"147\" data-end=\"198\">Real Slate Skin Black Rock f\u00fcr iPhone 17 Serie<\/strong><\/p>\n<p data-start=\"202\" data-end=\"459\">Verleihe deinem iPhone 17, iPhone 17 Pro, iPhone 17 Pro Max oder iPhone 17 Air einen zeitlosen und nat\u00fcrlichen Look mit der Real Slate Skin Black Rock. Diese in Deutschland handgefertigte, ultrad\u00fcnne Steinhaut kombiniert minimalistisches Design mit echtem Schiefer f\u00fcr ein einzigartiges Finish.<\/p>\n<ul data-start=\"461\" data-end=\"783\">\n<li data-start=\"461\" data-end=\"537\">\n<p data-start=\"463\" data-end=\"537\">Kompatibel mit iPhone 17, 17 Pro, 17 Pro Max, 17 Air und fr\u00fcheren Modellen<\/p>\n<\/li>\n<li data-start=\"461\" data-end=\"537\">\n<p data-start=\"463\" data-end=\"537\">Handgefertigt aus echtem Black Rock Schiefer<\/p>\n<\/li>\n<li data-start=\"584\" data-end=\"626\">\n<p data-start=\"586\" data-end=\"626\">Ultrad\u00fcnn: etwa 1 mm und nur 8 Gramm<\/p>\n<\/li>\n<li data-start=\"627\" data-end=\"682\">\n<p data-start=\"629\" data-end=\"682\">Hochwertiger Kleber, sicherer Halt, r\u00fcckstandsfreie Entfernung<\/p>\n<\/li>\n<li data-start=\"683\" data-end=\"734\">\n<p data-start=\"685\" data-end=\"734\">Sch\u00fctzt die Glasr\u00fcckseite vor Kratzern und Schmutz<\/p>\n<\/li>\n<li data-start=\"735\" data-end=\"783\">\n<p data-start=\"737\" data-end=\"783\">Jede Haut hat eine einzigartige Natursteintextur<\/p>\n<\/li>\n<\/ul>\n<p data-start=\"785\" data-end=\"903\">Leicht, kratzfest und einzigartig - das Black Rock Slate Skin bringt nat\u00fcrliche Eleganz auf Ihr iPhone.<\/p>","protected":false},"featured_media":12860,"template":"","meta":{"inline_featured_image":false},"product_brand":[],"product_cat":[66],"product_tag":[],"class_list":{"0":"post-3039","1":"product","2":"type-product","3":"status-publish","4":"has-post-thumbnail","6":"product_cat-iphone-cases","8":"first","9":"instock","10":"taxable","11":"shipping-taxable","12":"purchasable","13":"product-type-variable","14":"has-default-attributes"},"exclude_global_add_ons":true,"addons":[{"name":"Custom","type":"checkbox","position":0,"required":false,"title_format":"heading","default":"","description_enable":false,"description":"","placeholder_enable":false,"placeholder":"","display":"radiobutton","restrictions_type":"any_text","adjust_price":false,"price":"","price_type":"flat_fee","restrictions":false,"min":"0","max":"0","options":[{"label":"Centered Apple Logo \u2013 We realign the logo to sit exactly in the middle of your iPhone. Comes with a matching vinyl insert. Only for iP17 Pro and 17Pro Max","price":"","price_type":"flat_fee","image":0,"visibility":true},{"label":"Original Apple Logo (2\/3 Position \u2013 iPhone 17 Pro & 17 Pro Max)","price":"","price_type":"flat_fee","image":0,"visibility":true},{"label":"No Apple Logo Cutout \u2013 A seamless full-stone back without any logo opening","price":"","price_type":"flat_fee","image":0,"visibility":true},{"label":"Dark Stone Finish \u2013 Enhanced for the deepest possible tone","price":"","price_type":"flat_fee","image":0,"visibility":true},{"label":"Apple Logo Guard Film \u2013 Highly transparent glossy polyurethane film with outstanding UV-resistance, excellent tear strength, and self-healing surface. That means light scratches on the surface (e.g. originating from squeegees, cleaning brushes) can be removed easily by applying heat (e.g. solar radiation, heat gun)","price":"5","price_type":"flat_fee","image":0,"visibility":true},{"label":"Stone Texture Smooth \u2013 A flatter, more even stone surface with reduced depth and texture.","price":"","price_type":"flat_fee","image":0,"visibility":true},{"label":"Heavy Stone Texture \u2013 Enhanced natural highs and lows, offering a more rugged, tactile stone finish","price":"15","price_type":"flat_fee","image":0,"visibility":true}],"id":1702754809}],"_links":{"self":[{"href":"https:\/\/roxxlyn.com\/de\/wp-json\/wp\/v2\/product\/3039","targetHints":{"allow":["GET"]}}],"collection":[{"href":"https:\/\/roxxlyn.com\/de\/wp-json\/wp\/v2\/product"}],"about":[{"href":"https:\/\/roxxlyn.com\/de\/wp-json\/wp\/v2\/types\/product"}],"version-history":[{"count":1,"href":"https:\/\/roxxlyn.com\/de\/wp-json\/wp\/v2\/product\/3039\/revisions"}],"predecessor-version":[{"id":14837,"href":"https:\/\/roxxlyn.com\/de\/wp-json\/wp\/v2\/product\/3039\/revisions\/14837"}],"wp:featuredmedia":[{"embeddable":true,"href":"https:\/\/roxxlyn.com\/de\/wp-json\/wp\/v2\/media\/12860"}],"wp:attachment":[{"href":"https:\/\/roxxlyn.com\/de\/wp-json\/wp\/v2\/media?parent=3039"}],"wp:term":[{"taxonomy":"product_brand","embeddable":true,"href":"https:\/\/roxxlyn.com\/de\/wp-json\/wp\/v2\/product_brand?post=3039"},{"taxonomy":"product_cat","embeddable":true,"href":"https:\/\/roxxlyn.com\/de\/wp-json\/wp\/v2\/product_cat?post=3039"},{"taxonomy":"product_tag","embeddable":true,"href":"https:\/\/roxxlyn.com\/de\/wp-json\/wp\/v2\/product_tag?post=3039"}],"curies":[{"name":"wp","href":"https:\/\/api.w.org\/{rel}","templated":true}]}}