{"id":1721,"date":"2020-11-12T15:39:53","date_gmt":"2020-11-12T15:39:53","guid":{"rendered":"https:\/\/roxxlyn.com\/?post_type=product&#038;p=1721"},"modified":"2025-09-23T13:26:22","modified_gmt":"2025-09-23T13:26:22","slug":"the-iphone-marble-case-rosso-levanto","status":"publish","type":"product","link":"https:\/\/roxxlyn.com\/de\/shop\/the-iphone-marble-case-rosso-levanto\/","title":{"rendered":"Die iPhone Marmorh\u00fclle Rosso Levanto"},"content":{"rendered":"<div data-elementor-type=\"wp-post\" data-elementor-id=\"1721\" class=\"elementor elementor-1721\" data-elementor-post-type=\"product\">\n\t\t\t\t\t\t<section class=\"elementor-section elementor-top-section elementor-element elementor-element-174fe74 elementor-section-boxed elementor-section-height-default elementor-section-height-default\" data-id=\"174fe74\" data-element_type=\"section\" data-e-type=\"section\" data-settings=\"{&quot;background_background&quot;:&quot;classic&quot;}\">\n\t\t\t\t\t\t<div class=\"elementor-container elementor-column-gap-default\">\n\t\t\t\t\t<div class=\"elementor-column elementor-col-100 elementor-top-column elementor-element elementor-element-9557f36\" data-id=\"9557f36\" data-element_type=\"column\" data-e-type=\"column\">\n\t\t\t<div class=\"elementor-widget-wrap elementor-element-populated\">\n\t\t\t\t\t\t<div class=\"elementor-element elementor-element-4e541a3 elementor-widget elementor-widget-text-editor\" data-id=\"4e541a3\" data-element_type=\"widget\" data-e-type=\"widget\" data-widget_type=\"text-editor.default\">\n\t\t\t\t<div class=\"elementor-widget-container\">\n\t\t\t\t\t\t\t\t\t<p>Entdecken Sie unvergleichliche Eleganz mit unserer Rosso Levanto Marble iPhone-H\u00fclle, in der der Luxus von italienischem Marmor auf deutsche Handwerkskunst trifft.<\/p><p>Der Marmor Rosso Levanto stammt aus der malerischen Region Bonassola in Ligurien, Italien und ist f\u00fcr seine leuchtenden Rott\u00f6ne und die komplizierten Maserungen bekannt, die jedes Geh\u00e4use zu einem Meisterwerk nat\u00fcrlicher Sch\u00f6nheit machen. Dieses mit viel Liebe zum Detail in Deutschland handgefertigte Geh\u00e4use ist ein Beweis f\u00fcr die Kunst der Pr\u00e4zision und des Stils.<\/p><p><strong>Hauptmerkmale:<\/strong><br \/>Authentischer Rosso-Levanto-Marmor aus Bonassola: Jede H\u00fclle besteht aus echtem Rosso-Levanto-Marmor und zeigt die einzigartige Sch\u00f6nheit und Haltbarkeit des Steins aus Bonassola, Ligurien.<br \/>Fachm\u00e4nnisch handgefertigt in Deutschland: Unsere H\u00fcllen werden in Deutschland handgefertigt und verk\u00f6rpern die Essenz pr\u00e4ziser Ingenieurskunst und au\u00dfergew\u00f6hnlicher Qualit\u00e4t, um eine perfekte Passform und Verarbeitung zu gew\u00e4hrleisten.<\/p><p><strong>TPU-Geh\u00e4use und Alcantara-Futter: <\/strong><\/p><p>Das Geh\u00e4use verf\u00fcgt \u00fcber ein sch\u00fctzendes TPU-Geh\u00e4use, das St\u00f6\u00dfe absorbiert, und ein luxuri\u00f6ses Alcantara-Futter, das Kratzer verhindert und so hervorragenden Schutz bietet, ohne Kompromisse bei der Eleganz einzugehen.<\/p><p><strong>Federleichte Eleganz mit nur 35 g<\/strong><\/p><p>Die ebenso leichte wie luxuri\u00f6se H\u00fclle wiegt Ihr Ger\u00e4t nur um 35 Gramm, beh\u00e4lt das schlanke Profil des iPhones bei und bietet gleichzeitig robusten Schutz und einen Hauch von Eleganz.<\/p><p><strong>Eine Fusion aus italienischer Eleganz und deutscher Ingenieurskunst<\/strong><\/p><p>Dieses Geh\u00e4use stellt eine einzigartige Mischung aus italienischer Eleganz und deutscher Ingenieurskunst dar und bietet ein ebenso exquisites wie sch\u00fctzendes Accessoire. Es stammt aus den renommierten Steinbr\u00fcchen von Bonassola in Ligurien und wird in Deutschland in perfekter Handarbeit gefertigt. Es macht Ihr iPhone zu einem Statement-St\u00fcck Kunst und Handwerkskunst.<\/p><p><strong>Ideal f\u00fcr Liebhaber edler Materialien und Handwerkskunst<\/strong><\/p><p>Unsere Rosso Levanto Marmor-iPhone-H\u00fclle ist perfekt f\u00fcr alle, die die Seltenheit und Sch\u00f6nheit von Naturstein in Kombination mit der unvergleichlichen Handwerkskunst handgefertigter Produkte sch\u00e4tzen. Genie\u00dfen Sie den Luxus von italienischem Marmor und die Pr\u00e4zision deutscher Handwerkskunst und sch\u00fctzen Sie gleichzeitig Ihr iPhone mit Stil.<\/p>\t\t\t\t\t\t\t\t<\/div>\n\t\t\t\t<\/div>\n\t\t\t\t<section class=\"elementor-section elementor-inner-section elementor-element elementor-element-68d8ebf elementor-section-boxed elementor-section-height-default elementor-section-height-default\" data-id=\"68d8ebf\" data-element_type=\"section\" data-e-type=\"section\">\n\t\t\t\t\t\t<div class=\"elementor-container elementor-column-gap-default\">\n\t\t\t\t\t<div class=\"elementor-column elementor-col-50 elementor-inner-column elementor-element elementor-element-b3f3d66\" data-id=\"b3f3d66\" data-element_type=\"column\" data-e-type=\"column\">\n\t\t\t<div class=\"elementor-widget-wrap elementor-element-populated\">\n\t\t\t\t\t\t<div class=\"elementor-element elementor-element-48163bc elementor-widget elementor-widget-text-editor\" data-id=\"48163bc\" data-element_type=\"widget\" data-e-type=\"widget\" data-widget_type=\"text-editor.default\">\n\t\t\t\t<div class=\"elementor-widget-container\">\n\t\t\t\t\t\t\t\t\tDer Marmor: Rosso Levanto \t\t\t\t\t\t\t\t<\/div>\n\t\t\t\t<\/div>\n\t\t\t\t<div class=\"elementor-element elementor-element-8b2598f elementor-widget elementor-widget-text-editor\" data-id=\"8b2598f\" data-element_type=\"widget\" data-e-type=\"widget\" data-widget_type=\"text-editor.default\">\n\t\t\t\t<div class=\"elementor-widget-container\">\n\t\t\t\t\t\t\t\t\tRosso Levanto geh\u00f6rt zu einem historisch bedeutsamen Naturstein. Sein Ursprung liegt vor etwa 160 Millionen Jahren im Jura. Rosso Levanto wurde bereits im Mittelalter in klerikalen und profanen Geb\u00e4uden im gesamten Mittelmeerraum verwendet. Im Inneren dieser Geb\u00e4ude wurden damit S\u00e4ulen, Kamine, Wandverkleidungen, Balustraden und Stufen gestaltet. Der Stein fand auch im Kunsthandwerk und in der Bildhauerei seine Popularit\u00e4t und wurde als Vase, Schale und andere Designutensilien verwendet.  \t\t\t\t\t\t\t\t<\/div>\n\t\t\t\t<\/div>\n\t\t\t\t\t<\/div>\n\t\t<\/div>\n\t\t\t\t<div class=\"elementor-column elementor-col-50 elementor-inner-column elementor-element elementor-element-546300b\" data-id=\"546300b\" data-element_type=\"column\" data-e-type=\"column\">\n\t\t\t<div class=\"elementor-widget-wrap elementor-element-populated\">\n\t\t\t\t\t\t<div class=\"elementor-element elementor-element-4e14ac2 elementor-widget elementor-widget-text-editor\" data-id=\"4e14ac2\" data-element_type=\"widget\" data-e-type=\"widget\" data-widget_type=\"text-editor.default\">\n\t\t\t\t<div class=\"elementor-widget-container\">\n\t\t\t\t\t\t\t\t\tRosso Levanto ist ein Marmor, der in Bonassola in Ligurien, Italien, abgebaut wird. Der Steinbruch liegt etwa 10 km von La Spezia entfernt und ist nach Levanto benannt, dem letzten der f\u00fcnf D\u00f6rfer der Cinque Terre, das direkt neben Bonassola liegt. Rosso Levanto ist in seiner r\u00f6tlich-graugr\u00fcnen Grundmasse durch zahlreiche wei\u00dfe und wei\u00dfgraue Calcitschlieren strukturiert. Die Farbe von Rosso Levanto variiert von lila bis blutrot und gr\u00fcnlich bis graugr\u00fcn. Er geh\u00f6rt zu den seltenen roten Serpentiniten, die ansonsten gr\u00fcn gef\u00e4rbt sind. Die rote F\u00e4rbung r\u00fchrt daher, dass das im Urgestein enthaltene Eisen zu H\u00e4matit oxidiert ist.\t\t\t\t\t\t\t\t<\/div>\n\t\t\t\t<\/div>\n\t\t\t\t\t<\/div>\n\t\t<\/div>\n\t\t\t\t\t<\/div>\n\t\t<\/section>\n\t\t\t\t<div class=\"elementor-element elementor-element-548d757 elementor-widget elementor-widget-video\" data-id=\"548d757\" data-element_type=\"widget\" data-e-type=\"widget\" data-settings=\"{&quot;video_type&quot;:&quot;vimeo&quot;}\" data-widget_type=\"video.default\">\n\t\t\t\t<div class=\"elementor-widget-container\">\n\t\t\t\t\t\t\t<div class=\"elementor-wrapper elementor-open-inline\">\n\t\t\t<iframe class=\"elementor-video-iframe\" allowfullscreen allow=\"clipboard-write\" title=\"vimeo Video Oynat\u0131c\u0131\" src=\"https:\/\/player.vimeo.com\/video\/290503829?color&amp;autopause=0&amp;loop=0&amp;muted=0&amp;title=1&amp;portrait=1&amp;byline=1#t=\"><\/iframe>\t\t<\/div>\n\t\t\t\t\t\t<\/div>\n\t\t\t\t<\/div>\n\t\t\t\t\t<\/div>\n\t\t<\/div>\n\t\t\t\t\t<\/div>\n\t\t<\/section>\n\t\t\t\t<\/div>","protected":false},"excerpt":{"rendered":"<p data-start=\"440\" data-end=\"791\">Entdecken Sie den Inbegriff von Eleganz mit dem <strong data-start=\"482\" data-end=\"518\">Rosso Levanto Marmor iPhone Tasche<\/strong>wo das reiche Erbe des ligurischen Marmors auf die Pr\u00e4zision der deutschen Technik trifft. Von den malerischen Ufern der <strong data-start=\"645\" data-end=\"675\">Bonassola, Ligurien (Italien)<\/strong>Dieser authentische Marmor zeigt leuchtende Rott\u00f6ne und eine dramatische nat\u00fcrliche Maserung, die jede H\u00fclle zu einem Unikat macht. Handgefertigt in Deutschland mit viel Liebe zum Detail, bietet das Rosso Levanto iPhone Case eine makellose Mischung aus <strong data-start=\"910\" data-end=\"935\">Luxus und Schutz<\/strong>. Mit einem Gewicht von nur 35 Gramm beh\u00e4lt es das schlanke Profil Ihres iPhones bei und setzt gleichzeitig ein markantes Zeichen f\u00fcr Stil. Entwickelt f\u00fcr das <strong data-start=\"1061\" data-end=\"1127\">iPhone 17, iPhone 17 Pro, iPhone 17 Pro Max und iPhone 17 Air<\/strong>ist dieser echte Marmorkoffer mehr als nur ein Accessoire - er ist ein <strong data-start=\"1186\" data-end=\"1205\">Statement-St\u00fcck<\/strong> die italienische Eleganz mit deutscher Handwerkskunst vereint, um Ihr Ger\u00e4t in wahrem Luxus zu sch\u00fctzen.<\/p>","protected":false},"featured_media":13051,"template":"","meta":{"inline_featured_image":false},"product_brand":[],"product_cat":[66],"product_tag":[],"class_list":{"0":"post-1721","1":"product","2":"type-product","3":"status-publish","4":"has-post-thumbnail","6":"product_cat-iphone-cases","8":"first","9":"instock","10":"featured","11":"taxable","12":"shipping-taxable","13":"purchasable","14":"product-type-variable","15":"has-default-attributes"},"exclude_global_add_ons":true,"addons":[{"name":"Ma\u00dfanfertigung","type":"checkbox","position":0,"required":false,"title_format":"label","default":"","description_enable":false,"description":"","placeholder_enable":false,"placeholder":"","display":"select","restrictions_type":"any_text","adjust_price":false,"price":"","price_type":"flat_fee","restrictions":false,"min":"0","max":"0","options":[{"label":"Upgrade your case with a super-strong N52 grade 1.55 mm MagSafe magnet for seamless attachment and faster, more stable wireless charging","price":"10","price_type":"flat_fee","image":0,"visibility":true},{"label":"Select a design maximizing white veins for the most opulent appearance possible.","price":"","price_type":"flat_fee","image":0,"visibility":true},{"label":"Choose a design that reduces white veins for a sleek and refined appearance.","price":"","price_type":"flat_fee","image":0,"visibility":true},{"label":"Reveal the iconic Apple logo with a precise cut-out on the stone surface, unveiling a sleek black satin-matte underside for a striking contrast and personal touch.","price":"15","price_type":"flat_fee","image":0,"visibility":true},{"label":"Reveal the iconic Apple logo with a precise cut-out in the stone surface, unveiling a 24K gold satin-matte underside for a striking contrast and a truly luxurious personal touch.","price":"50","price_type":"flat_fee","image":0,"visibility":true},{"label":"Enhance your device with a white engraved Apple logo, crafted over two days for elegance and sophistication.","price":"20","price_type":"flat_fee","image":0,"visibility":true},{"label":"Premium Liquid Care with dust-repellent, antistatic protection and a lasting matte effect. Specially designed to preserve and protect your case.","price":"5","price_type":"flat_fee","image":0,"visibility":true},{"label":"A premium marble liquid polish that enhances and protects the natural beauty of your marble surfaces, providing a lasting, brilliant shine.","price":"5","price_type":"flat_fee","image":0,"visibility":true},{"label":"Microfiber Polishing Cloth: A soft, high-quality microfiber cloth designed for polishing marble surfaces. It delivers a streak-free, brilliant shine without scratching, perfect for maintaining your marble's natural beauty.","price":"5","price_type":"flat_fee","image":0,"visibility":false}],"id":1757683872}],"_links":{"self":[{"href":"https:\/\/roxxlyn.com\/de\/wp-json\/wp\/v2\/product\/1721","targetHints":{"allow":["GET"]}}],"collection":[{"href":"https:\/\/roxxlyn.com\/de\/wp-json\/wp\/v2\/product"}],"about":[{"href":"https:\/\/roxxlyn.com\/de\/wp-json\/wp\/v2\/types\/product"}],"version-history":[{"count":0,"href":"https:\/\/roxxlyn.com\/de\/wp-json\/wp\/v2\/product\/1721\/revisions"}],"wp:featuredmedia":[{"embeddable":true,"href":"https:\/\/roxxlyn.com\/de\/wp-json\/wp\/v2\/media\/13051"}],"wp:attachment":[{"href":"https:\/\/roxxlyn.com\/de\/wp-json\/wp\/v2\/media?parent=1721"}],"wp:term":[{"taxonomy":"product_brand","embeddable":true,"href":"https:\/\/roxxlyn.com\/de\/wp-json\/wp\/v2\/product_brand?post=1721"},{"taxonomy":"product_cat","embeddable":true,"href":"https:\/\/roxxlyn.com\/de\/wp-json\/wp\/v2\/product_cat?post=1721"},{"taxonomy":"product_tag","embeddable":true,"href":"https:\/\/roxxlyn.com\/de\/wp-json\/wp\/v2\/product_tag?post=1721"}],"curies":[{"name":"wp","href":"https:\/\/api.w.org\/{rel}","templated":true}]}}