{"id":1711,"date":"2020-11-12T15:14:37","date_gmt":"2020-11-12T15:14:37","guid":{"rendered":"https:\/\/roxxlyn.com\/?post_type=product&#038;p=1711"},"modified":"2025-09-23T13:29:31","modified_gmt":"2025-09-23T13:29:31","slug":"the-iphone-marble-case-arabescato-orobico-grigio","status":"publish","type":"product","link":"https:\/\/roxxlyn.com\/de\/shop\/the-iphone-marble-case-arabescato-orobico-grigio\/","title":{"rendered":"Die iPhone Marmorh\u00fclle Arabescato Orobico Grigio"},"content":{"rendered":"<div data-elementor-type=\"wp-post\" data-elementor-id=\"1711\" class=\"elementor elementor-1711\" data-elementor-post-type=\"product\">\n\t\t\t\t\t\t<section class=\"elementor-section elementor-top-section elementor-element elementor-element-7ebeb51 elementor-section-boxed elementor-section-height-default elementor-section-height-default\" data-id=\"7ebeb51\" data-element_type=\"section\" data-e-type=\"section\" data-settings=\"{&quot;background_background&quot;:&quot;classic&quot;}\">\n\t\t\t\t\t\t<div class=\"elementor-container elementor-column-gap-default\">\n\t\t\t\t\t<div class=\"elementor-column elementor-col-100 elementor-top-column elementor-element elementor-element-7e7ea85\" data-id=\"7e7ea85\" data-element_type=\"column\" data-e-type=\"column\">\n\t\t\t<div class=\"elementor-widget-wrap elementor-element-populated\">\n\t\t\t\t\t\t<div class=\"elementor-element elementor-element-0322000 elementor-widget elementor-widget-video\" data-id=\"0322000\" data-element_type=\"widget\" data-e-type=\"widget\" data-settings=\"{&quot;video_type&quot;:&quot;hosted&quot;,&quot;autoplay&quot;:&quot;yes&quot;,&quot;play_on_mobile&quot;:&quot;yes&quot;,&quot;loop&quot;:&quot;yes&quot;}\" data-widget_type=\"video.default\">\n\t\t\t\t<div class=\"elementor-widget-container\">\n\t\t\t\t\t\t\t<div class=\"e-hosted-video elementor-wrapper elementor-open-inline\">\n\t\t\t\t\t<video class=\"elementor-video\" src=\"https:\/\/roxxlyn.com\/wp-content\/uploads\/2020\/12\/iPhone_12_Pro_Max_Marble_Case_Roxxlyn_Arabescato_Grigio.mov\" autoplay=\"\" loop=\"\" playsinline=\"\" controlslist=\"nodownload\"><\/video>\n\t\t\t\t<\/div>\n\t\t\t\t\t\t<\/div>\n\t\t\t\t<\/div>\n\t\t\t\t<section class=\"elementor-section elementor-inner-section elementor-element elementor-element-e08b472 elementor-section-boxed elementor-section-height-default elementor-section-height-default\" data-id=\"e08b472\" data-element_type=\"section\" data-e-type=\"section\">\n\t\t\t\t\t\t<div class=\"elementor-container elementor-column-gap-default\">\n\t\t\t\t\t<div class=\"elementor-column elementor-col-50 elementor-inner-column elementor-element elementor-element-d8c3fec\" data-id=\"d8c3fec\" data-element_type=\"column\" data-e-type=\"column\">\n\t\t\t<div class=\"elementor-widget-wrap elementor-element-populated\">\n\t\t\t\t\t\t<div class=\"elementor-element elementor-element-1ff2ca4 elementor-widget elementor-widget-text-editor\" data-id=\"1ff2ca4\" data-element_type=\"widget\" data-e-type=\"widget\" data-widget_type=\"text-editor.default\">\n\t\t\t\t<div class=\"elementor-widget-container\">\n\t\t\t\t\t\t\t\t\tEine Murmel der Extraklasse. Es wird im Cornalita-Steinbruch im Dorf Camerato Cornell, Italien, gewonnen. Einer der \u00e4ltesten Materialien der Menschheit und einer der edelsten zugleich ist er ein prachtvoller italienischer Marmor. In Kombination mit einem ultraleichten Koffer ist es ein einzigartiges Meisterwerk von nur 35 Gramm. Mit seiner polierten Oberfl\u00e4che entfaltet er eine exklusive Atmosph\u00e4re und strahlt Luxus aus.\t\t\t\t\t\t\t\t<\/div>\n\t\t\t\t<\/div>\n\t\t\t\t<div class=\"elementor-element elementor-element-ed50165 elementor-widget elementor-widget-text-editor\" data-id=\"ed50165\" data-element_type=\"widget\" data-e-type=\"widget\" data-widget_type=\"text-editor.default\">\n\t\t\t\t<div class=\"elementor-widget-container\">\n\t\t\t\t\t\t\t\t\t<p>Das kabellose Laden wie bei allen anderen Frequenzen wird ohne Kompromisse vollst\u00e4ndig unterst\u00fctzt.<\/p>\t\t\t\t\t\t\t\t<\/div>\n\t\t\t\t<\/div>\n\t\t\t\t<div class=\"elementor-element elementor-element-ae1d268 elementor-widget elementor-widget-text-editor\" data-id=\"ae1d268\" data-element_type=\"widget\" data-e-type=\"widget\" data-widget_type=\"text-editor.default\">\n\t\t\t\t<div class=\"elementor-widget-container\">\n\t\t\t\t\t\t\t\t\t<p>Das Geh\u00e4use selbst besteht aus thermoplastischem Polyurethan und Polycarbonat und ist in verschiedenen Ausf\u00fchrungen und Farben erh\u00e4ltlich. Das Gesamtgewicht des Produkts betr\u00e4gt je nach Geh\u00e4usegr\u00f6\u00dfe nur 35 bis 45 Gramm. Wie bei allen unseren Produkten handelt es sich bei diesem Geh\u00e4use um ein Unikat, das sich in seiner einzigartigen Gesteinsstruktur und -farbe unterscheidet. Jedes ist ein Unikat der Natur. \u00a0<\/p>\t\t\t\t\t\t\t\t<\/div>\n\t\t\t\t<\/div>\n\t\t\t\t\t<\/div>\n\t\t<\/div>\n\t\t\t\t<div class=\"elementor-column elementor-col-50 elementor-inner-column elementor-element elementor-element-87769ac\" data-id=\"87769ac\" data-element_type=\"column\" data-e-type=\"column\">\n\t\t\t<div class=\"elementor-widget-wrap elementor-element-populated\">\n\t\t\t\t\t\t<div class=\"elementor-element elementor-element-a7c682a elementor-widget elementor-widget-text-editor\" data-id=\"a7c682a\" data-element_type=\"widget\" data-e-type=\"widget\" data-widget_type=\"text-editor.default\">\n\t\t\t\t<div class=\"elementor-widget-container\">\n\t\t\t\t\t\t\t\t\tMagsafe-Magnete sind verf\u00fcgbar und perfekt integriert f\u00fcr die volle Unterst\u00fctzung von Original Apple Wireless-Ladeger\u00e4ten und Roxxlyn-Ladeger\u00e4ten als Zusatzoption.\u00a0\t\t\t\t\t\t\t\t<\/div>\n\t\t\t\t<\/div>\n\t\t\t\t<div class=\"elementor-element elementor-element-8a72333 elementor-widget elementor-widget-text-editor\" data-id=\"8a72333\" data-element_type=\"widget\" data-e-type=\"widget\" data-widget_type=\"text-editor.default\">\n\t\t\t\t<div class=\"elementor-widget-container\">\n\t\t\t\t\t\t\t\t\t<p>Durch unsere eigene Spezialentwicklung ist das Innere des Koffers mit feinstem Velours-\/Veggie-Leder ausgestattet und bietet eine einzigartige Polymertechnologie, die sto\u00dfd\u00e4mpfend ist und kabelloses Laden ohne Kompromisse perfekt erm\u00f6glicht.\u00a0<\/p>\t\t\t\t\t\t\t\t<\/div>\n\t\t\t\t<\/div>\n\t\t\t\t<div class=\"elementor-element elementor-element-91e517f elementor-widget elementor-widget-video\" data-id=\"91e517f\" data-element_type=\"widget\" data-e-type=\"widget\" data-settings=\"{&quot;video_type&quot;:&quot;hosted&quot;,&quot;controls&quot;:&quot;yes&quot;}\" data-widget_type=\"video.default\">\n\t\t\t\t<div class=\"elementor-widget-container\">\n\t\t\t\t\t\t\t<div class=\"e-hosted-video elementor-wrapper elementor-open-inline\">\n\t\t\t\t\t<video class=\"elementor-video\" src=\"https:\/\/roxxlyn.com\/wp-content\/uploads\/2020\/11\/iPhone-Skin-inkl-Zubehor.61.mp4\" controls=\"\" preload=\"metadata\" controlslist=\"nodownload\"><\/video>\n\t\t\t\t<\/div>\n\t\t\t\t\t\t<\/div>\n\t\t\t\t<\/div>\n\t\t\t\t\t<\/div>\n\t\t<\/div>\n\t\t\t\t\t<\/div>\n\t\t<\/section>\n\t\t\t\t<section class=\"elementor-section elementor-inner-section elementor-element elementor-element-e18afba elementor-section-boxed elementor-section-height-default elementor-section-height-default\" data-id=\"e18afba\" data-element_type=\"section\" data-e-type=\"section\">\n\t\t\t\t\t\t<div class=\"elementor-container elementor-column-gap-default\">\n\t\t\t\t\t<div class=\"elementor-column elementor-col-50 elementor-inner-column elementor-element elementor-element-4cf3622\" data-id=\"4cf3622\" data-element_type=\"column\" data-e-type=\"column\">\n\t\t\t<div class=\"elementor-widget-wrap elementor-element-populated\">\n\t\t\t\t\t\t<div class=\"elementor-element elementor-element-1aebfff elementor-widget elementor-widget-text-editor\" data-id=\"1aebfff\" data-element_type=\"widget\" data-e-type=\"widget\" data-widget_type=\"text-editor.default\">\n\t\t\t\t<div class=\"elementor-widget-container\">\n\t\t\t\t\t\t\t\t\tEinf\u00fchrung in den Marmor: Arabescato Grigio\t\t\t\t\t\t\t\t<\/div>\n\t\t\t\t<\/div>\n\t\t\t\t<div class=\"elementor-element elementor-element-7e2c260 elementor-widget elementor-widget-text-editor\" data-id=\"7e2c260\" data-element_type=\"widget\" data-e-type=\"widget\" data-widget_type=\"text-editor.default\">\n\t\t\t\t<div class=\"elementor-widget-container\">\n\t\t\t\t\t\t\t\t\tEine Murmel der Extraklasse. Es wird im Cornalita-Steinbruch im Dorf Camerato Cornell, Italien, gewonnen. Einer der \u00e4ltesten Materialien der Menschheit und einer der edelsten zugleich ist er ein prachtvoller italienischer Marmor. Arabescato sieht aus wie ein echtes abstraktes Gem\u00e4lde, das unter den H\u00e4nden eines Meisters geboren wurde. Seine Farbpalette verbindet harmonisch dunkle und helle Graut\u00f6ne mit wei\u00dfen und goldenen Adern, diese besondere Farbvariation macht ihn einzigartig und herrlich. \t\t\t\t\t\t\t\t<\/div>\n\t\t\t\t<\/div>\n\t\t\t\t\t<\/div>\n\t\t<\/div>\n\t\t\t\t<div class=\"elementor-column elementor-col-50 elementor-inner-column elementor-element elementor-element-c8b26b1\" data-id=\"c8b26b1\" data-element_type=\"column\" data-e-type=\"column\">\n\t\t\t<div class=\"elementor-widget-wrap elementor-element-populated\">\n\t\t\t\t\t\t<div class=\"elementor-element elementor-element-1c38061 elementor-widget elementor-widget-text-editor\" data-id=\"1c38061\" data-element_type=\"widget\" data-e-type=\"widget\" data-widget_type=\"text-editor.default\">\n\t\t\t\t<div class=\"elementor-widget-container\">\n\t\t\t\t\t\t\t\t\tEdel und von \u00fcberragender Eleganz zeichnet sich der Marble Arabescato durch seine lange Geschichte aus. Aufgrund seiner robusten Eigenschaften wurde der Stein bereits in der Steinzeit als Feuersteinersatz verwendet. Bereits im Mittelalter wurde dieser Marmor zur Herstellung von Werkzeugen verwendet. In der architektonischen oder kunsthistorischen Geschichte \u00c4gyptens wurden S\u00e4rge und andere Kunstwerke aus Marmor geschnitzt und die Memnonkolosse im Tempel von Amenophis III. sowie die S\u00e4rge von Tutanchamun und Hatschepsut zeugen noch heute davon\t\t\t\t\t\t\t\t<\/div>\n\t\t\t\t<\/div>\n\t\t\t\t\t<\/div>\n\t\t<\/div>\n\t\t\t\t\t<\/div>\n\t\t<\/section>\n\t\t\t\t<div class=\"elementor-element elementor-element-ca3d1f4 elementor-widget elementor-widget-video\" data-id=\"ca3d1f4\" data-element_type=\"widget\" data-e-type=\"widget\" data-settings=\"{&quot;video_type&quot;:&quot;vimeo&quot;}\" data-widget_type=\"video.default\">\n\t\t\t\t<div class=\"elementor-widget-container\">\n\t\t\t\t\t\t\t<div class=\"elementor-wrapper elementor-open-inline\">\n\t\t\t<iframe class=\"elementor-video-iframe\" allowfullscreen allow=\"clipboard-write\" title=\"vimeo \u0391\u03bd\u03b1\u03c0\u03b1\u03c1\u03b1\u03b3\u03c9\u03b3\u03cc\u03c2 \u03a0\u03bf\u03bb\u03c5\u03bc\u03ad\u03c3\u03c9\u03bd\" src=\"https:\/\/player.vimeo.com\/video\/290503829?color&amp;autopause=0&amp;loop=0&amp;muted=0&amp;title=1&amp;portrait=1&amp;byline=1#t=\" data-no-translation-title=\"\"><\/iframe>\t\t<\/div>\n\t\t\t\t\t\t<\/div>\n\t\t\t\t<\/div>\n\t\t\t\t\t<\/div>\n\t\t<\/div>\n\t\t\t\t\t<\/div>\n\t\t<\/section>\n\t\t\t\t<\/div>","protected":false},"excerpt":{"rendered":"<p data-start=\"417\" data-end=\"842\"><strong data-start=\"417\" data-end=\"527\">Wir pr\u00e4sentieren die Roxxlyn Arabescato Grigio Marble Case f\u00fcr iPhone 17, iPhone 17 Pro und iPhone 17 Pro Max<\/strong><br data-start=\"527\" data-end=\"530\" \/>Dieses in Berlin aus echtem italienischen Arabescato Grigio-Marmor handgefertigte Etui ist ein echtes Statement f\u00fcr raffinierten Geschmack und handwerkliche Exzellenz. Bekannt f\u00fcr sein luxuri\u00f6ses Zusammenspiel aus sanften Graut\u00f6nen und goldenen \u00c4derungen ist jedes St\u00fcck Marmor ein nat\u00fcrliches Unikat, das jede Roxxlyn-Tasche zu einem einmaligen Meisterwerk macht.<\/p>\n<p data-start=\"844\" data-end=\"1094\">Das ultrad\u00fcnne und dennoch widerstandsf\u00e4hige Geh\u00e4use Arabescato Grigio kombiniert zeitlosen italienischen Stein mit deutscher Pr\u00e4zisionstechnik. Das Ergebnis ist eine leichte, sch\u00fctzende und raffinierte H\u00fclle, die Ihr iPhone aufwertet, ohne seine schlanke Silhouette zu beeintr\u00e4chtigen.<\/p>\n<p data-start=\"1096\" data-end=\"1303\">Dies ist mehr als nur ein Accessoire - es ist eine Verschmelzung von nat\u00fcrlichem Luxus und sorgf\u00e4ltiger Handwerkskunst, entworfen f\u00fcr diejenigen, die Eleganz, Individualit\u00e4t und kompromisslose Qualit\u00e4t in ihren allt\u00e4glichen Gebrauchsgegenst\u00e4nden verlangen.<\/p>","protected":false},"featured_media":13052,"template":"","meta":{"inline_featured_image":false},"product_brand":[],"product_cat":[66],"product_tag":[],"class_list":{"0":"post-1711","1":"product","2":"type-product","3":"status-publish","4":"has-post-thumbnail","6":"product_cat-iphone-cases","8":"first","9":"instock","10":"featured","11":"taxable","12":"shipping-taxable","13":"purchasable","14":"product-type-variable","15":"has-default-attributes"},"exclude_global_add_ons":false,"addons":[{"name":"Ma\u00dfanfertigung","type":"checkbox","position":0,"required":false,"title_format":"label","default":"","description_enable":false,"description":"","placeholder_enable":false,"placeholder":"","display":"select","restrictions_type":"any_text","adjust_price":false,"price":"","price_type":"flat_fee","restrictions":false,"min":"0","max":"0","options":[{"label":"Upgrade your case with a super-strong N52 grade 1.55 mm MagSafe magnet for seamless attachment and faster, more stable wireless charging","price":"10","price_type":"flat_fee","image":0,"visibility":true},{"label":"Opt for a design with deeper grey tones and minimal white veining for a sleek, uniform, and understated marble appearance.","price":"","price_type":"flat_fee","image":0,"visibility":true},{"label":"Reveal the iconic Apple logo with a precise cut-out on the stone surface, unveiling a sleek black satin-matte underside for a striking contrast and personal touch.","price":"15","price_type":"flat_fee","image":0,"visibility":false},{"label":"Enhance your device with a white engraved Apple logo, crafted over two days for elegance and sophistication.","price":"20","price_type":"flat_fee","image":0,"visibility":true},{"label":"Premium Liquid Care with dust-repellent, antistatic protection and a lasting matte effect. Specially designed to preserve and protect your case.","price":"5","price_type":"flat_fee","image":0,"visibility":true},{"label":"A premium marble liquid polish that enhances and protects the natural beauty of your marble surfaces, providing a lasting, brilliant shine.","price":"5","price_type":"flat_fee","image":0,"visibility":true},{"label":"Microfiber Polishing Cloth: A soft, high-quality microfiber cloth designed for polishing marble surfaces. It delivers a streak-free, brilliant shine without scratching, perfect for maintaining your marble's natural beauty.","price":"5","price_type":"flat_fee","image":0,"visibility":true}],"id":1758631671}],"_links":{"self":[{"href":"https:\/\/roxxlyn.com\/de\/wp-json\/wp\/v2\/product\/1711","targetHints":{"allow":["GET"]}}],"collection":[{"href":"https:\/\/roxxlyn.com\/de\/wp-json\/wp\/v2\/product"}],"about":[{"href":"https:\/\/roxxlyn.com\/de\/wp-json\/wp\/v2\/types\/product"}],"version-history":[{"count":0,"href":"https:\/\/roxxlyn.com\/de\/wp-json\/wp\/v2\/product\/1711\/revisions"}],"wp:featuredmedia":[{"embeddable":true,"href":"https:\/\/roxxlyn.com\/de\/wp-json\/wp\/v2\/media\/13052"}],"wp:attachment":[{"href":"https:\/\/roxxlyn.com\/de\/wp-json\/wp\/v2\/media?parent=1711"}],"wp:term":[{"taxonomy":"product_brand","embeddable":true,"href":"https:\/\/roxxlyn.com\/de\/wp-json\/wp\/v2\/product_brand?post=1711"},{"taxonomy":"product_cat","embeddable":true,"href":"https:\/\/roxxlyn.com\/de\/wp-json\/wp\/v2\/product_cat?post=1711"},{"taxonomy":"product_tag","embeddable":true,"href":"https:\/\/roxxlyn.com\/de\/wp-json\/wp\/v2\/product_tag?post=1711"}],"curies":[{"name":"wp","href":"https:\/\/api.w.org\/{rel}","templated":true}]}}