{"id":11135,"date":"2024-11-28T11:49:35","date_gmt":"2024-11-28T11:49:35","guid":{"rendered":"https:\/\/roxxlyn.com\/?post_type=product&#038;p=11135"},"modified":"2025-09-23T13:47:32","modified_gmt":"2025-09-23T13:47:32","slug":"slate-fusion-stand-black-rock-for-macbook-and-ipad","status":"publish","type":"product","link":"https:\/\/roxxlyn.com\/de\/shop\/slate-fusion-stand-black-rock-for-macbook-and-ipad\/","title":{"rendered":"Slate Fusion Stand Black Rock f\u00fcr MacBook, iPad und mehr"},"content":{"rendered":"<div data-elementor-type=\"product-post\" data-elementor-id=\"11135\" class=\"elementor elementor-11135\" data-elementor-post-type=\"product\">\n\t\t\t\t\t\t<section class=\"elementor-section elementor-top-section elementor-element elementor-element-3db95bb elementor-section-full_width elementor-section-height-default elementor-section-height-default\" data-id=\"3db95bb\" data-element_type=\"section\" data-e-type=\"section\">\n\t\t\t\t\t\t<div class=\"elementor-container elementor-column-gap-default\">\n\t\t\t\t\t<div class=\"elementor-column elementor-col-100 elementor-top-column elementor-element elementor-element-9c55be0\" data-id=\"9c55be0\" data-element_type=\"column\" data-e-type=\"column\">\n\t\t\t<div class=\"elementor-widget-wrap elementor-element-populated\">\n\t\t\t\t\t\t<div class=\"elementor-element elementor-element-582d414 elementor-widget elementor-widget-video\" data-id=\"582d414\" data-element_type=\"widget\" data-e-type=\"widget\" data-settings=\"{&quot;video_type&quot;:&quot;vimeo&quot;}\" data-widget_type=\"video.default\">\n\t\t\t\t<div class=\"elementor-widget-container\">\n\t\t\t\t\t\t\t<div class=\"elementor-wrapper elementor-open-inline\">\n\t\t\t<iframe class=\"elementor-video-iframe\" allowfullscreen allow=\"clipboard-write\" title=\"Lettore video vimeo\" src=\"https:\/\/player.vimeo.com\/video\/1031558714?color&amp;autopause=0&amp;loop=0&amp;muted=0&amp;title=1&amp;portrait=1&amp;byline=1#t=\" data-no-translation-title=\"\"><\/iframe>\t\t<\/div>\n\t\t\t\t\t\t<\/div>\n\t\t\t\t<\/div>\n\t\t\t\t<section class=\"elementor-section elementor-inner-section elementor-element elementor-element-278e2d0 elementor-section-boxed elementor-section-height-default elementor-section-height-default\" data-id=\"278e2d0\" data-element_type=\"section\" data-e-type=\"section\">\n\t\t\t\t\t\t<div class=\"elementor-container elementor-column-gap-default\">\n\t\t\t\t\t<div class=\"elementor-column elementor-col-50 elementor-inner-column elementor-element elementor-element-514ef0f\" data-id=\"514ef0f\" data-element_type=\"column\" data-e-type=\"column\">\n\t\t\t<div class=\"elementor-widget-wrap elementor-element-populated\">\n\t\t\t\t\t\t<div class=\"elementor-element elementor-element-b611409 elementor-widget elementor-widget-heading\" data-id=\"b611409\" data-element_type=\"widget\" data-e-type=\"widget\" data-widget_type=\"heading.default\">\n\t\t\t\t<div class=\"elementor-widget-container\">\n\t\t\t\t\t<h2 class=\"elementor-heading-title elementor-size-default\">Slate Fusion Stand Black Rock f\u00fcr MacBook und iPad<\/h2>\t\t\t\t<\/div>\n\t\t\t\t<\/div>\n\t\t\t\t<div class=\"elementor-element elementor-element-24dd7a9 elementor-widget elementor-widget-text-editor\" data-id=\"24dd7a9\" data-element_type=\"widget\" data-e-type=\"widget\" data-widget_type=\"text-editor.default\">\n\t\t\t\t<div class=\"elementor-widget-container\">\n\t\t\t\t\t\t\t\t\t<p><strong>Definieren Sie Ihren Arbeitsbereich neu mit dem Black Rock Fusion Stand<\/strong><\/p><p>Der Black Rock Fusion Stand ist die Verbindung von zeitlosem Design und moderner Funktionalit\u00e4t. Dieser in Deutschland in Handarbeit gefertigte St\u00e4nder ist ein Statement f\u00fcr Raffinesse und Innovation, gefertigt aus hochwertigem, schwarz eloxiertem Aluminium und echtem Black Rock Schiefer. Black Rock Schiefer ist bekannt f\u00fcr seine tiefen, nat\u00fcrlichen Farbt\u00f6ne und subtilen Strukturen und bringt einen Hauch von nat\u00fcrlicher Eleganz auf Ihren Schreibtisch, der sich nahtlos in die moderne \u00c4sthetik einf\u00fcgt.<\/p><p><strong>M\u00fchelose Organisation<\/strong><\/p><p>Der Fusion Stand bietet Platz f\u00fcr bis zu vier Ger\u00e4te, darunter Laptops, Tablets und Smartphones, und ist eine ma\u00dfgeschneiderte L\u00f6sung f\u00fcr die Organisation Ihres Arbeitsbereichs. Seine modularen W\u00e4nde sind vollst\u00e4ndig anpassbar, sodass Sie einen sicheren und individuellen Sitz f\u00fcr Ihre Ger\u00e4te schaffen k\u00f6nnen. Jeder Steckplatz ist mit einer weichen Silikonpolsterung ausgekleidet, um Kratzer zu vermeiden und sicherzustellen, dass Ihre Ger\u00e4te sicher an ihrem Platz bleiben.<\/p><p><strong>Vielseitiges und funktionales Design<\/strong><\/p><p>Der Fusion Stand h\u00e4lt nicht nur Ihre Ger\u00e4te, sondern steigert auch Ihre Produktivit\u00e4t. Eine integrierte Ablage bietet praktischen Stauraum f\u00fcr Kleinigkeiten wie Adapter, Kabel oder SIM-Karten und sorgt daf\u00fcr, dass Ihr Schreibtisch nicht \u00fcberladen wird. F\u00fcr diejenigen, die Wert auf ultimative Eleganz legen, kann die Ablage durch eine zus\u00e4tzliche Black Rock Schieferplatte ersetzt werden, wodurch ein nahtloser, anspruchsvoller Look entsteht, der jeden Arbeitsbereich aufwertet.<\/p><p><strong>Handwerkskunst, die Bestand hat<\/strong><\/p><p>Jedes Detail des Black Rock Fusion Stands spiegelt die sorgf\u00e4ltige Beachtung von Qualit\u00e4t wider. Er wird in Deutschland von erfahrenen Handwerkern handgefertigt und kombiniert Langlebigkeit mit einer hochwertigen Verarbeitung. Die nat\u00fcrliche Sch\u00f6nheit des Black Rock Schiefers sorgt daf\u00fcr, dass jedes St\u00fcck ein Unikat ist und keine zwei Platten identisch sind.<\/p>\t\t\t\t\t\t\t\t<\/div>\n\t\t\t\t<\/div>\n\t\t\t\t<div class=\"elementor-element elementor-element-ae8b890 elementor-widget elementor-widget-image\" data-id=\"ae8b890\" data-element_type=\"widget\" data-e-type=\"widget\" data-widget_type=\"image.default\">\n\t\t\t\t<div class=\"elementor-widget-container\">\n\t\t\t\t\t\t\t\t\t\t\t\t\t\t\t<img fetchpriority=\"high\" decoding=\"async\" width=\"1024\" height=\"1024\" src=\"https:\/\/roxxlyn.com\/wp-content\/uploads\/2024\/11\/Marble-Fusion-Stand-for-MacBook.520-1024x1024.jpg\" class=\"attachment-large size-large wp-image-10980\" alt=\"\" srcset=\"https:\/\/roxxlyn.com\/wp-content\/uploads\/2024\/11\/Marble-Fusion-Stand-for-MacBook.520-1024x1024.jpg 1024w, https:\/\/roxxlyn.com\/wp-content\/uploads\/2024\/11\/Marble-Fusion-Stand-for-MacBook.520-1800x1800.jpg 1800w, https:\/\/roxxlyn.com\/wp-content\/uploads\/2024\/11\/Marble-Fusion-Stand-for-MacBook.520-300x300.jpg 300w, https:\/\/roxxlyn.com\/wp-content\/uploads\/2024\/11\/Marble-Fusion-Stand-for-MacBook.520-150x150.jpg 150w, https:\/\/roxxlyn.com\/wp-content\/uploads\/2024\/11\/Marble-Fusion-Stand-for-MacBook.520-768x768.jpg 768w, https:\/\/roxxlyn.com\/wp-content\/uploads\/2024\/11\/Marble-Fusion-Stand-for-MacBook.520-1536x1536.jpg 1536w, https:\/\/roxxlyn.com\/wp-content\/uploads\/2024\/11\/Marble-Fusion-Stand-for-MacBook.520-2048x2048.jpg 2048w, https:\/\/roxxlyn.com\/wp-content\/uploads\/2024\/11\/Marble-Fusion-Stand-for-MacBook.520-12x12.jpg 12w, https:\/\/roxxlyn.com\/wp-content\/uploads\/2024\/11\/Marble-Fusion-Stand-for-MacBook.520-660x660.jpg 660w\" sizes=\"(max-width: 1024px) 100vw, 1024px\" \/>\t\t\t\t\t\t\t\t\t\t\t\t\t\t\t<\/div>\n\t\t\t\t<\/div>\n\t\t\t\t\t<\/div>\n\t\t<\/div>\n\t\t\t\t<div class=\"elementor-column elementor-col-50 elementor-inner-column elementor-element elementor-element-716b2cb\" data-id=\"716b2cb\" data-element_type=\"column\" data-e-type=\"column\">\n\t\t\t<div class=\"elementor-widget-wrap elementor-element-populated\">\n\t\t\t\t\t\t<div class=\"elementor-element elementor-element-c906695 elementor-widget elementor-widget-image\" data-id=\"c906695\" data-element_type=\"widget\" data-e-type=\"widget\" data-widget_type=\"image.default\">\n\t\t\t\t<div class=\"elementor-widget-container\">\n\t\t\t\t\t\t\t\t\t\t\t\t\t\t\t<img decoding=\"async\" width=\"1024\" height=\"1024\" src=\"https:\/\/roxxlyn.com\/wp-content\/uploads\/2024\/11\/Slate-Fusion-Stand-for-MacBook-3.538-1024x1024.jpg\" class=\"attachment-large size-large wp-image-11141\" alt=\"\" srcset=\"https:\/\/roxxlyn.com\/wp-content\/uploads\/2024\/11\/Slate-Fusion-Stand-for-MacBook-3.538-1024x1024.jpg 1024w, https:\/\/roxxlyn.com\/wp-content\/uploads\/2024\/11\/Slate-Fusion-Stand-for-MacBook-3.538-1800x1800.jpg 1800w, https:\/\/roxxlyn.com\/wp-content\/uploads\/2024\/11\/Slate-Fusion-Stand-for-MacBook-3.538-300x300.jpg 300w, https:\/\/roxxlyn.com\/wp-content\/uploads\/2024\/11\/Slate-Fusion-Stand-for-MacBook-3.538-150x150.jpg 150w, https:\/\/roxxlyn.com\/wp-content\/uploads\/2024\/11\/Slate-Fusion-Stand-for-MacBook-3.538-768x768.jpg 768w, https:\/\/roxxlyn.com\/wp-content\/uploads\/2024\/11\/Slate-Fusion-Stand-for-MacBook-3.538-1536x1536.jpg 1536w, https:\/\/roxxlyn.com\/wp-content\/uploads\/2024\/11\/Slate-Fusion-Stand-for-MacBook-3.538-2048x2048.jpg 2048w, https:\/\/roxxlyn.com\/wp-content\/uploads\/2024\/11\/Slate-Fusion-Stand-for-MacBook-3.538-12x12.jpg 12w, https:\/\/roxxlyn.com\/wp-content\/uploads\/2024\/11\/Slate-Fusion-Stand-for-MacBook-3.538-660x660.jpg 660w\" sizes=\"(max-width: 1024px) 100vw, 1024px\" \/>\t\t\t\t\t\t\t\t\t\t\t\t\t\t\t<\/div>\n\t\t\t\t<\/div>\n\t\t\t\t<div class=\"elementor-element elementor-element-e9d43d9 elementor-widget elementor-widget-image\" data-id=\"e9d43d9\" data-element_type=\"widget\" data-e-type=\"widget\" data-widget_type=\"image.default\">\n\t\t\t\t<div class=\"elementor-widget-container\">\n\t\t\t\t\t\t\t\t\t\t\t\t\t\t\t<img decoding=\"async\" width=\"1024\" height=\"1024\" src=\"https:\/\/roxxlyn.com\/wp-content\/uploads\/2024\/11\/Slate-Fusion-Stand-for-MacBook-2.537-1024x1024.jpg\" class=\"attachment-large size-large wp-image-11142\" alt=\"\" srcset=\"https:\/\/roxxlyn.com\/wp-content\/uploads\/2024\/11\/Slate-Fusion-Stand-for-MacBook-2.537-1024x1024.jpg 1024w, https:\/\/roxxlyn.com\/wp-content\/uploads\/2024\/11\/Slate-Fusion-Stand-for-MacBook-2.537-1800x1800.jpg 1800w, https:\/\/roxxlyn.com\/wp-content\/uploads\/2024\/11\/Slate-Fusion-Stand-for-MacBook-2.537-300x300.jpg 300w, https:\/\/roxxlyn.com\/wp-content\/uploads\/2024\/11\/Slate-Fusion-Stand-for-MacBook-2.537-150x150.jpg 150w, https:\/\/roxxlyn.com\/wp-content\/uploads\/2024\/11\/Slate-Fusion-Stand-for-MacBook-2.537-768x768.jpg 768w, https:\/\/roxxlyn.com\/wp-content\/uploads\/2024\/11\/Slate-Fusion-Stand-for-MacBook-2.537-1536x1536.jpg 1536w, https:\/\/roxxlyn.com\/wp-content\/uploads\/2024\/11\/Slate-Fusion-Stand-for-MacBook-2.537-2048x2048.jpg 2048w, https:\/\/roxxlyn.com\/wp-content\/uploads\/2024\/11\/Slate-Fusion-Stand-for-MacBook-2.537-12x12.jpg 12w, https:\/\/roxxlyn.com\/wp-content\/uploads\/2024\/11\/Slate-Fusion-Stand-for-MacBook-2.537-660x660.jpg 660w\" sizes=\"(max-width: 1024px) 100vw, 1024px\" \/>\t\t\t\t\t\t\t\t\t\t\t\t\t\t\t<\/div>\n\t\t\t\t<\/div>\n\t\t\t\t<div class=\"elementor-element elementor-element-a297b31 elementor-widget elementor-widget-text-editor\" data-id=\"a297b31\" data-element_type=\"widget\" data-e-type=\"widget\" data-widget_type=\"text-editor.default\">\n\t\t\t\t<div class=\"elementor-widget-container\">\n\t\t\t\t\t\t\t\t\t<p><strong>Handwerkskunst, die Bestand hat<\/strong><\/p><p>Jedes Detail des Black Rock Fusion Stands spiegelt die sorgf\u00e4ltige Beachtung von Qualit\u00e4t wider. Er wird in Deutschland von erfahrenen Handwerkern handgefertigt und kombiniert Langlebigkeit mit einer hochwertigen Verarbeitung. Die nat\u00fcrliche Sch\u00f6nheit des Black Rock Schiefers sorgt daf\u00fcr, dass jedes St\u00fcck ein Unikat ist und keine zwei Platten identisch sind.<\/p><p><strong>Der Black Rock Fusion Stand: Verwandlung von Arbeitspl\u00e4tzen, ein Schreibtisch nach dem anderen.<\/strong><\/p>\t\t\t\t\t\t\t\t<\/div>\n\t\t\t\t<\/div>\n\t\t\t\t\t<\/div>\n\t\t<\/div>\n\t\t\t\t\t<\/div>\n\t\t<\/section>\n\t\t\t\t\t<\/div>\n\t\t<\/div>\n\t\t\t\t\t<\/div>\n\t\t<\/section>\n\t\t\t\t<\/div>","protected":false},"excerpt":{"rendered":"<p>Der Marble Fusion Stand ist ein in Deutschland entwickelter modularer St\u00e4nder aus schwarz eloxiertem Aluminium mit zwei vertikalen Black Rock-Elementen. Er bietet Platz f\u00fcr bis zu 3 Ger\u00e4te und verf\u00fcgt \u00fcber ein Zubeh\u00f6rfach mit Optionen zur individuellen Anpassung.<\/p>","protected":false},"featured_media":11141,"template":"","meta":{"inline_featured_image":false},"product_brand":[],"product_cat":[195],"product_tag":[197,198,196,199],"class_list":{"0":"post-11135","1":"product","2":"type-product","3":"status-publish","4":"has-post-thumbnail","6":"product_cat-marble-fusion-stand","7":"product_tag-ipad-stand","8":"product_tag-laptop-stand","9":"product_tag-macbook-stand","10":"product_tag-tablet-stand","12":"first","13":"instock","14":"taxable","15":"shipping-taxable","16":"purchasable","17":"product-type-simple"},"exclude_global_add_ons":false,"addons":[{"name":"Custom","type":"heading","position":0,"required":false,"title_format":"label","default":"","description_enable":false,"description":"","placeholder_enable":false,"placeholder":"","display":"select","restrictions_type":"any_text","adjust_price":false,"price":"","price_type":"flat_fee","restrictions":false,"min":"0","max":"0","options":[],"id":1731845299},{"name":"Schiefer-verst\u00e4rktes Design","type":"checkbox","position":1,"required":false,"title_format":"label","default":"","description_enable":false,"description":"","placeholder_enable":false,"placeholder":"","display":"select","restrictions_type":"any_text","adjust_price":false,"price":"","price_type":"flat_fee","restrictions":false,"min":"0","max":"0","options":[{"label":"Instead of the tray, this version is enhanced with slate for a touch of elegance","price":"10","price_type":"flat_fee","image":0,"visibility":true}],"id":1731845630},{"name":"Steigern Sie Ihre Apple-Pr\u00e4senz:","type":"checkbox","position":2,"required":false,"title_format":"label","default":"","description_enable":false,"description":"","placeholder_enable":false,"placeholder":"","display":"select","restrictions_type":"any_text","adjust_price":false,"price":"","price_type":"flat_fee","restrictions":false,"min":"0","max":"0","options":[{"label":"Reveal the iconic Apple logo with a precise cut-out on the stone surface, unveiling a sleek black satin-matte underside for a striking contrast and personal touch.","price":"10","price_type":"flat_fee","image":0,"visibility":true},{"label":"Enhance your device with a white engraved Apple logo, crafted over two days for elegance and sophistication.","price":"15","price_type":"flat_fee","image":0,"visibility":true}],"id":1731845302},{"name":"Roxxlyn Schiefer Pflege Essentials","type":"checkbox","position":3,"required":false,"title_format":"label","default":"","description_enable":false,"description":"","placeholder_enable":false,"placeholder":"","display":"select","restrictions_type":"any_text","adjust_price":false,"price":"","price_type":"flat_fee","restrictions":false,"min":"0","max":"0","options":[{"label":"A premium slate liquid that enhances and protects the natural beauty of your marble surfaces, providing a lasting, brilliant shine.","price":"10","price_type":"flat_fee","image":0,"visibility":true},{"label":"Microfiber Polishing Cloth: A soft, high-quality microfiber cloth designed for polishing marble surfaces. It delivers a streak-free, brilliant shine without scratching, perfect for maintaining your marble's natural beauty.","price":"5","price_type":"flat_fee","image":0,"visibility":true}],"id":1731845301}],"_links":{"self":[{"href":"https:\/\/roxxlyn.com\/de\/wp-json\/wp\/v2\/product\/11135","targetHints":{"allow":["GET"]}}],"collection":[{"href":"https:\/\/roxxlyn.com\/de\/wp-json\/wp\/v2\/product"}],"about":[{"href":"https:\/\/roxxlyn.com\/de\/wp-json\/wp\/v2\/types\/product"}],"version-history":[{"count":0,"href":"https:\/\/roxxlyn.com\/de\/wp-json\/wp\/v2\/product\/11135\/revisions"}],"wp:featuredmedia":[{"embeddable":true,"href":"https:\/\/roxxlyn.com\/de\/wp-json\/wp\/v2\/media\/11141"}],"wp:attachment":[{"href":"https:\/\/roxxlyn.com\/de\/wp-json\/wp\/v2\/media?parent=11135"}],"wp:term":[{"taxonomy":"product_brand","embeddable":true,"href":"https:\/\/roxxlyn.com\/de\/wp-json\/wp\/v2\/product_brand?post=11135"},{"taxonomy":"product_cat","embeddable":true,"href":"https:\/\/roxxlyn.com\/de\/wp-json\/wp\/v2\/product_cat?post=11135"},{"taxonomy":"product_tag","embeddable":true,"href":"https:\/\/roxxlyn.com\/de\/wp-json\/wp\/v2\/product_tag?post=11135"}],"curies":[{"name":"wp","href":"https:\/\/api.w.org\/{rel}","templated":true}]}}