{"id":10963,"date":"2024-11-16T17:09:09","date_gmt":"2024-11-16T17:09:09","guid":{"rendered":"https:\/\/roxxlyn.com\/?post_type=product&#038;p=10963"},"modified":"2025-09-14T13:32:54","modified_gmt":"2025-09-14T13:32:54","slug":"marble-fusion-stand-nero-marquina-for-macbook-and-ipad","status":"publish","type":"product","link":"https:\/\/roxxlyn.com\/de\/shop\/marble-fusion-stand-nero-marquina-for-macbook-and-ipad\/","title":{"rendered":"Marble Fusion Stand Nero Marquina f\u00fcr MacBook, iPad und mehr"},"content":{"rendered":"<div data-elementor-type=\"product-post\" data-elementor-id=\"10963\" class=\"elementor elementor-10963\" data-elementor-post-type=\"product\">\n\t\t\t\t\t\t<section class=\"elementor-section elementor-top-section elementor-element elementor-element-3db95bb elementor-section-full_width elementor-section-height-default elementor-section-height-default\" data-id=\"3db95bb\" data-element_type=\"section\" data-e-type=\"section\">\n\t\t\t\t\t\t<div class=\"elementor-container elementor-column-gap-default\">\n\t\t\t\t\t<div class=\"elementor-column elementor-col-100 elementor-top-column elementor-element elementor-element-9c55be0\" data-id=\"9c55be0\" data-element_type=\"column\" data-e-type=\"column\">\n\t\t\t<div class=\"elementor-widget-wrap elementor-element-populated\">\n\t\t\t\t\t\t<div class=\"elementor-element elementor-element-582d414 elementor-widget elementor-widget-video\" data-id=\"582d414\" data-element_type=\"widget\" data-e-type=\"widget\" data-settings=\"{&quot;video_type&quot;:&quot;vimeo&quot;}\" data-widget_type=\"video.default\">\n\t\t\t\t<div class=\"elementor-widget-container\">\n\t\t\t\t\t\t\t<div class=\"elementor-wrapper elementor-open-inline\">\n\t\t\t<iframe class=\"elementor-video-iframe\" allowfullscreen allow=\"clipboard-write\" title=\"vimeo Video Player\" src=\"https:\/\/player.vimeo.com\/video\/1031558714?color&amp;autopause=0&amp;loop=0&amp;muted=0&amp;title=1&amp;portrait=1&amp;byline=1#t=\" data-no-translation-title=\"\"><\/iframe>\t\t<\/div>\n\t\t\t\t\t\t<\/div>\n\t\t\t\t<\/div>\n\t\t\t\t<section class=\"elementor-section elementor-inner-section elementor-element elementor-element-278e2d0 elementor-section-boxed elementor-section-height-default elementor-section-height-default\" data-id=\"278e2d0\" data-element_type=\"section\" data-e-type=\"section\">\n\t\t\t\t\t\t<div class=\"elementor-container elementor-column-gap-default\">\n\t\t\t\t\t<div class=\"elementor-column elementor-col-50 elementor-inner-column elementor-element elementor-element-514ef0f\" data-id=\"514ef0f\" data-element_type=\"column\" data-e-type=\"column\">\n\t\t\t<div class=\"elementor-widget-wrap elementor-element-populated\">\n\t\t\t\t\t\t<div class=\"elementor-element elementor-element-b611409 elementor-widget elementor-widget-heading\" data-id=\"b611409\" data-element_type=\"widget\" data-e-type=\"widget\" data-widget_type=\"heading.default\">\n\t\t\t\t<div class=\"elementor-widget-container\">\n\t\t\t\t\t<h2 class=\"elementor-heading-title elementor-size-default\">Marble Fusion Stand Nero Marquina f\u00fcr MacBook und iPad<\/h2>\t\t\t\t<\/div>\n\t\t\t\t<\/div>\n\t\t\t\t<div class=\"elementor-element elementor-element-24dd7a9 elementor-widget elementor-widget-text-editor\" data-id=\"24dd7a9\" data-element_type=\"widget\" data-e-type=\"widget\" data-widget_type=\"text-editor.default\">\n\t\t\t\t<div class=\"elementor-widget-container\">\n\t\t\t\t\t\t\t\t\t<p>Der Marble Fusion Stand ist ein Meisterwerk an Design und Funktionalit\u00e4t, das in Deutschland hergestellt wird. Er ist aus hochwertigem, schwarz eloxiertem Aluminium gefertigt und kombiniert robuste Haltbarkeit mit moderner Eleganz. Dieser modulare St\u00e4nder ist so konzipiert, dass er bis zu drei Ger\u00e4te sicher halten kann. Er bietet Platz f\u00fcr alle Laptops, Tablets und Gadgets verschiedener Gr\u00f6\u00dfen und ist damit die ideale L\u00f6sung f\u00fcr Profis und Technikbegeisterte gleicherma\u00dfen.<\/p><p>Das herausragende Merkmal des Marble Fusion Standes sind die zwei vertikalen Elemente aus Nero Marquina-Marmor. Dieser luxuri\u00f6se Naturstein, der f\u00fcr seinen tiefschwarzen Farbton und seine dramatische wei\u00dfe Maserung bekannt ist, bildet einen auff\u00e4lligen Kontrast zu dem glatten Aluminium. Jedes Marmorteil wird einzeln ausgew\u00e4hlt und handgefertigt, so dass jeder St\u00e4nder ein einzigartiges Kunstwerk ist.<\/p><p>Die Grundkonfiguration umfasst zwei Au\u00dfenw\u00e4nde, eine Mittelwand und eine praktische Ablage f\u00fcr Zubeh\u00f6r wie SIM-Karten, Adapter oder B\u00fcroklammern. F\u00fcr diejenigen, die sich mehr Luxus w\u00fcnschen, bietet der St\u00e4nder Anpassungsm\u00f6glichkeiten, z. B. zus\u00e4tzliche W\u00e4nde f\u00fcr weitere Ger\u00e4te oder den Austausch der Ablage durch ein zus\u00e4tzliches Marmorelement, um ein nahtloses, hochwertiges Finish zu schaffen.<\/p>\t\t\t\t\t\t\t\t<\/div>\n\t\t\t\t<\/div>\n\t\t\t\t<div class=\"elementor-element elementor-element-ae8b890 elementor-widget elementor-widget-image\" data-id=\"ae8b890\" data-element_type=\"widget\" data-e-type=\"widget\" data-widget_type=\"image.default\">\n\t\t\t\t<div class=\"elementor-widget-container\">\n\t\t\t\t\t\t\t\t\t\t\t\t\t\t\t<img fetchpriority=\"high\" decoding=\"async\" width=\"1024\" height=\"1024\" src=\"https:\/\/roxxlyn.com\/wp-content\/uploads\/2024\/11\/Marble-Fusion-Stand-for-MacBook.520-1024x1024.jpg\" class=\"attachment-large size-large wp-image-10980\" alt=\"\" srcset=\"https:\/\/roxxlyn.com\/wp-content\/uploads\/2024\/11\/Marble-Fusion-Stand-for-MacBook.520-1024x1024.jpg 1024w, https:\/\/roxxlyn.com\/wp-content\/uploads\/2024\/11\/Marble-Fusion-Stand-for-MacBook.520-1800x1800.jpg 1800w, https:\/\/roxxlyn.com\/wp-content\/uploads\/2024\/11\/Marble-Fusion-Stand-for-MacBook.520-300x300.jpg 300w, https:\/\/roxxlyn.com\/wp-content\/uploads\/2024\/11\/Marble-Fusion-Stand-for-MacBook.520-150x150.jpg 150w, https:\/\/roxxlyn.com\/wp-content\/uploads\/2024\/11\/Marble-Fusion-Stand-for-MacBook.520-768x768.jpg 768w, https:\/\/roxxlyn.com\/wp-content\/uploads\/2024\/11\/Marble-Fusion-Stand-for-MacBook.520-1536x1536.jpg 1536w, https:\/\/roxxlyn.com\/wp-content\/uploads\/2024\/11\/Marble-Fusion-Stand-for-MacBook.520-2048x2048.jpg 2048w, https:\/\/roxxlyn.com\/wp-content\/uploads\/2024\/11\/Marble-Fusion-Stand-for-MacBook.520-12x12.jpg 12w, https:\/\/roxxlyn.com\/wp-content\/uploads\/2024\/11\/Marble-Fusion-Stand-for-MacBook.520-660x660.jpg 660w\" sizes=\"(max-width: 1024px) 100vw, 1024px\" \/>\t\t\t\t\t\t\t\t\t\t\t\t\t\t\t<\/div>\n\t\t\t\t<\/div>\n\t\t\t\t\t<\/div>\n\t\t<\/div>\n\t\t\t\t<div class=\"elementor-column elementor-col-50 elementor-inner-column elementor-element elementor-element-716b2cb\" data-id=\"716b2cb\" data-element_type=\"column\" data-e-type=\"column\">\n\t\t\t<div class=\"elementor-widget-wrap elementor-element-populated\">\n\t\t\t\t\t\t<div class=\"elementor-element elementor-element-e9d43d9 elementor-widget elementor-widget-image\" data-id=\"e9d43d9\" data-element_type=\"widget\" data-e-type=\"widget\" data-widget_type=\"image.default\">\n\t\t\t\t<div class=\"elementor-widget-container\">\n\t\t\t\t\t\t\t\t\t\t\t\t\t\t\t<img decoding=\"async\" width=\"1024\" height=\"1024\" src=\"https:\/\/roxxlyn.com\/wp-content\/uploads\/2024\/11\/Marble-Fusion-Stand-for-MacBook.524-1024x1024.jpg\" class=\"attachment-large size-large wp-image-10984\" alt=\"\" srcset=\"https:\/\/roxxlyn.com\/wp-content\/uploads\/2024\/11\/Marble-Fusion-Stand-for-MacBook.524-1024x1024.jpg 1024w, https:\/\/roxxlyn.com\/wp-content\/uploads\/2024\/11\/Marble-Fusion-Stand-for-MacBook.524-1800x1800.jpg 1800w, https:\/\/roxxlyn.com\/wp-content\/uploads\/2024\/11\/Marble-Fusion-Stand-for-MacBook.524-300x300.jpg 300w, https:\/\/roxxlyn.com\/wp-content\/uploads\/2024\/11\/Marble-Fusion-Stand-for-MacBook.524-150x150.jpg 150w, https:\/\/roxxlyn.com\/wp-content\/uploads\/2024\/11\/Marble-Fusion-Stand-for-MacBook.524-768x768.jpg 768w, https:\/\/roxxlyn.com\/wp-content\/uploads\/2024\/11\/Marble-Fusion-Stand-for-MacBook.524-1536x1536.jpg 1536w, https:\/\/roxxlyn.com\/wp-content\/uploads\/2024\/11\/Marble-Fusion-Stand-for-MacBook.524-2048x2048.jpg 2048w, https:\/\/roxxlyn.com\/wp-content\/uploads\/2024\/11\/Marble-Fusion-Stand-for-MacBook.524-12x12.jpg 12w, https:\/\/roxxlyn.com\/wp-content\/uploads\/2024\/11\/Marble-Fusion-Stand-for-MacBook.524-660x660.jpg 660w\" sizes=\"(max-width: 1024px) 100vw, 1024px\" \/>\t\t\t\t\t\t\t\t\t\t\t\t\t\t\t<\/div>\n\t\t\t\t<\/div>\n\t\t\t\t<div class=\"elementor-element elementor-element-a297b31 elementor-widget elementor-widget-text-editor\" data-id=\"a297b31\" data-element_type=\"widget\" data-e-type=\"widget\" data-widget_type=\"text-editor.default\">\n\t\t\t\t<div class=\"elementor-widget-container\">\n\t\t\t\t\t\t\t\t\t<p>ie modularen W\u00e4nde sind verstellbar und erm\u00f6glichen es Ihnen, den St\u00e4nder perfekt an Ihre Ger\u00e4te anzupassen. Weiche Silikonpolster umschlie\u00dfen jeden Steckplatz und sch\u00fctzen Ihre Ger\u00e4te vor Kratzern, w\u00e4hrend sie sicher an ihrem Platz bleiben.<\/p><p>Der Marble Fusion Stand optimiert nicht nur Ihren Arbeitsbereich - er verwandelt ihn. Seine raffinierte \u00c4sthetik und au\u00dfergew\u00f6hnliche Handwerkskunst machen ihn zu mehr als einem funktionalen Werkzeug; er ist ein Statement f\u00fcr Stil und Individualit\u00e4t.<\/p><p><strong>Der Vorverkauf ist jetzt er\u00f6ffnet<\/strong>Die Lieferung erfolgt nach dem Prinzip \"Wer zuerst kommt, mahlt zuerst\". Die Auslieferung beginnt am 17. Dezember 2024. Sichern Sie sich also noch heute Ihren Marble Fusion Stand und definieren Sie Ihren Arbeitsbereich mit dieser unvergleichlichen Kombination aus Luxus und Innovation neu.<\/p>\t\t\t\t\t\t\t\t<\/div>\n\t\t\t\t<\/div>\n\t\t\t\t\t<\/div>\n\t\t<\/div>\n\t\t\t\t\t<\/div>\n\t\t<\/section>\n\t\t\t\t\t<\/div>\n\t\t<\/div>\n\t\t\t\t\t<\/div>\n\t\t<\/section>\n\t\t\t\t<\/div>","protected":false},"excerpt":{"rendered":"<p>Der Marble Fusion Stand ist ein in Deutschland entwickelter modularer St\u00e4nder aus eloxiertem schwarzem Aluminium mit zwei vertikalen Marmorelementen aus Nero Marquina. Er bietet Platz f\u00fcr bis zu 3 Ger\u00e4te und verf\u00fcgt \u00fcber ein Zubeh\u00f6rfach mit Optionen zur individuellen Gestaltung.<\/p>\n<p>&nbsp;<\/p>","protected":false},"featured_media":11097,"template":"","meta":{"inline_featured_image":false},"product_brand":[],"product_cat":[195],"product_tag":[197,198,196,199],"class_list":{"0":"post-10963","1":"product","2":"type-product","3":"status-publish","4":"has-post-thumbnail","6":"product_cat-marble-fusion-stand","7":"product_tag-ipad-stand","8":"product_tag-laptop-stand","9":"product_tag-macbook-stand","10":"product_tag-tablet-stand","12":"first","13":"instock","14":"taxable","15":"shipping-taxable","16":"purchasable","17":"product-type-simple"},"exclude_global_add_ons":false,"addons":[{"name":"Custom","type":"heading","position":0,"required":false,"title_format":"label","default":"","description_enable":false,"description":"","placeholder_enable":false,"placeholder":"","display":"select","restrictions_type":"any_text","adjust_price":false,"price":"","price_type":"flat_fee","restrictions":false,"min":"0","max":"0","options":[],"id":1731845299},{"name":"Marmor-verst\u00e4rktes Design","type":"checkbox","position":1,"required":false,"title_format":"label","default":"","description_enable":false,"description":"","placeholder_enable":false,"placeholder":"","display":"select","restrictions_type":"any_text","adjust_price":false,"price":"","price_type":"flat_fee","restrictions":false,"min":"0","max":"0","options":[{"label":"Instead of the tray, this version is enhanced with marble for a touch of elegance","price":"35","price_type":"flat_fee","image":0,"visibility":true}],"id":1731845630},{"name":"Steigern Sie Ihre Apple-Pr\u00e4senz:","type":"checkbox","position":2,"required":false,"title_format":"label","default":"","description_enable":false,"description":"","placeholder_enable":false,"placeholder":"","display":"select","restrictions_type":"any_text","adjust_price":false,"price":"","price_type":"flat_fee","restrictions":false,"min":"0","max":"0","options":[{"label":"Reveal the iconic Apple logo with a precise cut-out on the stone surface, unveiling a sleek black satin-matte underside for a striking contrast and personal touch.","price":"25","price_type":"flat_fee","image":0,"visibility":true},{"label":"Enhance your device with a white engraved Apple logo, crafted over two days for elegance and sophistication.","price":"25","price_type":"flat_fee","image":0,"visibility":true}],"id":1731845302},{"name":"Roxxlyn Marmor Pflege Essentials","type":"checkbox","position":3,"required":false,"title_format":"label","default":"","description_enable":false,"description":"","placeholder_enable":false,"placeholder":"","display":"select","restrictions_type":"any_text","adjust_price":false,"price":"","price_type":"flat_fee","restrictions":false,"min":"0","max":"0","options":[{"label":"A premium marble liquid polish that enhances and protects the natural beauty of your marble surfaces, providing a lasting, brilliant shine.","price":"10","price_type":"flat_fee","image":0,"visibility":true},{"label":"Microfiber Polishing Cloth: A soft, high-quality microfiber cloth designed for polishing marble surfaces. It delivers a streak-free, brilliant shine without scratching, perfect for maintaining your marble's natural beauty.","price":"5","price_type":"flat_fee","image":0,"visibility":true}],"id":1731845301}],"_links":{"self":[{"href":"https:\/\/roxxlyn.com\/de\/wp-json\/wp\/v2\/product\/10963","targetHints":{"allow":["GET"]}}],"collection":[{"href":"https:\/\/roxxlyn.com\/de\/wp-json\/wp\/v2\/product"}],"about":[{"href":"https:\/\/roxxlyn.com\/de\/wp-json\/wp\/v2\/types\/product"}],"version-history":[{"count":0,"href":"https:\/\/roxxlyn.com\/de\/wp-json\/wp\/v2\/product\/10963\/revisions"}],"wp:featuredmedia":[{"embeddable":true,"href":"https:\/\/roxxlyn.com\/de\/wp-json\/wp\/v2\/media\/11097"}],"wp:attachment":[{"href":"https:\/\/roxxlyn.com\/de\/wp-json\/wp\/v2\/media?parent=10963"}],"wp:term":[{"taxonomy":"product_brand","embeddable":true,"href":"https:\/\/roxxlyn.com\/de\/wp-json\/wp\/v2\/product_brand?post=10963"},{"taxonomy":"product_cat","embeddable":true,"href":"https:\/\/roxxlyn.com\/de\/wp-json\/wp\/v2\/product_cat?post=10963"},{"taxonomy":"product_tag","embeddable":true,"href":"https:\/\/roxxlyn.com\/de\/wp-json\/wp\/v2\/product_tag?post=10963"}],"curies":[{"name":"wp","href":"https:\/\/api.w.org\/{rel}","templated":true}]}}