{"id":10473,"date":"2024-10-16T11:21:56","date_gmt":"2024-10-16T11:21:56","guid":{"rendered":"https:\/\/roxxlyn.com\/?post_type=product&#038;p=10473"},"modified":"2026-03-04T16:11:25","modified_gmt":"2026-03-04T16:11:25","slug":"the-ipad-slate-skin-black-rock","status":"publish","type":"product","link":"https:\/\/roxxlyn.com\/de\/shop\/the-ipad-slate-skin-black-rock\/","title":{"rendered":"Das iPad Slate Skin - Black Rock"},"content":{"rendered":"<div data-elementor-type=\"wp-post\" data-elementor-id=\"10473\" class=\"elementor elementor-10473\" data-elementor-post-type=\"product\">\n\t\t\t\t\t\t<section class=\"elementor-section elementor-top-section elementor-element elementor-element-415b4ae elementor-section-boxed elementor-section-height-default elementor-section-height-default\" data-id=\"415b4ae\" data-element_type=\"section\" data-e-type=\"section\" data-settings=\"{&quot;background_background&quot;:&quot;classic&quot;}\">\n\t\t\t\t\t\t<div class=\"elementor-container elementor-column-gap-default\">\n\t\t\t\t\t<div class=\"elementor-column elementor-col-100 elementor-top-column elementor-element elementor-element-597b156\" data-id=\"597b156\" data-element_type=\"column\" data-e-type=\"column\">\n\t\t\t<div class=\"elementor-widget-wrap elementor-element-populated\">\n\t\t\t\t\t\t<div class=\"elementor-element elementor-element-7be3c16 elementor-widget elementor-widget-video\" data-id=\"7be3c16\" data-element_type=\"widget\" data-e-type=\"widget\" data-settings=\"{&quot;video_type&quot;:&quot;vimeo&quot;,&quot;autoplay&quot;:&quot;yes&quot;,&quot;show_image_overlay&quot;:&quot;yes&quot;,&quot;image_overlay&quot;:{&quot;url&quot;:&quot;https:\\\/\\\/roxxlyn.com\\\/wp-content\\\/uploads\\\/2020\\\/08\\\/Black-Rock-Slate-Skin.508-1.jpg&quot;,&quot;id&quot;:10391,&quot;size&quot;:&quot;&quot;,&quot;alt&quot;:&quot;&quot;,&quot;source&quot;:&quot;library&quot;},&quot;lightbox&quot;:&quot;yes&quot;}\" data-widget_type=\"video.default\">\n\t\t\t\t<div class=\"elementor-widget-container\">\n\t\t\t\t\t\t\t<div class=\"elementor-wrapper elementor-open-lightbox\">\n\t\t\t\t\t\t\t<div class=\"elementor-custom-embed-image-overlay\" data-elementor-open-lightbox=\"yes\" data-elementor-lightbox=\"{&quot;type&quot;:&quot;video&quot;,&quot;videoType&quot;:&quot;vimeo&quot;,&quot;url&quot;:&quot;https:\\\/\\\/player.vimeo.com\\\/video\\\/1017613452?color&amp;autopause=0&amp;loop=0&amp;muted=0&amp;title=1&amp;portrait=1&amp;byline=1#t=&quot;,&quot;autoplay&quot;:&quot;yes&quot;,&quot;modalOptions&quot;:{&quot;id&quot;:&quot;elementor-lightbox-7be3c16&quot;,&quot;entranceAnimation&quot;:&quot;&quot;,&quot;entranceAnimation_tablet&quot;:&quot;&quot;,&quot;entranceAnimation_mobile&quot;:&quot;&quot;,&quot;videoAspectRatio&quot;:&quot;11&quot;}}\" data-e-action-hash=\"#elementor-action%3Aaction%3Dlightbox%26settings%3DeyJ0eXBlIjoidmlkZW8iLCJ2aWRlb1R5cGUiOiJ2aW1lbyIsInVybCI6Imh0dHBzOlwvXC9wbGF5ZXIudmltZW8uY29tXC92aWRlb1wvMTAxNzYxMzQ1Mj9jb2xvciZhdXRvcGF1c2U9MCZsb29wPTAmbXV0ZWQ9MCZ0aXRsZT0xJnBvcnRyYWl0PTEmYnlsaW5lPTEjdD0iLCJhdXRvcGxheSI6InllcyIsIm1vZGFsT3B0aW9ucyI6eyJpZCI6ImVsZW1lbnRvci1saWdodGJveC03YmUzYzE2IiwiZW50cmFuY2VBbmltYXRpb24iOiIiLCJlbnRyYW5jZUFuaW1hdGlvbl90YWJsZXQiOiIiLCJlbnRyYW5jZUFuaW1hdGlvbl9tb2JpbGUiOiIiLCJ2aWRlb0FzcGVjdFJhdGlvIjoiMTEifX0%3D\">\n\t\t\t\t\t\t\t\t\t\t\t<img fetchpriority=\"high\" decoding=\"async\" width=\"2560\" height=\"2560\" src=\"https:\/\/roxxlyn.com\/wp-content\/uploads\/2020\/08\/Black-Rock-Slate-Skin.508-1.jpg\" class=\"attachment-full size-full wp-image-10391\" alt=\"\" srcset=\"https:\/\/roxxlyn.com\/wp-content\/uploads\/2020\/08\/Black-Rock-Slate-Skin.508-1.jpg 2560w, https:\/\/roxxlyn.com\/wp-content\/uploads\/2020\/08\/Black-Rock-Slate-Skin.508-1-1800x1800.jpg 1800w, https:\/\/roxxlyn.com\/wp-content\/uploads\/2020\/08\/Black-Rock-Slate-Skin.508-1-300x300.jpg 300w, https:\/\/roxxlyn.com\/wp-content\/uploads\/2020\/08\/Black-Rock-Slate-Skin.508-1-1024x1024.jpg 1024w, https:\/\/roxxlyn.com\/wp-content\/uploads\/2020\/08\/Black-Rock-Slate-Skin.508-1-150x150.jpg 150w, https:\/\/roxxlyn.com\/wp-content\/uploads\/2020\/08\/Black-Rock-Slate-Skin.508-1-768x768.jpg 768w, https:\/\/roxxlyn.com\/wp-content\/uploads\/2020\/08\/Black-Rock-Slate-Skin.508-1-1536x1536.jpg 1536w, https:\/\/roxxlyn.com\/wp-content\/uploads\/2020\/08\/Black-Rock-Slate-Skin.508-1-2048x2048.jpg 2048w, https:\/\/roxxlyn.com\/wp-content\/uploads\/2020\/08\/Black-Rock-Slate-Skin.508-1-12x12.jpg 12w, https:\/\/roxxlyn.com\/wp-content\/uploads\/2020\/08\/Black-Rock-Slate-Skin.508-1-660x660.jpg 660w\" sizes=\"(max-width: 2560px) 100vw, 2560px\" \/>\t\t\t\t\t\t\t\t\t\t\t\t\t\t\t\t<div class=\"elementor-custom-embed-play\" role=\"button\" aria-label=\"\u64ad\u653e\u89c6\u9891\" tabindex=\"0\" data-no-translation-aria-label=\"\">\n\t\t\t\t\t\t\t<i aria-hidden=\"true\" class=\"eicon-play\"><\/i>\t\t\t\t\t\t<\/div>\n\t\t\t\t\t\t\t\t\t<\/div>\n\t\t\t\t\t<\/div>\n\t\t\t\t\t\t<\/div>\n\t\t\t\t<\/div>\n\t\t\t\t<section class=\"elementor-section elementor-inner-section elementor-element elementor-element-d71c1e6 elementor-section-boxed elementor-section-height-default elementor-section-height-default\" data-id=\"d71c1e6\" data-element_type=\"section\" data-e-type=\"section\">\n\t\t\t\t\t\t<div class=\"elementor-container elementor-column-gap-default\">\n\t\t\t\t\t<div class=\"elementor-column elementor-col-100 elementor-inner-column elementor-element elementor-element-500ee0d\" data-id=\"500ee0d\" data-element_type=\"column\" data-e-type=\"column\">\n\t\t\t<div class=\"elementor-widget-wrap elementor-element-populated\">\n\t\t\t\t\t\t<div class=\"elementor-element elementor-element-9e0e074 elementor-widget elementor-widget-text-editor\" data-id=\"9e0e074\" data-element_type=\"widget\" data-e-type=\"widget\" data-widget_type=\"text-editor.default\">\n\t\t\t\t<div class=\"elementor-widget-container\">\n\t\t\t\t\t\t\t\t\t<p>Veredeln Sie Ihr iPad mit dem Roxxlyn Real Slate Skin Black Rock, einem handgefertigten Meisterwerk aus echtem Stein, das sich wie eine zweite Haut um Ihr Ger\u00e4t legt. Mit einem satten schwarz-grauen Farbton und einer nat\u00fcrlichen Steinstruktur ist jede H\u00fclle ein echtes Unikat, das deinem iPad einen unverwechselbaren und raffinierten Look verleiht. Mit einer Dicke von nur 1 mm und einem Gewicht von ca. 45 Gramm bewahrt diese ultraflache H\u00fclle das schlanke Profil deines iPads und bietet gleichzeitig dauerhaften Schutz vor Kratzern und allt\u00e4glicher Abnutzung.<\/p><p>Die aus echtem Schieferstein gefertigte Black Rock-H\u00fclle verbindet die Sch\u00f6nheit der Natur mit der Pr\u00e4zision modernen Designs. Die von echtem Stein abgeleitete Textur der H\u00fclle bietet ein einzigartiges haptisches Erlebnis, das mit der Gl\u00e4tte Ihres Ger\u00e4ts kontrastiert und es sowohl optisch auff\u00e4llig als auch funktional macht. Obwohl die Haut aus Naturstein besteht, ist sie unglaublich flexibel und l\u00e4sst sich dank unseres in Deutschland entwickelten Klebstoffs ohne R\u00fcckst\u00e4nde anbringen oder entfernen.<\/p><h3>Warum w\u00e4hlen Sie die Slate Skin Black Rock f\u00fcr Ihr iPad?<\/h3><ul><li><p><strong>Echter Schieferstein, echte Handwerkskunst<\/strong>: Jede H\u00fclle wird aus echtem Schiefergestein gefertigt, um eine nat\u00fcrliche Maserung und Textur zu gew\u00e4hrleisten, die jedes iPad zu einem Unikat macht. Keine zwei Skins sind gleich, so dass Ihr iPad wirklich herausragen wird.<\/p><\/li><li><p><strong>Federleicht &amp; ultra-schlank<\/strong>: Mit einem Gewicht von nur 45 Gramm und einer Dicke von 1 mm bietet die Slate Skin Schutz, ohne den schlanken Formfaktor deines iPad zu beeintr\u00e4chtigen. Es ist ein minimalistisches und dennoch mutiges Statement.<\/p><\/li><li><p><strong>M\u00fchelose Anwendung, r\u00fcckstandsfreie Entfernung<\/strong>: Mit einem speziell in Deutschland entwickelten 3M-Klebefilm l\u00e4sst sich die Schutzfolie problemlos anbringen und ohne klebrige R\u00fcckst\u00e4nde wieder abziehen, so dass die makellose Oberfl\u00e4che Ihres Ger\u00e4ts erhalten bleibt.<\/p><\/li><li><p><strong>Anpassbare Ausschnittoptionen<\/strong>: Entscheiden Sie sich f\u00fcr ein Skin mit einer pr\u00e4zisen Aussparung f\u00fcr das Apple Logo oder w\u00e4hlen Sie ein Design mit komplettem Schiefer f\u00fcr eine nahtlose, ununterbrochene Steinoberfl\u00e4che.<\/p><\/li><li><p><strong>Optionale integrierte Adapterstifte<\/strong>: F\u00fcr diejenigen, die sowohl Form als auch Funktion suchen, bieten wir eine Option mit drei integrierten Adapterstiften an, die Kompatibilit\u00e4t mit Zubeh\u00f6r wie dem Apple Magic Keyboard bietet, damit Sie Ihr iPad stilvoll halten k\u00f6nnen, ohne auf Funktionalit\u00e4t verzichten zu m\u00fcssen.<\/p><\/li><li><p><strong>Handgefertigt in Deutschland<\/strong>: Jedes Slate Skin wird mit Sorgfalt und Liebe zum Detail in Deutschland hergestellt, um Premium-Qualit\u00e4t und eine perfekte Passform f\u00fcr Ihr Ger\u00e4t zu gew\u00e4hrleisten.<\/p><\/li><\/ul><h3>\u00c4sthetischer und funktioneller Schutz<\/h3><p>Die Roxxlyn Real Slate Skin Black Rock bietet nicht nur eine Schutzschicht gegen t\u00e4gliche Kratzer und Schrammen, sondern verwandelt Ihr iPad auch in ein Kunstwerk. Sie kombiniert rustikalen Charme mit moderner Eleganz und ist die ultimative Mischung aus Form und Funktion, die Ihr Ger\u00e4t haptisch und optisch aufwertet.<\/p><p>Dies ist nicht nur eine H\u00fclle - es ist ein Statement f\u00fcr Individualit\u00e4t, Handwerkskunst und zeitlosen Stil. Sch\u00fctzen Sie Ihr iPad mit den feinsten nat\u00fcrlichen Materialien und ziehen Sie die Blicke auf sich, wo immer Sie hingehen.<\/p><h3>Wichtige Notizen:<\/h3><p>Der Slate Skin ist als selbstklebende Haut und nicht als Hartschalenh\u00fclle konzipiert und bietet leichten Schutz ohne zus\u00e4tzliche Masse.<\/p>\t\t\t\t\t\t\t\t<\/div>\n\t\t\t\t<\/div>\n\t\t\t\t<div class=\"elementor-element elementor-element-9a45c83 elementor-widget elementor-widget-text-editor\" data-id=\"9a45c83\" data-element_type=\"widget\" data-e-type=\"widget\" data-widget_type=\"text-editor.default\">\n\t\t\t\t<div class=\"elementor-widget-container\">\n\t\t\t\t\t\t\t\t\t<p><blockquote class=\"wp-embedded-content\" data-secret=\"8fLA6tCWCk\"><a href=\"https:\/\/roxxlyn.com\/de\/instructions\/\">Anleitung<\/a><\/blockquote><iframe class=\"wp-embedded-content\" sandbox=\"allow-scripts\" security=\"restricted\" style=\"position: absolute; visibility: hidden;\" title=\"\u201eAnleitung\u201c \u2014 ROXXLYN\" src=\"https:\/\/roxxlyn.com\/instructions\/embed\/#?secret=apHpz3BNei#?secret=8fLA6tCWCk\" data-secret=\"8fLA6tCWCk\" width=\"600\" height=\"338\" frameborder=\"0\" marginwidth=\"0\" marginheight=\"0\" scrolling=\"no\"><\/iframe><\/p>\t\t\t\t\t\t\t\t<\/div>\n\t\t\t\t<\/div>\n\t\t\t\t\t<\/div>\n\t\t<\/div>\n\t\t\t\t\t<\/div>\n\t\t<\/section>\n\t\t\t\t<div class=\"elementor-element elementor-element-396757a elementor-widget elementor-widget-video\" data-id=\"396757a\" data-element_type=\"widget\" data-e-type=\"widget\" data-settings=\"{&quot;video_type&quot;:&quot;vimeo&quot;}\" data-widget_type=\"video.default\">\n\t\t\t\t<div class=\"elementor-widget-container\">\n\t\t\t\t\t\t\t<div class=\"elementor-wrapper elementor-open-inline\">\n\t\t\t<iframe class=\"elementor-video-iframe\" allowfullscreen allow=\"clipboard-write\" title=\"vimeo \u89c6\u9891\u64ad\u653e\u5668\" src=\"https:\/\/player.vimeo.com\/video\/135730659?color&amp;autopause=0&amp;loop=0&amp;muted=0&amp;title=1&amp;portrait=1&amp;byline=1#t=\" data-no-translation-title=\"\"><\/iframe>\t\t<\/div>\n\t\t\t\t\t\t<\/div>\n\t\t\t\t<\/div>\n\t\t\t\t<div class=\"elementor-element elementor-element-61b67c9 elementor-widget elementor-widget-video\" data-id=\"61b67c9\" data-element_type=\"widget\" data-e-type=\"widget\" data-settings=\"{&quot;video_type&quot;:&quot;vimeo&quot;}\" data-widget_type=\"video.default\">\n\t\t\t\t<div class=\"elementor-widget-container\">\n\t\t\t\t\t\t\t<div class=\"elementor-wrapper elementor-open-inline\">\n\t\t\t<iframe class=\"elementor-video-iframe\" allowfullscreen allow=\"clipboard-write\" title=\"vimeo \u89c6\u9891\u64ad\u653e\u5668\" src=\"https:\/\/player.vimeo.com\/video\/290503829?color&amp;autopause=0&amp;loop=0&amp;muted=0&amp;title=1&amp;portrait=1&amp;byline=1#t=\" data-no-translation-title=\"\"><\/iframe>\t\t<\/div>\n\t\t\t\t\t\t<\/div>\n\t\t\t\t<\/div>\n\t\t\t\t\t<\/div>\n\t\t<\/div>\n\t\t\t\t\t<\/div>\n\t\t<\/section>\n\t\t\t\t<\/div>","protected":false},"excerpt":{"rendered":"<p>Verleihen Sie Ihrem iPad einen einzigartigen Look mit der Slate Skin Black Rock. Diese handgefertigte, ultrad\u00fcnne (1 mm) und leichte (35 g) H\u00fclle aus echtem Stein verf\u00fcgt \u00fcber eine unverwechselbare schwarz-graue Steinstruktur und einen in Deutschland entwickelten Klebstoff f\u00fcr einfaches Anbringen, stilvollen Schutz und r\u00fcckstandsfreies Entfernen. Keine H\u00fclle - das ist echte Handwerkskunst.<\/p>","protected":false},"featured_media":10532,"template":"","meta":{"inline_featured_image":false},"product_brand":[],"product_cat":[163],"product_tag":[],"class_list":{"0":"post-10473","1":"product","2":"type-product","3":"status-publish","4":"has-post-thumbnail","6":"product_cat-ipad-skin","8":"first","9":"instock","10":"featured","11":"taxable","12":"shipping-taxable","13":"purchasable","14":"product-type-variable","15":"has-default-attributes"},"exclude_global_add_ons":[],"addons":[],"_links":{"self":[{"href":"https:\/\/roxxlyn.com\/de\/wp-json\/wp\/v2\/product\/10473","targetHints":{"allow":["GET"]}}],"collection":[{"href":"https:\/\/roxxlyn.com\/de\/wp-json\/wp\/v2\/product"}],"about":[{"href":"https:\/\/roxxlyn.com\/de\/wp-json\/wp\/v2\/types\/product"}],"version-history":[{"count":1,"href":"https:\/\/roxxlyn.com\/de\/wp-json\/wp\/v2\/product\/10473\/revisions"}],"predecessor-version":[{"id":14875,"href":"https:\/\/roxxlyn.com\/de\/wp-json\/wp\/v2\/product\/10473\/revisions\/14875"}],"wp:featuredmedia":[{"embeddable":true,"href":"https:\/\/roxxlyn.com\/de\/wp-json\/wp\/v2\/media\/10532"}],"wp:attachment":[{"href":"https:\/\/roxxlyn.com\/de\/wp-json\/wp\/v2\/media?parent=10473"}],"wp:term":[{"taxonomy":"product_brand","embeddable":true,"href":"https:\/\/roxxlyn.com\/de\/wp-json\/wp\/v2\/product_brand?post=10473"},{"taxonomy":"product_cat","embeddable":true,"href":"https:\/\/roxxlyn.com\/de\/wp-json\/wp\/v2\/product_cat?post=10473"},{"taxonomy":"product_tag","embeddable":true,"href":"https:\/\/roxxlyn.com\/de\/wp-json\/wp\/v2\/product_tag?post=10473"}],"curies":[{"name":"wp","href":"https:\/\/api.w.org\/{rel}","templated":true}]}}