{"id":10021,"date":"2024-08-14T11:54:59","date_gmt":"2024-08-14T11:54:59","guid":{"rendered":"https:\/\/roxxlyn.com\/?post_type=product&#038;p=10021"},"modified":"2025-09-14T13:36:01","modified_gmt":"2025-09-14T13:36:01","slug":"artisan-marble-elegance-cnc-aluminum-airtag-masterpiece-nero-portoro","status":"publish","type":"product","link":"https:\/\/roxxlyn.com\/de\/shop\/artisan-marble-elegance-cnc-aluminum-airtag-masterpiece-nero-portoro\/","title":{"rendered":"Kunsthandwerkliche Marmor-Eleganz: CNC-Aluminium AirTag Meisterwerk - Nero Portoro"},"content":{"rendered":"<div data-elementor-type=\"wp-post\" data-elementor-id=\"10021\" class=\"elementor elementor-10021\" data-elementor-post-type=\"product\">\n\t\t\t\t\t\t<section class=\"elementor-section elementor-top-section elementor-element elementor-element-1761437 elementor-section-boxed elementor-section-height-default elementor-section-height-default\" data-id=\"1761437\" data-element_type=\"section\" data-e-type=\"section\" data-settings=\"{&quot;background_background&quot;:&quot;classic&quot;}\">\n\t\t\t\t\t\t<div class=\"elementor-container elementor-column-gap-default\">\n\t\t\t\t\t<div class=\"elementor-column elementor-col-100 elementor-top-column elementor-element elementor-element-686c732\" data-id=\"686c732\" data-element_type=\"column\" data-e-type=\"column\">\n\t\t\t<div class=\"elementor-widget-wrap elementor-element-populated\">\n\t\t\t\t\t\t<div class=\"elementor-element elementor-element-18411c7 elementor-widget elementor-widget-video\" data-id=\"18411c7\" data-element_type=\"widget\" data-e-type=\"widget\" data-settings=\"{&quot;video_type&quot;:&quot;hosted&quot;,&quot;autoplay&quot;:&quot;yes&quot;,&quot;loop&quot;:&quot;yes&quot;,&quot;play_on_mobile&quot;:&quot;yes&quot;,&quot;mute&quot;:&quot;yes&quot;,&quot;controls&quot;:&quot;yes&quot;}\" data-widget_type=\"video.default\">\n\t\t\t\t<div class=\"elementor-widget-container\">\n\t\t\t\t\t\t\t<div class=\"e-hosted-video elementor-wrapper elementor-open-inline\">\n\t\t\t\t\t<video class=\"elementor-video\" src=\"https:\/\/roxxlyn.com\/wp-content\/uploads\/2022\/08\/airtag-metal-roxxlyn.mp4\" autoplay=\"\" loop=\"\" controls=\"\" muted=\"muted\" playsinline=\"\" controlslist=\"nodownload\"><\/video>\n\t\t\t\t<\/div>\n\t\t\t\t\t\t<\/div>\n\t\t\t\t<\/div>\n\t\t\t\t<div class=\"elementor-element elementor-element-ccb40ea elementor-widget elementor-widget-text-editor\" data-id=\"ccb40ea\" data-element_type=\"widget\" data-e-type=\"widget\" data-widget_type=\"text-editor.default\">\n\t\t\t\t<div class=\"elementor-widget-container\">\n\t\t\t\t\t\t\t\t\t<h2><span style=\"color: #ffffff;\">Was ist in der Schachtel?<\/span><\/h2><p>1 x Schwarz eloxiertes Aluminiumgeh\u00e4use mit Magnetverschluss f\u00fcr Apple AirTags<br \/>1 x Karabiner aus grauer Zinklegierung<br \/>1 x Echtes Nero Portoro MArble Cover<br \/>1 x Veganer Lederaufkleber (mit oder ohne Logo Ihrer Wahl) f\u00fcr zus\u00e4tzlichen Stil<br \/>6 x Hochwertige ORAFOL mattschwarze Aufkleber f\u00fcr zus\u00e4tzlichen Schutz und Kontrast<br \/>1 x Dankeskarte mit einem Link zu unserer leicht verst\u00e4ndlichen Einrichtungsanleitung<br \/>1x schwarzer \u00c4rmel<\/p><p>Bitte beachten:<br \/>Jedes Geh\u00e4use wird aus echtem Nero Marquina-Marmor gefertigt und ist somit einzigartig. Das Marmorfurnier kann leicht von den Abbildungen abweichen, was die Individualit\u00e4t Ihres Kaufs unterstreicht.<\/p><p><blockquote class=\"wp-embedded-content\" data-secret=\"cSuR9AtGCH\"><a href=\"https:\/\/roxxlyn.com\/de\/instructions\/\">Anleitung<\/a><\/blockquote><iframe class=\"wp-embedded-content\" sandbox=\"allow-scripts\" security=\"restricted\" style=\"position: absolute; visibility: hidden;\" title=\"\u201eAnleitung\u201c \u2014 ROXXLYN\" src=\"https:\/\/roxxlyn.com\/instructions\/embed\/#?secret=LebfN4HwkV#?secret=cSuR9AtGCH\" data-secret=\"cSuR9AtGCH\" width=\"600\" height=\"338\" frameborder=\"0\" marginwidth=\"0\" marginheight=\"0\" scrolling=\"no\"><\/iframe><\/p><p>Der Artikel wird aus Deutschland versandt.<\/p>\t\t\t\t\t\t\t\t<\/div>\n\t\t\t\t<\/div>\n\t\t\t\t\t<\/div>\n\t\t<\/div>\n\t\t\t\t\t<\/div>\n\t\t<\/section>\n\t\t\t\t<section class=\"elementor-section elementor-top-section elementor-element elementor-element-4fad3d1 elementor-section-boxed elementor-section-height-default elementor-section-height-default\" data-id=\"4fad3d1\" data-element_type=\"section\" data-e-type=\"section\" data-settings=\"{&quot;background_background&quot;:&quot;classic&quot;}\">\n\t\t\t\t\t\t<div class=\"elementor-container elementor-column-gap-default\">\n\t\t\t\t\t<div class=\"elementor-column elementor-col-100 elementor-top-column elementor-element elementor-element-e551091\" data-id=\"e551091\" data-element_type=\"column\" data-e-type=\"column\">\n\t\t\t<div class=\"elementor-widget-wrap elementor-element-populated\">\n\t\t\t\t\t\t<div class=\"elementor-element elementor-element-e7512c5 elementor-widget elementor-widget-video\" data-id=\"e7512c5\" data-element_type=\"widget\" data-e-type=\"widget\" data-settings=\"{&quot;video_type&quot;:&quot;vimeo&quot;}\" data-widget_type=\"video.default\">\n\t\t\t\t<div class=\"elementor-widget-container\">\n\t\t\t\t\t\t\t<div class=\"elementor-wrapper elementor-open-inline\">\n\t\t\t<iframe class=\"elementor-video-iframe\" allowfullscreen allow=\"clipboard-write\" title=\"vimeo Video Player\" src=\"https:\/\/player.vimeo.com\/video\/290503829?color&amp;autopause=0&amp;loop=0&amp;muted=0&amp;title=1&amp;portrait=1&amp;byline=1#t=\"><\/iframe>\t\t<\/div>\n\t\t\t\t\t\t<\/div>\n\t\t\t\t<\/div>\n\t\t\t\t\t<\/div>\n\t\t<\/div>\n\t\t\t\t\t<\/div>\n\t\t<\/section>\n\t\t\t\t<\/div>","protected":false},"excerpt":{"rendered":"<p>Veredeln Sie Ihren AirTag mit unserem CNC-gefr\u00e4sten Geh\u00e4use, in dem moderne Technologie auf die exquisite Sch\u00f6nheit des Nero Portoro Marmors trifft.<\/p>\n<p>Die fachm\u00e4nnische Verarbeitung von mattschwarz eloxiertem Aluminium und luxuri\u00f6sem veganem Leder sorgt f\u00fcr ein elegantes, langlebiges Design. Echter Nero-Portoro-Marmor, bekannt f\u00fcr seinen markanten schwarzen Hintergrund und die goldene Maserung, verleiht ihm einen Hauch von unvergleichlicher Raffinesse. Der mattgraue Zinkkarabiner sorgt f\u00fcr eine sichere und stilvolle Befestigung.<\/p>\n<p>Integrierte Magnete sorgen f\u00fcr einen nahtlosen Sitz und machen dieses Etui zu einer perfekten Verbindung von Eleganz und Funktionalit\u00e4t - ein wahres Kunstwerk. Hergestellt in Deutschland.<\/p>","protected":false},"featured_media":10269,"template":"","meta":{"inline_featured_image":false},"product_brand":[],"product_cat":[92],"product_tag":[],"class_list":{"0":"post-10021","1":"product","2":"type-product","3":"status-publish","4":"has-post-thumbnail","6":"product_cat-airtag","8":"first","9":"instock","10":"taxable","11":"shipping-taxable","12":"purchasable","13":"product-type-variable"},"exclude_global_add_ons":[],"addons":[],"_links":{"self":[{"href":"https:\/\/roxxlyn.com\/de\/wp-json\/wp\/v2\/product\/10021","targetHints":{"allow":["GET"]}}],"collection":[{"href":"https:\/\/roxxlyn.com\/de\/wp-json\/wp\/v2\/product"}],"about":[{"href":"https:\/\/roxxlyn.com\/de\/wp-json\/wp\/v2\/types\/product"}],"version-history":[{"count":0,"href":"https:\/\/roxxlyn.com\/de\/wp-json\/wp\/v2\/product\/10021\/revisions"}],"wp:featuredmedia":[{"embeddable":true,"href":"https:\/\/roxxlyn.com\/de\/wp-json\/wp\/v2\/media\/10269"}],"wp:attachment":[{"href":"https:\/\/roxxlyn.com\/de\/wp-json\/wp\/v2\/media?parent=10021"}],"wp:term":[{"taxonomy":"product_brand","embeddable":true,"href":"https:\/\/roxxlyn.com\/de\/wp-json\/wp\/v2\/product_brand?post=10021"},{"taxonomy":"product_cat","embeddable":true,"href":"https:\/\/roxxlyn.com\/de\/wp-json\/wp\/v2\/product_cat?post=10021"},{"taxonomy":"product_tag","embeddable":true,"href":"https:\/\/roxxlyn.com\/de\/wp-json\/wp\/v2\/product_tag?post=10021"}],"curies":[{"name":"wp","href":"https:\/\/api.w.org\/{rel}","templated":true}]}}