{"id":10017,"date":"2024-08-14T11:34:35","date_gmt":"2024-08-14T11:34:35","guid":{"rendered":"https:\/\/roxxlyn.com\/?post_type=product&#038;p=10017"},"modified":"2025-09-14T13:35:44","modified_gmt":"2025-09-14T13:35:44","slug":"artisan-marble-elegance-cnc-aluminum-airtag-masterpiece-lapis-lazuli","status":"publish","type":"product","link":"https:\/\/roxxlyn.com\/de\/shop\/artisan-marble-elegance-cnc-aluminum-airtag-masterpiece-lapis-lazuli\/","title":{"rendered":"Kunsthandwerkliche Marmor-Eleganz: CNC-Aluminium AirTag Meisterwerk - Lapis Lazuli"},"content":{"rendered":"<div data-elementor-type=\"wp-post\" data-elementor-id=\"10017\" class=\"elementor elementor-10017\" data-elementor-post-type=\"product\">\n\t\t\t\t\t\t<section class=\"elementor-section elementor-top-section elementor-element elementor-element-1761437 elementor-section-boxed elementor-section-height-default elementor-section-height-default\" data-id=\"1761437\" data-element_type=\"section\" data-e-type=\"section\" data-settings=\"{&quot;background_background&quot;:&quot;classic&quot;}\">\n\t\t\t\t\t\t<div class=\"elementor-container elementor-column-gap-default\">\n\t\t\t\t\t<div class=\"elementor-column elementor-col-100 elementor-top-column elementor-element elementor-element-686c732\" data-id=\"686c732\" data-element_type=\"column\" data-e-type=\"column\">\n\t\t\t<div class=\"elementor-widget-wrap elementor-element-populated\">\n\t\t\t\t\t\t<div class=\"elementor-element elementor-element-18411c7 elementor-widget elementor-widget-video\" data-id=\"18411c7\" data-element_type=\"widget\" data-e-type=\"widget\" data-settings=\"{&quot;video_type&quot;:&quot;hosted&quot;,&quot;autoplay&quot;:&quot;yes&quot;,&quot;loop&quot;:&quot;yes&quot;,&quot;play_on_mobile&quot;:&quot;yes&quot;,&quot;mute&quot;:&quot;yes&quot;,&quot;controls&quot;:&quot;yes&quot;}\" data-widget_type=\"video.default\">\n\t\t\t\t<div class=\"elementor-widget-container\">\n\t\t\t\t\t\t\t<div class=\"e-hosted-video elementor-wrapper elementor-open-inline\">\n\t\t\t\t\t<video class=\"elementor-video\" src=\"https:\/\/roxxlyn.com\/wp-content\/uploads\/2022\/08\/airtag-metal-roxxlyn.mp4\" autoplay=\"\" loop=\"\" controls=\"\" muted=\"muted\" playsinline=\"\" controlslist=\"nodownload\"><\/video>\n\t\t\t\t<\/div>\n\t\t\t\t\t\t<\/div>\n\t\t\t\t<\/div>\n\t\t\t\t<div class=\"elementor-element elementor-element-7a894e0 elementor-widget elementor-widget-text-editor\" data-id=\"7a894e0\" data-element_type=\"widget\" data-e-type=\"widget\" data-widget_type=\"text-editor.default\">\n\t\t\t\t<div class=\"elementor-widget-container\">\n\t\t\t\t\t\t\t\t\t<h2><span style=\"color: #ffffff;\">Was ist in der Schachtel?<\/span><\/h2><p>1 x Schwarz eloxiertes Aluminiumgeh\u00e4use mit Magnetverschluss f\u00fcr Apple AirTags<br \/>1 x Karabiner aus grauer Zinklegierung<br \/>1 x Abdeckung aus echtem Lapislazuli-Granit<br \/>1 x Veganer Lederaufkleber (mit oder ohne Logo Ihrer Wahl) f\u00fcr zus\u00e4tzlichen Stil<br \/>6 x Hochwertige ORAFOL mattschwarze Aufkleber f\u00fcr zus\u00e4tzlichen Schutz und Kontrast<br \/>1 x Dankeskarte mit einem Link zu unserer leicht verst\u00e4ndlichen Einrichtungsanleitung<br \/>1x schwarzer \u00c4rmel<\/p><p>Bitte beachten:<br \/>Jedes Geh\u00e4use wird aus echtem Nero Marquina-Marmor gefertigt und ist somit einzigartig. Das Marmorfurnier kann leicht von den Abbildungen abweichen, was die Individualit\u00e4t Ihres Kaufs unterstreicht.<\/p><p><blockquote class=\"wp-embedded-content\" data-secret=\"lZpEPVjbOK\"><a href=\"https:\/\/roxxlyn.com\/de\/instructions\/\">Anleitung<\/a><\/blockquote><iframe class=\"wp-embedded-content\" sandbox=\"allow-scripts\" security=\"restricted\" style=\"position: absolute; visibility: hidden;\" title=\"\u201eAnleitung\u201c \u2014 ROXXLYN\" src=\"https:\/\/roxxlyn.com\/instructions\/embed\/#?secret=nKcrhTtLGQ#?secret=lZpEPVjbOK\" data-secret=\"lZpEPVjbOK\" width=\"600\" height=\"338\" frameborder=\"0\" marginwidth=\"0\" marginheight=\"0\" scrolling=\"no\"><\/iframe><\/p><p>Der Artikel wird aus Deutschland versandt.<\/p>\t\t\t\t\t\t\t\t<\/div>\n\t\t\t\t<\/div>\n\t\t\t\t\t<\/div>\n\t\t<\/div>\n\t\t\t\t\t<\/div>\n\t\t<\/section>\n\t\t\t\t<section class=\"elementor-section elementor-top-section elementor-element elementor-element-4fad3d1 elementor-section-boxed elementor-section-height-default elementor-section-height-default\" data-id=\"4fad3d1\" data-element_type=\"section\" data-e-type=\"section\" data-settings=\"{&quot;background_background&quot;:&quot;classic&quot;}\">\n\t\t\t\t\t\t<div class=\"elementor-container elementor-column-gap-default\">\n\t\t\t\t\t<div class=\"elementor-column elementor-col-100 elementor-top-column elementor-element elementor-element-e551091\" data-id=\"e551091\" data-element_type=\"column\" data-e-type=\"column\">\n\t\t\t<div class=\"elementor-widget-wrap elementor-element-populated\">\n\t\t\t\t\t\t<div class=\"elementor-element elementor-element-e7512c5 elementor-widget elementor-widget-video\" data-id=\"e7512c5\" data-element_type=\"widget\" data-e-type=\"widget\" data-settings=\"{&quot;video_type&quot;:&quot;vimeo&quot;}\" data-widget_type=\"video.default\">\n\t\t\t\t<div class=\"elementor-widget-container\">\n\t\t\t\t\t\t\t<div class=\"elementor-wrapper elementor-open-inline\">\n\t\t\t<iframe class=\"elementor-video-iframe\" allowfullscreen allow=\"clipboard-write\" title=\"vimeo \u0391\u03bd\u03b1\u03c0\u03b1\u03c1\u03b1\u03b3\u03c9\u03b3\u03cc\u03c2 \u03a0\u03bf\u03bb\u03c5\u03bc\u03ad\u03c3\u03c9\u03bd\" src=\"https:\/\/player.vimeo.com\/video\/290503829?color&amp;autopause=0&amp;loop=0&amp;muted=0&amp;title=1&amp;portrait=1&amp;byline=1#t=\" data-no-translation-title=\"\"><\/iframe>\t\t<\/div>\n\t\t\t\t\t\t<\/div>\n\t\t\t\t<\/div>\n\t\t\t\t\t<\/div>\n\t\t<\/div>\n\t\t\t\t\t<\/div>\n\t\t<\/section>\n\t\t\t\t<\/div>","protected":false},"excerpt":{"rendered":"<p>Veredeln Sie Ihren AirTag mit unserem CNC-gefr\u00e4sten Geh\u00e4use, in dem moderne Technologie auf die zeitlose Sch\u00f6nheit von Lapislazuli-Granit trifft.<\/p>\n<p>Das pr\u00e4zise gefertigte, mattschwarz eloxierte Aluminium und das luxuri\u00f6se vegane Leder sorgen f\u00fcr ein schlankes, langlebiges Design. Echter Lapislazuli-Granit, bekannt f\u00fcr seine tiefblauen Farbt\u00f6ne und nat\u00fcrlichen Goldflecken, sorgt f\u00fcr unvergleichliche Eleganz. Der mattgraue Zinkkarabiner bietet eine sichere und stilvolle Befestigung.<\/p>\n<p>Integrierte Magnete sorgen f\u00fcr einen nahtlosen Sitz und machen diese Tasche zu einer perfekten Mischung aus Raffinesse und Funktionalit\u00e4t - ein wahres Kunstwerk. Hergestellt in Deutschland.<\/p>","protected":false},"featured_media":10246,"template":"","meta":{"inline_featured_image":false},"product_brand":[],"product_cat":[92],"product_tag":[],"class_list":{"0":"post-10017","1":"product","2":"type-product","3":"status-publish","4":"has-post-thumbnail","6":"product_cat-airtag","8":"first","9":"instock","10":"taxable","11":"shipping-taxable","12":"purchasable","13":"product-type-variable"},"exclude_global_add_ons":[],"addons":[],"_links":{"self":[{"href":"https:\/\/roxxlyn.com\/de\/wp-json\/wp\/v2\/product\/10017","targetHints":{"allow":["GET"]}}],"collection":[{"href":"https:\/\/roxxlyn.com\/de\/wp-json\/wp\/v2\/product"}],"about":[{"href":"https:\/\/roxxlyn.com\/de\/wp-json\/wp\/v2\/types\/product"}],"version-history":[{"count":0,"href":"https:\/\/roxxlyn.com\/de\/wp-json\/wp\/v2\/product\/10017\/revisions"}],"wp:featuredmedia":[{"embeddable":true,"href":"https:\/\/roxxlyn.com\/de\/wp-json\/wp\/v2\/media\/10246"}],"wp:attachment":[{"href":"https:\/\/roxxlyn.com\/de\/wp-json\/wp\/v2\/media?parent=10017"}],"wp:term":[{"taxonomy":"product_brand","embeddable":true,"href":"https:\/\/roxxlyn.com\/de\/wp-json\/wp\/v2\/product_brand?post=10017"},{"taxonomy":"product_cat","embeddable":true,"href":"https:\/\/roxxlyn.com\/de\/wp-json\/wp\/v2\/product_cat?post=10017"},{"taxonomy":"product_tag","embeddable":true,"href":"https:\/\/roxxlyn.com\/de\/wp-json\/wp\/v2\/product_tag?post=10017"}],"curies":[{"name":"wp","href":"https:\/\/api.w.org\/{rel}","templated":true}]}}