{"id":8648,"date":"2024-01-18T14:48:55","date_gmt":"2024-01-18T14:48:55","guid":{"rendered":"https:\/\/roxxlyn.com\/?page_id=8648"},"modified":"2024-01-18T15:12:06","modified_gmt":"2024-01-18T15:12:06","slug":"made","status":"publish","type":"page","link":"https:\/\/roxxlyn.com\/de\/made\/","title":{"rendered":"Made"},"content":{"rendered":"<div data-elementor-type=\"wp-page\" data-elementor-id=\"8648\" class=\"elementor elementor-8648\" data-elementor-post-type=\"page\">\n\t\t\t\t\t\t<section class=\"elementor-section elementor-top-section elementor-element elementor-element-87b5fa2 elementor-section-full_width elementor-section-height-default elementor-section-height-default\" data-id=\"87b5fa2\" data-element_type=\"section\" data-e-type=\"section\">\n\t\t\t\t\t\t<div class=\"elementor-container elementor-column-gap-default\">\n\t\t\t\t\t<div class=\"elementor-column elementor-col-100 elementor-top-column elementor-element elementor-element-3bd6c4c\" data-id=\"3bd6c4c\" data-element_type=\"column\" data-e-type=\"column\">\n\t\t\t<div class=\"elementor-widget-wrap elementor-element-populated\">\n\t\t\t\t\t\t<div class=\"elementor-element elementor-element-08b67f6 elementor-widget elementor-widget-text-editor\" data-id=\"08b67f6\" data-element_type=\"widget\" data-e-type=\"widget\" data-widget_type=\"text-editor.default\">\n\t\t\t\t<div class=\"elementor-widget-container\">\n\t\t\t\t\t\t\t\t\t<p>&nbsp;Es dauerte fast zwei Jahre der Konzeption und Entwicklung, um diese Technologie zu beherrschen. Ein Prozess, der es erm\u00f6glicht, d\u00fcnne, ultraleichte und einzigartige Steinfurniere aus einer Milliarde Jahre altem Naturstein herzustellen \u2192<\/p>\t\t\t\t\t\t\t\t<\/div>\n\t\t\t\t<\/div>\n\t\t\t\t<div class=\"elementor-element elementor-element-18dd901 elementor-widget elementor-widget-video\" data-id=\"18dd901\" data-element_type=\"widget\" data-e-type=\"widget\" data-settings=\"{&quot;video_type&quot;:&quot;vimeo&quot;,&quot;autoplay&quot;:&quot;yes&quot;,&quot;loop&quot;:&quot;yes&quot;,&quot;play_on_mobile&quot;:&quot;yes&quot;,&quot;mute&quot;:&quot;yes&quot;}\" data-widget_type=\"video.default\">\n\t\t\t\t<div class=\"elementor-widget-container\">\n\t\t\t\t\t\t\t<div class=\"elementor-wrapper elementor-open-inline\">\n\t\t\t<iframe class=\"elementor-video-iframe\" allowfullscreen allow=\"autoplay\" title=\"vimeo \u52d5\u753b\u30d7\u30ec\u30fc\u30e4\u30fc\" src=\"https:\/\/player.vimeo.com\/video\/290503829?autoplay=1&amp;playsinline=1&amp;color=FFFFFF&amp;autopause=0&amp;loop=1&amp;muted=1&amp;title=0&amp;portrait=1&amp;byline=0#t=\" data-no-translation-title=\"\"><\/iframe>\t\t<\/div>\n\t\t\t\t\t\t<\/div>\n\t\t\t\t<\/div>\n\t\t\t\t\t<\/div>\n\t\t<\/div>\n\t\t\t\t\t<\/div>\n\t\t<\/section>\n\t\t\t\t<section class=\"elementor-section elementor-top-section elementor-element elementor-element-7b44f3a elementor-section-boxed elementor-section-height-default elementor-section-height-default\" data-id=\"7b44f3a\" data-element_type=\"section\" data-e-type=\"section\">\n\t\t\t\t\t\t<div class=\"elementor-container elementor-column-gap-default\">\n\t\t\t\t\t<div class=\"elementor-column elementor-col-100 elementor-top-column elementor-element elementor-element-d21da6b\" data-id=\"d21da6b\" data-element_type=\"column\" data-e-type=\"column\">\n\t\t\t<div class=\"elementor-widget-wrap elementor-element-populated\">\n\t\t\t\t\t\t<div class=\"elementor-element elementor-element-de41964 elementor-widget elementor-widget-text-editor\" data-id=\"de41964\" data-element_type=\"widget\" data-e-type=\"widget\" data-widget_type=\"text-editor.default\">\n\t\t\t\t<div class=\"elementor-widget-container\">\n\t\t\t\t\t\t\t\t\t<p>Willkommen in der Welt von Roxxlyn, wo Kunstfertigkeit auf Innovation bei der Herstellung au\u00dfergew\u00f6hnlicher Steinprodukte und Accessoires trifft. Schauen Sie sich \u201eMade\u201c an, unsere neueste Offenbarung und ein Beweis f\u00fcr unser unersch\u00fctterliches Engagement, Exzellenz in der Steinverarbeitung neu zu definieren. W\u00e4hrend wir \u201eMade\u201c enth\u00fcllen, tauchen Sie ein in die nahtlose Verschmelzung zeitloser Tradition und modernster Technologie, die den einzigartigen Ansatz von Roxxlyn ausmacht. \u201eMade\u201c ist mehr als eine Sch\u00f6pfung; Es ist eine Erz\u00e4hlung, die mit Leidenschaft, Pr\u00e4zision und un\u00fcbertroffener Kunstfertigkeit in Stein gemei\u00dfelt ist. Begleiten Sie uns auf dieser Reise, w\u00e4hrend wir stolz \u201eMade\u201c pr\u00e4sentieren, ein Symbol f\u00fcr unser Engagement, neue Ma\u00dfst\u00e4be in Sachen Luxus und Design im Bereich der Steinaccessoires zu setzen.<\/p>\t\t\t\t\t\t\t\t<\/div>\n\t\t\t\t<\/div>\n\t\t\t\t\t<\/div>\n\t\t<\/div>\n\t\t\t\t\t<\/div>\n\t\t<\/section>\n\t\t\t\t<\/div>","protected":false},"excerpt":{"rendered":"<p>&nbsp;Fast zwei Jahre Konzeptions- und Entwicklungsarbeit waren n\u00f6tig, um diese Technologie zu beherrschen. Ein Verfahren, das es erm\u00f6glicht, d\u00fcnne, ultraleichte und einzigartige Steinfurniere aus einer Milliarde...<\/p>","protected":false},"author":2904,"featured_media":0,"parent":0,"menu_order":0,"comment_status":"closed","ping_status":"closed","template":"","meta":{"inline_featured_image":false,"footnotes":""},"class_list":["post-8648","page","type-page","status-publish","hentry"],"_links":{"self":[{"href":"https:\/\/roxxlyn.com\/de\/wp-json\/wp\/v2\/pages\/8648","targetHints":{"allow":["GET"]}}],"collection":[{"href":"https:\/\/roxxlyn.com\/de\/wp-json\/wp\/v2\/pages"}],"about":[{"href":"https:\/\/roxxlyn.com\/de\/wp-json\/wp\/v2\/types\/page"}],"author":[{"embeddable":true,"href":"https:\/\/roxxlyn.com\/de\/wp-json\/wp\/v2\/users\/2904"}],"replies":[{"embeddable":true,"href":"https:\/\/roxxlyn.com\/de\/wp-json\/wp\/v2\/comments?post=8648"}],"version-history":[{"count":0,"href":"https:\/\/roxxlyn.com\/de\/wp-json\/wp\/v2\/pages\/8648\/revisions"}],"wp:attachment":[{"href":"https:\/\/roxxlyn.com\/de\/wp-json\/wp\/v2\/media?parent=8648"}],"curies":[{"name":"wp","href":"https:\/\/api.w.org\/{rel}","templated":true}]}}