{"id":38,"date":"2020-08-11T16:12:35","date_gmt":"2020-08-11T16:12:35","guid":{"rendered":"https:\/\/roxxlyn.com\/?page_id=38"},"modified":"2025-11-20T13:24:17","modified_gmt":"2025-11-20T13:24:17","slug":"contact","status":"publish","type":"page","link":"https:\/\/roxxlyn.com\/de\/contact\/","title":{"rendered":"Kontakt"},"content":{"rendered":"<div data-elementor-type=\"wp-page\" data-elementor-id=\"38\" class=\"elementor elementor-38\" data-elementor-post-type=\"page\">\n\t\t\t\t\t\t<section class=\"elementor-section elementor-top-section elementor-element elementor-element-262116b elementor-section-boxed elementor-section-height-default elementor-section-height-default\" data-id=\"262116b\" data-element_type=\"section\" data-e-type=\"section\">\n\t\t\t\t\t\t<div class=\"elementor-container elementor-column-gap-default\">\n\t\t\t\t\t<div class=\"elementor-column elementor-col-100 elementor-top-column elementor-element elementor-element-e4fe19d\" data-id=\"e4fe19d\" data-element_type=\"column\" data-e-type=\"column\">\n\t\t\t<div class=\"elementor-widget-wrap elementor-element-populated\">\n\t\t\t\t\t\t<div class=\"elementor-element elementor-element-35974ad elementor-widget elementor-widget-text-editor\" data-id=\"35974ad\" data-element_type=\"widget\" data-e-type=\"widget\" data-widget_type=\"text-editor.default\">\n\t\t\t\t<div class=\"elementor-widget-container\">\n\t\t\t\t\t\t\t\t\t<p>Wir freuen uns, von Ihnen zu h\u00f6ren. Ob Sie eine Frage zu unseren Steinarbeiten haben, Hilfe bei einer Bestellung ben\u00f6tigen oder einfach nur Hallo sagen m\u00f6chten \u2013 wenden Sie sich einfach an uns.<\/p>\n\n<p><strong>Allgemeine Anfragen<\/strong><br>\n<a href=\"mailto:info@roxxlyn.com?subject=Roxxlyn.com%20Request\">info@roxxlyn.com<\/a>\n<\/p>\n\n<p><strong>Verk\u00e4ufe<\/strong><br>\n<a href=\"mailto:sales@roxxlyn.com?subject=Sales%20Inquiry%20via%20Roxxlyn.com\">sales@roxxlyn.com<\/a>\n<\/p>\n\n<p><strong>Presse &amp; Medien<\/strong><br>\n<a href=\"mailto:press@roxxlyn.com?subject=Press%20Inquiry%20via%20Roxxlyn.com\">press@roxxlyn.com<\/a>\n<\/p>\n\n<p><strong>Telefon<\/strong><br>\nEuropa: +49 (0)30 2016 9208<br>\nUSA: +1 (850) 660-8365\n<\/p>\n\n<p><strong>Live-Chat<\/strong><br>\nKlicken Sie auf das Chat-Symbol in der unteren rechten Ecke, um mit uns in Echtzeit zu sprechen, wann immer wir online sind.\n<\/p>\n\t\t\t\t\t\t\t\t<\/div>\n\t\t\t\t<\/div>\n\t\t\t\t\t<\/div>\n\t\t<\/div>\n\t\t\t\t\t<\/div>\n\t\t<\/section>\n\t\t\t\t<\/div>","protected":false},"excerpt":{"rendered":"<p>Wir freuen uns, von Ihnen zu h\u00f6ren. Ob Sie eine Frage zu unseren Steinarbeiten haben, Hilfe bei einer Bestellung ben\u00f6tigen oder einfach nur Hallo sagen m\u00f6chten \u2013 melden Sie sich einfach bei uns.<\/p>","protected":false},"author":2904,"featured_media":0,"parent":0,"menu_order":0,"comment_status":"closed","ping_status":"closed","template":"","meta":{"inline_featured_image":false,"footnotes":""},"class_list":["post-38","page","type-page","status-publish","hentry"],"_links":{"self":[{"href":"https:\/\/roxxlyn.com\/de\/wp-json\/wp\/v2\/pages\/38","targetHints":{"allow":["GET"]}}],"collection":[{"href":"https:\/\/roxxlyn.com\/de\/wp-json\/wp\/v2\/pages"}],"about":[{"href":"https:\/\/roxxlyn.com\/de\/wp-json\/wp\/v2\/types\/page"}],"author":[{"embeddable":true,"href":"https:\/\/roxxlyn.com\/de\/wp-json\/wp\/v2\/users\/2904"}],"replies":[{"embeddable":true,"href":"https:\/\/roxxlyn.com\/de\/wp-json\/wp\/v2\/comments?post=38"}],"version-history":[{"count":0,"href":"https:\/\/roxxlyn.com\/de\/wp-json\/wp\/v2\/pages\/38\/revisions"}],"wp:attachment":[{"href":"https:\/\/roxxlyn.com\/de\/wp-json\/wp\/v2\/media?parent=38"}],"curies":[{"name":"wp","href":"https:\/\/api.w.org\/{rel}","templated":true}]}}