{"id":32,"date":"2020-08-11T16:03:08","date_gmt":"2020-08-11T16:03:08","guid":{"rendered":"https:\/\/roxxlyn.com\/?page_id=32"},"modified":"2025-06-10T17:21:17","modified_gmt":"2025-06-10T17:21:17","slug":"imprint","status":"publish","type":"page","link":"https:\/\/roxxlyn.com\/de\/imprint\/","title":{"rendered":"Impressum"},"content":{"rendered":"<div data-elementor-type=\"wp-page\" data-elementor-id=\"32\" class=\"elementor elementor-32\" data-elementor-post-type=\"page\">\n\t\t\t\t\t\t<section class=\"elementor-section elementor-top-section elementor-element elementor-element-245da45 elementor-section-boxed elementor-section-height-default elementor-section-height-default\" data-id=\"245da45\" data-element_type=\"section\" data-e-type=\"section\">\n\t\t\t\t\t\t<div class=\"elementor-container elementor-column-gap-default\">\n\t\t\t\t\t<div class=\"elementor-column elementor-col-100 elementor-top-column elementor-element elementor-element-6f16cf6\" data-id=\"6f16cf6\" data-element_type=\"column\" data-e-type=\"column\">\n\t\t\t<div class=\"elementor-widget-wrap elementor-element-populated\">\n\t\t\t\t\t\t<div class=\"elementor-element elementor-element-ceff62b elementor-widget elementor-widget-text-editor\" data-id=\"ceff62b\" data-element_type=\"widget\" data-e-type=\"widget\" data-widget_type=\"text-editor.default\">\n\t\t\t\t<div class=\"elementor-widget-container\">\n\t\t\t\t\t\t\t\t\t<div data-style=\"undefined\">\n<div>Roxxlyn Design GmbH<br>Len\u00dfenstra\u00dfe 35<\/div>\n<div>41239 M\u00f6nchengladbach, Deutschland<\/div>\n<p>Gesch\u00e4ftsf\u00fchrung: Andreas Pla\u00dfmann<\/p>\n<p>Telefon: +49 (0) 3020169208<br>E-Mail: info@roxxlyn.com<\/p>\n<p>Registergericht &amp; Registernummer: Amtsgericht M\u00f6nchengladbach,<br>HRB (Handelsregisterblatt) 20626<br>Tax-number:121\/5761\/5589<\/p>\n<p>Umsatzsteuer-Identifikationsnummer: DE294407094<\/p>\n<p>Verantwortlich f\u00fcr den Inhalt: Tanja Pla\u00dfmann (Anschrift wie oben)<\/p>\n<\/div>\n<div data-style=\"undefined\">\n<p>ROXXLYN ist eine eingetragene Marke der Roxxlyn Design GmbH in der Europ\u00e4ischen Union, Russland, China, Japan, der Schweiz und den USA<\/p>\n<\/div>\n<div data-style=\"undefined\">\n<p>Z\u00f6gern Sie nicht, uns zu kontaktieren, wenn Sie haben<br>Fragen info@roxxlyn.com<\/p>\n<\/div>\t\t\t\t\t\t\t\t<\/div>\n\t\t\t\t<\/div>\n\t\t\t\t\t<\/div>\n\t\t<\/div>\n\t\t\t\t\t<\/div>\n\t\t<\/section>\n\t\t\t\t<\/div>","protected":false},"excerpt":{"rendered":"<p>Roxxlyn Design GmbHLen\u00dfenstra\u00dfe 35 41239 M\u00f6nchengladbach, Deutschland Gesch\u00e4ftsf\u00fchrung: Andreas Pla\u00dfmann Telefon: +49(0)3020169208E-Mail: info@roxxlyn.com Registergericht &amp; Registernummer: Amtsgericht M\u00f6nchengladbach,HRB 20626Steuernummer:121\/5761\/5589Umsatzsteueridentifikationsnummer: DE294407094...<\/p>","protected":false},"author":2904,"featured_media":0,"parent":0,"menu_order":0,"comment_status":"closed","ping_status":"closed","template":"","meta":{"inline_featured_image":false,"footnotes":""},"class_list":["post-32","page","type-page","status-publish","hentry"],"_links":{"self":[{"href":"https:\/\/roxxlyn.com\/de\/wp-json\/wp\/v2\/pages\/32","targetHints":{"allow":["GET"]}}],"collection":[{"href":"https:\/\/roxxlyn.com\/de\/wp-json\/wp\/v2\/pages"}],"about":[{"href":"https:\/\/roxxlyn.com\/de\/wp-json\/wp\/v2\/types\/page"}],"author":[{"embeddable":true,"href":"https:\/\/roxxlyn.com\/de\/wp-json\/wp\/v2\/users\/2904"}],"replies":[{"embeddable":true,"href":"https:\/\/roxxlyn.com\/de\/wp-json\/wp\/v2\/comments?post=32"}],"version-history":[{"count":0,"href":"https:\/\/roxxlyn.com\/de\/wp-json\/wp\/v2\/pages\/32\/revisions"}],"wp:attachment":[{"href":"https:\/\/roxxlyn.com\/de\/wp-json\/wp\/v2\/media?parent=32"}],"curies":[{"name":"wp","href":"https:\/\/api.w.org\/{rel}","templated":true}]}}