{"id":129,"date":"2020-08-13T16:25:06","date_gmt":"2020-08-13T16:25:06","guid":{"rendered":"https:\/\/roxxlyn.com\/?page_id=129"},"modified":"2024-11-14T17:45:38","modified_gmt":"2024-11-14T17:45:38","slug":"faq","status":"publish","type":"page","link":"https:\/\/roxxlyn.com\/de\/faq\/","title":{"rendered":"FAQ"},"content":{"rendered":"<div data-elementor-type=\"wp-page\" data-elementor-id=\"129\" class=\"elementor elementor-129\" data-elementor-post-type=\"page\">\n\t\t\t\t\t\t<section class=\"elementor-section elementor-top-section elementor-element elementor-element-3564859 elementor-section-boxed elementor-section-height-default elementor-section-height-default\" data-id=\"3564859\" data-element_type=\"section\" data-e-type=\"section\">\n\t\t\t\t\t\t<div class=\"elementor-container elementor-column-gap-default\">\n\t\t\t\t\t<div class=\"elementor-column elementor-col-100 elementor-top-column elementor-element elementor-element-4998c23\" data-id=\"4998c23\" data-element_type=\"column\" data-e-type=\"column\">\n\t\t\t<div class=\"elementor-widget-wrap elementor-element-populated\">\n\t\t\t\t\t\t<div class=\"elementor-element elementor-element-07c9ff0 elementor-widget elementor-widget-text-editor\" data-id=\"07c9ff0\" data-element_type=\"widget\" data-e-type=\"widget\" data-widget_type=\"text-editor.default\">\n\t\t\t\t<div class=\"elementor-widget-container\">\n\t\t\t\t\t\t\t\t\t<p><strong>1. Sind die Produkte von Roxxlyn wirklich aus echtem Stein hergestellt?<\/strong><br \/>Ja, Roxxlyn verwendet nur echten Naturstein, wie Marmor und Schiefer. Jeder Stein wird sorgf\u00e4ltig ausgew\u00e4hlt, um die h\u00f6chste Qualit\u00e4t zu gew\u00e4hrleisten und die einzigartige Struktur und Sch\u00f6nheit zu zeigen, die nur echter Stein bieten kann.<\/p><p><strong>2. Wo werden die Roxxlyn-Produkte hergestellt?<\/strong><br \/>Alle unsere Produkte werden in Deutschland hergestellt. Durch die Produktion vor Ort halten wir die h\u00f6chsten Standards f\u00fcr Design, Qualit\u00e4t und Nachhaltigkeit ein. Jedes Produkt wird in sorgf\u00e4ltiger und geschickter Handarbeit hergestellt.<\/p><p><strong>3. Was macht Schiefer so einzigartig?<\/strong><br \/>Schiefer hat eine ausgepr\u00e4gte Schichtstruktur mit einer leicht rauen Oberfl\u00e4che, die ihm ein modernes, organisches Aussehen verleiht. Mit der Zeit entwickelt Schiefer eine matte Patina, die seinen nat\u00fcrlichen Charme unterstreicht. Unsere Schieferprodukte sind leicht, langlebig und haben eine angenehme, griffige Haptik.<\/p><p><strong>4. Welche Eigenschaften hat Marmor, und wie ver\u00e4ndert er sich im Laufe der Zeit?<\/strong><br \/>Marmor zeichnet sich durch eine polierte, hochgl\u00e4nzende Oberfl\u00e4che und eine charakteristische Maserung aus. Mit der Zeit kann seine Oberfl\u00e4che durch Abnutzung etwas an Glanz verlieren. Sein urspr\u00fcnglicher Glanz l\u00e4sst sich jedoch mit einer einfachen Politur leicht wiederherstellen. Marmor ist perfekt f\u00fcr alle, die eine luxuri\u00f6se, dauerhafte \u00c4sthetik sch\u00e4tzen.<\/p><p><strong>5. Wie pflege ich Marmor und Schiefer?<\/strong><\/p><p><strong>Marmor:<\/strong> Reinigen Sie die Marmoroberfl\u00e4che einfach mit einem weichen, feuchten Tuch. Wenn die Oberfl\u00e4che stumpf wird, k\u00f6nnen Sie eine Politur verwenden, um ihren Glanz wiederherzustellen. In unserer Rubrik \"Anleitungen\" bieten wir passende Pflegeprodukte und Zubeh\u00f6r an, die das Polieren und Pflegen erleichtern.<br \/><strong>Schiefer<\/strong>: Verwenden Sie f\u00fcr Schiefer ein wenig Glasreiniger und ein weiches Tuch, um die Oberfl\u00e4che sanft abzuwischen. Durch diese einfache Pflege bleibt die nat\u00fcrliche Struktur erhalten, und mit der Zeit entwickelt Schiefer eine sch\u00f6ne Patina.<\/p><p><strong>6. Sind Schiefer und Marmor kratzfest?<\/strong><br \/>Natursteine wie Schiefer und Marmor sind nicht v\u00f6llig kratzfest, daher sollte man sie mit etwas Vorsicht behandeln. Schiefer entwickelt mit der Zeit eine nat\u00fcrliche Patina, die hilft, kleinere Kratzer zu verbergen. Marmor kann bei Bedarf poliert werden, um leichte Kratzer zu entfernen und seine gl\u00e4nzende Oberfl\u00e4che wiederherzustellen.<\/p><p><strong>7. Wie f\u00fchlen sich Schiefer und Marmor an?<\/strong><br \/>Schiefer hat eine nat\u00fcrlich strukturierte, matte Oberfl\u00e4che, die ein modernes, erdiges Gef\u00fchl vermittelt und sich angenehm anf\u00fchlt. Marmor hingegen ist glatt, k\u00fchl und hochgl\u00e4nzend - ideal f\u00fcr alle, die ein glattes, poliertes Aussehen bevorzugen. Beide Materialien bieten ein unvergleichliches haptisches Erlebnis.<\/p><p><strong>8. Ver\u00e4ndert sich die Farbe des Steins mit der Zeit?<\/strong><br \/>Unsere Natursteine behalten ihre Farbe und Struktur \u00fcber viele Jahre hinweg. Schiefer entwickelt eine sch\u00f6ne matte Patina, w\u00e4hrend der Glanz von Marmor durch gelegentliches Polieren erhalten werden kann. Beide Materialien sind UV-best\u00e4ndig und bleichen auch bei regelm\u00e4\u00dfiger Sonneneinstrahlung nicht aus.<\/p><p><strong>9. Ist Schiefer f\u00fcr Zubeh\u00f6r wie Handytaschen geeignet?<\/strong><br \/>Aber sicher! Dank innovativer Verarbeitungstechniken ist unser Schiefer hauchd\u00fcnn und dennoch stabil, was ihn ideal f\u00fcr Accessoires des t\u00e4glichen Gebrauchs, wie z. B. Handytaschen, macht. Die einzigartige Textur des Steins f\u00fchlt sich sicher und angenehm in der Hand an.<\/p><p><strong>10. Woher bezieht Roxxlyn seine Steine?<\/strong><br \/>Wir beziehen unsere Natursteine aus nachhaltig bewirtschafteten Steinbr\u00fcchen und legen Wert auf eine verantwortungsvolle Materialbeschaffung. Jedes St\u00fcck wird einer gr\u00fcndlichen Qualit\u00e4tskontrolle unterzogen, um unsere h\u00f6chsten Standards zu erf\u00fcllen und die nat\u00fcrliche Sch\u00f6nheit des Steins zur Geltung zu bringen.<\/p>\t\t\t\t\t\t\t\t<\/div>\n\t\t\t\t<\/div>\n\t\t\t\t\t<\/div>\n\t\t<\/div>\n\t\t\t\t\t<\/div>\n\t\t<\/section>\n\t\t\t\t<\/div>","protected":false},"excerpt":{"rendered":"<p>1. Sind die Produkte von Roxxlyn wirklich aus echtem Stein?Ja, Roxxlyn verwendet nur echten Naturstein, wie Marmor und Schiefer. Jeder Stein wird sorgf\u00e4ltig ausgew\u00e4hlt, um die h\u00f6chste Qualit\u00e4t zu gew\u00e4hrleisten...<\/p>","protected":false},"author":2904,"featured_media":0,"parent":0,"menu_order":0,"comment_status":"closed","ping_status":"closed","template":"","meta":{"inline_featured_image":false,"footnotes":""},"class_list":["post-129","page","type-page","status-publish","hentry"],"_links":{"self":[{"href":"https:\/\/roxxlyn.com\/de\/wp-json\/wp\/v2\/pages\/129","targetHints":{"allow":["GET"]}}],"collection":[{"href":"https:\/\/roxxlyn.com\/de\/wp-json\/wp\/v2\/pages"}],"about":[{"href":"https:\/\/roxxlyn.com\/de\/wp-json\/wp\/v2\/types\/page"}],"author":[{"embeddable":true,"href":"https:\/\/roxxlyn.com\/de\/wp-json\/wp\/v2\/users\/2904"}],"replies":[{"embeddable":true,"href":"https:\/\/roxxlyn.com\/de\/wp-json\/wp\/v2\/comments?post=129"}],"version-history":[{"count":0,"href":"https:\/\/roxxlyn.com\/de\/wp-json\/wp\/v2\/pages\/129\/revisions"}],"wp:attachment":[{"href":"https:\/\/roxxlyn.com\/de\/wp-json\/wp\/v2\/media?parent=129"}],"curies":[{"name":"wp","href":"https:\/\/api.w.org\/{rel}","templated":true}]}}