{"id":12302,"date":"2025-09-05T14:17:02","date_gmt":"2025-09-05T14:17:02","guid":{"rendered":"https:\/\/roxxlyn.com\/?page_id=12302"},"modified":"2025-10-15T11:24:51","modified_gmt":"2025-10-15T11:24:51","slug":"shipping-and-duties","status":"publish","type":"page","link":"https:\/\/roxxlyn.com\/de\/shipping-and-duties\/","title":{"rendered":"Kostenloser weltweiter Versand - Einfach. Transparent. Roxxlyn."},"content":{"rendered":"<div data-elementor-type=\"wp-page\" data-elementor-id=\"12302\" class=\"elementor elementor-12302\" data-elementor-post-type=\"page\">\n\t\t\t\t\t\t<section class=\"elementor-section elementor-top-section elementor-element elementor-element-06a08f9 elementor-section-boxed elementor-section-height-default elementor-section-height-default\" data-id=\"06a08f9\" data-element_type=\"section\" data-e-type=\"section\">\n\t\t\t\t\t\t<div class=\"elementor-container elementor-column-gap-default\">\n\t\t\t\t\t<div class=\"elementor-column elementor-col-100 elementor-top-column elementor-element elementor-element-90e7b84\" data-id=\"90e7b84\" data-element_type=\"column\" data-e-type=\"column\">\n\t\t\t<div class=\"elementor-widget-wrap elementor-element-populated\">\n\t\t\t\t\t\t<div class=\"elementor-element elementor-element-3e1c834 elementor-widget elementor-widget-text-editor\" data-id=\"3e1c834\" data-element_type=\"widget\" data-e-type=\"widget\" data-widget_type=\"text-editor.default\">\n\t\t\t\t<div class=\"elementor-widget-container\">\n\t\t\t\t\t\t\t\t\t<p data-start=\"494\" data-end=\"580\">Bei Roxxlyn setzen wir auf Einfachheit und Transparenz - keine \u00dcberraschungen, keine versteckten Kosten.<\/p><p data-start=\"582\" data-end=\"758\">Jedes Roxxlyn Teil wird in Deutschland handgefertigt und verschickt <strong data-start=\"640\" data-end=\"668\">weltweit kostenlos<\/strong>.<br data-start=\"669\" data-end=\"672\" \/>Alle Preise, die Sie an der Kasse sehen, sind <strong data-start=\"707\" data-end=\"730\">endg\u00fcltig und umfassend<\/strong> - abh\u00e4ngig von Ihrer Region:<\/p><ul data-start=\"760\" data-end=\"1272\"><li data-start=\"760\" data-end=\"877\"><p data-start=\"762\" data-end=\"877\"><strong data-start=\"762\" data-end=\"781\">Europ\u00e4ische Union:<\/strong> Alle Preise enthalten bereits die in Ihrem Land geltende Mehrwertsteuer. Keine zus\u00e4tzlichen Steuern oder Einfuhrgeb\u00fchren.<\/p><\/li><li data-start=\"878\" data-end=\"1117\"><p data-start=\"880\" data-end=\"1117\"><strong data-start=\"880\" data-end=\"898\">Vereinigte Staaten:<\/strong> Jede Bestellung wird versandt <strong data-start=\"917\" data-end=\"948\">Gelieferte und bezahlte Zollgeb\u00fchren (DDP)<\/strong>. Dies bedeutet, dass alle <strong data-start=\"965\" data-end=\"1019\">Einfuhrz\u00f6lle, Zollgeb\u00fchren und staatliche Verkaufssteuern<\/strong> sind von uns vollst\u00e4ndig abgedeckt. Sie zahlen bei der Lieferung nichts extra - kein Papierkram, keine versteckten Kosten.<\/p><\/li><li data-start=\"1118\" data-end=\"1272\"><p data-start=\"1120\" data-end=\"1272\"><strong data-start=\"1120\" data-end=\"1142\">Rest der Welt:<\/strong> Wir bieten einen kostenlosen Versand an, aber es kann sein, dass Ihre \u00f6rtlichen Beh\u00f6rden bei der Einfuhr Zollgeb\u00fchren oder Steuern (falls zutreffend) erheben.<\/p><\/li><\/ul><p data-start=\"1274\" data-end=\"1392\">Unser Ziel ist es, jede Roxxlyn-Lieferung m\u00fchelos, transparent und hochwertig zu gestalten - genau so raffiniert wie das St\u00fcck, das sich darin befindet.<\/p>\t\t\t\t\t\t\t\t<\/div>\n\t\t\t\t<\/div>\n\t\t\t\t\t<\/div>\n\t\t<\/div>\n\t\t\t\t\t<\/div>\n\t\t<\/section>\n\t\t\t\t<\/div>","protected":false},"excerpt":{"rendered":"<p>Bei Roxxlyn glauben wir an Einfachheit und Transparenz - keine \u00dcberraschungen, keine versteckten Kosten. Jedes Roxxlyn St\u00fcck wird in Deutschland handgefertigt und weltweit kostenlos verschickt....<\/p>","protected":false},"author":2904,"featured_media":0,"parent":0,"menu_order":0,"comment_status":"closed","ping_status":"closed","template":"","meta":{"inline_featured_image":false,"footnotes":""},"class_list":["post-12302","page","type-page","status-publish","hentry"],"_links":{"self":[{"href":"https:\/\/roxxlyn.com\/de\/wp-json\/wp\/v2\/pages\/12302","targetHints":{"allow":["GET"]}}],"collection":[{"href":"https:\/\/roxxlyn.com\/de\/wp-json\/wp\/v2\/pages"}],"about":[{"href":"https:\/\/roxxlyn.com\/de\/wp-json\/wp\/v2\/types\/page"}],"author":[{"embeddable":true,"href":"https:\/\/roxxlyn.com\/de\/wp-json\/wp\/v2\/users\/2904"}],"replies":[{"embeddable":true,"href":"https:\/\/roxxlyn.com\/de\/wp-json\/wp\/v2\/comments?post=12302"}],"version-history":[{"count":0,"href":"https:\/\/roxxlyn.com\/de\/wp-json\/wp\/v2\/pages\/12302\/revisions"}],"wp:attachment":[{"href":"https:\/\/roxxlyn.com\/de\/wp-json\/wp\/v2\/media?parent=12302"}],"curies":[{"name":"wp","href":"https:\/\/api.w.org\/{rel}","templated":true}]}}