{"id":9610,"date":"2024-03-13T16:26:46","date_gmt":"2024-03-13T16:26:46","guid":{"rendered":"https:\/\/roxxlyn.com\/?post_type=product&#038;p=9610"},"modified":"2025-08-30T18:00:13","modified_gmt":"2025-08-30T18:00:13","slug":"marble-watch-nero-marquina-gold-metal","status":"publish","type":"product","link":"https:\/\/roxxlyn.com\/da\/shop\/marble-watch-nero-marquina-gold-metal\/","title":{"rendered":"Marmorur - Nero Marquina - GOLD Metal"},"content":{"rendered":"","protected":false},"excerpt":{"rendered":"<p>L\u00f8ft dit accessory game med The Marble Watch, et mesterv\u00e6rk af unik elegance og modstandsdygtighed. Det er h\u00e5ndlavet i Tyskland og har en autentisk sort marmorskive af den ber\u00f8mte Nero Marquina-sten, hvilket sikrer, at hvert ur er et enest\u00e5ende udtryk for individualitet. Dens naturlige \u00e5rem\u00f8nstre garanterer, at ikke to ure er ens.<\/p>\n<p>Dette ur handler ikke kun om udseende; det er bygget til at holde. Det er indkapslet i slidst\u00e6rkt rustfrit st\u00e5l og beskyttet af safirglas, og det giver en uovertruffen modstandsdygtighed over for st\u00f8d og hverdagens strabadser. Pr\u00e6cisionen i et 762 schweizisk Ronda-urv\u00e6rk, forst\u00e6rket med st\u00f8dd\u00e6mpere, sikrer p\u00e5lidelighed gennem ethvert eventyr.<\/p>\n<p>The Marble Watch er designet til alsidighed og stil og vejer kun 90 gram og m\u00e5ler 40 mm i diameter og 8 mm i tykkelse. Dets minimalistiske design er perfekt til enhver situation, fra formelle begivenheder til afslappede udflugter.<\/p>\n<p>V\u00e6lg The Stone Watch for en uovertruffen blanding af karakteristisk stil og robust funktionalitet. G\u00f8r krav p\u00e5 dit unikke ur i dag, og styrk din stil.<\/p>","protected":false},"featured_media":9611,"template":"","meta":{"inline_featured_image":false},"product_brand":[],"product_cat":[155,127],"product_tag":[],"class_list":{"0":"post-9610","1":"product","2":"type-product","3":"status-publish","4":"has-post-thumbnail","6":"product_cat-marble-watch","7":"product_cat-watch","9":"first","10":"instock","11":"taxable","12":"shipping-taxable","13":"purchasable","14":"product-type-simple"},"exclude_global_add_ons":[],"addons":[],"_links":{"self":[{"href":"https:\/\/roxxlyn.com\/da\/wp-json\/wp\/v2\/product\/9610","targetHints":{"allow":["GET"]}}],"collection":[{"href":"https:\/\/roxxlyn.com\/da\/wp-json\/wp\/v2\/product"}],"about":[{"href":"https:\/\/roxxlyn.com\/da\/wp-json\/wp\/v2\/types\/product"}],"version-history":[{"count":0,"href":"https:\/\/roxxlyn.com\/da\/wp-json\/wp\/v2\/product\/9610\/revisions"}],"wp:featuredmedia":[{"embeddable":true,"href":"https:\/\/roxxlyn.com\/da\/wp-json\/wp\/v2\/media\/9611"}],"wp:attachment":[{"href":"https:\/\/roxxlyn.com\/da\/wp-json\/wp\/v2\/media?parent=9610"}],"wp:term":[{"taxonomy":"product_brand","embeddable":true,"href":"https:\/\/roxxlyn.com\/da\/wp-json\/wp\/v2\/product_brand?post=9610"},{"taxonomy":"product_cat","embeddable":true,"href":"https:\/\/roxxlyn.com\/da\/wp-json\/wp\/v2\/product_cat?post=9610"},{"taxonomy":"product_tag","embeddable":true,"href":"https:\/\/roxxlyn.com\/da\/wp-json\/wp\/v2\/product_tag?post=9610"}],"curies":[{"name":"wp","href":"https:\/\/api.w.org\/{rel}","templated":true}]}}