{"id":8557,"date":"2024-01-14T10:25:22","date_gmt":"2024-01-14T10:25:22","guid":{"rendered":"https:\/\/roxxlyn.com\/?post_type=product&#038;p=8557"},"modified":"2025-09-14T13:32:22","modified_gmt":"2025-09-14T13:32:22","slug":"the-marble-fusion-stand-for-apple-vision-pro","status":"publish","type":"product","link":"https:\/\/roxxlyn.com\/da\/shop\/the-marble-fusion-stand-for-apple-vision-pro\/","title":{"rendered":"Marble Fusion-stativet til Apple Vision Pro"},"content":{"rendered":"<div data-elementor-type=\"product-post\" data-elementor-id=\"8557\" class=\"elementor elementor-8557\" data-elementor-post-type=\"product\">\n\t\t\t\t\t\t<section class=\"elementor-section elementor-top-section elementor-element elementor-element-0978755 elementor-section-boxed elementor-section-height-default elementor-section-height-default\" data-id=\"0978755\" data-element_type=\"section\" data-e-type=\"section\">\n\t\t\t\t\t\t<div class=\"elementor-container elementor-column-gap-default\">\n\t\t\t\t\t<div class=\"elementor-column elementor-col-100 elementor-top-column elementor-element elementor-element-912737f\" data-id=\"912737f\" data-element_type=\"column\" data-e-type=\"column\">\n\t\t\t<div class=\"elementor-widget-wrap elementor-element-populated\">\n\t\t\t\t\t\t<div class=\"elementor-element elementor-element-802a3af elementor-widget elementor-widget-video\" data-id=\"802a3af\" data-element_type=\"widget\" data-e-type=\"widget\" data-settings=\"{&quot;video_type&quot;:&quot;hosted&quot;,&quot;autoplay&quot;:&quot;yes&quot;,&quot;play_on_mobile&quot;:&quot;yes&quot;,&quot;mute&quot;:&quot;yes&quot;,&quot;loop&quot;:&quot;yes&quot;,&quot;controls&quot;:&quot;yes&quot;}\" data-widget_type=\"video.default\">\n\t\t\t\t<div class=\"elementor-widget-container\">\n\t\t\t\t\t\t\t<div class=\"e-hosted-video elementor-wrapper elementor-open-inline\">\n\t\t\t\t\t<video class=\"elementor-video\" src=\"https:\/\/roxxlyn.com\/wp-content\/uploads\/2024\/03\/The-Marble-Fusion-Stand-for-Apple-Vision-Pro-ROXXLYN.mp4\" autoplay=\"\" loop=\"\" controls=\"\" muted=\"muted\" playsinline=\"\" controlslist=\"nodownload\"><\/video>\n\t\t\t\t<\/div>\n\t\t\t\t\t\t<\/div>\n\t\t\t\t<\/div>\n\t\t\t\t<div class=\"elementor-element elementor-element-10094c7 elementor-widget elementor-widget-video\" data-id=\"10094c7\" data-element_type=\"widget\" data-e-type=\"widget\" data-settings=\"{&quot;video_type&quot;:&quot;hosted&quot;,&quot;autoplay&quot;:&quot;yes&quot;,&quot;play_on_mobile&quot;:&quot;yes&quot;,&quot;mute&quot;:&quot;yes&quot;,&quot;loop&quot;:&quot;yes&quot;,&quot;controls&quot;:&quot;yes&quot;}\" data-widget_type=\"video.default\">\n\t\t\t\t<div class=\"elementor-widget-container\">\n\t\t\t\t\t\t\t<div class=\"e-hosted-video elementor-wrapper elementor-open-inline\">\n\t\t\t\t\t<video class=\"elementor-video\" src=\"https:\/\/roxxlyn.com\/wp-content\/uploads\/2024\/03\/The-Black-Marble-Marble-Fusion-Stand-for-Apple-Vision-Pro-ROXXLYN.mp4\" autoplay=\"\" loop=\"\" controls=\"\" muted=\"muted\" playsinline=\"\" controlslist=\"nodownload\"><\/video>\n\t\t\t\t<\/div>\n\t\t\t\t\t\t<\/div>\n\t\t\t\t<\/div>\n\t\t\t\t\t<\/div>\n\t\t<\/div>\n\t\t\t\t\t<\/div>\n\t\t<\/section>\n\t\t\t\t<\/div>","protected":false},"excerpt":{"rendered":"<p>Introduktion til <strong>ROXXLYN Fusion Stand i \u00e6gte marmor<\/strong>et tyskkonstrueret mesterv\u00e6rk designet til Apple Vision Pro. Denne stander blander problemfrit ultratynd marmorelegance med avanceret opladningsteknologi. Med et solidt fundament af CNC-bearbejdet aluminium og en elegant kromfinish udstr\u00e5ler stativet b\u00e5de funktionalitet og raffinement.<\/p>\n<p>ROXXLYN-stativet er udformet med Apple Vision Pro i tankerne og l\u00f8fter din enhed med den perfekte balance mellem luksus og moderne anvendelighed. Uanset om du bruger de tr\u00e5dl\u00f8se opladningsmuligheder eller de alsidige USB-porte, er denne stander mere end et tilbeh\u00f8r - den er uundv\u00e6rlig for dem, der s\u00e6tter pris p\u00e5 up\u00e5klageligt design og effektivitet.<\/p>\n<p><strong>N\u00f8glefunktioner:<\/strong><\/p>\n<ul>\n<li>Pr\u00e6cisionsh\u00e5ndv\u00e6rk fremstillet i Tyskland<\/li>\n<li>Fineste Nero Marquina \u00e6gte marmor<\/li>\n<li>2 tr\u00e5dl\u00f8se h\u00f8jhastighedsopladningspunkter med 2 x 2,0+0,5 MagSafe-magneter til automatisk placering af MagSafe-iPhones og -etuier<\/li>\n<li>Pr\u00e6cisions CNC-bearbejdet aluminium med en elegant kromfinish<\/li>\n<li>Perfekt designet til Apple Vision Pro med integreret Light Seal-holder, batteriholder og kabelstyring<\/li>\n<li>2 USB-A-porte og 2 USB-C-adaptere for maksimal alsidighed<\/li>\n<\/ul>","protected":false},"featured_media":8917,"template":"","meta":{"inline_featured_image":false},"product_brand":[],"product_cat":[151],"product_tag":[148,150,149],"class_list":{"0":"post-8557","1":"product","2":"type-product","3":"status-publish","4":"has-post-thumbnail","6":"product_cat-apple-vision-pro-stand","7":"product_tag-apple-vision-pro-stand","8":"product_tag-real-marble-stand","9":"product_tag-the-marble-fusion-stand-for-apple-vision-pro","11":"first","12":"instock","13":"taxable","14":"shipping-taxable","15":"purchasable","16":"product-type-simple"},"exclude_global_add_ons":[],"addons":[],"_links":{"self":[{"href":"https:\/\/roxxlyn.com\/da\/wp-json\/wp\/v2\/product\/8557","targetHints":{"allow":["GET"]}}],"collection":[{"href":"https:\/\/roxxlyn.com\/da\/wp-json\/wp\/v2\/product"}],"about":[{"href":"https:\/\/roxxlyn.com\/da\/wp-json\/wp\/v2\/types\/product"}],"version-history":[{"count":0,"href":"https:\/\/roxxlyn.com\/da\/wp-json\/wp\/v2\/product\/8557\/revisions"}],"wp:featuredmedia":[{"embeddable":true,"href":"https:\/\/roxxlyn.com\/da\/wp-json\/wp\/v2\/media\/8917"}],"wp:attachment":[{"href":"https:\/\/roxxlyn.com\/da\/wp-json\/wp\/v2\/media?parent=8557"}],"wp:term":[{"taxonomy":"product_brand","embeddable":true,"href":"https:\/\/roxxlyn.com\/da\/wp-json\/wp\/v2\/product_brand?post=8557"},{"taxonomy":"product_cat","embeddable":true,"href":"https:\/\/roxxlyn.com\/da\/wp-json\/wp\/v2\/product_cat?post=8557"},{"taxonomy":"product_tag","embeddable":true,"href":"https:\/\/roxxlyn.com\/da\/wp-json\/wp\/v2\/product_tag?post=8557"}],"curies":[{"name":"wp","href":"https:\/\/api.w.org\/{rel}","templated":true}]}}