{"id":7552,"date":"2023-02-19T16:43:15","date_gmt":"2023-02-19T16:43:15","guid":{"rendered":"https:\/\/roxxlyn.com\/?post_type=product&#038;p=7552"},"modified":"2025-08-30T17:57:02","modified_gmt":"2025-08-30T17:57:02","slug":"marble-watch-nero-marquina-black-metal","status":"publish","type":"product","link":"https:\/\/roxxlyn.com\/da\/shop\/marble-watch-nero-marquina-black-metal\/","title":{"rendered":"Marmorur - Nero Marquina - Sort metal"},"content":{"rendered":"","protected":false},"excerpt":{"rendered":"<p>L\u00f8ft din stil med The Real Marble Watch - Nero Marquina - et unikt ur, der hylder individualitet. Det er h\u00e5ndlavet i Tyskland og har en ultratynd, let marmorskive fra den eftertragtede Nero Marquina-sten i Spanien, hvilket sikrer, at ikke to ure er ens. Dens naturlige \u00e5rer g\u00f8r hvert ur til en unik skat.<\/p>\n<p>The Stone Watch er ikke bare et fashion statement, det er ogs\u00e5 bygget til at holde med en kasse i rustfrit st\u00e5l og safirglas, der giver overlegen modstandsdygtighed over for st\u00f8d og ekstreme forhold. Det er drevet af et pr\u00e6cist 762 Swiss Ronda-urv\u00e6rk med st\u00f8dd\u00e6mpere, klar til ethvert eventyr.<\/p>\n<p>Med en slank diameter p\u00e5 40 mm, en tykkelse p\u00e5 8 mm og en v\u00e6gt p\u00e5 kun 90 gram er det minimalistiske design perfekt til enhver lejlighed og passer perfekt fra en aften i byen til en dag p\u00e5 kontoret.<\/p>\n<p>Invester i et ur, der er lige s\u00e5 unikt som dig. Stone Watch kombinerer stil, holdbarhed og funktionalitet. F\u00e5 dit i dag, og opgrader dit look med det samme.<\/p>","protected":false},"featured_media":9593,"template":"","meta":{"inline_featured_image":false},"product_brand":[],"product_cat":[155,127],"product_tag":[],"class_list":{"0":"post-7552","1":"product","2":"type-product","3":"status-publish","4":"has-post-thumbnail","6":"product_cat-marble-watch","7":"product_cat-watch","9":"first","10":"instock","11":"taxable","12":"shipping-taxable","13":"purchasable","14":"product-type-simple"},"exclude_global_add_ons":[],"addons":[],"_links":{"self":[{"href":"https:\/\/roxxlyn.com\/da\/wp-json\/wp\/v2\/product\/7552","targetHints":{"allow":["GET"]}}],"collection":[{"href":"https:\/\/roxxlyn.com\/da\/wp-json\/wp\/v2\/product"}],"about":[{"href":"https:\/\/roxxlyn.com\/da\/wp-json\/wp\/v2\/types\/product"}],"version-history":[{"count":0,"href":"https:\/\/roxxlyn.com\/da\/wp-json\/wp\/v2\/product\/7552\/revisions"}],"wp:featuredmedia":[{"embeddable":true,"href":"https:\/\/roxxlyn.com\/da\/wp-json\/wp\/v2\/media\/9593"}],"wp:attachment":[{"href":"https:\/\/roxxlyn.com\/da\/wp-json\/wp\/v2\/media?parent=7552"}],"wp:term":[{"taxonomy":"product_brand","embeddable":true,"href":"https:\/\/roxxlyn.com\/da\/wp-json\/wp\/v2\/product_brand?post=7552"},{"taxonomy":"product_cat","embeddable":true,"href":"https:\/\/roxxlyn.com\/da\/wp-json\/wp\/v2\/product_cat?post=7552"},{"taxonomy":"product_tag","embeddable":true,"href":"https:\/\/roxxlyn.com\/da\/wp-json\/wp\/v2\/product_tag?post=7552"}],"curies":[{"name":"wp","href":"https:\/\/api.w.org\/{rel}","templated":true}]}}