{"id":745,"date":"2020-10-07T10:05:21","date_gmt":"2020-10-07T10:05:21","guid":{"rendered":"https:\/\/roxxlyn.com\/?post_type=product&#038;p=745"},"modified":"2025-09-25T15:12:06","modified_gmt":"2025-09-25T15:12:06","slug":"the-iphone-marble-case-nero-marquina","status":"publish","type":"product","link":"https:\/\/roxxlyn.com\/da\/shop\/the-iphone-marble-case-nero-marquina\/","title":{"rendered":"iPhone Marmor Etui Nero Marquina"},"content":{"rendered":"<div data-elementor-type=\"wp-post\" data-elementor-id=\"745\" class=\"elementor elementor-745\" data-elementor-post-type=\"product\">\n\t\t\t\t\t\t<section class=\"elementor-section elementor-top-section elementor-element elementor-element-4fad3d1 elementor-section-boxed elementor-section-height-default elementor-section-height-default\" data-id=\"4fad3d1\" data-element_type=\"section\" data-e-type=\"section\" data-settings=\"{&quot;background_background&quot;:&quot;classic&quot;}\">\n\t\t\t\t\t\t<div class=\"elementor-container elementor-column-gap-default\">\n\t\t\t\t\t<div class=\"elementor-column elementor-col-100 elementor-top-column elementor-element elementor-element-e551091\" data-id=\"e551091\" data-element_type=\"column\" data-e-type=\"column\">\n\t\t\t<div class=\"elementor-widget-wrap elementor-element-populated\">\n\t\t\t\t\t\t<section class=\"elementor-section elementor-inner-section elementor-element elementor-element-c18f3bd elementor-section-boxed elementor-section-height-default elementor-section-height-default\" data-id=\"c18f3bd\" data-element_type=\"section\" data-e-type=\"section\">\n\t\t\t\t\t\t<div class=\"elementor-container elementor-column-gap-default\">\n\t\t\t\t\t<div class=\"elementor-column elementor-col-50 elementor-inner-column elementor-element elementor-element-d3dd10c\" data-id=\"d3dd10c\" data-element_type=\"column\" data-e-type=\"column\">\n\t\t\t<div class=\"elementor-widget-wrap elementor-element-populated\">\n\t\t\t\t\t\t<div class=\"elementor-element elementor-element-32a74fe elementor-widget elementor-widget-text-editor\" data-id=\"32a74fe\" data-element_type=\"widget\" data-e-type=\"widget\" data-widget_type=\"text-editor.default\">\n\t\t\t\t<div class=\"elementor-widget-container\">\n\t\t\t\t\t\t\t\t\t<p>Vi introducerer Nero Marquina Real Black Marble iPhone-coveret, et h\u00f8jdepunkt af luksus for dem, der kr\u00e6ver b\u00e5de stil og substans. Fremstillet af autentisk Nero Marquina-marmor hentet fra de prestigefyldte stenbrud i Marquina, Spanien, er dette etui ikke kun et beskyttende tilbeh\u00f8r, men et statement. Hvert etui er unikt og viser den naturlige sk\u00f8nhed og indviklede \u00e5ring af sort marmor, poleret til perfektion for at forbedre dens luksuri\u00f8se f\u00f8lelse.<\/p>\n<p>Fremstillet i Tyskland kombinerer dette etui holdbarheden af en TPU-base med elegancen af \u00e6gte marmor, der tilbyder din iPhone uovertruffen beskyttelse uden at g\u00e5 p\u00e5 kompromis med stilen. P\u00e5 trods af sin robuste beskyttelse bevarer etuiet en supertynd profil, der vejer cirka 35 gram, hvilket sikrer, at din enhed forbliver slank og nem at h\u00e5ndtere. Designet inkluderer et h\u00e6vet omr\u00e5de omkring kameralinserne for at beskytte dem mod ridser og st\u00f8d.<\/p>\n<p>Nero Marquina iPhone-coveret er indbegrebet af sofistikering, der forvandler din enhed til et luksustilbeh\u00f8r, der skiller sig ud. Oplev det ultimative inden for elegance og beskyttelse med dette uds\u00f8gte mesterv\u00e6rk fremstillet i Tyskland.<\/p>\t\t\t\t\t\t\t\t<\/div>\n\t\t\t\t<\/div>\n\t\t\t\t\t<\/div>\n\t\t<\/div>\n\t\t\t\t<div class=\"elementor-column elementor-col-50 elementor-inner-column elementor-element elementor-element-7c0f8d7\" data-id=\"7c0f8d7\" data-element_type=\"column\" data-e-type=\"column\">\n\t\t\t<div class=\"elementor-widget-wrap elementor-element-populated\">\n\t\t\t\t\t\t<div class=\"elementor-element elementor-element-91f1315 elementor-widget elementor-widget-video\" data-id=\"91f1315\" data-element_type=\"widget\" data-e-type=\"widget\" data-settings=\"{&quot;video_type&quot;:&quot;hosted&quot;,&quot;controls&quot;:&quot;yes&quot;}\" data-widget_type=\"video.default\">\n\t\t\t\t<div class=\"elementor-widget-container\">\n\t\t\t\t\t\t\t<div class=\"e-hosted-video elementor-wrapper elementor-open-inline\">\n\t\t\t\t\t<video class=\"elementor-video\" src=\"https:\/\/roxxlyn.com\/wp-content\/uploads\/2020\/11\/iPhone-Skin-inkl-Zubehor.66.mp4\" controls=\"\" preload=\"metadata\" controlslist=\"nodownload\"><\/video>\n\t\t\t\t<\/div>\n\t\t\t\t\t\t<\/div>\n\t\t\t\t<\/div>\n\t\t\t\t\t<\/div>\n\t\t<\/div>\n\t\t\t\t\t<\/div>\n\t\t<\/section>\n\t\t\t\t<div class=\"elementor-element elementor-element-56bab67 elementor-widget elementor-widget-video\" data-id=\"56bab67\" data-element_type=\"widget\" data-e-type=\"widget\" data-settings=\"{&quot;video_type&quot;:&quot;hosted&quot;,&quot;controls&quot;:&quot;yes&quot;}\" data-widget_type=\"video.default\">\n\t\t\t\t<div class=\"elementor-widget-container\">\n\t\t\t\t\t\t\t<div class=\"e-hosted-video elementor-wrapper elementor-open-inline\">\n\t\t\t\t\t<video class=\"elementor-video\" src=\"https:\/\/roxxlyn.com\/wp-content\/uploads\/2020\/11\/iPhone-Skin-inkl-Zubehor.61.mp4\" controls=\"\" preload=\"metadata\" controlslist=\"nodownload\"><\/video>\n\t\t\t\t<\/div>\n\t\t\t\t\t\t<\/div>\n\t\t\t\t<\/div>\n\t\t\t\t<section class=\"elementor-section elementor-inner-section elementor-element elementor-element-7afd2dd elementor-section-boxed elementor-section-height-default elementor-section-height-default\" data-id=\"7afd2dd\" data-element_type=\"section\" data-e-type=\"section\">\n\t\t\t\t\t\t<div class=\"elementor-container elementor-column-gap-default\">\n\t\t\t\t\t<div class=\"elementor-column elementor-col-50 elementor-inner-column elementor-element elementor-element-0465d3f\" data-id=\"0465d3f\" data-element_type=\"column\" data-e-type=\"column\">\n\t\t\t<div class=\"elementor-widget-wrap elementor-element-populated\">\n\t\t\t\t\t\t<div class=\"elementor-element elementor-element-217c79a elementor-widget elementor-widget-text-editor\" data-id=\"217c79a\" data-element_type=\"widget\" data-e-type=\"widget\" data-widget_type=\"text-editor.default\">\n\t\t\t\t<div class=\"elementor-widget-container\">\n\t\t\t\t\t\t\t\t\t<p>Vi pr\u00e6senterer marmor: Nero Marquina<\/p>\t\t\t\t\t\t\t\t<\/div>\n\t\t\t\t<\/div>\n\t\t\t\t<div class=\"elementor-element elementor-element-519a3f3 elementor-widget elementor-widget-text-editor\" data-id=\"519a3f3\" data-element_type=\"widget\" data-e-type=\"widget\" data-widget_type=\"text-editor.default\">\n\t\t\t\t<div class=\"elementor-widget-container\">\n\t\t\t\t\t\t\t\t\t<p>Nero Marquina er en af de mest efterspurgte natursten i Spanien. Et materiale, der b\u00e6rer p\u00e5 \u00e5rhundreders kunst- og arkitekturhistorie, og som tilfredsstiller l\u00e6ngslen efter naturlighed og unikhed. Denne sorte marmor kan beundres i bygninger over hele verden. Nero Marquina udvindes i de spanske byer Aulestia og Marquina. Det elegante udseende af Nero Marquina er kendetegnet ved dens fine striber.<\/p>\t\t\t\t\t\t\t\t<\/div>\n\t\t\t\t<\/div>\n\t\t\t\t\t<\/div>\n\t\t<\/div>\n\t\t\t\t<div class=\"elementor-column elementor-col-50 elementor-inner-column elementor-element elementor-element-f3b5a6a\" data-id=\"f3b5a6a\" data-element_type=\"column\" data-e-type=\"column\">\n\t\t\t<div class=\"elementor-widget-wrap elementor-element-populated\">\n\t\t\t\t\t\t<div class=\"elementor-element elementor-element-589e589 elementor-widget elementor-widget-text-editor\" data-id=\"589e589\" data-element_type=\"widget\" data-e-type=\"widget\" data-widget_type=\"text-editor.default\">\n\t\t\t\t<div class=\"elementor-widget-container\">\n\t\t\t\t\t\t\t\t\tI l\u00f8bet af tusinder af \u00e5r har en kombination af calciumcarbonat og calciumholdige bestanddele udviklet sig til en h\u00e5rd natursten. Den s\u00e6rlige sorte farve i Nero Marquina skyldes den naturlige ophobning af bitumen. De hvide kvarts\u00e5rer blev efterf\u00f8lgende dannet i klippen. Eksisterende spr\u00e6kker i klippen blev \"helet\" af kvartskrystallisering, og Nero Marquina fik sit nuv\u00e6rende udseende.\t\t\t\t\t\t\t\t<\/div>\n\t\t\t\t<\/div>\n\t\t\t\t<div class=\"elementor-element elementor-element-5589e20 elementor-widget elementor-widget-text-editor\" data-id=\"5589e20\" data-element_type=\"widget\" data-e-type=\"widget\" data-widget_type=\"text-editor.default\">\n\t\t\t\t<div class=\"elementor-widget-container\">\n\t\t\t\t\t\t\t\t\tDe fine, hvide \u00e5rer i den ellers sorte stenstruktur g\u00f8r denne sten s\u00e6rligt attraktiv. Den udfolder en eksklusiv atmosf\u00e6re med en poleret eller slebet overflade og udstr\u00e5ler luksus.\t\t\t\t\t\t\t\t<\/div>\n\t\t\t\t<\/div>\n\t\t\t\t\t<\/div>\n\t\t<\/div>\n\t\t\t\t\t<\/div>\n\t\t<\/section>\n\t\t\t\t<div class=\"elementor-element elementor-element-e7512c5 elementor-widget elementor-widget-video\" data-id=\"e7512c5\" data-element_type=\"widget\" data-e-type=\"widget\" data-settings=\"{&quot;video_type&quot;:&quot;vimeo&quot;}\" data-widget_type=\"video.default\">\n\t\t\t\t<div class=\"elementor-widget-container\">\n\t\t\t\t\t\t\t<div class=\"elementor-wrapper elementor-open-inline\">\n\t\t\t<iframe class=\"elementor-video-iframe\" allowfullscreen allow=\"clipboard-write\" title=\"vimeo videoafspiller\" src=\"https:\/\/player.vimeo.com\/video\/290503829?color&amp;autopause=0&amp;loop=0&amp;muted=0&amp;title=1&amp;portrait=1&amp;byline=1#t=\"><\/iframe>\t\t<\/div>\n\t\t\t\t\t\t<\/div>\n\t\t\t\t<\/div>\n\t\t\t\t\t<\/div>\n\t\t<\/div>\n\t\t\t\t\t<\/div>\n\t\t<\/section>\n\t\t\t\t<\/div>","protected":false},"excerpt":{"rendered":"<p data-start=\"367\" data-end=\"697\">L\u00f8ft din nye <strong data-start=\"384\" data-end=\"449\">iPhone 17, iPhone 17 Pro, iPhone 17 Pro Max eller iPhone 17 Air<\/strong> med <strong data-start=\"459\" data-end=\"493\">Nero Marquina \u00e6gte marmorkasse<\/strong>, De er h\u00e5ndlavede af \u00e6gte sort marmor fra Marquina i Spanien. Hver kasse er helt unik med sl\u00e5ende naturlige hvide \u00e5rer. <strong data-start=\"637\" data-end=\"663\">Poleret til perfektion<\/strong> for et tidl\u00f8st, luksuri\u00f8st look. Bygget p\u00e5 en <strong data-start=\"710\" data-end=\"736\">Holdbart TPU-fundament<\/strong>, Dette etui giver robust beskyttelse mod daglig slitage, samtidig med at det har en slank og elegant profil. Den <strong data-start=\"839\" data-end=\"873\">H\u00e6vede kamera- og sk\u00e6rmkanter<\/strong> sikrer ekstra sikkerhed uden at g\u00e5 p\u00e5 kompromis med elegancen. Med stolthed <strong data-start=\"938\" data-end=\"957\">Fremstillet i Tyskland<\/strong>, Nero Marquina iPhone 17-etuiet er mere end bare beskyttelse - det er en <strong data-start=\"1030\" data-end=\"1064\">Statement-stykke af \u00e6gte marmor<\/strong>, og blander uovertruffen raffinement med moderne funktionalitet.<\/p>","protected":false},"featured_media":12780,"template":"","meta":{"inline_featured_image":false},"product_brand":[],"product_cat":[66],"product_tag":[153,152],"class_list":{"0":"post-745","1":"product","2":"type-product","3":"status-publish","4":"has-post-thumbnail","6":"product_cat-iphone-cases","7":"product_tag-iphone-marble-case","8":"product_tag-nero-marquina","10":"first","11":"instock","12":"featured","13":"taxable","14":"shipping-taxable","15":"purchasable","16":"product-type-variable","17":"has-default-attributes"},"exclude_global_add_ons":false,"addons":[{"name":"Skr\u00e6ddersyet skr\u00e6ddersyning","type":"checkbox","position":0,"required":false,"title_format":"label","default":"","description_enable":false,"description":"","placeholder_enable":false,"placeholder":"","display":"select","restrictions_type":"any_text","adjust_price":false,"price":"","price_type":"flat_fee","restrictions":false,"min":"0","max":"0","options":[{"label":"Upgrade your case with a super-strong N52 grade 1.55 mm MagSafe magnet for seamless attachment and faster, more stable wireless charging","price":"10","price_type":"flat_fee","image":0,"visibility":true},{"label":"Opt for a design featuring darker tones and minimal white veins for a sleek, uniform appearance.","price":"","price_type":"flat_fee","image":0,"visibility":true},{"label":"Opt for a design that emphasizes rich white veins for a touch of natural sophistication.","price":"15","price_type":"flat_fee","image":0,"visibility":true},{"label":"Reveal the iconic Apple logo with a precise cut-out on the stone surface, unveiling a sleek black satin-matte underside for a striking contrast and personal touch.","price":"15","price_type":"flat_fee","image":0,"visibility":true},{"label":"Enhance your device with a white engraved Apple logo, crafted over two days for elegance and sophistication.","price":"20","price_type":"flat_fee","image":0,"visibility":true},{"label":"Premium Liquid Care with dust-repellent, antistatic protection and a lasting matte effect. Specially designed to preserve and protect your case.","price":"5","price_type":"flat_fee","image":0,"visibility":false},{"label":"A premium marble liquid polish that enhances and protects the natural beauty of your marble surfaces, providing a lasting, brilliant shine.","price":"5","price_type":"flat_fee","image":0,"visibility":true},{"label":"Microfiber Polishing Cloth: A soft, high-quality microfiber cloth designed for polishing marble surfaces. It delivers a streak-free, brilliant shine without scratching, perfect for maintaining your marble's natural beauty.","price":"5","price_type":"flat_fee","image":0,"visibility":false}],"id":1757681666}],"_links":{"self":[{"href":"https:\/\/roxxlyn.com\/da\/wp-json\/wp\/v2\/product\/745","targetHints":{"allow":["GET"]}}],"collection":[{"href":"https:\/\/roxxlyn.com\/da\/wp-json\/wp\/v2\/product"}],"about":[{"href":"https:\/\/roxxlyn.com\/da\/wp-json\/wp\/v2\/types\/product"}],"version-history":[{"count":0,"href":"https:\/\/roxxlyn.com\/da\/wp-json\/wp\/v2\/product\/745\/revisions"}],"wp:featuredmedia":[{"embeddable":true,"href":"https:\/\/roxxlyn.com\/da\/wp-json\/wp\/v2\/media\/12780"}],"wp:attachment":[{"href":"https:\/\/roxxlyn.com\/da\/wp-json\/wp\/v2\/media?parent=745"}],"wp:term":[{"taxonomy":"product_brand","embeddable":true,"href":"https:\/\/roxxlyn.com\/da\/wp-json\/wp\/v2\/product_brand?post=745"},{"taxonomy":"product_cat","embeddable":true,"href":"https:\/\/roxxlyn.com\/da\/wp-json\/wp\/v2\/product_cat?post=745"},{"taxonomy":"product_tag","embeddable":true,"href":"https:\/\/roxxlyn.com\/da\/wp-json\/wp\/v2\/product_tag?post=745"}],"curies":[{"name":"wp","href":"https:\/\/api.w.org\/{rel}","templated":true}]}}