{"id":3039,"date":"2021-01-13T16:49:21","date_gmt":"2021-01-13T16:49:21","guid":{"rendered":"https:\/\/roxxlyn.com\/?post_type=product&#038;p=3039"},"modified":"2026-03-04T16:09:48","modified_gmt":"2026-03-04T16:09:48","slug":"the-iphone-slate-skin-black-rock","status":"publish","type":"product","link":"https:\/\/roxxlyn.com\/da\/shop\/the-iphone-slate-skin-black-rock\/","title":{"rendered":"iPhone Slate Skin Black Rock"},"content":{"rendered":"<div data-elementor-type=\"wp-post\" data-elementor-id=\"3039\" class=\"elementor elementor-3039\" data-elementor-post-type=\"product\">\n\t\t\t\t\t\t<section class=\"elementor-section elementor-top-section elementor-element elementor-element-00f9663 elementor-section-boxed elementor-section-height-default elementor-section-height-default\" data-id=\"00f9663\" data-element_type=\"section\" data-e-type=\"section\">\n\t\t\t\t\t\t<div class=\"elementor-container elementor-column-gap-default\">\n\t\t\t\t\t<div class=\"elementor-column elementor-col-33 elementor-top-column elementor-element elementor-element-9dfa94f\" data-id=\"9dfa94f\" data-element_type=\"column\" data-e-type=\"column\">\n\t\t\t<div class=\"elementor-widget-wrap elementor-element-populated\">\n\t\t\t\t\t\t<div class=\"elementor-element elementor-element-ed5fd35 elementor-widget elementor-widget-heading\" data-id=\"ed5fd35\" data-element_type=\"widget\" data-e-type=\"widget\" data-widget_type=\"heading.default\">\n\t\t\t\t<div class=\"elementor-widget-container\">\n\t\t\t\t\t<h2 class=\"elementor-heading-title elementor-size-default\">iPhone Slate Skin Black Rock<\/h2>\t\t\t\t<\/div>\n\t\t\t\t<\/div>\n\t\t\t\t\t<\/div>\n\t\t<\/div>\n\t\t\t\t<div class=\"elementor-column elementor-col-33 elementor-top-column elementor-element elementor-element-f699efe\" data-id=\"f699efe\" data-element_type=\"column\" data-e-type=\"column\">\n\t\t\t<div class=\"elementor-widget-wrap elementor-element-populated\">\n\t\t\t\t\t\t<div class=\"elementor-element elementor-element-46d3387 elementor-widget elementor-widget-text-editor\" data-id=\"46d3387\" data-element_type=\"widget\" data-e-type=\"widget\" data-widget_type=\"text-editor.default\">\n\t\t\t\t<div class=\"elementor-widget-container\">\n\t\t\t\t\t\t\t\t\t<p>Giv din iPhone en unik, tidl\u00f8s opgradering med Real Slate Skin Black Rock.<\/p><p>Dette ultratynde, \u00e6gte skiferskind er h\u00e5ndlavet med omhu i Tyskland og kombinerer elegance og holdbarhed, s\u00e5 din enhed skiller sig ud med sine dybe gr\u00e5 toner og naturlige stenstruktur.<\/p><p>I mods\u00e6tning til store etuier har dette skin et slankt, minimalistisk design, der beskytter din iPhones glasbagside mod ridser og snavs og samtidig bevarer dens oprindelige profil.<\/p><p>Vores Real Slate Skin Black Rock er designet til at passe perfekt p\u00e5 alle iPhone-modeller og har et nyt specialdesignet snit til iPhone 16 Pro og 16 Pro Max, der passer til det smallere venstre linseomr\u00e5de og sikrer b\u00e5de stil og stabilitet.<\/p><p>\u00a0<\/p>\t\t\t\t\t\t\t\t<\/div>\n\t\t\t\t<\/div>\n\t\t\t\t\t<\/div>\n\t\t<\/div>\n\t\t\t\t<div class=\"elementor-column elementor-col-33 elementor-top-column elementor-element elementor-element-602b0ef\" data-id=\"602b0ef\" data-element_type=\"column\" data-e-type=\"column\">\n\t\t\t<div class=\"elementor-widget-wrap elementor-element-populated\">\n\t\t\t\t\t\t<div class=\"elementor-element elementor-element-bce3332 elementor-widget elementor-widget-text-editor\" data-id=\"bce3332\" data-element_type=\"widget\" data-e-type=\"widget\" data-widget_type=\"text-editor.default\">\n\t\t\t\t<div class=\"elementor-widget-container\">\n\t\t\t\t\t\t\t\t\t<p><span style=\"background-color: transparent; font-size: 1rem;\">Dette skin er lavet p\u00e5 bestilling, s\u00e5 det passer n\u00f8jagtigt, og det er nemt at p\u00e5f\u00f8re og efterlader ingen kl\u00e6brige rester, n\u00e5r det fjernes. Hvert stykke er lavet af \u00e6gte \"Black Rock\"-skifer fra Jaipur i Indien, hvilket giver hvert skind et unikt udseende.<\/span><\/p><p><span style=\"background-color: transparent; font-size: 1rem;\">Vi er dedikerede til kvalitet, bruger f\u00f8rsteklasses materialer og udv\u00e6lger kun de fineste stenplader for at skabe et skin, der er lige s\u00e5 unikt som dig. Real Slate Skin Black Rock vejer kun 8 gram og giver et sofistikeret, men naturligt touch uden at veje for meget. For internationale kunder uden for EU skal du v\u00e6re opm\u00e6rksom p\u00e5, at der kan p\u00e5l\u00f8be lokale skatter og toldgebyrer.<\/span><\/p><p>Oplev \u00e6gte elegance med Real Slate Skin Black Rock - beskyttelse, stil og et karakteristisk udseende, som kun \u00e6gte sten kan give.<\/p>\t\t\t\t\t\t\t\t<\/div>\n\t\t\t\t<\/div>\n\t\t\t\t\t<\/div>\n\t\t<\/div>\n\t\t\t\t\t<\/div>\n\t\t<\/section>\n\t\t\t\t<section class=\"elementor-section elementor-top-section elementor-element elementor-element-eee3027 elementor-section-boxed elementor-section-height-default elementor-section-height-default\" data-id=\"eee3027\" data-element_type=\"section\" data-e-type=\"section\" data-settings=\"{&quot;background_background&quot;:&quot;classic&quot;}\">\n\t\t\t\t\t\t<div class=\"elementor-container elementor-column-gap-default\">\n\t\t\t\t\t<div class=\"elementor-column elementor-col-100 elementor-top-column elementor-element elementor-element-833149b\" data-id=\"833149b\" data-element_type=\"column\" data-e-type=\"column\">\n\t\t\t<div class=\"elementor-widget-wrap elementor-element-populated\">\n\t\t\t\t\t\t<div class=\"elementor-element elementor-element-f8693f2 elementor-widget elementor-widget-video\" data-id=\"f8693f2\" data-element_type=\"widget\" data-e-type=\"widget\" data-settings=\"{&quot;video_type&quot;:&quot;hosted&quot;,&quot;play_on_mobile&quot;:&quot;yes&quot;,&quot;autoplay&quot;:&quot;yes&quot;,&quot;mute&quot;:&quot;yes&quot;,&quot;loop&quot;:&quot;yes&quot;}\" data-widget_type=\"video.default\">\n\t\t\t\t<div class=\"elementor-widget-container\">\n\t\t\t\t\t\t\t<div class=\"e-hosted-video elementor-wrapper elementor-open-inline\">\n\t\t\t\t\t<video class=\"elementor-video\" src=\"https:\/\/roxxlyn.com\/wp-content\/uploads\/2024\/11\/16-pro-max-skin.553.mp4\" autoplay=\"\" loop=\"\" muted=\"muted\" playsinline=\"\" controlslist=\"nodownload\"><\/video>\n\t\t\t\t<\/div>\n\t\t\t\t\t\t<\/div>\n\t\t\t\t<\/div>\n\t\t\t\t\t<\/div>\n\t\t<\/div>\n\t\t\t\t\t<\/div>\n\t\t<\/section>\n\t\t\t\t<section class=\"elementor-section elementor-top-section elementor-element elementor-element-f0f24e1 elementor-section-boxed elementor-section-height-default elementor-section-height-default\" data-id=\"f0f24e1\" data-element_type=\"section\" data-e-type=\"section\" data-settings=\"{&quot;background_background&quot;:&quot;classic&quot;}\">\n\t\t\t\t\t\t<div class=\"elementor-container elementor-column-gap-default\">\n\t\t\t\t\t<div class=\"elementor-column elementor-col-100 elementor-top-column elementor-element elementor-element-611b1ee\" data-id=\"611b1ee\" data-element_type=\"column\" data-e-type=\"column\">\n\t\t\t<div class=\"elementor-widget-wrap elementor-element-populated\">\n\t\t\t\t\t\t<div class=\"elementor-element elementor-element-956b714 elementor-widget elementor-widget-video\" data-id=\"956b714\" data-element_type=\"widget\" data-e-type=\"widget\" data-settings=\"{&quot;video_type&quot;:&quot;vimeo&quot;}\" data-widget_type=\"video.default\">\n\t\t\t\t<div class=\"elementor-widget-container\">\n\t\t\t\t\t\t\t<div class=\"elementor-wrapper elementor-open-inline\">\n\t\t\t<iframe class=\"elementor-video-iframe\" allowfullscreen allow=\"clipboard-write\" title=\"vimeo-videospelare\" src=\"https:\/\/player.vimeo.com\/video\/290503829?color&amp;autopause=0&amp;loop=0&amp;muted=0&amp;title=1&amp;portrait=1&amp;byline=1#t=\" data-no-translation-title=\"\"><\/iframe>\t\t<\/div>\n\t\t\t\t\t\t<\/div>\n\t\t\t\t<\/div>\n\t\t\t\t\t<\/div>\n\t\t<\/div>\n\t\t\t\t\t<\/div>\n\t\t<\/section>\n\t\t\t\t<section class=\"elementor-section elementor-top-section elementor-element elementor-element-116d343 elementor-section-boxed elementor-section-height-default elementor-section-height-default\" data-id=\"116d343\" data-element_type=\"section\" data-e-type=\"section\">\n\t\t\t\t\t\t<div class=\"elementor-container elementor-column-gap-default\">\n\t\t\t\t\t<div class=\"elementor-column elementor-col-100 elementor-top-column elementor-element elementor-element-58aea76\" data-id=\"58aea76\" data-element_type=\"column\" data-e-type=\"column\">\n\t\t\t<div class=\"elementor-widget-wrap\">\n\t\t\t\t\t\t\t<\/div>\n\t\t<\/div>\n\t\t\t\t\t<\/div>\n\t\t<\/section>\n\t\t\t\t<\/div>","protected":false},"excerpt":{"rendered":"<p data-start=\"147\" data-end=\"200\"><strong data-start=\"147\" data-end=\"198\">Real Slate Skin Black Rock til iPhone 17-serien<\/strong><\/p>\n<p data-start=\"202\" data-end=\"459\">Giv din iPhone 17, iPhone 17 Pro, iPhone 17 Pro Max eller iPhone 17 Air et tidl\u00f8st og naturligt look med Real Slate Skin Black Rock. Dette ultratynde stenskind er h\u00e5ndlavet i Tyskland og kombinerer minimalistisk design med autentisk skifer for en unik finish.<\/p>\n<ul data-start=\"461\" data-end=\"783\">\n<li data-start=\"461\" data-end=\"537\">\n<p data-start=\"463\" data-end=\"537\">Kompatibel med iPhone 17, 17 Pro, 17 Pro Max, 17 Air og tidligere modeller<\/p>\n<\/li>\n<li data-start=\"461\" data-end=\"537\">\n<p data-start=\"463\" data-end=\"537\">H\u00e5ndlavet af \u00e6gte Black Rock-skifer<\/p>\n<\/li>\n<li data-start=\"584\" data-end=\"626\">\n<p data-start=\"586\" data-end=\"626\">Ultratynd: ca. 1 mm og kun 8 gram<\/p>\n<\/li>\n<li data-start=\"627\" data-end=\"682\">\n<p data-start=\"629\" data-end=\"682\">F\u00f8rsteklasses kl\u00e6bemiddel, sikkert hold, fjernelse uden rester<\/p>\n<\/li>\n<li data-start=\"683\" data-end=\"734\">\n<p data-start=\"685\" data-end=\"734\">Beskytter glasbagsiden mod ridser og snavs<\/p>\n<\/li>\n<li data-start=\"735\" data-end=\"783\">\n<p data-start=\"737\" data-end=\"783\">Hver hud har en unik naturlig stenstruktur<\/p>\n<\/li>\n<\/ul>\n<p data-start=\"785\" data-end=\"903\">Let, ridsefast og enest\u00e5ende - Black Rock Slate Skin giver din iPhone en naturlig elegance.<\/p>","protected":false},"featured_media":12860,"template":"","meta":{"inline_featured_image":false},"product_brand":[],"product_cat":[66],"product_tag":[],"class_list":{"0":"post-3039","1":"product","2":"type-product","3":"status-publish","4":"has-post-thumbnail","6":"product_cat-iphone-cases","8":"first","9":"instock","10":"taxable","11":"shipping-taxable","12":"purchasable","13":"product-type-variable","14":"has-default-attributes"},"exclude_global_add_ons":true,"addons":[{"name":"Tilpasset","type":"checkbox","position":0,"required":false,"title_format":"heading","default":"","description_enable":false,"description":"","placeholder_enable":false,"placeholder":"","display":"radiobutton","restrictions_type":"any_text","adjust_price":false,"price":"","price_type":"flat_fee","restrictions":false,"min":"0","max":"0","options":[{"label":"Centered Apple Logo \u2013 We realign the logo to sit exactly in the middle of your iPhone. Comes with a matching vinyl insert. Only for iP17 Pro and 17Pro Max","price":"","price_type":"flat_fee","image":0,"visibility":true},{"label":"Original Apple Logo (2\/3 Position \u2013 iPhone 17 Pro & 17 Pro Max)","price":"","price_type":"flat_fee","image":0,"visibility":true},{"label":"No Apple Logo Cutout \u2013 A seamless full-stone back without any logo opening","price":"","price_type":"flat_fee","image":0,"visibility":true},{"label":"Dark Stone Finish \u2013 Enhanced for the deepest possible tone","price":"","price_type":"flat_fee","image":0,"visibility":true},{"label":"Apple Logo Guard Film \u2013 Highly transparent glossy polyurethane film with outstanding UV-resistance, excellent tear strength, and self-healing surface. That means light scratches on the surface (e.g. originating from squeegees, cleaning brushes) can be removed easily by applying heat (e.g. solar radiation, heat gun)","price":"5","price_type":"flat_fee","image":0,"visibility":true},{"label":"Stone Texture Smooth \u2013 A flatter, more even stone surface with reduced depth and texture.","price":"","price_type":"flat_fee","image":0,"visibility":true},{"label":"Heavy Stone Texture \u2013 Enhanced natural highs and lows, offering a more rugged, tactile stone finish","price":"15","price_type":"flat_fee","image":0,"visibility":true}],"id":1702754809}],"_links":{"self":[{"href":"https:\/\/roxxlyn.com\/da\/wp-json\/wp\/v2\/product\/3039","targetHints":{"allow":["GET"]}}],"collection":[{"href":"https:\/\/roxxlyn.com\/da\/wp-json\/wp\/v2\/product"}],"about":[{"href":"https:\/\/roxxlyn.com\/da\/wp-json\/wp\/v2\/types\/product"}],"version-history":[{"count":1,"href":"https:\/\/roxxlyn.com\/da\/wp-json\/wp\/v2\/product\/3039\/revisions"}],"predecessor-version":[{"id":14837,"href":"https:\/\/roxxlyn.com\/da\/wp-json\/wp\/v2\/product\/3039\/revisions\/14837"}],"wp:featuredmedia":[{"embeddable":true,"href":"https:\/\/roxxlyn.com\/da\/wp-json\/wp\/v2\/media\/12860"}],"wp:attachment":[{"href":"https:\/\/roxxlyn.com\/da\/wp-json\/wp\/v2\/media?parent=3039"}],"wp:term":[{"taxonomy":"product_brand","embeddable":true,"href":"https:\/\/roxxlyn.com\/da\/wp-json\/wp\/v2\/product_brand?post=3039"},{"taxonomy":"product_cat","embeddable":true,"href":"https:\/\/roxxlyn.com\/da\/wp-json\/wp\/v2\/product_cat?post=3039"},{"taxonomy":"product_tag","embeddable":true,"href":"https:\/\/roxxlyn.com\/da\/wp-json\/wp\/v2\/product_tag?post=3039"}],"curies":[{"name":"wp","href":"https:\/\/api.w.org\/{rel}","templated":true}]}}