{"id":1721,"date":"2020-11-12T15:39:53","date_gmt":"2020-11-12T15:39:53","guid":{"rendered":"https:\/\/roxxlyn.com\/?post_type=product&#038;p=1721"},"modified":"2025-09-23T13:26:22","modified_gmt":"2025-09-23T13:26:22","slug":"the-iphone-marble-case-rosso-levanto","status":"publish","type":"product","link":"https:\/\/roxxlyn.com\/da\/shop\/the-iphone-marble-case-rosso-levanto\/","title":{"rendered":"iPhone Marble Case Rosso Levanto"},"content":{"rendered":"<div data-elementor-type=\"wp-post\" data-elementor-id=\"1721\" class=\"elementor elementor-1721\" data-elementor-post-type=\"product\">\n\t\t\t\t\t\t<section class=\"elementor-section elementor-top-section elementor-element elementor-element-174fe74 elementor-section-boxed elementor-section-height-default elementor-section-height-default\" data-id=\"174fe74\" data-element_type=\"section\" data-e-type=\"section\" data-settings=\"{&quot;background_background&quot;:&quot;classic&quot;}\">\n\t\t\t\t\t\t<div class=\"elementor-container elementor-column-gap-default\">\n\t\t\t\t\t<div class=\"elementor-column elementor-col-100 elementor-top-column elementor-element elementor-element-9557f36\" data-id=\"9557f36\" data-element_type=\"column\" data-e-type=\"column\">\n\t\t\t<div class=\"elementor-widget-wrap elementor-element-populated\">\n\t\t\t\t\t\t<div class=\"elementor-element elementor-element-4e541a3 elementor-widget elementor-widget-text-editor\" data-id=\"4e541a3\" data-element_type=\"widget\" data-e-type=\"widget\" data-widget_type=\"text-editor.default\">\n\t\t\t\t<div class=\"elementor-widget-container\">\n\t\t\t\t\t\t\t\t\t<p>Oplev uovertruffen elegance med vores Rosso Levanto Marble iPhone-cover, hvor luksusen fra italiensk marmor m\u00f8der tysk h\u00e5ndv\u00e6rk.<\/p><p>Rosso Levanto-marmoren kommer fra den maleriske region Bonassola i Ligurien, Italien, og er ber\u00f8mt for sine livlige r\u00f8de nuancer og indviklede \u00e5rer, hvilket g\u00f8r hver sag til et mesterv\u00e6rk af naturlig sk\u00f8nhed. H\u00e5ndlavet med omhyggelig sans for detaljer i Tyskland, er denne sag et vidnesbyrd om kunsten af pr\u00e6cision og stil.<\/p><p><strong>N\u00f8glefunktioner:<\/strong><br \/>Autentisk Rosso Levanto-marmor fra Bonassola: Med \u00e6gte Rosso Levanto-marmor viser hvert etui den unikke sk\u00f8nhed og holdbarhed af sten fra Bonassola, Ligurien.<br \/>Ekspert h\u00e5ndlavet i Tyskland: Vores etuier er h\u00e5ndlavede i Tyskland, der repr\u00e6senterer essensen af pr\u00e6cisionsteknik og enest\u00e5ende kvalitet, hvilket sikrer en perfekt pasform og finish.<\/p><p><strong>TPU-hus og Alcantara-foring: <\/strong><\/p><p>Etuiet er designet med et beskyttende TPU-hus, der absorberer st\u00f8d, og et luksuri\u00f8st Alcantara-for, der forhindrer ridser og giver overlegen beskyttelse uden at g\u00e5 p\u00e5 kompromis med elegancen.<\/p><p><strong>Featherlight Elegance p\u00e5 kun 35 g<\/strong><\/p><p>Udformet til at v\u00e6re lige s\u00e5 let som det er luksuri\u00f8st, tilf\u00f8jer coveret kun 35 gram til din enhed, og bibeholder iPhones slanke profil, mens det giver robust beskyttelse og et strejf af sofistikeret.<\/p><p><strong>En fusion af italiensk elegance og tysk teknik<\/strong><\/p><p>Dette etui repr\u00e6senterer en unik blanding af italiensk elegance og tysk teknik, der tilbyder et tilbeh\u00f8r, der er lige s\u00e5 uds\u00f8gt, som det er beskyttende. Den er hentet fra de ber\u00f8mte stenbrud i Bonassola i Ligurien og h\u00e5ndlavet til perfektion i Tyskland, og den l\u00f8fter din iPhone op til et opsigtsv\u00e6kkende stykke kunst og h\u00e5ndv\u00e6rk.<\/p><p><strong>Ideel til elskere af fine materialer og h\u00e5ndv\u00e6rk<\/strong><\/p><p>Vores Rosso Levanto Marble iPhone-cover er perfekt til dem, der v\u00e6rds\u00e6tter naturstens sj\u00e6ldenhed og sk\u00f8nhed, kombineret med h\u00e5ndlavede produkters enest\u00e5ende h\u00e5ndv\u00e6rk. Omfavn luksusen af italiensk marmor og pr\u00e6cisionen af tysk h\u00e5ndv\u00e6rk, alt imens du holder din iPhone beskyttet med stil.<\/p>\t\t\t\t\t\t\t\t<\/div>\n\t\t\t\t<\/div>\n\t\t\t\t<section class=\"elementor-section elementor-inner-section elementor-element elementor-element-68d8ebf elementor-section-boxed elementor-section-height-default elementor-section-height-default\" data-id=\"68d8ebf\" data-element_type=\"section\" data-e-type=\"section\">\n\t\t\t\t\t\t<div class=\"elementor-container elementor-column-gap-default\">\n\t\t\t\t\t<div class=\"elementor-column elementor-col-50 elementor-inner-column elementor-element elementor-element-b3f3d66\" data-id=\"b3f3d66\" data-element_type=\"column\" data-e-type=\"column\">\n\t\t\t<div class=\"elementor-widget-wrap elementor-element-populated\">\n\t\t\t\t\t\t<div class=\"elementor-element elementor-element-48163bc elementor-widget elementor-widget-text-editor\" data-id=\"48163bc\" data-element_type=\"widget\" data-e-type=\"widget\" data-widget_type=\"text-editor.default\">\n\t\t\t\t<div class=\"elementor-widget-container\">\n\t\t\t\t\t\t\t\t\tMarmor: Rosso Levanto \t\t\t\t\t\t\t\t<\/div>\n\t\t\t\t<\/div>\n\t\t\t\t<div class=\"elementor-element elementor-element-8b2598f elementor-widget elementor-widget-text-editor\" data-id=\"8b2598f\" data-element_type=\"widget\" data-e-type=\"widget\" data-widget_type=\"text-editor.default\">\n\t\t\t\t<div class=\"elementor-widget-container\">\n\t\t\t\t\t\t\t\t\tRosso Levanto h\u00f8rer til en historisk betydningsfuld natursten. Dens oprindelse ligger omkring 160 millioner \u00e5r tilbage i Jura. Rosso Levanto blev allerede i middelalderen brugt i gejstlige og profane bygninger i hele Middelhavsomr\u00e5det. I disse bygninger blev s\u00f8jler, pejse, v\u00e6gbekl\u00e6dning, balustrader og trapper designet med den. Stenen fandt ogs\u00e5 sin popularitet inden for kunsth\u00e5ndv\u00e6rk og skulptur og blev brugt som vase, sk\u00e5l og andre designede redskaber.  \t\t\t\t\t\t\t\t<\/div>\n\t\t\t\t<\/div>\n\t\t\t\t\t<\/div>\n\t\t<\/div>\n\t\t\t\t<div class=\"elementor-column elementor-col-50 elementor-inner-column elementor-element elementor-element-546300b\" data-id=\"546300b\" data-element_type=\"column\" data-e-type=\"column\">\n\t\t\t<div class=\"elementor-widget-wrap elementor-element-populated\">\n\t\t\t\t\t\t<div class=\"elementor-element elementor-element-4e14ac2 elementor-widget elementor-widget-text-editor\" data-id=\"4e14ac2\" data-element_type=\"widget\" data-e-type=\"widget\" data-widget_type=\"text-editor.default\">\n\t\t\t\t<div class=\"elementor-widget-container\">\n\t\t\t\t\t\t\t\t\tRosso Levanto er en marmor, der udvindes i Bonassola i Ligurien, Italien. Stenbruddet ligger ca. 10 km fra La Spezia og er opkaldt efter Levanto, den sidste af de fem landsbyer i Cinque Terre, som ligger lige ved siden af Bonassola. Rosso Levanto er struktureret i sin r\u00f8dlige og gr\u00e5gr\u00f8nne grundmasse af talrige hvide og hvidgr\u00e5 kalcitstriber. Farven p\u00e5 Rosso Levanto varierer fra lilla til blodr\u00f8d og gr\u00f8nlig til gr\u00e5gr\u00f8n. Den h\u00f8rer til en af de sj\u00e6ldne r\u00f8de serpentinitter, som ellers er gr\u00f8nne i farven. Den r\u00f8de farve kommer af, at jernet i den oprindelige bjergart er oxideret til h\u00e6matit.\t\t\t\t\t\t\t\t<\/div>\n\t\t\t\t<\/div>\n\t\t\t\t\t<\/div>\n\t\t<\/div>\n\t\t\t\t\t<\/div>\n\t\t<\/section>\n\t\t\t\t<div class=\"elementor-element elementor-element-548d757 elementor-widget elementor-widget-video\" data-id=\"548d757\" data-element_type=\"widget\" data-e-type=\"widget\" data-settings=\"{&quot;video_type&quot;:&quot;vimeo&quot;}\" data-widget_type=\"video.default\">\n\t\t\t\t<div class=\"elementor-widget-container\">\n\t\t\t\t\t\t\t<div class=\"elementor-wrapper elementor-open-inline\">\n\t\t\t<iframe class=\"elementor-video-iframe\" allowfullscreen allow=\"clipboard-write\" title=\"vimeo videoafspiller\" src=\"https:\/\/player.vimeo.com\/video\/290503829?color&amp;autopause=0&amp;loop=0&amp;muted=0&amp;title=1&amp;portrait=1&amp;byline=1#t=\" data-no-translation-title=\"\"><\/iframe>\t\t<\/div>\n\t\t\t\t\t\t<\/div>\n\t\t\t\t<\/div>\n\t\t\t\t\t<\/div>\n\t\t<\/div>\n\t\t\t\t\t<\/div>\n\t\t<\/section>\n\t\t\t\t<\/div>","protected":false},"excerpt":{"rendered":"<p data-start=\"440\" data-end=\"791\">Oplev indbegrebet af elegance med <strong data-start=\"482\" data-end=\"518\">Rosso Levanto Marmor iPhone-etui<\/strong>, hvor den rige arv fra ligurisk marmor m\u00f8der den tyske ingeni\u00f8rkunsts pr\u00e6cision. Hentet fra de maleriske kyster af <strong data-start=\"645\" data-end=\"675\">Bonassola, Ligurien (Italien)<\/strong>, Denne autentiske marmor viser levende r\u00f8de toner og dramatiske naturlige \u00e5rer, hvilket g\u00f8r hvert etui til et unikt eksemplar. Rosso Levanto iPhone-etui er h\u00e5ndlavet i Tyskland med omhyggelig opm\u00e6rksomhed p\u00e5 detaljer og tilbyder en fejlfri blanding af <strong data-start=\"910\" data-end=\"935\">luksus og beskyttelse<\/strong>. Med en v\u00e6gt p\u00e5 kun 35 gram bevarer den din iPhones slanke profil, samtidig med at den tilf\u00f8jer en fed stil. Designet til <strong data-start=\"1061\" data-end=\"1127\">iPhone 17, iPhone 17 Pro, iPhone 17 Pro Max og iPhone 17 Air<\/strong>, Denne \u00e6gte marmorkasse er mere end et tilbeh\u00f8r - det er en <strong data-start=\"1186\" data-end=\"1205\">Statement piece<\/strong> der forener italiensk elegance med tysk h\u00e5ndv\u00e6rk for at beskytte din enhed i \u00e6gte luksus.<\/p>","protected":false},"featured_media":13051,"template":"","meta":{"inline_featured_image":false},"product_brand":[],"product_cat":[66],"product_tag":[],"class_list":{"0":"post-1721","1":"product","2":"type-product","3":"status-publish","4":"has-post-thumbnail","6":"product_cat-iphone-cases","8":"first","9":"instock","10":"featured","11":"taxable","12":"shipping-taxable","13":"purchasable","14":"product-type-variable","15":"has-default-attributes"},"exclude_global_add_ons":true,"addons":[{"name":"Skr\u00e6ddersyet skr\u00e6ddersyning","type":"checkbox","position":0,"required":false,"title_format":"label","default":"","description_enable":false,"description":"","placeholder_enable":false,"placeholder":"","display":"select","restrictions_type":"any_text","adjust_price":false,"price":"","price_type":"flat_fee","restrictions":false,"min":"0","max":"0","options":[{"label":"Upgrade your case with a super-strong N52 grade 1.55 mm MagSafe magnet for seamless attachment and faster, more stable wireless charging","price":"10","price_type":"flat_fee","image":0,"visibility":true},{"label":"Select a design maximizing white veins for the most opulent appearance possible.","price":"","price_type":"flat_fee","image":0,"visibility":true},{"label":"Choose a design that reduces white veins for a sleek and refined appearance.","price":"","price_type":"flat_fee","image":0,"visibility":true},{"label":"Reveal the iconic Apple logo with a precise cut-out on the stone surface, unveiling a sleek black satin-matte underside for a striking contrast and personal touch.","price":"15","price_type":"flat_fee","image":0,"visibility":true},{"label":"Reveal the iconic Apple logo with a precise cut-out in the stone surface, unveiling a 24K gold satin-matte underside for a striking contrast and a truly luxurious personal touch.","price":"50","price_type":"flat_fee","image":0,"visibility":true},{"label":"Enhance your device with a white engraved Apple logo, crafted over two days for elegance and sophistication.","price":"20","price_type":"flat_fee","image":0,"visibility":true},{"label":"Premium Liquid Care with dust-repellent, antistatic protection and a lasting matte effect. Specially designed to preserve and protect your case.","price":"5","price_type":"flat_fee","image":0,"visibility":true},{"label":"A premium marble liquid polish that enhances and protects the natural beauty of your marble surfaces, providing a lasting, brilliant shine.","price":"5","price_type":"flat_fee","image":0,"visibility":true},{"label":"Microfiber Polishing Cloth: A soft, high-quality microfiber cloth designed for polishing marble surfaces. It delivers a streak-free, brilliant shine without scratching, perfect for maintaining your marble's natural beauty.","price":"5","price_type":"flat_fee","image":0,"visibility":false}],"id":1757683872}],"_links":{"self":[{"href":"https:\/\/roxxlyn.com\/da\/wp-json\/wp\/v2\/product\/1721","targetHints":{"allow":["GET"]}}],"collection":[{"href":"https:\/\/roxxlyn.com\/da\/wp-json\/wp\/v2\/product"}],"about":[{"href":"https:\/\/roxxlyn.com\/da\/wp-json\/wp\/v2\/types\/product"}],"version-history":[{"count":0,"href":"https:\/\/roxxlyn.com\/da\/wp-json\/wp\/v2\/product\/1721\/revisions"}],"wp:featuredmedia":[{"embeddable":true,"href":"https:\/\/roxxlyn.com\/da\/wp-json\/wp\/v2\/media\/13051"}],"wp:attachment":[{"href":"https:\/\/roxxlyn.com\/da\/wp-json\/wp\/v2\/media?parent=1721"}],"wp:term":[{"taxonomy":"product_brand","embeddable":true,"href":"https:\/\/roxxlyn.com\/da\/wp-json\/wp\/v2\/product_brand?post=1721"},{"taxonomy":"product_cat","embeddable":true,"href":"https:\/\/roxxlyn.com\/da\/wp-json\/wp\/v2\/product_cat?post=1721"},{"taxonomy":"product_tag","embeddable":true,"href":"https:\/\/roxxlyn.com\/da\/wp-json\/wp\/v2\/product_tag?post=1721"}],"curies":[{"name":"wp","href":"https:\/\/api.w.org\/{rel}","templated":true}]}}