{"id":1711,"date":"2020-11-12T15:14:37","date_gmt":"2020-11-12T15:14:37","guid":{"rendered":"https:\/\/roxxlyn.com\/?post_type=product&#038;p=1711"},"modified":"2025-09-23T13:29:31","modified_gmt":"2025-09-23T13:29:31","slug":"the-iphone-marble-case-arabescato-orobico-grigio","status":"publish","type":"product","link":"https:\/\/roxxlyn.com\/da\/shop\/the-iphone-marble-case-arabescato-orobico-grigio\/","title":{"rendered":"iPhone Marble Case Arabescato Orobico Grigio"},"content":{"rendered":"<div data-elementor-type=\"wp-post\" data-elementor-id=\"1711\" class=\"elementor elementor-1711\" data-elementor-post-type=\"product\">\n\t\t\t\t\t\t<section class=\"elementor-section elementor-top-section elementor-element elementor-element-7ebeb51 elementor-section-boxed elementor-section-height-default elementor-section-height-default\" data-id=\"7ebeb51\" data-element_type=\"section\" data-e-type=\"section\" data-settings=\"{&quot;background_background&quot;:&quot;classic&quot;}\">\n\t\t\t\t\t\t<div class=\"elementor-container elementor-column-gap-default\">\n\t\t\t\t\t<div class=\"elementor-column elementor-col-100 elementor-top-column elementor-element elementor-element-7e7ea85\" data-id=\"7e7ea85\" data-element_type=\"column\" data-e-type=\"column\">\n\t\t\t<div class=\"elementor-widget-wrap elementor-element-populated\">\n\t\t\t\t\t\t<div class=\"elementor-element elementor-element-0322000 elementor-widget elementor-widget-video\" data-id=\"0322000\" data-element_type=\"widget\" data-e-type=\"widget\" data-settings=\"{&quot;video_type&quot;:&quot;hosted&quot;,&quot;autoplay&quot;:&quot;yes&quot;,&quot;play_on_mobile&quot;:&quot;yes&quot;,&quot;loop&quot;:&quot;yes&quot;}\" data-widget_type=\"video.default\">\n\t\t\t\t<div class=\"elementor-widget-container\">\n\t\t\t\t\t\t\t<div class=\"e-hosted-video elementor-wrapper elementor-open-inline\">\n\t\t\t\t\t<video class=\"elementor-video\" src=\"https:\/\/roxxlyn.com\/wp-content\/uploads\/2020\/12\/iPhone_12_Pro_Max_Marble_Case_Roxxlyn_Arabescato_Grigio.mov\" autoplay=\"\" loop=\"\" playsinline=\"\" controlslist=\"nodownload\"><\/video>\n\t\t\t\t<\/div>\n\t\t\t\t\t\t<\/div>\n\t\t\t\t<\/div>\n\t\t\t\t<section class=\"elementor-section elementor-inner-section elementor-element elementor-element-e08b472 elementor-section-boxed elementor-section-height-default elementor-section-height-default\" data-id=\"e08b472\" data-element_type=\"section\" data-e-type=\"section\">\n\t\t\t\t\t\t<div class=\"elementor-container elementor-column-gap-default\">\n\t\t\t\t\t<div class=\"elementor-column elementor-col-50 elementor-inner-column elementor-element elementor-element-d8c3fec\" data-id=\"d8c3fec\" data-element_type=\"column\" data-e-type=\"column\">\n\t\t\t<div class=\"elementor-widget-wrap elementor-element-populated\">\n\t\t\t\t\t\t<div class=\"elementor-element elementor-element-1ff2ca4 elementor-widget elementor-widget-text-editor\" data-id=\"1ff2ca4\" data-element_type=\"widget\" data-e-type=\"widget\" data-widget_type=\"text-editor.default\">\n\t\t\t\t<div class=\"elementor-widget-container\">\n\t\t\t\t\t\t\t\t\tEn marmor af den ekstra klasse. Den udvindes i Cornalita stenbruddet i landsbyen Camerato Cornell i Italien. Et af menneskehedens \u00e6ldste materialer og et af de \u00e6dleste p\u00e5 samme tid er det en pragtfuld italiensk marmor.  Kombineret med en ultralet urkasse er det et unikt mesterv\u00e6rk p\u00e5 kun 35 gram. Med sin polerede overflade udfolder den en eksklusiv atmosf\u00e6re og udstr\u00e5ler luksus.\t\t\t\t\t\t\t\t<\/div>\n\t\t\t\t<\/div>\n\t\t\t\t<div class=\"elementor-element elementor-element-ed50165 elementor-widget elementor-widget-text-editor\" data-id=\"ed50165\" data-element_type=\"widget\" data-e-type=\"widget\" data-widget_type=\"text-editor.default\">\n\t\t\t\t<div class=\"elementor-widget-container\">\n\t\t\t\t\t\t\t\t\t<p>Tr\u00e5dl\u00f8s opladning, ligesom alle andre frekvenser, underst\u00f8ttes fuldt ud uden kompromiser.<\/p>\t\t\t\t\t\t\t\t<\/div>\n\t\t\t\t<\/div>\n\t\t\t\t<div class=\"elementor-element elementor-element-ae1d268 elementor-widget elementor-widget-text-editor\" data-id=\"ae1d268\" data-element_type=\"widget\" data-e-type=\"widget\" data-widget_type=\"text-editor.default\">\n\t\t\t\t<div class=\"elementor-widget-container\">\n\t\t\t\t\t\t\t\t\t<p>Selve kassen er fremstillet af termoplastisk polyurethan og polycarbonat og f\u00e5s i forskellige finishes og farver. Den samlede produktv\u00e6gt er p\u00e5 kun 35 til 45 gram afh\u00e6ngigt af taskens st\u00f8rrelse. Som med alle vores produkter er dette etui et unikt stykke, som adskiller sig i sin unikke klippestruktur og farve, hver er et unikt stykke natur. \u00a0<\/p>\t\t\t\t\t\t\t\t<\/div>\n\t\t\t\t<\/div>\n\t\t\t\t\t<\/div>\n\t\t<\/div>\n\t\t\t\t<div class=\"elementor-column elementor-col-50 elementor-inner-column elementor-element elementor-element-87769ac\" data-id=\"87769ac\" data-element_type=\"column\" data-e-type=\"column\">\n\t\t\t<div class=\"elementor-widget-wrap elementor-element-populated\">\n\t\t\t\t\t\t<div class=\"elementor-element elementor-element-a7c682a elementor-widget elementor-widget-text-editor\" data-id=\"a7c682a\" data-element_type=\"widget\" data-e-type=\"widget\" data-widget_type=\"text-editor.default\">\n\t\t\t\t<div class=\"elementor-widget-container\">\n\t\t\t\t\t\t\t\t\tMagsafe-magneter er tilg\u00e6ngelige og er perfekt integrerede til fuld underst\u00f8ttelse af originale Apple tr\u00e5dl\u00f8se opladere og Roxxlyn-opladere som till\u00e6gsmulighed.\u00a0\t\t\t\t\t\t\t\t<\/div>\n\t\t\t\t<\/div>\n\t\t\t\t<div class=\"elementor-element elementor-element-8a72333 elementor-widget elementor-widget-text-editor\" data-id=\"8a72333\" data-element_type=\"widget\" data-e-type=\"widget\" data-widget_type=\"text-editor.default\">\n\t\t\t\t<div class=\"elementor-widget-container\">\n\t\t\t\t\t\t\t\t\t<p>Takket v\u00e6re vores egen specielle udvikling er det indvendige af etuiet udstyret med det fineste ruskind\/vegetarisk l\u00e6der og har en unik polymerteknologi, der er st\u00f8dabsorberende og muligg\u00f8r tr\u00e5dl\u00f8s opladning perfekt uden kompromiser.\u00a0<\/p>\t\t\t\t\t\t\t\t<\/div>\n\t\t\t\t<\/div>\n\t\t\t\t<div class=\"elementor-element elementor-element-91e517f elementor-widget elementor-widget-video\" data-id=\"91e517f\" data-element_type=\"widget\" data-e-type=\"widget\" data-settings=\"{&quot;video_type&quot;:&quot;hosted&quot;,&quot;controls&quot;:&quot;yes&quot;}\" data-widget_type=\"video.default\">\n\t\t\t\t<div class=\"elementor-widget-container\">\n\t\t\t\t\t\t\t<div class=\"e-hosted-video elementor-wrapper elementor-open-inline\">\n\t\t\t\t\t<video class=\"elementor-video\" src=\"https:\/\/roxxlyn.com\/wp-content\/uploads\/2020\/11\/iPhone-Skin-inkl-Zubehor.61.mp4\" controls=\"\" preload=\"metadata\" controlslist=\"nodownload\"><\/video>\n\t\t\t\t<\/div>\n\t\t\t\t\t\t<\/div>\n\t\t\t\t<\/div>\n\t\t\t\t\t<\/div>\n\t\t<\/div>\n\t\t\t\t\t<\/div>\n\t\t<\/section>\n\t\t\t\t<section class=\"elementor-section elementor-inner-section elementor-element elementor-element-e18afba elementor-section-boxed elementor-section-height-default elementor-section-height-default\" data-id=\"e18afba\" data-element_type=\"section\" data-e-type=\"section\">\n\t\t\t\t\t\t<div class=\"elementor-container elementor-column-gap-default\">\n\t\t\t\t\t<div class=\"elementor-column elementor-col-50 elementor-inner-column elementor-element elementor-element-4cf3622\" data-id=\"4cf3622\" data-element_type=\"column\" data-e-type=\"column\">\n\t\t\t<div class=\"elementor-widget-wrap elementor-element-populated\">\n\t\t\t\t\t\t<div class=\"elementor-element elementor-element-1aebfff elementor-widget elementor-widget-text-editor\" data-id=\"1aebfff\" data-element_type=\"widget\" data-e-type=\"widget\" data-widget_type=\"text-editor.default\">\n\t\t\t\t<div class=\"elementor-widget-container\">\n\t\t\t\t\t\t\t\t\tIntroduktion af marmor: Arabescato Grigio\t\t\t\t\t\t\t\t<\/div>\n\t\t\t\t<\/div>\n\t\t\t\t<div class=\"elementor-element elementor-element-7e2c260 elementor-widget elementor-widget-text-editor\" data-id=\"7e2c260\" data-element_type=\"widget\" data-e-type=\"widget\" data-widget_type=\"text-editor.default\">\n\t\t\t\t<div class=\"elementor-widget-container\">\n\t\t\t\t\t\t\t\t\tEn marmor af den ekstra klasse. Den udvindes i Cornalita stenbruddet i landsbyen Camerato Cornell i Italien. Et af menneskehedens \u00e6ldste materialer og et af de \u00e6dleste p\u00e5 samme tid er det en pragtfuld italiensk marmor. Arabescato ligner et \u00e6gte abstrakt maleri, der er f\u00f8dt under en mester. Dens farvepalet blander harmonisk nuancer af m\u00f8rk og lys gr\u00e5 med hvide og gyldne \u00e5rer, og denne s\u00e6rlige farvevariation g\u00f8r den unik og pragtfuld. \t\t\t\t\t\t\t\t<\/div>\n\t\t\t\t<\/div>\n\t\t\t\t\t<\/div>\n\t\t<\/div>\n\t\t\t\t<div class=\"elementor-column elementor-col-50 elementor-inner-column elementor-element elementor-element-c8b26b1\" data-id=\"c8b26b1\" data-element_type=\"column\" data-e-type=\"column\">\n\t\t\t<div class=\"elementor-widget-wrap elementor-element-populated\">\n\t\t\t\t\t\t<div class=\"elementor-element elementor-element-1c38061 elementor-widget elementor-widget-text-editor\" data-id=\"1c38061\" data-element_type=\"widget\" data-e-type=\"widget\" data-widget_type=\"text-editor.default\">\n\t\t\t\t<div class=\"elementor-widget-container\">\n\t\t\t\t\t\t\t\t\tMarmor Arabescato er \u00e6del og af overlegen elegance og er kendetegnet ved sin lange historie. P\u00e5 grund af sine robuste egenskaber blev stenen allerede i stenalderen brugt som en erstatning for flintesten. Allerede i middelalderen blev denne marmor brugt til fremstilling af v\u00e6rkt\u00f8j. I Egyptens arkitektoniske eller kunsthistoriske historie blev kister og andre kunstv\u00e6rker hugget af marmor, og Memnon-kolosserne i Amenophis III's tempel samt Tutankhamons og Hatshepsuts kister vidner stadig om det i dag\t\t\t\t\t\t\t\t<\/div>\n\t\t\t\t<\/div>\n\t\t\t\t\t<\/div>\n\t\t<\/div>\n\t\t\t\t\t<\/div>\n\t\t<\/section>\n\t\t\t\t<div class=\"elementor-element elementor-element-ca3d1f4 elementor-widget elementor-widget-video\" data-id=\"ca3d1f4\" data-element_type=\"widget\" data-e-type=\"widget\" data-settings=\"{&quot;video_type&quot;:&quot;vimeo&quot;}\" data-widget_type=\"video.default\">\n\t\t\t\t<div class=\"elementor-widget-container\">\n\t\t\t\t\t\t\t<div class=\"elementor-wrapper elementor-open-inline\">\n\t\t\t<iframe class=\"elementor-video-iframe\" allowfullscreen allow=\"clipboard-write\" title=\"vimeo \u0412\u0438\u0434\u0435\u043e\u043f\u043b\u0435\u0435\u0440\" src=\"https:\/\/player.vimeo.com\/video\/290503829?color&amp;autopause=0&amp;loop=0&amp;muted=0&amp;title=1&amp;portrait=1&amp;byline=1#t=\" data-no-translation-title=\"\"><\/iframe>\t\t<\/div>\n\t\t\t\t\t\t<\/div>\n\t\t\t\t<\/div>\n\t\t\t\t\t<\/div>\n\t\t<\/div>\n\t\t\t\t\t<\/div>\n\t\t<\/section>\n\t\t\t\t<\/div>","protected":false},"excerpt":{"rendered":"<p data-start=\"417\" data-end=\"842\"><strong data-start=\"417\" data-end=\"527\">Vi pr\u00e6senterer Roxxlyn Arabescato Grigio Marble Case til iPhone 17, iPhone 17 Pro og iPhone 17 Pro Max.<\/strong><br data-start=\"527\" data-end=\"530\" \/>Denne taske er h\u00e5ndlavet i Berlin af \u00e6gte italiensk Arabescato Grigio-marmor og er et sandt udtryk for raffineret smag og h\u00e5ndv\u00e6rksm\u00e6ssig ekspertise. Hvert stykke marmor er kendt for sit luksuri\u00f8se samspil mellem bl\u00f8de gr\u00e5 toner og gyldne \u00e5rer og er naturligvis unikt, hvilket g\u00f8r hver Roxxlyn-kuffert til et enest\u00e5ende mesterv\u00e6rk.<\/p>\n<p data-start=\"844\" data-end=\"1094\">Arabescato Grigio-etuiet er ultratyndt og alligevel modstandsdygtigt og kombinerer tidl\u00f8s italiensk sten med tysk pr\u00e6cisionsteknik. Resultatet er et let, beskyttende og sofistikeret cover, der l\u00f8fter din iPhone og samtidig bevarer dens slanke silhuet.<\/p>\n<p data-start=\"1096\" data-end=\"1303\">Dette er mere end en accessory - det er en fusion af naturlig luksus og omhyggeligt h\u00e5ndv\u00e6rk, designet til dem, der kr\u00e6ver elegance, individualitet og kompromisl\u00f8s kvalitet i deres hverdagsudstyr.<\/p>","protected":false},"featured_media":13052,"template":"","meta":{"inline_featured_image":false},"product_brand":[],"product_cat":[66],"product_tag":[],"class_list":{"0":"post-1711","1":"product","2":"type-product","3":"status-publish","4":"has-post-thumbnail","6":"product_cat-iphone-cases","8":"first","9":"instock","10":"featured","11":"taxable","12":"shipping-taxable","13":"purchasable","14":"product-type-variable","15":"has-default-attributes"},"exclude_global_add_ons":false,"addons":[{"name":"Skr\u00e6ddersyet skr\u00e6ddersyning","type":"checkbox","position":0,"required":false,"title_format":"label","default":"","description_enable":false,"description":"","placeholder_enable":false,"placeholder":"","display":"select","restrictions_type":"any_text","adjust_price":false,"price":"","price_type":"flat_fee","restrictions":false,"min":"0","max":"0","options":[{"label":"Upgrade your case with a super-strong N52 grade 1.55 mm MagSafe magnet for seamless attachment and faster, more stable wireless charging","price":"10","price_type":"flat_fee","image":0,"visibility":true},{"label":"Opt for a design with deeper grey tones and minimal white veining for a sleek, uniform, and understated marble appearance.","price":"","price_type":"flat_fee","image":0,"visibility":true},{"label":"Reveal the iconic Apple logo with a precise cut-out on the stone surface, unveiling a sleek black satin-matte underside for a striking contrast and personal touch.","price":"15","price_type":"flat_fee","image":0,"visibility":false},{"label":"Enhance your device with a white engraved Apple logo, crafted over two days for elegance and sophistication.","price":"20","price_type":"flat_fee","image":0,"visibility":true},{"label":"Premium Liquid Care with dust-repellent, antistatic protection and a lasting matte effect. Specially designed to preserve and protect your case.","price":"5","price_type":"flat_fee","image":0,"visibility":true},{"label":"A premium marble liquid polish that enhances and protects the natural beauty of your marble surfaces, providing a lasting, brilliant shine.","price":"5","price_type":"flat_fee","image":0,"visibility":true},{"label":"Microfiber Polishing Cloth: A soft, high-quality microfiber cloth designed for polishing marble surfaces. It delivers a streak-free, brilliant shine without scratching, perfect for maintaining your marble's natural beauty.","price":"5","price_type":"flat_fee","image":0,"visibility":true}],"id":1758631671}],"_links":{"self":[{"href":"https:\/\/roxxlyn.com\/da\/wp-json\/wp\/v2\/product\/1711","targetHints":{"allow":["GET"]}}],"collection":[{"href":"https:\/\/roxxlyn.com\/da\/wp-json\/wp\/v2\/product"}],"about":[{"href":"https:\/\/roxxlyn.com\/da\/wp-json\/wp\/v2\/types\/product"}],"version-history":[{"count":0,"href":"https:\/\/roxxlyn.com\/da\/wp-json\/wp\/v2\/product\/1711\/revisions"}],"wp:featuredmedia":[{"embeddable":true,"href":"https:\/\/roxxlyn.com\/da\/wp-json\/wp\/v2\/media\/13052"}],"wp:attachment":[{"href":"https:\/\/roxxlyn.com\/da\/wp-json\/wp\/v2\/media?parent=1711"}],"wp:term":[{"taxonomy":"product_brand","embeddable":true,"href":"https:\/\/roxxlyn.com\/da\/wp-json\/wp\/v2\/product_brand?post=1711"},{"taxonomy":"product_cat","embeddable":true,"href":"https:\/\/roxxlyn.com\/da\/wp-json\/wp\/v2\/product_cat?post=1711"},{"taxonomy":"product_tag","embeddable":true,"href":"https:\/\/roxxlyn.com\/da\/wp-json\/wp\/v2\/product_tag?post=1711"}],"curies":[{"name":"wp","href":"https:\/\/api.w.org\/{rel}","templated":true}]}}