{"id":10473,"date":"2024-10-16T11:21:56","date_gmt":"2024-10-16T11:21:56","guid":{"rendered":"https:\/\/roxxlyn.com\/?post_type=product&#038;p=10473"},"modified":"2026-03-04T16:11:25","modified_gmt":"2026-03-04T16:11:25","slug":"the-ipad-slate-skin-black-rock","status":"publish","type":"product","link":"https:\/\/roxxlyn.com\/da\/shop\/the-ipad-slate-skin-black-rock\/","title":{"rendered":"iPad Slate Skin - sort sten"},"content":{"rendered":"<div data-elementor-type=\"wp-post\" data-elementor-id=\"10473\" class=\"elementor elementor-10473\" data-elementor-post-type=\"product\">\n\t\t\t\t\t\t<section class=\"elementor-section elementor-top-section elementor-element elementor-element-415b4ae elementor-section-boxed elementor-section-height-default elementor-section-height-default\" data-id=\"415b4ae\" data-element_type=\"section\" data-e-type=\"section\" data-settings=\"{&quot;background_background&quot;:&quot;classic&quot;}\">\n\t\t\t\t\t\t<div class=\"elementor-container elementor-column-gap-default\">\n\t\t\t\t\t<div class=\"elementor-column elementor-col-100 elementor-top-column elementor-element elementor-element-597b156\" data-id=\"597b156\" data-element_type=\"column\" data-e-type=\"column\">\n\t\t\t<div class=\"elementor-widget-wrap elementor-element-populated\">\n\t\t\t\t\t\t<div class=\"elementor-element elementor-element-7be3c16 elementor-widget elementor-widget-video\" data-id=\"7be3c16\" data-element_type=\"widget\" data-e-type=\"widget\" data-settings=\"{&quot;video_type&quot;:&quot;vimeo&quot;,&quot;autoplay&quot;:&quot;yes&quot;,&quot;show_image_overlay&quot;:&quot;yes&quot;,&quot;image_overlay&quot;:{&quot;url&quot;:&quot;https:\\\/\\\/roxxlyn.com\\\/wp-content\\\/uploads\\\/2020\\\/08\\\/Black-Rock-Slate-Skin.508-1.jpg&quot;,&quot;id&quot;:10391,&quot;size&quot;:&quot;&quot;,&quot;alt&quot;:&quot;&quot;,&quot;source&quot;:&quot;library&quot;},&quot;lightbox&quot;:&quot;yes&quot;}\" data-widget_type=\"video.default\">\n\t\t\t\t<div class=\"elementor-widget-container\">\n\t\t\t\t\t\t\t<div class=\"elementor-wrapper elementor-open-lightbox\">\n\t\t\t\t\t\t\t<div class=\"elementor-custom-embed-image-overlay\" data-elementor-open-lightbox=\"yes\" data-elementor-lightbox=\"{&quot;type&quot;:&quot;video&quot;,&quot;videoType&quot;:&quot;vimeo&quot;,&quot;url&quot;:&quot;https:\\\/\\\/player.vimeo.com\\\/video\\\/1017613452?color&amp;autopause=0&amp;loop=0&amp;muted=0&amp;title=1&amp;portrait=1&amp;byline=1#t=&quot;,&quot;autoplay&quot;:&quot;yes&quot;,&quot;modalOptions&quot;:{&quot;id&quot;:&quot;elementor-lightbox-7be3c16&quot;,&quot;entranceAnimation&quot;:&quot;&quot;,&quot;entranceAnimation_tablet&quot;:&quot;&quot;,&quot;entranceAnimation_mobile&quot;:&quot;&quot;,&quot;videoAspectRatio&quot;:&quot;11&quot;}}\" data-e-action-hash=\"#elementor-action%3Aaction%3Dlightbox%26settings%3DeyJ0eXBlIjoidmlkZW8iLCJ2aWRlb1R5cGUiOiJ2aW1lbyIsInVybCI6Imh0dHBzOlwvXC9wbGF5ZXIudmltZW8uY29tXC92aWRlb1wvMTAxNzYxMzQ1Mj9jb2xvciZhdXRvcGF1c2U9MCZsb29wPTAmbXV0ZWQ9MCZ0aXRsZT0xJnBvcnRyYWl0PTEmYnlsaW5lPTEjdD0iLCJhdXRvcGxheSI6InllcyIsIm1vZGFsT3B0aW9ucyI6eyJpZCI6ImVsZW1lbnRvci1saWdodGJveC03YmUzYzE2IiwiZW50cmFuY2VBbmltYXRpb24iOiIiLCJlbnRyYW5jZUFuaW1hdGlvbl90YWJsZXQiOiIiLCJlbnRyYW5jZUFuaW1hdGlvbl9tb2JpbGUiOiIiLCJ2aWRlb0FzcGVjdFJhdGlvIjoiMTEifX0%3D\">\n\t\t\t\t\t\t\t\t\t\t\t<img fetchpriority=\"high\" decoding=\"async\" width=\"2560\" height=\"2560\" src=\"https:\/\/roxxlyn.com\/wp-content\/uploads\/2020\/08\/Black-Rock-Slate-Skin.508-1.jpg\" class=\"attachment-full size-full wp-image-10391\" alt=\"\" srcset=\"https:\/\/roxxlyn.com\/wp-content\/uploads\/2020\/08\/Black-Rock-Slate-Skin.508-1.jpg 2560w, https:\/\/roxxlyn.com\/wp-content\/uploads\/2020\/08\/Black-Rock-Slate-Skin.508-1-1800x1800.jpg 1800w, https:\/\/roxxlyn.com\/wp-content\/uploads\/2020\/08\/Black-Rock-Slate-Skin.508-1-300x300.jpg 300w, https:\/\/roxxlyn.com\/wp-content\/uploads\/2020\/08\/Black-Rock-Slate-Skin.508-1-1024x1024.jpg 1024w, https:\/\/roxxlyn.com\/wp-content\/uploads\/2020\/08\/Black-Rock-Slate-Skin.508-1-150x150.jpg 150w, https:\/\/roxxlyn.com\/wp-content\/uploads\/2020\/08\/Black-Rock-Slate-Skin.508-1-768x768.jpg 768w, https:\/\/roxxlyn.com\/wp-content\/uploads\/2020\/08\/Black-Rock-Slate-Skin.508-1-1536x1536.jpg 1536w, https:\/\/roxxlyn.com\/wp-content\/uploads\/2020\/08\/Black-Rock-Slate-Skin.508-1-2048x2048.jpg 2048w, https:\/\/roxxlyn.com\/wp-content\/uploads\/2020\/08\/Black-Rock-Slate-Skin.508-1-12x12.jpg 12w, https:\/\/roxxlyn.com\/wp-content\/uploads\/2020\/08\/Black-Rock-Slate-Skin.508-1-660x660.jpg 660w\" sizes=\"(max-width: 2560px) 100vw, 2560px\" \/>\t\t\t\t\t\t\t\t\t\t\t\t\t\t\t\t<div class=\"elementor-custom-embed-play\" role=\"button\" aria-label=\"\u52d5\u753b\u518d\u751f\" tabindex=\"0\" data-no-translation-aria-label=\"\">\n\t\t\t\t\t\t\t<i aria-hidden=\"true\" class=\"eicon-play\"><\/i>\t\t\t\t\t\t<\/div>\n\t\t\t\t\t\t\t\t\t<\/div>\n\t\t\t\t\t<\/div>\n\t\t\t\t\t\t<\/div>\n\t\t\t\t<\/div>\n\t\t\t\t<section class=\"elementor-section elementor-inner-section elementor-element elementor-element-d71c1e6 elementor-section-boxed elementor-section-height-default elementor-section-height-default\" data-id=\"d71c1e6\" data-element_type=\"section\" data-e-type=\"section\">\n\t\t\t\t\t\t<div class=\"elementor-container elementor-column-gap-default\">\n\t\t\t\t\t<div class=\"elementor-column elementor-col-100 elementor-inner-column elementor-element elementor-element-500ee0d\" data-id=\"500ee0d\" data-element_type=\"column\" data-e-type=\"column\">\n\t\t\t<div class=\"elementor-widget-wrap elementor-element-populated\">\n\t\t\t\t\t\t<div class=\"elementor-element elementor-element-9e0e074 elementor-widget elementor-widget-text-editor\" data-id=\"9e0e074\" data-element_type=\"widget\" data-e-type=\"widget\" data-widget_type=\"text-editor.default\">\n\t\t\t\t<div class=\"elementor-widget-container\">\n\t\t\t\t\t\t\t\t\t<p>L\u00f8ft din iPad med Roxxlyn Real Slate Skin Black Rock, et h\u00e5ndlavet mesterv\u00e6rk i \u00e6gte sten, der passer til din enhed som en anden hud. Med sin rige sortgr\u00e5 nuance og naturlige stenstruktur er hvert skin helt unikt og giver din iPad et distinkt og raffineret look. Med en tykkelse p\u00e5 kun 1 mm og en v\u00e6gt p\u00e5 ca. 45 gram bevarer dette ultratynde skin din iPads slanke profil og giver samtidig varig beskyttelse mod ridser og hverdagsslitage.<\/p><p>Black Rock-skindet er fremstillet af \u00e6gte skifersten og forener naturens sk\u00f8nhed med pr\u00e6cisionen i moderne design. Skindets tekstur, der stammer fra \u00e6gte sten, giver en unik taktil oplevelse, der st\u00e5r i kontrast til din enheds glathed, hvilket g\u00f8r det lige s\u00e5 visuelt sl\u00e5ende, som det er funktionelt. P\u00e5 trods af at skinnet er lavet af natursten, er det utroligt fleksibelt og kan nemt s\u00e6ttes p\u00e5 eller fjernes takket v\u00e6re vores tyskudviklede kl\u00e6bemiddel, der ikke efterlader nogen rester.<\/p><h3>Hvorfor v\u00e6lge Slate Skin Black Rock til din iPad?<\/h3><ul><li><p><strong>\u00c6gte skifersten, \u00e6gte h\u00e5ndv\u00e6rk<\/strong>: Hvert skind er fremstillet af \u00e6gte skifersten, hvilket sikrer en naturlig kornst\u00f8rrelse og tekstur, der g\u00f8r hver iPad til din helt egen. Ikke to skind er ens, s\u00e5 din iPad vil virkelig skille sig ud.<\/p><\/li><li><p><strong>Let som en fjer og ultra-slank<\/strong>: Med en v\u00e6gt p\u00e5 kun 45 gram og en tykkelse p\u00e5 1 mm tilf\u00f8jer Slate Skin beskyttelse uden at g\u00e5 p\u00e5 kompromis med den slanke formfaktor p\u00e5 din iPad. Det er et minimalistisk, men dristigt statement.<\/p><\/li><li><p><strong>Ubesv\u00e6ret p\u00e5f\u00f8ring, fjernelse uden rester<\/strong>: Med en brugerdefineret 3M-kl\u00e6befilm, der er omhyggeligt udviklet i Tyskland, kan huden p\u00e5f\u00f8res glat og fjernes rent uden kl\u00e6brige rester, hvilket bevarer den uber\u00f8rte overflade p\u00e5 din enhed.<\/p><\/li><li><p><strong>Mulighed for tilpasning af udsk\u00e6ringer<\/strong>: V\u00e6lg et skin med en pr\u00e6cis udsk\u00e6ring af Apple-logoet for ekstra flair, eller v\u00e6lg et fuldt skifer-design for en s\u00f8ml\u00f8s, uafbrudt stenoverflade.<\/p><\/li><li><p><strong>Valgfri integrerede adapterstifter<\/strong>: Til dem, der \u00f8nsker b\u00e5de form og funktion, tilbyder vi en l\u00f8sning med tre integrerede adapterstifter, der giver kompatibilitet med tilbeh\u00f8r som Apple Magic Keyboard, s\u00e5 du kan holde din iPad stilfuld uden at g\u00e5 p\u00e5 kompromis med funktionaliteten.<\/p><\/li><li><p><strong>H\u00e5ndlavet i Tyskland<\/strong>: Hvert Slate Skin er fremstillet med omhu og sans for detaljer i Tyskland, hvilket sikrer f\u00f8rsteklasses kvalitet og en perfekt pasform til din enhed.<\/p><\/li><\/ul><h3>\u00c6stetisk og funktionel beskyttelse<\/h3><p>Roxxlyn Real Slate Skin Black Rock giver ikke kun et beskyttende lag mod daglige skrammer og ridser, men forvandler ogs\u00e5 din iPad til et kunstv\u00e6rk. Det kombinerer rustik charme med moderne elegance og er den ultimative blanding af form og funktion, der giver din enhed en taktil og visuel opgradering.<\/p><p>Dette er ikke bare et skin - det er en erkl\u00e6ring om individualitet, h\u00e5ndv\u00e6rk og tidl\u00f8s stil. Beskyt din iPad med de fineste naturlige materialer, og vend hoveder, hvor end du g\u00e5r.<\/p><h3>Vigtige bem\u00e6rkninger:<\/h3><p>Slate Skin er designet som en selvkl\u00e6bende hud og ikke som en h\u00e5rd skal, hvilket giver letv\u00e6gtsbeskyttelse uden at fylde for meget.<\/p>\t\t\t\t\t\t\t\t<\/div>\n\t\t\t\t<\/div>\n\t\t\t\t<div class=\"elementor-element elementor-element-9a45c83 elementor-widget elementor-widget-text-editor\" data-id=\"9a45c83\" data-element_type=\"widget\" data-e-type=\"widget\" data-widget_type=\"text-editor.default\">\n\t\t\t\t<div class=\"elementor-widget-container\">\n\t\t\t\t\t\t\t\t\t<p><blockquote class=\"wp-embedded-content\" data-secret=\"8fLA6tCWCk\"><a href=\"https:\/\/roxxlyn.com\/da\/instructions\/\">Vejledning<\/a><\/blockquote><iframe class=\"wp-embedded-content\" sandbox=\"allow-scripts\" security=\"restricted\" style=\"position: absolute; visibility: hidden;\" title=\"&quot;Instruktioner&quot; - ROXXLYN\" src=\"https:\/\/roxxlyn.com\/instructions\/embed\/#?secret=apHpz3BNei#?secret=8fLA6tCWCk\" data-secret=\"8fLA6tCWCk\" width=\"600\" height=\"338\" frameborder=\"0\" marginwidth=\"0\" marginheight=\"0\" scrolling=\"no\"><\/iframe><\/p>\t\t\t\t\t\t\t\t<\/div>\n\t\t\t\t<\/div>\n\t\t\t\t\t<\/div>\n\t\t<\/div>\n\t\t\t\t\t<\/div>\n\t\t<\/section>\n\t\t\t\t<div class=\"elementor-element elementor-element-396757a elementor-widget elementor-widget-video\" data-id=\"396757a\" data-element_type=\"widget\" data-e-type=\"widget\" data-settings=\"{&quot;video_type&quot;:&quot;vimeo&quot;}\" data-widget_type=\"video.default\">\n\t\t\t\t<div class=\"elementor-widget-container\">\n\t\t\t\t\t\t\t<div class=\"elementor-wrapper elementor-open-inline\">\n\t\t\t<iframe class=\"elementor-video-iframe\" allowfullscreen allow=\"clipboard-write\" title=\"vimeo \u52d5\u753b\u30d7\u30ec\u30fc\u30e4\u30fc\" src=\"https:\/\/player.vimeo.com\/video\/135730659?color&amp;autopause=0&amp;loop=0&amp;muted=0&amp;title=1&amp;portrait=1&amp;byline=1#t=\" data-no-translation-title=\"\"><\/iframe>\t\t<\/div>\n\t\t\t\t\t\t<\/div>\n\t\t\t\t<\/div>\n\t\t\t\t<div class=\"elementor-element elementor-element-61b67c9 elementor-widget elementor-widget-video\" data-id=\"61b67c9\" data-element_type=\"widget\" data-e-type=\"widget\" data-settings=\"{&quot;video_type&quot;:&quot;vimeo&quot;}\" data-widget_type=\"video.default\">\n\t\t\t\t<div class=\"elementor-widget-container\">\n\t\t\t\t\t\t\t<div class=\"elementor-wrapper elementor-open-inline\">\n\t\t\t<iframe class=\"elementor-video-iframe\" allowfullscreen allow=\"clipboard-write\" title=\"vimeo \u52d5\u753b\u30d7\u30ec\u30fc\u30e4\u30fc\" src=\"https:\/\/player.vimeo.com\/video\/290503829?color&amp;autopause=0&amp;loop=0&amp;muted=0&amp;title=1&amp;portrait=1&amp;byline=1#t=\" data-no-translation-title=\"\"><\/iframe>\t\t<\/div>\n\t\t\t\t\t\t<\/div>\n\t\t\t\t<\/div>\n\t\t\t\t\t<\/div>\n\t\t<\/div>\n\t\t\t\t\t<\/div>\n\t\t<\/section>\n\t\t\t\t<\/div>","protected":false},"excerpt":{"rendered":"<p>Giv din iPad et unikt look med Slate Skin Black Rock. Dette h\u00e5ndlavede, ultratynde (1 mm) og lette (35 g) skin er lavet af \u00e6gte sten og har en karakteristisk sortgr\u00e5 stenstruktur og et tysk udviklet kl\u00e6bemiddel, der g\u00f8r det nemt at p\u00e5f\u00f8re, giver stilfuld beskyttelse og fjerner rester. Det er ikke et etui - det er \u00e6gte h\u00e5ndv\u00e6rk.<\/p>","protected":false},"featured_media":10532,"template":"","meta":{"inline_featured_image":false},"product_brand":[],"product_cat":[163],"product_tag":[],"class_list":{"0":"post-10473","1":"product","2":"type-product","3":"status-publish","4":"has-post-thumbnail","6":"product_cat-ipad-skin","8":"first","9":"instock","10":"featured","11":"taxable","12":"shipping-taxable","13":"purchasable","14":"product-type-variable","15":"has-default-attributes"},"exclude_global_add_ons":[],"addons":[],"_links":{"self":[{"href":"https:\/\/roxxlyn.com\/da\/wp-json\/wp\/v2\/product\/10473","targetHints":{"allow":["GET"]}}],"collection":[{"href":"https:\/\/roxxlyn.com\/da\/wp-json\/wp\/v2\/product"}],"about":[{"href":"https:\/\/roxxlyn.com\/da\/wp-json\/wp\/v2\/types\/product"}],"version-history":[{"count":1,"href":"https:\/\/roxxlyn.com\/da\/wp-json\/wp\/v2\/product\/10473\/revisions"}],"predecessor-version":[{"id":14875,"href":"https:\/\/roxxlyn.com\/da\/wp-json\/wp\/v2\/product\/10473\/revisions\/14875"}],"wp:featuredmedia":[{"embeddable":true,"href":"https:\/\/roxxlyn.com\/da\/wp-json\/wp\/v2\/media\/10532"}],"wp:attachment":[{"href":"https:\/\/roxxlyn.com\/da\/wp-json\/wp\/v2\/media?parent=10473"}],"wp:term":[{"taxonomy":"product_brand","embeddable":true,"href":"https:\/\/roxxlyn.com\/da\/wp-json\/wp\/v2\/product_brand?post=10473"},{"taxonomy":"product_cat","embeddable":true,"href":"https:\/\/roxxlyn.com\/da\/wp-json\/wp\/v2\/product_cat?post=10473"},{"taxonomy":"product_tag","embeddable":true,"href":"https:\/\/roxxlyn.com\/da\/wp-json\/wp\/v2\/product_tag?post=10473"}],"curies":[{"name":"wp","href":"https:\/\/api.w.org\/{rel}","templated":true}]}}