{"id":10021,"date":"2024-08-14T11:54:59","date_gmt":"2024-08-14T11:54:59","guid":{"rendered":"https:\/\/roxxlyn.com\/?post_type=product&#038;p=10021"},"modified":"2025-09-14T13:36:01","modified_gmt":"2025-09-14T13:36:01","slug":"artisan-marble-elegance-cnc-aluminum-airtag-masterpiece-nero-portoro","status":"publish","type":"product","link":"https:\/\/roxxlyn.com\/da\/shop\/artisan-marble-elegance-cnc-aluminum-airtag-masterpiece-nero-portoro\/","title":{"rendered":"H\u00e5ndv\u00e6rksm\u00e6ssig elegance i marmor: AirTag-mesterv\u00e6rk i CNC-aluminium - Nero Portoro"},"content":{"rendered":"<div data-elementor-type=\"wp-post\" data-elementor-id=\"10021\" class=\"elementor elementor-10021\" data-elementor-post-type=\"product\">\n\t\t\t\t\t\t<section class=\"elementor-section elementor-top-section elementor-element elementor-element-1761437 elementor-section-boxed elementor-section-height-default elementor-section-height-default\" data-id=\"1761437\" data-element_type=\"section\" data-e-type=\"section\" data-settings=\"{&quot;background_background&quot;:&quot;classic&quot;}\">\n\t\t\t\t\t\t<div class=\"elementor-container elementor-column-gap-default\">\n\t\t\t\t\t<div class=\"elementor-column elementor-col-100 elementor-top-column elementor-element elementor-element-686c732\" data-id=\"686c732\" data-element_type=\"column\" data-e-type=\"column\">\n\t\t\t<div class=\"elementor-widget-wrap elementor-element-populated\">\n\t\t\t\t\t\t<div class=\"elementor-element elementor-element-18411c7 elementor-widget elementor-widget-video\" data-id=\"18411c7\" data-element_type=\"widget\" data-e-type=\"widget\" data-settings=\"{&quot;video_type&quot;:&quot;hosted&quot;,&quot;autoplay&quot;:&quot;yes&quot;,&quot;loop&quot;:&quot;yes&quot;,&quot;play_on_mobile&quot;:&quot;yes&quot;,&quot;mute&quot;:&quot;yes&quot;,&quot;controls&quot;:&quot;yes&quot;}\" data-widget_type=\"video.default\">\n\t\t\t\t<div class=\"elementor-widget-container\">\n\t\t\t\t\t\t\t<div class=\"e-hosted-video elementor-wrapper elementor-open-inline\">\n\t\t\t\t\t<video class=\"elementor-video\" src=\"https:\/\/roxxlyn.com\/wp-content\/uploads\/2022\/08\/airtag-metal-roxxlyn.mp4\" autoplay=\"\" loop=\"\" controls=\"\" muted=\"muted\" playsinline=\"\" controlslist=\"nodownload\"><\/video>\n\t\t\t\t<\/div>\n\t\t\t\t\t\t<\/div>\n\t\t\t\t<\/div>\n\t\t\t\t<div class=\"elementor-element elementor-element-ccb40ea elementor-widget elementor-widget-text-editor\" data-id=\"ccb40ea\" data-element_type=\"widget\" data-e-type=\"widget\" data-widget_type=\"text-editor.default\">\n\t\t\t\t<div class=\"elementor-widget-container\">\n\t\t\t\t\t\t\t\t\t<h2><span style=\"color: #ffffff;\">Hvad er der i \u00e6sken?<\/span><\/h2><p>1 x Sort anodiseret aluminiumsetui med magnetisk lukning til Apple AirTags<br \/>1 x gr\u00e5 karabinhage i zinklegering<br \/>1 x \u00e6gte Nero Portoro MArble-cover<br \/>1 x klisterm\u00e6rke i vegansk l\u00e6der (med eller uden logo efter eget valg) for ekstra stil<br \/>6 x ORAFOL matsorte klisterm\u00e6rker af h\u00f8j kvalitet for ekstra beskyttelse og kontrast<br \/>1 x takkekort med et link til vores letforst\u00e5elige ops\u00e6tningsguide<br \/>1x sort \u00e6rme<\/p><p>Bem\u00e6rk venligst:<br \/>Hver kasse er fremstillet af \u00e6gte Nero Marquina-marmor, hvilket g\u00f8r hver enkelt unik. Marmorfin\u00e9ren kan afvige en smule fra billederne, hvilket g\u00f8r dit k\u00f8b endnu mere individuelt.<\/p><p><blockquote class=\"wp-embedded-content\" data-secret=\"cSuR9AtGCH\"><a href=\"https:\/\/roxxlyn.com\/da\/instructions\/\">Vejledning<\/a><\/blockquote><iframe class=\"wp-embedded-content\" sandbox=\"allow-scripts\" security=\"restricted\" style=\"position: absolute; visibility: hidden;\" title=\"&quot;Instruktioner&quot; - ROXXLYN\" src=\"https:\/\/roxxlyn.com\/instructions\/embed\/#?secret=LebfN4HwkV#?secret=cSuR9AtGCH\" data-secret=\"cSuR9AtGCH\" width=\"600\" height=\"338\" frameborder=\"0\" marginwidth=\"0\" marginheight=\"0\" scrolling=\"no\"><\/iframe><\/p><p>Varen sendes fra Tyskland.<\/p>\t\t\t\t\t\t\t\t<\/div>\n\t\t\t\t<\/div>\n\t\t\t\t\t<\/div>\n\t\t<\/div>\n\t\t\t\t\t<\/div>\n\t\t<\/section>\n\t\t\t\t<section class=\"elementor-section elementor-top-section elementor-element elementor-element-4fad3d1 elementor-section-boxed elementor-section-height-default elementor-section-height-default\" data-id=\"4fad3d1\" data-element_type=\"section\" data-e-type=\"section\" data-settings=\"{&quot;background_background&quot;:&quot;classic&quot;}\">\n\t\t\t\t\t\t<div class=\"elementor-container elementor-column-gap-default\">\n\t\t\t\t\t<div class=\"elementor-column elementor-col-100 elementor-top-column elementor-element elementor-element-e551091\" data-id=\"e551091\" data-element_type=\"column\" data-e-type=\"column\">\n\t\t\t<div class=\"elementor-widget-wrap elementor-element-populated\">\n\t\t\t\t\t\t<div class=\"elementor-element elementor-element-e7512c5 elementor-widget elementor-widget-video\" data-id=\"e7512c5\" data-element_type=\"widget\" data-e-type=\"widget\" data-settings=\"{&quot;video_type&quot;:&quot;vimeo&quot;}\" data-widget_type=\"video.default\">\n\t\t\t\t<div class=\"elementor-widget-container\">\n\t\t\t\t\t\t\t<div class=\"elementor-wrapper elementor-open-inline\">\n\t\t\t<iframe class=\"elementor-video-iframe\" allowfullscreen allow=\"clipboard-write\" title=\"vimeo videoafspiller\" src=\"https:\/\/player.vimeo.com\/video\/290503829?color&amp;autopause=0&amp;loop=0&amp;muted=0&amp;title=1&amp;portrait=1&amp;byline=1#t=\"><\/iframe>\t\t<\/div>\n\t\t\t\t\t\t<\/div>\n\t\t\t\t<\/div>\n\t\t\t\t\t<\/div>\n\t\t<\/div>\n\t\t\t\t\t<\/div>\n\t\t<\/section>\n\t\t\t\t<\/div>","protected":false},"excerpt":{"rendered":"<p>L\u00f8ft din AirTag med vores CNC-bearbejdede etui, hvor moderne teknologi m\u00f8der den uds\u00f8gte sk\u00f8nhed i Nero Portoro-marmor.<\/p>\n<p>Det matsorte anodiserede aluminium og det luksuri\u00f8se veganske l\u00e6der er fremstillet af eksperter og skaber et slankt, holdbart design. \u00c6gte Nero Portoro-marmor, der er kendt for sin markante sorte baggrund og gyldne \u00e5retegninger, tilf\u00f8jer et strejf af uovertruffen raffinement. Den matgr\u00e5 zink-karabinhage s\u00f8rger for sikker og stilfuld fastg\u00f8relse.<\/p>\n<p>Integrerede magneter giver en s\u00f8ml\u00f8s pasform, hvilket g\u00f8r dette etui til den perfekte blanding af elegance og funktionalitet - et sandt kunstv\u00e6rk. Fremstillet i Tyskland.<\/p>","protected":false},"featured_media":10269,"template":"","meta":{"inline_featured_image":false},"product_brand":[],"product_cat":[92],"product_tag":[],"class_list":{"0":"post-10021","1":"product","2":"type-product","3":"status-publish","4":"has-post-thumbnail","6":"product_cat-airtag","8":"first","9":"instock","10":"taxable","11":"shipping-taxable","12":"purchasable","13":"product-type-variable"},"exclude_global_add_ons":[],"addons":[],"_links":{"self":[{"href":"https:\/\/roxxlyn.com\/da\/wp-json\/wp\/v2\/product\/10021","targetHints":{"allow":["GET"]}}],"collection":[{"href":"https:\/\/roxxlyn.com\/da\/wp-json\/wp\/v2\/product"}],"about":[{"href":"https:\/\/roxxlyn.com\/da\/wp-json\/wp\/v2\/types\/product"}],"version-history":[{"count":0,"href":"https:\/\/roxxlyn.com\/da\/wp-json\/wp\/v2\/product\/10021\/revisions"}],"wp:featuredmedia":[{"embeddable":true,"href":"https:\/\/roxxlyn.com\/da\/wp-json\/wp\/v2\/media\/10269"}],"wp:attachment":[{"href":"https:\/\/roxxlyn.com\/da\/wp-json\/wp\/v2\/media?parent=10021"}],"wp:term":[{"taxonomy":"product_brand","embeddable":true,"href":"https:\/\/roxxlyn.com\/da\/wp-json\/wp\/v2\/product_brand?post=10021"},{"taxonomy":"product_cat","embeddable":true,"href":"https:\/\/roxxlyn.com\/da\/wp-json\/wp\/v2\/product_cat?post=10021"},{"taxonomy":"product_tag","embeddable":true,"href":"https:\/\/roxxlyn.com\/da\/wp-json\/wp\/v2\/product_tag?post=10021"}],"curies":[{"name":"wp","href":"https:\/\/api.w.org\/{rel}","templated":true}]}}