{"id":8648,"date":"2024-01-18T14:48:55","date_gmt":"2024-01-18T14:48:55","guid":{"rendered":"https:\/\/roxxlyn.com\/?page_id=8648"},"modified":"2024-01-18T15:12:06","modified_gmt":"2024-01-18T15:12:06","slug":"made","status":"publish","type":"page","link":"https:\/\/roxxlyn.com\/da\/made\/","title":{"rendered":"Lavet"},"content":{"rendered":"<div data-elementor-type=\"wp-page\" data-elementor-id=\"8648\" class=\"elementor elementor-8648\" data-elementor-post-type=\"page\">\n\t\t\t\t\t\t<section class=\"elementor-section elementor-top-section elementor-element elementor-element-87b5fa2 elementor-section-full_width elementor-section-height-default elementor-section-height-default\" data-id=\"87b5fa2\" data-element_type=\"section\" data-e-type=\"section\">\n\t\t\t\t\t\t<div class=\"elementor-container elementor-column-gap-default\">\n\t\t\t\t\t<div class=\"elementor-column elementor-col-100 elementor-top-column elementor-element elementor-element-3bd6c4c\" data-id=\"3bd6c4c\" data-element_type=\"column\" data-e-type=\"column\">\n\t\t\t<div class=\"elementor-widget-wrap elementor-element-populated\">\n\t\t\t\t\t\t<div class=\"elementor-element elementor-element-08b67f6 elementor-widget elementor-widget-text-editor\" data-id=\"08b67f6\" data-element_type=\"widget\" data-e-type=\"widget\" data-widget_type=\"text-editor.default\">\n\t\t\t\t<div class=\"elementor-widget-container\">\n\t\t\t\t\t\t\t\t\t<p>&nbsp;Det tog n\u00e6sten to \u00e5r at udt\u00e6nke og udvikle denne teknologi. En proces, der g\u00f8r det muligt at skabe tynde, ultralette og unikke stenfin\u00e9r af en milliard \u00e5r gamle natursten \u2192<\/p>\t\t\t\t\t\t\t\t<\/div>\n\t\t\t\t<\/div>\n\t\t\t\t<div class=\"elementor-element elementor-element-18dd901 elementor-widget elementor-widget-video\" data-id=\"18dd901\" data-element_type=\"widget\" data-e-type=\"widget\" data-settings=\"{&quot;video_type&quot;:&quot;vimeo&quot;,&quot;autoplay&quot;:&quot;yes&quot;,&quot;loop&quot;:&quot;yes&quot;,&quot;play_on_mobile&quot;:&quot;yes&quot;,&quot;mute&quot;:&quot;yes&quot;}\" data-widget_type=\"video.default\">\n\t\t\t\t<div class=\"elementor-widget-container\">\n\t\t\t\t\t\t\t<div class=\"elementor-wrapper elementor-open-inline\">\n\t\t\t<iframe class=\"elementor-video-iframe\" allowfullscreen allow=\"autoplay\" title=\"vimeo videoafspiller\" src=\"https:\/\/player.vimeo.com\/video\/290503829?autoplay=1&amp;playsinline=1&amp;color=FFFFFF&amp;autopause=0&amp;loop=1&amp;muted=1&amp;title=0&amp;portrait=1&amp;byline=0#t=\"><\/iframe>\t\t<\/div>\n\t\t\t\t\t\t<\/div>\n\t\t\t\t<\/div>\n\t\t\t\t\t<\/div>\n\t\t<\/div>\n\t\t\t\t\t<\/div>\n\t\t<\/section>\n\t\t\t\t<section class=\"elementor-section elementor-top-section elementor-element elementor-element-7b44f3a elementor-section-boxed elementor-section-height-default elementor-section-height-default\" data-id=\"7b44f3a\" data-element_type=\"section\" data-e-type=\"section\">\n\t\t\t\t\t\t<div class=\"elementor-container elementor-column-gap-default\">\n\t\t\t\t\t<div class=\"elementor-column elementor-col-100 elementor-top-column elementor-element elementor-element-d21da6b\" data-id=\"d21da6b\" data-element_type=\"column\" data-e-type=\"column\">\n\t\t\t<div class=\"elementor-widget-wrap elementor-element-populated\">\n\t\t\t\t\t\t<div class=\"elementor-element elementor-element-de41964 elementor-widget elementor-widget-text-editor\" data-id=\"de41964\" data-element_type=\"widget\" data-e-type=\"widget\" data-widget_type=\"text-editor.default\">\n\t\t\t\t<div class=\"elementor-widget-container\">\n\t\t\t\t\t\t\t\t\t<p>Velkommen til Roxxlyns verden, hvor kunstnerskab m\u00f8der innovation i fremstillingen af exceptionelle stenprodukter og tilbeh\u00f8r. Se &#039;Made&#039;, vores seneste \u00e5benbaring og et vidnesbyrd om vores urokkelige engagement i at omdefinere ekspertise inden for stenh\u00e5ndv\u00e6rk. N\u00e5r vi afsl\u00f8rer &#039;Made&#039;, fordyb dig i den s\u00f8ml\u00f8se fusion af tidl\u00f8s tradition og banebrydende teknologi, der definerer Roxxlyns unikke tilgang. &#039;Made&#039; er mere end en skabelse; det er en fort\u00e6lling v\u00e6vet med lidenskab, pr\u00e6cision og uovertruffen kunst i sten. Tag med os p\u00e5 denne rejse, mens vi stolt pr\u00e6senterer &#039;Made&#039;, et symbol p\u00e5 vores dedikation til at s\u00e6tte nye benchmarks inden for luksus og design inden for stentilbeh\u00f8r.<\/p>\t\t\t\t\t\t\t\t<\/div>\n\t\t\t\t<\/div>\n\t\t\t\t\t<\/div>\n\t\t<\/div>\n\t\t\t\t\t<\/div>\n\t\t<\/section>\n\t\t\t\t<\/div>","protected":false},"excerpt":{"rendered":"<p>&nbsp;Det tog n\u00e6sten to \u00e5r at udt\u00e6nke og udvikle denne teknologi. En proces, der g\u00f8r det muligt at skabe tynde, ultralette og unikke stenfin\u00e9r fra en milliard...<\/p>","protected":false},"author":2904,"featured_media":0,"parent":0,"menu_order":0,"comment_status":"closed","ping_status":"closed","template":"","meta":{"inline_featured_image":false,"footnotes":""},"class_list":["post-8648","page","type-page","status-publish","hentry"],"_links":{"self":[{"href":"https:\/\/roxxlyn.com\/da\/wp-json\/wp\/v2\/pages\/8648","targetHints":{"allow":["GET"]}}],"collection":[{"href":"https:\/\/roxxlyn.com\/da\/wp-json\/wp\/v2\/pages"}],"about":[{"href":"https:\/\/roxxlyn.com\/da\/wp-json\/wp\/v2\/types\/page"}],"author":[{"embeddable":true,"href":"https:\/\/roxxlyn.com\/da\/wp-json\/wp\/v2\/users\/2904"}],"replies":[{"embeddable":true,"href":"https:\/\/roxxlyn.com\/da\/wp-json\/wp\/v2\/comments?post=8648"}],"version-history":[{"count":0,"href":"https:\/\/roxxlyn.com\/da\/wp-json\/wp\/v2\/pages\/8648\/revisions"}],"wp:attachment":[{"href":"https:\/\/roxxlyn.com\/da\/wp-json\/wp\/v2\/media?parent=8648"}],"curies":[{"name":"wp","href":"https:\/\/api.w.org\/{rel}","templated":true}]}}